{"id":2790,"date":"2021-05-06T14:57:48","date_gmt":"2021-05-06T12:57:48","guid":{"rendered":"http:\/\/coraliegrzes.es\/piedras-con-tracabilidad\/"},"modified":"2021-06-30T12:09:26","modified_gmt":"2021-06-30T10:09:26","slug":"piedras-con-tracabilidad","status":"publish","type":"page","link":"https:\/\/coraliegrzes.com\/es\/piedras-con-tracabilidad\/","title":{"rendered":"Piedras y Perlas Sostenibles"},"content":{"rendered":"<section class=\"wpb-content-wrapper\">[vc_row thb_full_width=\u00bbtrue\u00bb content_placement=\u00bbmiddle\u00bb][vc_column css=\u00bb.vc_custom_1623766381068{padding-top: 5% !important;padding-right: 10% !important;padding-bottom: 5% !important;padding-left: 10% !important;}\u00bb][vc_column_text animation=\u00bbanimation fade-in\u00bb]\n<h2 style=\"text-align: center;\">Piedras preciosas trazables y sostenibles<\/h2>\n[\/vc_column_text][vc_empty_space height=\u00bb45px\u00bb][vc_separator color=\u00bbblack\u00bb][vc_empty_space height=\u00bb45px\u00bb][vc_column_text animation=\u00bbanimation fade-in\u00bb]<span style=\"color: #000000;\">Despu\u00e9s de incorporar oro y plata \u00e9tica en la fabricaci\u00f3n de sus joyas, era impensable que Coralie no pensara tambi\u00e9n en las piedras y perlas con las que trabaja en sus colecciones. Las minas de piedras preciosas y las granjas de perlas cultivadas tambi\u00e9n tienen un impacto considerable en el medio ambiente y muchas de ellas siguen siendo muy opacas sobre sus pr\u00e1cticas (sociales, ambientales y legales). Coralie solo trabaja con proveedores que certifican el origen y el lugar de corte de las piedras y que tambi\u00e9n priorizan tanto la salud y seguridad de su personal que el respecto del medio ambiente.<\/span>[\/vc_column_text][\/vc_column][\/vc_row][vc_row thb_full_width=\u00bbtrue\u00bb content_placement=\u00bbmiddle\u00bb css=\u00bb.vc_custom_1623853212864{padding-bottom: 5% !important;}\u00bb][vc_column width=\u00bb1\/2&#8243;]<div class=\"caption-style1 animation fade-in alignleft  thb_image_link wp-caption\"><img fetchpriority=\"high\" decoding=\"async\" width=\"1018\" height=\"1032\" src=\"https:\/\/i0.wp.com\/coraliegrzes.com\/wp-content\/uploads\/2021\/06\/Traceable-Gems-Sustainable-Pearls-Coralie-Grzes-Web.jpg?fit=1018%2C1032&amp;ssl=1\" class=\"thb_image  attachment-full\" alt=\"\" title=\"Perlas-cultivadas-origines-conocidas-sostenibles-Coralie-Grzes-Web\" srcset=\"https:\/\/i0.wp.com\/coraliegrzes.com\/wp-content\/uploads\/2021\/06\/Traceable-Gems-Sustainable-Pearls-Coralie-Grzes-Web.jpg?w=1018&amp;ssl=1 1018w, https:\/\/i0.wp.com\/coraliegrzes.com\/wp-content\/uploads\/2021\/06\/Traceable-Gems-Sustainable-Pearls-Coralie-Grzes-Web.jpg?resize=296%2C300&amp;ssl=1 296w, https:\/\/i0.wp.com\/coraliegrzes.com\/wp-content\/uploads\/2021\/06\/Traceable-Gems-Sustainable-Pearls-Coralie-Grzes-Web.jpg?resize=1010%2C1024&amp;ssl=1 1010w, https:\/\/i0.wp.com\/coraliegrzes.com\/wp-content\/uploads\/2021\/06\/Traceable-Gems-Sustainable-Pearls-Coralie-Grzes-Web.jpg?resize=768%2C779&amp;ssl=1 768w, https:\/\/i0.wp.com\/coraliegrzes.com\/wp-content\/uploads\/2021\/06\/Traceable-Gems-Sustainable-Pearls-Coralie-Grzes-Web.jpg?resize=430%2C436&amp;ssl=1 430w, https:\/\/i0.wp.com\/coraliegrzes.com\/wp-content\/uploads\/2021\/06\/Traceable-Gems-Sustainable-Pearls-Coralie-Grzes-Web.jpg?resize=860%2C872&amp;ssl=1 860w, https:\/\/i0.wp.com\/coraliegrzes.com\/wp-content\/uploads\/2021\/06\/Traceable-Gems-Sustainable-Pearls-Coralie-Grzes-Web.jpg?resize=800%2C811&amp;ssl=1 800w, https:\/\/i0.wp.com\/coraliegrzes.com\/wp-content\/uploads\/2021\/06\/Traceable-Gems-Sustainable-Pearls-Coralie-Grzes-Web.jpg?resize=100%2C100&amp;ssl=1 100w\" sizes=\"(max-width: 1000px) 100vw, 1000px\" \/><\/div>[\/vc_column][vc_column width=\u00bb1\/2&#8243; css=\u00bb.vc_custom_1623767568937{padding-top: 5% !important;padding-right: 10% !important;padding-bottom: 5% !important;padding-left: 10% !important;}\u00bb][vc_column_text animation=\u00bbanimation fade-in\u00bb]\n<h2 style=\"text-align: center;\">Perlas cultivadas sostenibles<\/h2>\n[\/vc_column_text][vc_empty_space height=\u00bb45px\u00bb][vc_column_text animation=\u00bbanimation fade-in\u00bb]<span style=\"color: #000000;\">Las perlas tambi\u00e9n proceden de explotaciones agr\u00edcolas sostenibles y de origenes conocidos que garantizan unas condiciones laborales dignas, justas y respetuosas para los trabajadores pero tambi\u00e9n con el medio ambiente.<\/span><\/p>\n<p><span style=\"color: #000000;\">No se realiza ning\u00fan tratamiento o manipulaci\u00f3n de colores o brillos de la perlas. Nuestros proveedores se aseguran de que se cumplan estas condiciones visitando las granjas de perlas varias veces al a\u00f1o.<\/span>[\/vc_column_text][vc_empty_space height=\u00bb45px\u00bb][\/vc_column][\/vc_row][vc_row thb_full_width=\u00bbtrue\u00bb content_placement=\u00bbmiddle\u00bb][vc_column width=\u00bb1\/2&#8243;]<div class=\"caption-style1 animation fade-in alignleft  thb_image_link wp-caption\"><img decoding=\"async\" width=\"1018\" height=\"1032\" src=\"https:\/\/i0.wp.com\/coraliegrzes.com\/wp-content\/uploads\/2021\/06\/Traceable-Gems-Sustainable-Pearls-Coralie-Grzes-Web-2.jpg?fit=1018%2C1032&amp;ssl=1\" class=\"thb_image  attachment-full\" alt=\"\" title=\"Piedras-origines-conocidas-extracci\u00f3n-sostenible-Coralie-Grzes-Web\" srcset=\"https:\/\/i0.wp.com\/coraliegrzes.com\/wp-content\/uploads\/2021\/06\/Traceable-Gems-Sustainable-Pearls-Coralie-Grzes-Web-2.jpg?w=1018&amp;ssl=1 1018w, https:\/\/i0.wp.com\/coraliegrzes.com\/wp-content\/uploads\/2021\/06\/Traceable-Gems-Sustainable-Pearls-Coralie-Grzes-Web-2.jpg?resize=296%2C300&amp;ssl=1 296w, https:\/\/i0.wp.com\/coraliegrzes.com\/wp-content\/uploads\/2021\/06\/Traceable-Gems-Sustainable-Pearls-Coralie-Grzes-Web-2.jpg?resize=1010%2C1024&amp;ssl=1 1010w, https:\/\/i0.wp.com\/coraliegrzes.com\/wp-content\/uploads\/2021\/06\/Traceable-Gems-Sustainable-Pearls-Coralie-Grzes-Web-2.jpg?resize=768%2C779&amp;ssl=1 768w, https:\/\/i0.wp.com\/coraliegrzes.com\/wp-content\/uploads\/2021\/06\/Traceable-Gems-Sustainable-Pearls-Coralie-Grzes-Web-2.jpg?resize=430%2C436&amp;ssl=1 430w, https:\/\/i0.wp.com\/coraliegrzes.com\/wp-content\/uploads\/2021\/06\/Traceable-Gems-Sustainable-Pearls-Coralie-Grzes-Web-2.jpg?resize=860%2C872&amp;ssl=1 860w, https:\/\/i0.wp.com\/coraliegrzes.com\/wp-content\/uploads\/2021\/06\/Traceable-Gems-Sustainable-Pearls-Coralie-Grzes-Web-2.jpg?resize=800%2C811&amp;ssl=1 800w, https:\/\/i0.wp.com\/coraliegrzes.com\/wp-content\/uploads\/2021\/06\/Traceable-Gems-Sustainable-Pearls-Coralie-Grzes-Web-2.jpg?resize=100%2C100&amp;ssl=1 100w\" sizes=\"(max-width: 1000px) 100vw, 1000px\" \/><\/div>[\/vc_column][vc_column width=\u00bb1\/2&#8243; css=\u00bb.vc_custom_1623767594453{padding-top: 5% !important;padding-right: 10% !important;padding-bottom: 5% !important;padding-left: 10% !important;}\u00bb][vc_column_text animation=\u00bbanimation fade-in\u00bb]\n<h2 style=\"text-align: center;\">Piedras de or\u00edgenes conocidos<\/h2>\n[\/vc_column_text][vc_empty_space height=\u00bb45px\u00bb][vc_column_text animation=\u00bbanimation fade-in\u00bb]\n<p class=\"\"><span style=\"color: #000000;\">Coralie Grzes trabaja exclusivamente con proveedores que pueden garantizar la procedencia y el lugar de corte de las piedras utilizadas en sus colecciones.<\/span><\/p>\n<p class=\"\"><span style=\"color: #000000;\">Todas son piedras preciosas extra\u00eddas de manera responsable y totalmente trazables de una serie de minas cuidadosamente seleccionadas, garantizadas \u00ablibres de conflictos\u00bb y que cumplen con los principios de divulgaci\u00f3n total y del comercio justo.<\/span><\/p>\n[\/vc_column_text][vc_empty_space height=\u00bb45px\u00bb][\/vc_column][\/vc_row]\n<\/section>","protected":false},"excerpt":{"rendered":"<p>[vc_row thb_full_width=\u00bbtrue\u00bb content_placement=\u00bbmiddle\u00bb][vc_column css=\u00bb.vc_custom_1623766381068{padding-top: 5% !important;padding-right: 10% !important;padding-bottom: 5% !important;padding-left: 10% !important;}\u00bb][vc_column_text animation=\u00bbanimation fade-in\u00bb] Piedras preciosas trazables y sostenibles [\/vc_column_text][vc_empty_space height=\u00bb45px\u00bb][vc_separator color=\u00bbblack\u00bb][vc_empty_space height=\u00bb45px\u00bb][vc_column_text animation=\u00bbanimation fade-in\u00bb]Despu\u00e9s&hellip;<\/p>\n","protected":false},"author":1,"featured_media":0,"parent":0,"menu_order":0,"comment_status":"closed","ping_status":"closed","template":"","meta":{"footnotes":""},"class_list":["post-2790","page","type-page","status-publish","hentry"],"yoast_head":"<!-- This site is optimized with the Yoast SEO plugin v27.3 - https:\/\/yoast.com\/product\/yoast-seo-wordpress\/ -->\n<title>Piedras y Perlas Sostenibles - Coralie Grzes<\/title>\n<meta name=\"robots\" content=\"index, follow, max-snippet:-1, max-image-preview:large, max-video-preview:-1\" \/>\n<link rel=\"canonical\" href=\"https:\/\/coraliegrzes.com\/es\/piedras-con-tracabilidad\/\" \/>\n<meta property=\"og:locale\" content=\"es_ES\" \/>\n<meta property=\"og:type\" content=\"article\" \/>\n<meta property=\"og:title\" content=\"Piedras y Perlas Sostenibles - Coralie Grzes\" \/>\n<meta property=\"og:description\" content=\"[vc_row thb_full_width=\u00bbtrue\u00bb content_placement=\u00bbmiddle\u00bb][vc_column css=\u00bb.vc_custom_1623766381068{padding-top: 5% !important;padding-right: 10% !important;padding-bottom: 5% !important;padding-left: 10% !important;}\u00bb][vc_column_text animation=\u00bbanimation fade-in\u00bb] Piedras preciosas trazables y sostenibles [\/vc_column_text][vc_empty_space height=\u00bb45px\u00bb][vc_separator color=\u00bbblack\u00bb][vc_empty_space height=\u00bb45px\u00bb][vc_column_text animation=\u00bbanimation fade-in\u00bb]Despu\u00e9s&hellip;\" \/>\n<meta property=\"og:url\" content=\"https:\/\/coraliegrzes.com\/es\/piedras-con-tracabilidad\/\" \/>\n<meta property=\"og:site_name\" content=\"Coralie Grzes\" \/>\n<meta property=\"article:publisher\" content=\"https:\/\/www.facebook.com\/CoralieGrzesJewelry\" \/>\n<meta property=\"article:modified_time\" content=\"2021-06-30T10:09:26+00:00\" \/>\n<meta name=\"twitter:card\" content=\"summary_large_image\" \/>\n<meta name=\"twitter:label1\" content=\"Tiempo de lectura\" \/>\n\t<meta name=\"twitter:data1\" content=\"2 minutos\" \/>\n<script type=\"application\/ld+json\" class=\"yoast-schema-graph\">{\"@context\":\"https:\\\/\\\/schema.org\",\"@graph\":[{\"@type\":\"WebPage\",\"@id\":\"https:\\\/\\\/coraliegrzes.com\\\/es\\\/piedras-con-tracabilidad\\\/\",\"url\":\"https:\\\/\\\/coraliegrzes.com\\\/es\\\/piedras-con-tracabilidad\\\/\",\"name\":\"Piedras y Perlas Sostenibles - Coralie Grzes\",\"isPartOf\":{\"@id\":\"https:\\\/\\\/coraliegrzes.com\\\/es\\\/#website\"},\"datePublished\":\"2021-05-06T12:57:48+00:00\",\"dateModified\":\"2021-06-30T10:09:26+00:00\",\"breadcrumb\":{\"@id\":\"https:\\\/\\\/coraliegrzes.com\\\/es\\\/piedras-con-tracabilidad\\\/#breadcrumb\"},\"inLanguage\":\"es\",\"potentialAction\":[{\"@type\":\"ReadAction\",\"target\":[\"https:\\\/\\\/coraliegrzes.com\\\/es\\\/piedras-con-tracabilidad\\\/\"]}]},{\"@type\":\"BreadcrumbList\",\"@id\":\"https:\\\/\\\/coraliegrzes.com\\\/es\\\/piedras-con-tracabilidad\\\/#breadcrumb\",\"itemListElement\":[{\"@type\":\"ListItem\",\"position\":1,\"name\":\"Accueil\",\"item\":\"https:\\\/\\\/coraliegrzes.com\\\/es\\\/home\\\/\"},{\"@type\":\"ListItem\",\"position\":2,\"name\":\"Piedras y Perlas Sostenibles\"}]},{\"@type\":\"WebSite\",\"@id\":\"https:\\\/\\\/coraliegrzes.com\\\/es\\\/#website\",\"url\":\"https:\\\/\\\/coraliegrzes.com\\\/es\\\/\",\"name\":\"Coralie Grzes\",\"description\":\"Joyer\u00eda \u00c9tica\",\"publisher\":{\"@id\":\"https:\\\/\\\/coraliegrzes.com\\\/es\\\/#organization\"},\"potentialAction\":[{\"@type\":\"SearchAction\",\"target\":{\"@type\":\"EntryPoint\",\"urlTemplate\":\"https:\\\/\\\/coraliegrzes.com\\\/es\\\/?s={search_term_string}\"},\"query-input\":{\"@type\":\"PropertyValueSpecification\",\"valueRequired\":true,\"valueName\":\"search_term_string\"}}],\"inLanguage\":\"es\"},{\"@type\":\"Organization\",\"@id\":\"https:\\\/\\\/coraliegrzes.com\\\/es\\\/#organization\",\"name\":\"Coralie Grzes - Ethical Jewelry Handcrafted in Barcelona\",\"url\":\"https:\\\/\\\/coraliegrzes.com\\\/es\\\/\",\"logo\":{\"@type\":\"ImageObject\",\"inLanguage\":\"es\",\"@id\":\"https:\\\/\\\/coraliegrzes.com\\\/es\\\/#\\\/schema\\\/logo\\\/image\\\/\",\"url\":\"https:\\\/\\\/i0.wp.com\\\/coraliegrzes.com\\\/wp-content\\\/uploads\\\/2021\\\/04\\\/cropped-C.G-logo-insta-01.png?fit=512%2C512&ssl=1\",\"contentUrl\":\"https:\\\/\\\/i0.wp.com\\\/coraliegrzes.com\\\/wp-content\\\/uploads\\\/2021\\\/04\\\/cropped-C.G-logo-insta-01.png?fit=512%2C512&ssl=1\",\"width\":512,\"height\":512,\"caption\":\"Coralie Grzes - Ethical Jewelry Handcrafted in Barcelona\"},\"image\":{\"@id\":\"https:\\\/\\\/coraliegrzes.com\\\/es\\\/#\\\/schema\\\/logo\\\/image\\\/\"},\"sameAs\":[\"https:\\\/\\\/www.facebook.com\\\/CoralieGrzesJewelry\",\"https:\\\/\\\/www.instagram.com\\\/coraliegrzes\\\/\",\"https:\\\/\\\/www.pinterest.es\\\/coraliegrzes\\\/\"]}]}<\/script>\n<!-- \/ Yoast SEO plugin. -->","yoast_head_json":{"title":"Piedras y Perlas Sostenibles - Coralie Grzes","robots":{"index":"index","follow":"follow","max-snippet":"max-snippet:-1","max-image-preview":"max-image-preview:large","max-video-preview":"max-video-preview:-1"},"canonical":"https:\/\/coraliegrzes.com\/es\/piedras-con-tracabilidad\/","og_locale":"es_ES","og_type":"article","og_title":"Piedras y Perlas Sostenibles - Coralie Grzes","og_description":"[vc_row thb_full_width=\u00bbtrue\u00bb content_placement=\u00bbmiddle\u00bb][vc_column css=\u00bb.vc_custom_1623766381068{padding-top: 5% !important;padding-right: 10% !important;padding-bottom: 5% !important;padding-left: 10% !important;}\u00bb][vc_column_text animation=\u00bbanimation fade-in\u00bb] Piedras preciosas trazables y sostenibles [\/vc_column_text][vc_empty_space height=\u00bb45px\u00bb][vc_separator color=\u00bbblack\u00bb][vc_empty_space height=\u00bb45px\u00bb][vc_column_text animation=\u00bbanimation fade-in\u00bb]Despu\u00e9s&hellip;","og_url":"https:\/\/coraliegrzes.com\/es\/piedras-con-tracabilidad\/","og_site_name":"Coralie Grzes","article_publisher":"https:\/\/www.facebook.com\/CoralieGrzesJewelry","article_modified_time":"2021-06-30T10:09:26+00:00","twitter_card":"summary_large_image","twitter_misc":{"Tiempo de lectura":"2 minutos"},"schema":{"@context":"https:\/\/schema.org","@graph":[{"@type":"WebPage","@id":"https:\/\/coraliegrzes.com\/es\/piedras-con-tracabilidad\/","url":"https:\/\/coraliegrzes.com\/es\/piedras-con-tracabilidad\/","name":"Piedras y Perlas Sostenibles - Coralie Grzes","isPartOf":{"@id":"https:\/\/coraliegrzes.com\/es\/#website"},"datePublished":"2021-05-06T12:57:48+00:00","dateModified":"2021-06-30T10:09:26+00:00","breadcrumb":{"@id":"https:\/\/coraliegrzes.com\/es\/piedras-con-tracabilidad\/#breadcrumb"},"inLanguage":"es","potentialAction":[{"@type":"ReadAction","target":["https:\/\/coraliegrzes.com\/es\/piedras-con-tracabilidad\/"]}]},{"@type":"BreadcrumbList","@id":"https:\/\/coraliegrzes.com\/es\/piedras-con-tracabilidad\/#breadcrumb","itemListElement":[{"@type":"ListItem","position":1,"name":"Accueil","item":"https:\/\/coraliegrzes.com\/es\/home\/"},{"@type":"ListItem","position":2,"name":"Piedras y Perlas Sostenibles"}]},{"@type":"WebSite","@id":"https:\/\/coraliegrzes.com\/es\/#website","url":"https:\/\/coraliegrzes.com\/es\/","name":"Coralie Grzes","description":"Joyer\u00eda \u00c9tica","publisher":{"@id":"https:\/\/coraliegrzes.com\/es\/#organization"},"potentialAction":[{"@type":"SearchAction","target":{"@type":"EntryPoint","urlTemplate":"https:\/\/coraliegrzes.com\/es\/?s={search_term_string}"},"query-input":{"@type":"PropertyValueSpecification","valueRequired":true,"valueName":"search_term_string"}}],"inLanguage":"es"},{"@type":"Organization","@id":"https:\/\/coraliegrzes.com\/es\/#organization","name":"Coralie Grzes - Ethical Jewelry Handcrafted in Barcelona","url":"https:\/\/coraliegrzes.com\/es\/","logo":{"@type":"ImageObject","inLanguage":"es","@id":"https:\/\/coraliegrzes.com\/es\/#\/schema\/logo\/image\/","url":"https:\/\/i0.wp.com\/coraliegrzes.com\/wp-content\/uploads\/2021\/04\/cropped-C.G-logo-insta-01.png?fit=512%2C512&ssl=1","contentUrl":"https:\/\/i0.wp.com\/coraliegrzes.com\/wp-content\/uploads\/2021\/04\/cropped-C.G-logo-insta-01.png?fit=512%2C512&ssl=1","width":512,"height":512,"caption":"Coralie Grzes - Ethical Jewelry Handcrafted in Barcelona"},"image":{"@id":"https:\/\/coraliegrzes.com\/es\/#\/schema\/logo\/image\/"},"sameAs":["https:\/\/www.facebook.com\/CoralieGrzesJewelry","https:\/\/www.instagram.com\/coraliegrzes\/","https:\/\/www.pinterest.es\/coraliegrzes\/"]}]}},"jetpack_sharing_enabled":true,"_links":{"self":[{"href":"https:\/\/coraliegrzes.com\/es\/wp-json\/wp\/v2\/pages\/2790","targetHints":{"allow":["GET"]}}],"collection":[{"href":"https:\/\/coraliegrzes.com\/es\/wp-json\/wp\/v2\/pages"}],"about":[{"href":"https:\/\/coraliegrzes.com\/es\/wp-json\/wp\/v2\/types\/page"}],"author":[{"embeddable":true,"href":"https:\/\/coraliegrzes.com\/es\/wp-json\/wp\/v2\/users\/1"}],"replies":[{"embeddable":true,"href":"https:\/\/coraliegrzes.com\/es\/wp-json\/wp\/v2\/comments?post=2790"}],"version-history":[{"count":24,"href":"https:\/\/coraliegrzes.com\/es\/wp-json\/wp\/v2\/pages\/2790\/revisions"}],"predecessor-version":[{"id":5767,"href":"https:\/\/coraliegrzes.com\/es\/wp-json\/wp\/v2\/pages\/2790\/revisions\/5767"}],"wp:attachment":[{"href":"https:\/\/coraliegrzes.com\/es\/wp-json\/wp\/v2\/media?parent=2790"}],"curies":[{"name":"wp","href":"https:\/\/api.w.org\/{rel}","templated":true}]}}