{"id":2985,"date":"2021-05-17T17:15:57","date_gmt":"2021-05-17T15:15:57","guid":{"rendered":"http:\/\/coraliegrzes.es\/talla-y-cambio-de-talla\/"},"modified":"2021-07-19T10:20:35","modified_gmt":"2021-07-19T08:20:35","slug":"talla-y-cambio-de-talla","status":"publish","type":"page","link":"https:\/\/coraliegrzes.com\/es\/talla-y-cambio-de-talla\/","title":{"rendered":"Talla y Cambio de talla"},"content":{"rendered":"<section class=\"wpb-content-wrapper\">[vc_row thb_full_width=\u00bbtrue\u00bb content_placement=\u00bbmiddle\u00bb][vc_column css=\u00bb.vc_custom_1623766762072{padding-top: 5% !important;padding-right: 10% !important;padding-left: 10% !important;}\u00bb][vc_column_text animation=\u00bbanimation fade-in\u00bb]\n<h2 style=\"text-align: center;\">Talla y Cambio de talla<\/h2>\n[\/vc_column_text][vc_empty_space height=\u00bb45px\u00bb][vc_separator color=\u00bbblack\u00bb][vc_empty_space height=\u00bb45px\u00bb][vc_column_text animation=\u00bbanimation fade-in\u00bb]\n<h5 style=\"text-align: center;\"><span style=\"color: #000000;\"><strong>TALLA<\/strong><\/span><\/h5>\n<p class=\"\"><span style=\"color: #000000;\"><em>Tenga en cuenta que Coralie Grzes ofrece diferentes opciones, consejos y recomendaciones para medir el tama\u00f1o de su anillo y brazalete, no se hace responsable de ning\u00fan talla incorrecta que pueda pedir a trav\u00e9s de su sitio web. Coralie Grzes no se hace cargo de los aranceles aduaneros y otras tarifas relacionadas con el cambio de talla.<\/em><\/span><\/p>\n<ul>\n<li><span style=\"color: #000000;\"><strong>GUIA DE TALLAS PARA ANILLOS<\/strong><\/span><\/li>\n<\/ul>\n<p class=\"\"><span style=\"font-family: -apple-system, BlinkMacSystemFont, 'Segoe UI', Roboto, Oxygen-Sans, Ubuntu, Cantarell, 'Helvetica Neue', sans-serif; color: #000000;\"><i>Puede encontrar una gu\u00eda de tallas para anillos en el enlace a continuaci\u00f3n.<\/i><\/span><\/p>\n<p class=\"\"><strong><span style=\"color: #000000;\"><a href=\"https:\/\/coraliegrzes.com\/wp-content\/uploads\/2021\/07\/Gui\u0301a-de-tallas-de-anillo.pdf\" target=\"_blank\" rel=\"noopener\">Gu\u00eda de tallas de anillo<\/a><\/span><\/strong><\/p>\n<p class=\"\"><span style=\"color: #000000;\">Otra opci\u00f3n para medir su talla es comprar un medidor de anillos <strong><a href=\"https:\/\/coraliegrzes.com\/es\/tienda\/medidor-anillo\/\">aqu\u00ed.<\/a><\/strong><\/span><\/p>\n<ul>\n<li><span style=\"color: #000000;\"><strong>GU\u00cdA DE TALLAS PARA PULSERAS R\u00cdGIDAS<\/strong><\/span><\/li>\n<\/ul>\n<p><span style=\"font-family: -apple-system, BlinkMacSystemFont, 'Segoe UI', Roboto, Oxygen-Sans, Ubuntu, Cantarell, 'Helvetica Neue', sans-serif; color: #000000;\"><i>Puede encontrar una gu\u00eda de tallas de pulseras r\u00edgidas en el enlace a continuaci\u00f3n.<\/i><\/span><\/p>\n<p><strong><a href=\"https:\/\/coraliegrzes.com\/wp-content\/uploads\/2021\/07\/Gui\u0301a-de-tallas-de-pulsera.pdf\">Gu\u00eda de talla para pulseras r\u00edgidas<\/a><\/strong><\/p>\n[\/vc_column_text][vc_empty_space height=\u00bb45px\u00bb][vc_separator][vc_empty_space height=\u00bb45px\u00bb][vc_column_text animation=\u00bbanimation fade-in\u00bb]\n<h5 style=\"text-align: center;\"><span style=\"color: #000000;\"><strong>CAMBIO DE TALLA<\/strong><\/span><\/h5>\n<p class=\"\"><span style=\"color: #000000;\">Si usted necesita cambiar el tama\u00f1o de su anillo o pulsera despu\u00e9s de la compra, p\u00f3ngase en contacto <strong><a href=\"https:\/\/coraliegrzes.com\/es\/contacto\/\">aqu\u00ed<\/a><\/strong> lo antes posible, indicando el producto que desea cambiar o ajustar.<br \/>Dependiendo del art\u00edculo, el cambio de tama\u00f1o puede tener un costo adicional.<\/span><\/p>\n<p id=\"yui_3_17_2_1_1614353377918_641\" class=\"\"><span style=\"color: #000000;\">Tiene que devolver el art\u00edculo en perfectas condiciones con su packaging original.<\/span><br \/><span style=\"color: #000000;\">Cualquier servicio de cambio de talla generar\u00e1 nuevos costos de env\u00edo que correr\u00e1n al cargo del cliente. <br \/>Se recomienda que que env\u00ede el paquete con n\u00famero de seguimiento para evitar p\u00e9rdidas en el tr\u00e1nsito. <\/span><\/p>\n[\/vc_column_text][\/vc_column][\/vc_row]\n<\/section>","protected":false},"excerpt":{"rendered":"<p>[vc_row thb_full_width=\u00bbtrue\u00bb content_placement=\u00bbmiddle\u00bb][vc_column css=\u00bb.vc_custom_1623766762072{padding-top: 5% !important;padding-right: 10% !important;padding-left: 10% !important;}\u00bb][vc_column_text animation=\u00bbanimation fade-in\u00bb] Talla y Cambio de talla [\/vc_column_text][vc_empty_space height=\u00bb45px\u00bb][vc_separator color=\u00bbblack\u00bb][vc_empty_space height=\u00bb45px\u00bb][vc_column_text animation=\u00bbanimation fade-in\u00bb] TALLA Tenga&hellip;<\/p>\n","protected":false},"author":1,"featured_media":0,"parent":0,"menu_order":0,"comment_status":"closed","ping_status":"closed","template":"","meta":{"footnotes":""},"class_list":["post-2985","page","type-page","status-publish","hentry"],"yoast_head":"<!-- This site is optimized with the Yoast SEO plugin v27.3 - https:\/\/yoast.com\/product\/yoast-seo-wordpress\/ -->\n<title>Talla y Cambio de talla - Coralie Grzes<\/title>\n<meta name=\"robots\" content=\"index, follow, max-snippet:-1, max-image-preview:large, max-video-preview:-1\" \/>\n<link rel=\"canonical\" href=\"https:\/\/coraliegrzes.com\/es\/talla-y-cambio-de-talla\/\" \/>\n<meta property=\"og:locale\" content=\"es_ES\" \/>\n<meta property=\"og:type\" content=\"article\" \/>\n<meta property=\"og:title\" content=\"Talla y Cambio de talla - Coralie Grzes\" \/>\n<meta property=\"og:description\" content=\"[vc_row thb_full_width=\u00bbtrue\u00bb content_placement=\u00bbmiddle\u00bb][vc_column css=\u00bb.vc_custom_1623766762072{padding-top: 5% !important;padding-right: 10% !important;padding-left: 10% !important;}\u00bb][vc_column_text animation=\u00bbanimation fade-in\u00bb] Talla y Cambio de talla [\/vc_column_text][vc_empty_space height=\u00bb45px\u00bb][vc_separator color=\u00bbblack\u00bb][vc_empty_space height=\u00bb45px\u00bb][vc_column_text animation=\u00bbanimation fade-in\u00bb] TALLA Tenga&hellip;\" \/>\n<meta property=\"og:url\" content=\"https:\/\/coraliegrzes.com\/es\/talla-y-cambio-de-talla\/\" \/>\n<meta property=\"og:site_name\" content=\"Coralie Grzes\" \/>\n<meta property=\"article:publisher\" content=\"https:\/\/www.facebook.com\/CoralieGrzesJewelry\" \/>\n<meta property=\"article:modified_time\" content=\"2021-07-19T08:20:35+00:00\" \/>\n<meta name=\"twitter:card\" content=\"summary_large_image\" \/>\n<meta name=\"twitter:label1\" content=\"Tiempo de lectura\" \/>\n\t<meta name=\"twitter:data1\" content=\"2 minutos\" \/>\n<script type=\"application\/ld+json\" class=\"yoast-schema-graph\">{\"@context\":\"https:\\\/\\\/schema.org\",\"@graph\":[{\"@type\":\"WebPage\",\"@id\":\"https:\\\/\\\/coraliegrzes.com\\\/es\\\/talla-y-cambio-de-talla\\\/\",\"url\":\"https:\\\/\\\/coraliegrzes.com\\\/es\\\/talla-y-cambio-de-talla\\\/\",\"name\":\"Talla y Cambio de talla - Coralie Grzes\",\"isPartOf\":{\"@id\":\"https:\\\/\\\/coraliegrzes.com\\\/es\\\/#website\"},\"datePublished\":\"2021-05-17T15:15:57+00:00\",\"dateModified\":\"2021-07-19T08:20:35+00:00\",\"breadcrumb\":{\"@id\":\"https:\\\/\\\/coraliegrzes.com\\\/es\\\/talla-y-cambio-de-talla\\\/#breadcrumb\"},\"inLanguage\":\"es\",\"potentialAction\":[{\"@type\":\"ReadAction\",\"target\":[\"https:\\\/\\\/coraliegrzes.com\\\/es\\\/talla-y-cambio-de-talla\\\/\"]}]},{\"@type\":\"BreadcrumbList\",\"@id\":\"https:\\\/\\\/coraliegrzes.com\\\/es\\\/talla-y-cambio-de-talla\\\/#breadcrumb\",\"itemListElement\":[{\"@type\":\"ListItem\",\"position\":1,\"name\":\"Accueil\",\"item\":\"https:\\\/\\\/coraliegrzes.com\\\/es\\\/home\\\/\"},{\"@type\":\"ListItem\",\"position\":2,\"name\":\"Talla y Cambio de talla\"}]},{\"@type\":\"WebSite\",\"@id\":\"https:\\\/\\\/coraliegrzes.com\\\/es\\\/#website\",\"url\":\"https:\\\/\\\/coraliegrzes.com\\\/es\\\/\",\"name\":\"Coralie Grzes\",\"description\":\"Joyer\u00eda \u00c9tica\",\"publisher\":{\"@id\":\"https:\\\/\\\/coraliegrzes.com\\\/es\\\/#organization\"},\"potentialAction\":[{\"@type\":\"SearchAction\",\"target\":{\"@type\":\"EntryPoint\",\"urlTemplate\":\"https:\\\/\\\/coraliegrzes.com\\\/es\\\/?s={search_term_string}\"},\"query-input\":{\"@type\":\"PropertyValueSpecification\",\"valueRequired\":true,\"valueName\":\"search_term_string\"}}],\"inLanguage\":\"es\"},{\"@type\":\"Organization\",\"@id\":\"https:\\\/\\\/coraliegrzes.com\\\/es\\\/#organization\",\"name\":\"Coralie Grzes - Ethical Jewelry Handcrafted in Barcelona\",\"url\":\"https:\\\/\\\/coraliegrzes.com\\\/es\\\/\",\"logo\":{\"@type\":\"ImageObject\",\"inLanguage\":\"es\",\"@id\":\"https:\\\/\\\/coraliegrzes.com\\\/es\\\/#\\\/schema\\\/logo\\\/image\\\/\",\"url\":\"https:\\\/\\\/i0.wp.com\\\/coraliegrzes.com\\\/wp-content\\\/uploads\\\/2021\\\/04\\\/cropped-C.G-logo-insta-01.png?fit=512%2C512&ssl=1\",\"contentUrl\":\"https:\\\/\\\/i0.wp.com\\\/coraliegrzes.com\\\/wp-content\\\/uploads\\\/2021\\\/04\\\/cropped-C.G-logo-insta-01.png?fit=512%2C512&ssl=1\",\"width\":512,\"height\":512,\"caption\":\"Coralie Grzes - Ethical Jewelry Handcrafted in Barcelona\"},\"image\":{\"@id\":\"https:\\\/\\\/coraliegrzes.com\\\/es\\\/#\\\/schema\\\/logo\\\/image\\\/\"},\"sameAs\":[\"https:\\\/\\\/www.facebook.com\\\/CoralieGrzesJewelry\",\"https:\\\/\\\/www.instagram.com\\\/coraliegrzes\\\/\",\"https:\\\/\\\/www.pinterest.es\\\/coraliegrzes\\\/\"]}]}<\/script>\n<!-- \/ Yoast SEO plugin. -->","yoast_head_json":{"title":"Talla y Cambio de talla - Coralie Grzes","robots":{"index":"index","follow":"follow","max-snippet":"max-snippet:-1","max-image-preview":"max-image-preview:large","max-video-preview":"max-video-preview:-1"},"canonical":"https:\/\/coraliegrzes.com\/es\/talla-y-cambio-de-talla\/","og_locale":"es_ES","og_type":"article","og_title":"Talla y Cambio de talla - Coralie Grzes","og_description":"[vc_row thb_full_width=\u00bbtrue\u00bb content_placement=\u00bbmiddle\u00bb][vc_column css=\u00bb.vc_custom_1623766762072{padding-top: 5% !important;padding-right: 10% !important;padding-left: 10% !important;}\u00bb][vc_column_text animation=\u00bbanimation fade-in\u00bb] Talla y Cambio de talla [\/vc_column_text][vc_empty_space height=\u00bb45px\u00bb][vc_separator color=\u00bbblack\u00bb][vc_empty_space height=\u00bb45px\u00bb][vc_column_text animation=\u00bbanimation fade-in\u00bb] TALLA Tenga&hellip;","og_url":"https:\/\/coraliegrzes.com\/es\/talla-y-cambio-de-talla\/","og_site_name":"Coralie Grzes","article_publisher":"https:\/\/www.facebook.com\/CoralieGrzesJewelry","article_modified_time":"2021-07-19T08:20:35+00:00","twitter_card":"summary_large_image","twitter_misc":{"Tiempo de lectura":"2 minutos"},"schema":{"@context":"https:\/\/schema.org","@graph":[{"@type":"WebPage","@id":"https:\/\/coraliegrzes.com\/es\/talla-y-cambio-de-talla\/","url":"https:\/\/coraliegrzes.com\/es\/talla-y-cambio-de-talla\/","name":"Talla y Cambio de talla - Coralie Grzes","isPartOf":{"@id":"https:\/\/coraliegrzes.com\/es\/#website"},"datePublished":"2021-05-17T15:15:57+00:00","dateModified":"2021-07-19T08:20:35+00:00","breadcrumb":{"@id":"https:\/\/coraliegrzes.com\/es\/talla-y-cambio-de-talla\/#breadcrumb"},"inLanguage":"es","potentialAction":[{"@type":"ReadAction","target":["https:\/\/coraliegrzes.com\/es\/talla-y-cambio-de-talla\/"]}]},{"@type":"BreadcrumbList","@id":"https:\/\/coraliegrzes.com\/es\/talla-y-cambio-de-talla\/#breadcrumb","itemListElement":[{"@type":"ListItem","position":1,"name":"Accueil","item":"https:\/\/coraliegrzes.com\/es\/home\/"},{"@type":"ListItem","position":2,"name":"Talla y Cambio de talla"}]},{"@type":"WebSite","@id":"https:\/\/coraliegrzes.com\/es\/#website","url":"https:\/\/coraliegrzes.com\/es\/","name":"Coralie Grzes","description":"Joyer\u00eda \u00c9tica","publisher":{"@id":"https:\/\/coraliegrzes.com\/es\/#organization"},"potentialAction":[{"@type":"SearchAction","target":{"@type":"EntryPoint","urlTemplate":"https:\/\/coraliegrzes.com\/es\/?s={search_term_string}"},"query-input":{"@type":"PropertyValueSpecification","valueRequired":true,"valueName":"search_term_string"}}],"inLanguage":"es"},{"@type":"Organization","@id":"https:\/\/coraliegrzes.com\/es\/#organization","name":"Coralie Grzes - Ethical Jewelry Handcrafted in Barcelona","url":"https:\/\/coraliegrzes.com\/es\/","logo":{"@type":"ImageObject","inLanguage":"es","@id":"https:\/\/coraliegrzes.com\/es\/#\/schema\/logo\/image\/","url":"https:\/\/i0.wp.com\/coraliegrzes.com\/wp-content\/uploads\/2021\/04\/cropped-C.G-logo-insta-01.png?fit=512%2C512&ssl=1","contentUrl":"https:\/\/i0.wp.com\/coraliegrzes.com\/wp-content\/uploads\/2021\/04\/cropped-C.G-logo-insta-01.png?fit=512%2C512&ssl=1","width":512,"height":512,"caption":"Coralie Grzes - Ethical Jewelry Handcrafted in Barcelona"},"image":{"@id":"https:\/\/coraliegrzes.com\/es\/#\/schema\/logo\/image\/"},"sameAs":["https:\/\/www.facebook.com\/CoralieGrzesJewelry","https:\/\/www.instagram.com\/coraliegrzes\/","https:\/\/www.pinterest.es\/coraliegrzes\/"]}]}},"jetpack_sharing_enabled":true,"_links":{"self":[{"href":"https:\/\/coraliegrzes.com\/es\/wp-json\/wp\/v2\/pages\/2985","targetHints":{"allow":["GET"]}}],"collection":[{"href":"https:\/\/coraliegrzes.com\/es\/wp-json\/wp\/v2\/pages"}],"about":[{"href":"https:\/\/coraliegrzes.com\/es\/wp-json\/wp\/v2\/types\/page"}],"author":[{"embeddable":true,"href":"https:\/\/coraliegrzes.com\/es\/wp-json\/wp\/v2\/users\/1"}],"replies":[{"embeddable":true,"href":"https:\/\/coraliegrzes.com\/es\/wp-json\/wp\/v2\/comments?post=2985"}],"version-history":[{"count":16,"href":"https:\/\/coraliegrzes.com\/es\/wp-json\/wp\/v2\/pages\/2985\/revisions"}],"predecessor-version":[{"id":6641,"href":"https:\/\/coraliegrzes.com\/es\/wp-json\/wp\/v2\/pages\/2985\/revisions\/6641"}],"wp:attachment":[{"href":"https:\/\/coraliegrzes.com\/es\/wp-json\/wp\/v2\/media?parent=2985"}],"curies":[{"name":"wp","href":"https:\/\/api.w.org\/{rel}","templated":true}]}}