{"id":2997,"date":"2021-05-18T14:30:43","date_gmt":"2021-05-18T12:30:43","guid":{"rendered":"http:\/\/coraliegrzes.es\/envios-devoluciones\/"},"modified":"2023-04-21T12:47:17","modified_gmt":"2023-04-21T10:47:17","slug":"envios-devoluciones","status":"publish","type":"page","link":"https:\/\/coraliegrzes.com\/es\/envios-devoluciones\/","title":{"rendered":"Env\u00edos &amp; Devoluciones"},"content":{"rendered":"<section class=\"wpb-content-wrapper\">[vc_row thb_full_width=\u00bbtrue\u00bb content_placement=\u00bbmiddle\u00bb][vc_column css=\u00bb.vc_custom_1623766801601{padding-top: 5% !important;padding-right: 10% !important;padding-left: 10% !important;}\u00bb][vc_column_text animation=\u00bbanimation fade-in\u00bb]\n<h2 style=\"text-align: center;\">Shipping &amp; Returns<\/h2>\n[\/vc_column_text][vc_empty_space height=\u00bb45px\u00bb][vc_separator color=\u00bbblack\u00bb][vc_empty_space height=\u00bb45px\u00bb][vc_column_text animation=\u00bbanimation fade-in\u00bb]\n<h5 style=\"text-align: center;\"><span style=\"color: #000000;\"><strong>SHIPPING<\/strong><\/span><\/h5>\n<p class=\"p1\"><span class=\"s1\" style=\"color: #000000;\">Please note that Coralie Grzes only uses guaranteed delivery services. She cannot be held responsible for late or missed deliveries or lost or damaged packages. She does not take responsibility for customs tariffs and other associated fees.<\/span><\/p>\n[\/vc_column_text][vc_empty_space height=\u00bb45px\u00bb][vc_column_text animation=\u00bbanimation fade-in\u00bb el_class=\u00bbsmall-text\u00bb]\n<ul>\n<li><strong><span style=\"color: #000000;\">ENV\u00cdOS ESTANDAR<\/span><\/strong><\/li>\n<\/ul>\n<p><em><span style=\"color: #000000;\">EL ENV\u00cdO EST\u00c1NDAR ES GRATIS PARA TODOS LOS PEDIDOS DENTRO DE LA UNI\u00d3N EUROPEA<\/span><\/em><\/p>\n<p><span style=\"color: #000000;\">El plazo medio de entrega de un env\u00edo est\u00e1ndar dentro de la Uni\u00f3n Europea es de 3 a 7 d\u00edas laborables. Recibir\u00e1 un n\u00famero de seguimiento por correo electr\u00f3nico despu\u00e9s de que se haya enviado su pedido.<\/span>[\/vc_column_text][vc_empty_space height=\u00bb45px\u00bb][vc_column_text animation=\u00bbanimation fade-in\u00bb el_class=\u00bbsmall-text\u00bb]\n<ul>\n<li><span style=\"color: #000000;\"><strong>ORDERS OUTSIDE EUROPE<\/strong><\/span><\/li>\n<\/ul>\n<p class=\"p1\"><span class=\"s1\" style=\"color: #000000;\">Please select the zone corresponding to your destination from the drop-down menu when confirming your order. <\/span><\/p>\n<p class=\"p1\"><span class=\"s1\" style=\"color: #000000;\">Coralie Grzes uses the fastest and most convenient shipping method to deliver orders worldwide, however, the shipping time depends on the destination. Once your purchase is confirmed, you will receive a tracking number by email to track your order.<\/span><\/p>\n[\/vc_column_text][vc_empty_space height=\u00bb45px\u00bb][vc_column_text animation=\u00bbanimation fade-in\u00bb el_class=\u00bbsmall-text\u00bb]\n<p class=\"p1\"><span style=\"color: #000000;\"><em><strong><span class=\"s1\">Please remember that the shipping time does not include production time!<\/span><\/strong><\/em><\/span><\/p>\n<p class=\"p1\"><span style=\"color: #000000;\"><em><strong><span class=\"s1\">All jewelry is handmade to order and lead-times vary. Normally production takes 3 to 11 days prior to shipping.<\/span><\/strong><\/em><\/span><\/p>\n<p class=\"p2\"><span class=\"s1\" style=\"color: #000000;\">If you are in a hurry do not hesitate to contact Coralie Grzes\u00a0<strong><a style=\"color: #000000;\" href=\"https:\/\/coraliegrzes.com\/es\/contacto\/\"><span class=\"s2\">here.<\/span><\/a><\/strong><\/span><\/p>\n<p class=\"p2\"><span style=\"color: #000000;\"><span class=\"s1\">All orders are carefully packaged to ensure that they arrive safely.<\/span><\/span><\/p>\n<p><span class=\"s1\">Once your order is complete, you\u2019ll receive a confirmation by e-mail with a tracking number.<\/span><span class=\"s3\"><br \/>\n<\/span><span class=\"s1\">Enquiries can be e-mailed to:<strong>\u00a0<a style=\"color: #000000;\" href=\"mailto:info@coraliegrzes.com\"><span class=\"s4\">info@coraliegrzes.com<\/span><\/a><\/strong><\/span>[\/vc_column_text][vc_empty_space height=\u00bb45px\u00bb][vc_separator][vc_empty_space height=\u00bb45px\u00bb][vc_column_text animation=\u00bbanimation fade-in\u00bb el_class=\u00bbsmall-text\u00bb]\n<h5 style=\"text-align: center;\"><span style=\"color: #000000;\"><strong>RETURNS<\/strong><\/span><\/h5>\n<p class=\"p1\"><span class=\"s1\" style=\"color: #000000;\">In the unlikely event that you are unhappy with your jewelry, Coralie Grzes\u00a0offers you the flexibility of returning your purchase <strong>within\u00a0a maximum period of 14 calendar days\u00a0from the date of delivery<\/strong>, provided that the products purchased have not been used and are in perfect condition.<\/span><\/p>\n<p class=\"p1\"><span class=\"s1\" style=\"color: #000000;\">To make returns please send a message\u00a0<strong><a style=\"color: #000000;\" href=\"https:\/\/coraliegrzes.com\/es\/contacto\/\"><span class=\"s2\">here<\/span><\/a>\u00a0<\/strong>with the reasons of your return and a picture of your product.<\/span><\/p>\n<p class=\"p1\"><strong><span class=\"s1\" style=\"color: #000000;\">Important note:<\/span><\/strong><\/p>\n<p class=\"p2\"><strong><span class=\"s1\" style=\"color: #000000;\">For custom pieces (engraved, personalized jewelry), Coralie Grzes does not accept returns and cannot offer exchanges or refunds.<\/span><\/strong><\/p>\n<p class=\"p1\"><span class=\"s1\" style=\"color: #000000;\">-The return shipping cost will be borne by the customer.\u00a0<\/span><\/p>\n<p class=\"p1\"><span class=\"s1\" style=\"color: #000000;\">-Returned items will be carefully inspected. Products that are unused and in perfect condition will be refunded in 3-4 days of the return date through the same method as the payment.<\/span><\/p>\n[\/vc_column_text][\/vc_column][\/vc_row]\n<\/section>","protected":false},"excerpt":{"rendered":"<p>[vc_row thb_full_width=\u00bbtrue\u00bb content_placement=\u00bbmiddle\u00bb][vc_column css=\u00bb.vc_custom_1623766801601{padding-top: 5% !important;padding-right: 10% !important;padding-left: 10% !important;}\u00bb][vc_column_text animation=\u00bbanimation fade-in\u00bb] Shipping &amp; Returns [\/vc_column_text][vc_empty_space height=\u00bb45px\u00bb][vc_separator color=\u00bbblack\u00bb][vc_empty_space height=\u00bb45px\u00bb][vc_column_text animation=\u00bbanimation fade-in\u00bb] SHIPPING Please note that&hellip;<\/p>\n","protected":false},"author":1,"featured_media":0,"parent":0,"menu_order":0,"comment_status":"closed","ping_status":"closed","template":"","meta":{"footnotes":""},"class_list":["post-2997","page","type-page","status-publish","hentry"],"yoast_head":"<!-- This site is optimized with the Yoast SEO plugin v27.3 - https:\/\/yoast.com\/product\/yoast-seo-wordpress\/ -->\n<title>Env\u00edos &amp; Devoluciones - Coralie Grzes<\/title>\n<meta name=\"robots\" content=\"index, follow, max-snippet:-1, max-image-preview:large, max-video-preview:-1\" \/>\n<link rel=\"canonical\" href=\"https:\/\/coraliegrzes.com\/es\/envios-devoluciones\/\" \/>\n<meta property=\"og:locale\" content=\"es_ES\" \/>\n<meta property=\"og:type\" content=\"article\" \/>\n<meta property=\"og:title\" content=\"Env\u00edos &amp; Devoluciones - Coralie Grzes\" \/>\n<meta property=\"og:description\" content=\"[vc_row thb_full_width=\u00bbtrue\u00bb content_placement=\u00bbmiddle\u00bb][vc_column css=\u00bb.vc_custom_1623766801601{padding-top: 5% !important;padding-right: 10% !important;padding-left: 10% !important;}\u00bb][vc_column_text animation=\u00bbanimation fade-in\u00bb] Shipping &amp; Returns [\/vc_column_text][vc_empty_space height=\u00bb45px\u00bb][vc_separator color=\u00bbblack\u00bb][vc_empty_space height=\u00bb45px\u00bb][vc_column_text animation=\u00bbanimation fade-in\u00bb] SHIPPING Please note that&hellip;\" \/>\n<meta property=\"og:url\" content=\"https:\/\/coraliegrzes.com\/es\/envios-devoluciones\/\" \/>\n<meta property=\"og:site_name\" content=\"Coralie Grzes\" \/>\n<meta property=\"article:publisher\" content=\"https:\/\/www.facebook.com\/CoralieGrzesJewelry\" \/>\n<meta property=\"article:modified_time\" content=\"2023-04-21T10:47:17+00:00\" \/>\n<meta name=\"twitter:card\" content=\"summary_large_image\" \/>\n<meta name=\"twitter:label1\" content=\"Tiempo de lectura\" \/>\n\t<meta name=\"twitter:data1\" content=\"2 minutos\" \/>\n<script type=\"application\/ld+json\" class=\"yoast-schema-graph\">{\"@context\":\"https:\\\/\\\/schema.org\",\"@graph\":[{\"@type\":\"WebPage\",\"@id\":\"https:\\\/\\\/coraliegrzes.com\\\/es\\\/envios-devoluciones\\\/\",\"url\":\"https:\\\/\\\/coraliegrzes.com\\\/es\\\/envios-devoluciones\\\/\",\"name\":\"Env\u00edos &amp; Devoluciones - Coralie Grzes\",\"isPartOf\":{\"@id\":\"https:\\\/\\\/coraliegrzes.com\\\/es\\\/#website\"},\"datePublished\":\"2021-05-18T12:30:43+00:00\",\"dateModified\":\"2023-04-21T10:47:17+00:00\",\"breadcrumb\":{\"@id\":\"https:\\\/\\\/coraliegrzes.com\\\/es\\\/envios-devoluciones\\\/#breadcrumb\"},\"inLanguage\":\"es\",\"potentialAction\":[{\"@type\":\"ReadAction\",\"target\":[\"https:\\\/\\\/coraliegrzes.com\\\/es\\\/envios-devoluciones\\\/\"]}]},{\"@type\":\"BreadcrumbList\",\"@id\":\"https:\\\/\\\/coraliegrzes.com\\\/es\\\/envios-devoluciones\\\/#breadcrumb\",\"itemListElement\":[{\"@type\":\"ListItem\",\"position\":1,\"name\":\"Accueil\",\"item\":\"https:\\\/\\\/coraliegrzes.com\\\/es\\\/home\\\/\"},{\"@type\":\"ListItem\",\"position\":2,\"name\":\"Env\u00edos &amp; Devoluciones\"}]},{\"@type\":\"WebSite\",\"@id\":\"https:\\\/\\\/coraliegrzes.com\\\/es\\\/#website\",\"url\":\"https:\\\/\\\/coraliegrzes.com\\\/es\\\/\",\"name\":\"Coralie Grzes\",\"description\":\"Joyer\u00eda \u00c9tica\",\"publisher\":{\"@id\":\"https:\\\/\\\/coraliegrzes.com\\\/es\\\/#organization\"},\"potentialAction\":[{\"@type\":\"SearchAction\",\"target\":{\"@type\":\"EntryPoint\",\"urlTemplate\":\"https:\\\/\\\/coraliegrzes.com\\\/es\\\/?s={search_term_string}\"},\"query-input\":{\"@type\":\"PropertyValueSpecification\",\"valueRequired\":true,\"valueName\":\"search_term_string\"}}],\"inLanguage\":\"es\"},{\"@type\":\"Organization\",\"@id\":\"https:\\\/\\\/coraliegrzes.com\\\/es\\\/#organization\",\"name\":\"Coralie Grzes - Ethical Jewelry Handcrafted in Barcelona\",\"url\":\"https:\\\/\\\/coraliegrzes.com\\\/es\\\/\",\"logo\":{\"@type\":\"ImageObject\",\"inLanguage\":\"es\",\"@id\":\"https:\\\/\\\/coraliegrzes.com\\\/es\\\/#\\\/schema\\\/logo\\\/image\\\/\",\"url\":\"https:\\\/\\\/i0.wp.com\\\/coraliegrzes.com\\\/wp-content\\\/uploads\\\/2021\\\/04\\\/cropped-C.G-logo-insta-01.png?fit=512%2C512&ssl=1\",\"contentUrl\":\"https:\\\/\\\/i0.wp.com\\\/coraliegrzes.com\\\/wp-content\\\/uploads\\\/2021\\\/04\\\/cropped-C.G-logo-insta-01.png?fit=512%2C512&ssl=1\",\"width\":512,\"height\":512,\"caption\":\"Coralie Grzes - Ethical Jewelry Handcrafted in Barcelona\"},\"image\":{\"@id\":\"https:\\\/\\\/coraliegrzes.com\\\/es\\\/#\\\/schema\\\/logo\\\/image\\\/\"},\"sameAs\":[\"https:\\\/\\\/www.facebook.com\\\/CoralieGrzesJewelry\",\"https:\\\/\\\/www.instagram.com\\\/coraliegrzes\\\/\",\"https:\\\/\\\/www.pinterest.es\\\/coraliegrzes\\\/\"]}]}<\/script>\n<!-- \/ Yoast SEO plugin. -->","yoast_head_json":{"title":"Env\u00edos &amp; Devoluciones - Coralie Grzes","robots":{"index":"index","follow":"follow","max-snippet":"max-snippet:-1","max-image-preview":"max-image-preview:large","max-video-preview":"max-video-preview:-1"},"canonical":"https:\/\/coraliegrzes.com\/es\/envios-devoluciones\/","og_locale":"es_ES","og_type":"article","og_title":"Env\u00edos &amp; Devoluciones - Coralie Grzes","og_description":"[vc_row thb_full_width=\u00bbtrue\u00bb content_placement=\u00bbmiddle\u00bb][vc_column css=\u00bb.vc_custom_1623766801601{padding-top: 5% !important;padding-right: 10% !important;padding-left: 10% !important;}\u00bb][vc_column_text animation=\u00bbanimation fade-in\u00bb] Shipping &amp; Returns [\/vc_column_text][vc_empty_space height=\u00bb45px\u00bb][vc_separator color=\u00bbblack\u00bb][vc_empty_space height=\u00bb45px\u00bb][vc_column_text animation=\u00bbanimation fade-in\u00bb] SHIPPING Please note that&hellip;","og_url":"https:\/\/coraliegrzes.com\/es\/envios-devoluciones\/","og_site_name":"Coralie Grzes","article_publisher":"https:\/\/www.facebook.com\/CoralieGrzesJewelry","article_modified_time":"2023-04-21T10:47:17+00:00","twitter_card":"summary_large_image","twitter_misc":{"Tiempo de lectura":"2 minutos"},"schema":{"@context":"https:\/\/schema.org","@graph":[{"@type":"WebPage","@id":"https:\/\/coraliegrzes.com\/es\/envios-devoluciones\/","url":"https:\/\/coraliegrzes.com\/es\/envios-devoluciones\/","name":"Env\u00edos &amp; Devoluciones - Coralie Grzes","isPartOf":{"@id":"https:\/\/coraliegrzes.com\/es\/#website"},"datePublished":"2021-05-18T12:30:43+00:00","dateModified":"2023-04-21T10:47:17+00:00","breadcrumb":{"@id":"https:\/\/coraliegrzes.com\/es\/envios-devoluciones\/#breadcrumb"},"inLanguage":"es","potentialAction":[{"@type":"ReadAction","target":["https:\/\/coraliegrzes.com\/es\/envios-devoluciones\/"]}]},{"@type":"BreadcrumbList","@id":"https:\/\/coraliegrzes.com\/es\/envios-devoluciones\/#breadcrumb","itemListElement":[{"@type":"ListItem","position":1,"name":"Accueil","item":"https:\/\/coraliegrzes.com\/es\/home\/"},{"@type":"ListItem","position":2,"name":"Env\u00edos &amp; Devoluciones"}]},{"@type":"WebSite","@id":"https:\/\/coraliegrzes.com\/es\/#website","url":"https:\/\/coraliegrzes.com\/es\/","name":"Coralie Grzes","description":"Joyer\u00eda \u00c9tica","publisher":{"@id":"https:\/\/coraliegrzes.com\/es\/#organization"},"potentialAction":[{"@type":"SearchAction","target":{"@type":"EntryPoint","urlTemplate":"https:\/\/coraliegrzes.com\/es\/?s={search_term_string}"},"query-input":{"@type":"PropertyValueSpecification","valueRequired":true,"valueName":"search_term_string"}}],"inLanguage":"es"},{"@type":"Organization","@id":"https:\/\/coraliegrzes.com\/es\/#organization","name":"Coralie Grzes - Ethical Jewelry Handcrafted in Barcelona","url":"https:\/\/coraliegrzes.com\/es\/","logo":{"@type":"ImageObject","inLanguage":"es","@id":"https:\/\/coraliegrzes.com\/es\/#\/schema\/logo\/image\/","url":"https:\/\/i0.wp.com\/coraliegrzes.com\/wp-content\/uploads\/2021\/04\/cropped-C.G-logo-insta-01.png?fit=512%2C512&ssl=1","contentUrl":"https:\/\/i0.wp.com\/coraliegrzes.com\/wp-content\/uploads\/2021\/04\/cropped-C.G-logo-insta-01.png?fit=512%2C512&ssl=1","width":512,"height":512,"caption":"Coralie Grzes - Ethical Jewelry Handcrafted in Barcelona"},"image":{"@id":"https:\/\/coraliegrzes.com\/es\/#\/schema\/logo\/image\/"},"sameAs":["https:\/\/www.facebook.com\/CoralieGrzesJewelry","https:\/\/www.instagram.com\/coraliegrzes\/","https:\/\/www.pinterest.es\/coraliegrzes\/"]}]}},"jetpack_sharing_enabled":true,"_links":{"self":[{"href":"https:\/\/coraliegrzes.com\/es\/wp-json\/wp\/v2\/pages\/2997","targetHints":{"allow":["GET"]}}],"collection":[{"href":"https:\/\/coraliegrzes.com\/es\/wp-json\/wp\/v2\/pages"}],"about":[{"href":"https:\/\/coraliegrzes.com\/es\/wp-json\/wp\/v2\/types\/page"}],"author":[{"embeddable":true,"href":"https:\/\/coraliegrzes.com\/es\/wp-json\/wp\/v2\/users\/1"}],"replies":[{"embeddable":true,"href":"https:\/\/coraliegrzes.com\/es\/wp-json\/wp\/v2\/comments?post=2997"}],"version-history":[{"count":29,"href":"https:\/\/coraliegrzes.com\/es\/wp-json\/wp\/v2\/pages\/2997\/revisions"}],"predecessor-version":[{"id":8045,"href":"https:\/\/coraliegrzes.com\/es\/wp-json\/wp\/v2\/pages\/2997\/revisions\/8045"}],"wp:attachment":[{"href":"https:\/\/coraliegrzes.com\/es\/wp-json\/wp\/v2\/media?parent=2997"}],"curies":[{"name":"wp","href":"https:\/\/api.w.org\/{rel}","templated":true}]}}