{"id":10439,"date":"2025-12-02T12:00:30","date_gmt":"2025-12-02T11:00:30","guid":{"rendered":"https:\/\/coraliegrzes.com\/?post_type=product&#038;p=10439"},"modified":"2025-12-02T12:22:03","modified_gmt":"2025-12-02T11:22:03","slug":"pendiente-caillou","status":"publish","type":"product","link":"https:\/\/coraliegrzes.com\/es\/shop\/pendientes\/pendiente-caillou\/","title":{"rendered":"Pendiente CAILLOU"},"content":{"rendered":"","protected":false},"excerpt":{"rendered":"<p><strong><span style=\"color: #000000;\">VENDIDO POR UNIDAD<\/span><\/strong><\/p>\n<p><span style=\"color: #000000;\">Este peque\u00f1o pendiente es una esfera de plata fundida. Este proceso le confiere una apariencia org\u00e1nica y \u00fanica. Una joya discreta y brillante. <\/span><\/p>\n<p><span style=\"color: #000000;\">Debido a su proceso artesanal, cada pendiente es \u00fanico, aunque similar. Si pides un par, es de esperar que haya ligeras variaciones. <\/span><\/p>\n<p><span style=\"color: #000000;\"><em>Si la pieza no se encuentra en stock, tenga en cuenta que requiere un tiempo de fabricaci\u00f3n de 3 a 5 d\u00edas (sin incluir el tiempo de env\u00edo).<\/em><\/span><\/p>\n","protected":false},"featured_media":10431,"comment_status":"closed","ping_status":"closed","template":"","meta":[],"product_brand":[],"product_cat":[646,323,311,649,641],"product_tag":[],"class_list":{"0":"post-10439","1":"product","2":"type-product","3":"status-publish","4":"has-post-thumbnail","6":"product_cat-certificado-fairmined","7":"product_cat-menos-de-100-e","8":"product_cat-pendientes","9":"product_cat-plata","10":"product_cat-nuevos","12":"first","13":"instock","14":"taxable","15":"shipping-taxable","16":"purchasable","17":"product-type-simple"},"yoast_head":"<!-- This site is optimized with the Yoast SEO plugin v27.3 - https:\/\/yoast.com\/product\/yoast-seo-wordpress\/ -->\n<title>Pendiente CAILLOU - Coralie Grzes<\/title>\n<meta name=\"description\" content=\"Este peque\u00f1o pendiente es una esfera de plata fundida, un proceso que le da una apariencia org\u00e1nica y \u00fanica. Una joya discreta y brillante.\" \/>\n<meta name=\"robots\" content=\"index, follow, max-snippet:-1, max-image-preview:large, max-video-preview:-1\" \/>\n<link rel=\"canonical\" href=\"https:\/\/coraliegrzes.com\/es\/shop\/pendientes\/pendiente-caillou\/\" \/>\n<meta property=\"og:locale\" content=\"es_ES\" \/>\n<meta property=\"og:type\" content=\"article\" \/>\n<meta property=\"og:title\" content=\"Pendiente CAILLOU - Coralie Grzes\" \/>\n<meta property=\"og:description\" content=\"Este peque\u00f1o pendiente es una esfera de plata fundida, un proceso que le da una apariencia org\u00e1nica y \u00fanica. Una joya discreta y brillante.\" \/>\n<meta property=\"og:url\" content=\"https:\/\/coraliegrzes.com\/es\/shop\/pendientes\/pendiente-caillou\/\" \/>\n<meta property=\"og:site_name\" content=\"Coralie Grzes\" \/>\n<meta property=\"article:publisher\" content=\"https:\/\/www.facebook.com\/CoralieGrzesJewelry\" \/>\n<meta property=\"article:modified_time\" content=\"2025-12-02T11:22:03+00:00\" \/>\n<meta property=\"og:image\" content=\"https:\/\/coraliegrzes.com\/wp-content\/uploads\/2025\/12\/CAILLOU-EAR-STUD-MODEL_-scaled.jpg\" \/>\n\t<meta property=\"og:image:width\" content=\"1921\" \/>\n\t<meta property=\"og:image:height\" content=\"2560\" \/>\n\t<meta property=\"og:image:type\" content=\"image\/jpeg\" \/>\n<meta name=\"twitter:card\" content=\"summary_large_image\" \/>\n<meta name=\"twitter:label1\" content=\"Tiempo de lectura\" \/>\n\t<meta name=\"twitter:data1\" content=\"1 minuto\" \/>\n<script type=\"application\/ld+json\" class=\"yoast-schema-graph\">{\"@context\":\"https:\\\/\\\/schema.org\",\"@graph\":[{\"@type\":\"WebPage\",\"@id\":\"https:\\\/\\\/coraliegrzes.com\\\/es\\\/shop\\\/pendientes\\\/pendiente-caillou\\\/\",\"url\":\"https:\\\/\\\/coraliegrzes.com\\\/es\\\/shop\\\/pendientes\\\/pendiente-caillou\\\/\",\"name\":\"Pendiente CAILLOU - Coralie Grzes\",\"isPartOf\":{\"@id\":\"https:\\\/\\\/coraliegrzes.com\\\/es\\\/#website\"},\"primaryImageOfPage\":{\"@id\":\"https:\\\/\\\/coraliegrzes.com\\\/es\\\/shop\\\/pendientes\\\/pendiente-caillou\\\/#primaryimage\"},\"image\":{\"@id\":\"https:\\\/\\\/coraliegrzes.com\\\/es\\\/shop\\\/pendientes\\\/pendiente-caillou\\\/#primaryimage\"},\"thumbnailUrl\":\"https:\\\/\\\/i0.wp.com\\\/coraliegrzes.com\\\/wp-content\\\/uploads\\\/2025\\\/12\\\/CAILLOU-EAR-STUD-MODEL_-scaled.jpg?fit=1921%2C2560&ssl=1\",\"datePublished\":\"2025-12-02T11:00:30+00:00\",\"dateModified\":\"2025-12-02T11:22:03+00:00\",\"description\":\"Este peque\u00f1o pendiente es una esfera de plata fundida, un proceso que le da una apariencia org\u00e1nica y \u00fanica. Una joya discreta y brillante.\",\"breadcrumb\":{\"@id\":\"https:\\\/\\\/coraliegrzes.com\\\/es\\\/shop\\\/pendientes\\\/pendiente-caillou\\\/#breadcrumb\"},\"inLanguage\":\"es\",\"potentialAction\":[{\"@type\":\"ReadAction\",\"target\":[\"https:\\\/\\\/coraliegrzes.com\\\/es\\\/shop\\\/pendientes\\\/pendiente-caillou\\\/\"]}]},{\"@type\":\"ImageObject\",\"inLanguage\":\"es\",\"@id\":\"https:\\\/\\\/coraliegrzes.com\\\/es\\\/shop\\\/pendientes\\\/pendiente-caillou\\\/#primaryimage\",\"url\":\"https:\\\/\\\/i0.wp.com\\\/coraliegrzes.com\\\/wp-content\\\/uploads\\\/2025\\\/12\\\/CAILLOU-EAR-STUD-MODEL_-scaled.jpg?fit=1921%2C2560&ssl=1\",\"contentUrl\":\"https:\\\/\\\/i0.wp.com\\\/coraliegrzes.com\\\/wp-content\\\/uploads\\\/2025\\\/12\\\/CAILLOU-EAR-STUD-MODEL_-scaled.jpg?fit=1921%2C2560&ssl=1\",\"width\":1921,\"height\":2560},{\"@type\":\"BreadcrumbList\",\"@id\":\"https:\\\/\\\/coraliegrzes.com\\\/es\\\/shop\\\/pendientes\\\/pendiente-caillou\\\/#breadcrumb\",\"itemListElement\":[{\"@type\":\"ListItem\",\"position\":1,\"name\":\"Accueil\",\"item\":\"https:\\\/\\\/coraliegrzes.com\\\/es\\\/home\\\/\"},{\"@type\":\"ListItem\",\"position\":2,\"name\":\"Tienda\",\"item\":\"https:\\\/\\\/coraliegrzes.com\\\/es\\\/tienda\\\/\"},{\"@type\":\"ListItem\",\"position\":3,\"name\":\"Pendiente CAILLOU\"}]},{\"@type\":\"WebSite\",\"@id\":\"https:\\\/\\\/coraliegrzes.com\\\/es\\\/#website\",\"url\":\"https:\\\/\\\/coraliegrzes.com\\\/es\\\/\",\"name\":\"Coralie Grzes\",\"description\":\"Joyer\u00eda \u00c9tica\",\"publisher\":{\"@id\":\"https:\\\/\\\/coraliegrzes.com\\\/es\\\/#organization\"},\"potentialAction\":[{\"@type\":\"SearchAction\",\"target\":{\"@type\":\"EntryPoint\",\"urlTemplate\":\"https:\\\/\\\/coraliegrzes.com\\\/es\\\/?s={search_term_string}\"},\"query-input\":{\"@type\":\"PropertyValueSpecification\",\"valueRequired\":true,\"valueName\":\"search_term_string\"}}],\"inLanguage\":\"es\"},{\"@type\":\"Organization\",\"@id\":\"https:\\\/\\\/coraliegrzes.com\\\/es\\\/#organization\",\"name\":\"Coralie Grzes - Ethical Jewelry Handcrafted in Barcelona\",\"url\":\"https:\\\/\\\/coraliegrzes.com\\\/es\\\/\",\"logo\":{\"@type\":\"ImageObject\",\"inLanguage\":\"es\",\"@id\":\"https:\\\/\\\/coraliegrzes.com\\\/es\\\/#\\\/schema\\\/logo\\\/image\\\/\",\"url\":\"https:\\\/\\\/i0.wp.com\\\/coraliegrzes.com\\\/wp-content\\\/uploads\\\/2021\\\/04\\\/cropped-C.G-logo-insta-01.png?fit=512%2C512&ssl=1\",\"contentUrl\":\"https:\\\/\\\/i0.wp.com\\\/coraliegrzes.com\\\/wp-content\\\/uploads\\\/2021\\\/04\\\/cropped-C.G-logo-insta-01.png?fit=512%2C512&ssl=1\",\"width\":512,\"height\":512,\"caption\":\"Coralie Grzes - Ethical Jewelry Handcrafted in Barcelona\"},\"image\":{\"@id\":\"https:\\\/\\\/coraliegrzes.com\\\/es\\\/#\\\/schema\\\/logo\\\/image\\\/\"},\"sameAs\":[\"https:\\\/\\\/www.facebook.com\\\/CoralieGrzesJewelry\",\"https:\\\/\\\/www.instagram.com\\\/coraliegrzes\\\/\",\"https:\\\/\\\/www.pinterest.es\\\/coraliegrzes\\\/\"]}]}<\/script>\n<!-- \/ Yoast SEO plugin. -->","yoast_head_json":{"title":"Pendiente CAILLOU - Coralie Grzes","description":"Este peque\u00f1o pendiente es una esfera de plata fundida, un proceso que le da una apariencia org\u00e1nica y \u00fanica. Una joya discreta y brillante.","robots":{"index":"index","follow":"follow","max-snippet":"max-snippet:-1","max-image-preview":"max-image-preview:large","max-video-preview":"max-video-preview:-1"},"canonical":"https:\/\/coraliegrzes.com\/es\/shop\/pendientes\/pendiente-caillou\/","og_locale":"es_ES","og_type":"article","og_title":"Pendiente CAILLOU - Coralie Grzes","og_description":"Este peque\u00f1o pendiente es una esfera de plata fundida, un proceso que le da una apariencia org\u00e1nica y \u00fanica. Una joya discreta y brillante.","og_url":"https:\/\/coraliegrzes.com\/es\/shop\/pendientes\/pendiente-caillou\/","og_site_name":"Coralie Grzes","article_publisher":"https:\/\/www.facebook.com\/CoralieGrzesJewelry","article_modified_time":"2025-12-02T11:22:03+00:00","og_image":[{"width":1921,"height":2560,"url":"https:\/\/coraliegrzes.com\/wp-content\/uploads\/2025\/12\/CAILLOU-EAR-STUD-MODEL_-scaled.jpg","type":"image\/jpeg"}],"twitter_card":"summary_large_image","twitter_misc":{"Tiempo de lectura":"1 minuto"},"schema":{"@context":"https:\/\/schema.org","@graph":[{"@type":"WebPage","@id":"https:\/\/coraliegrzes.com\/es\/shop\/pendientes\/pendiente-caillou\/","url":"https:\/\/coraliegrzes.com\/es\/shop\/pendientes\/pendiente-caillou\/","name":"Pendiente CAILLOU - Coralie Grzes","isPartOf":{"@id":"https:\/\/coraliegrzes.com\/es\/#website"},"primaryImageOfPage":{"@id":"https:\/\/coraliegrzes.com\/es\/shop\/pendientes\/pendiente-caillou\/#primaryimage"},"image":{"@id":"https:\/\/coraliegrzes.com\/es\/shop\/pendientes\/pendiente-caillou\/#primaryimage"},"thumbnailUrl":"https:\/\/i0.wp.com\/coraliegrzes.com\/wp-content\/uploads\/2025\/12\/CAILLOU-EAR-STUD-MODEL_-scaled.jpg?fit=1921%2C2560&ssl=1","datePublished":"2025-12-02T11:00:30+00:00","dateModified":"2025-12-02T11:22:03+00:00","description":"Este peque\u00f1o pendiente es una esfera de plata fundida, un proceso que le da una apariencia org\u00e1nica y \u00fanica. Una joya discreta y brillante.","breadcrumb":{"@id":"https:\/\/coraliegrzes.com\/es\/shop\/pendientes\/pendiente-caillou\/#breadcrumb"},"inLanguage":"es","potentialAction":[{"@type":"ReadAction","target":["https:\/\/coraliegrzes.com\/es\/shop\/pendientes\/pendiente-caillou\/"]}]},{"@type":"ImageObject","inLanguage":"es","@id":"https:\/\/coraliegrzes.com\/es\/shop\/pendientes\/pendiente-caillou\/#primaryimage","url":"https:\/\/i0.wp.com\/coraliegrzes.com\/wp-content\/uploads\/2025\/12\/CAILLOU-EAR-STUD-MODEL_-scaled.jpg?fit=1921%2C2560&ssl=1","contentUrl":"https:\/\/i0.wp.com\/coraliegrzes.com\/wp-content\/uploads\/2025\/12\/CAILLOU-EAR-STUD-MODEL_-scaled.jpg?fit=1921%2C2560&ssl=1","width":1921,"height":2560},{"@type":"BreadcrumbList","@id":"https:\/\/coraliegrzes.com\/es\/shop\/pendientes\/pendiente-caillou\/#breadcrumb","itemListElement":[{"@type":"ListItem","position":1,"name":"Accueil","item":"https:\/\/coraliegrzes.com\/es\/home\/"},{"@type":"ListItem","position":2,"name":"Tienda","item":"https:\/\/coraliegrzes.com\/es\/tienda\/"},{"@type":"ListItem","position":3,"name":"Pendiente CAILLOU"}]},{"@type":"WebSite","@id":"https:\/\/coraliegrzes.com\/es\/#website","url":"https:\/\/coraliegrzes.com\/es\/","name":"Coralie Grzes","description":"Joyer\u00eda \u00c9tica","publisher":{"@id":"https:\/\/coraliegrzes.com\/es\/#organization"},"potentialAction":[{"@type":"SearchAction","target":{"@type":"EntryPoint","urlTemplate":"https:\/\/coraliegrzes.com\/es\/?s={search_term_string}"},"query-input":{"@type":"PropertyValueSpecification","valueRequired":true,"valueName":"search_term_string"}}],"inLanguage":"es"},{"@type":"Organization","@id":"https:\/\/coraliegrzes.com\/es\/#organization","name":"Coralie Grzes - Ethical Jewelry Handcrafted in Barcelona","url":"https:\/\/coraliegrzes.com\/es\/","logo":{"@type":"ImageObject","inLanguage":"es","@id":"https:\/\/coraliegrzes.com\/es\/#\/schema\/logo\/image\/","url":"https:\/\/i0.wp.com\/coraliegrzes.com\/wp-content\/uploads\/2021\/04\/cropped-C.G-logo-insta-01.png?fit=512%2C512&ssl=1","contentUrl":"https:\/\/i0.wp.com\/coraliegrzes.com\/wp-content\/uploads\/2021\/04\/cropped-C.G-logo-insta-01.png?fit=512%2C512&ssl=1","width":512,"height":512,"caption":"Coralie Grzes - Ethical Jewelry Handcrafted in Barcelona"},"image":{"@id":"https:\/\/coraliegrzes.com\/es\/#\/schema\/logo\/image\/"},"sameAs":["https:\/\/www.facebook.com\/CoralieGrzesJewelry","https:\/\/www.instagram.com\/coraliegrzes\/","https:\/\/www.pinterest.es\/coraliegrzes\/"]}]}},"jetpack_sharing_enabled":true,"_links":{"self":[{"href":"https:\/\/coraliegrzes.com\/es\/wp-json\/wp\/v2\/product\/10439","targetHints":{"allow":["GET"]}}],"collection":[{"href":"https:\/\/coraliegrzes.com\/es\/wp-json\/wp\/v2\/product"}],"about":[{"href":"https:\/\/coraliegrzes.com\/es\/wp-json\/wp\/v2\/types\/product"}],"replies":[{"embeddable":true,"href":"https:\/\/coraliegrzes.com\/es\/wp-json\/wp\/v2\/comments?post=10439"}],"wp:featuredmedia":[{"embeddable":true,"href":"https:\/\/coraliegrzes.com\/es\/wp-json\/wp\/v2\/media\/10431"}],"wp:attachment":[{"href":"https:\/\/coraliegrzes.com\/es\/wp-json\/wp\/v2\/media?parent=10439"}],"wp:term":[{"taxonomy":"product_brand","embeddable":true,"href":"https:\/\/coraliegrzes.com\/es\/wp-json\/wp\/v2\/product_brand?post=10439"},{"taxonomy":"product_cat","embeddable":true,"href":"https:\/\/coraliegrzes.com\/es\/wp-json\/wp\/v2\/product_cat?post=10439"},{"taxonomy":"product_tag","embeddable":true,"href":"https:\/\/coraliegrzes.com\/es\/wp-json\/wp\/v2\/product_tag?post=10439"}],"curies":[{"name":"wp","href":"https:\/\/api.w.org\/{rel}","templated":true}]}}