{"id":3386,"date":"2021-02-22T15:17:27","date_gmt":"2021-02-22T14:17:27","guid":{"rendered":"http:\/\/coraliegrzes.es\/produit\/taller-creacion-de-su-propio-anillo-de-plata\/"},"modified":"2025-04-07T13:15:15","modified_gmt":"2025-04-07T11:15:15","slug":"taller-de-creacion-de-un-anillo-de-plata","status":"publish","type":"product","link":"https:\/\/coraliegrzes.com\/es\/shop\/talleres\/taller-de-creacion-de-un-anillo-de-plata\/","title":{"rendered":"Taller &#8211; Creaci\u00f3n de su propio anillo de plata"},"content":{"rendered":"","protected":false},"excerpt":{"rendered":"<p><span style=\"color: #000000;\">Le invito a pasar una ma\u00f1ana o tarde en mi taller de Barcelona para disfrutar de una experiencia \u00fanica, fabricando un anillo de plata.<\/span><\/p>\n<p><span style=\"color: #000000;\">Te ense\u00f1ar\u00e9 todo el proceso desde el aleaci\u00f3n y la fundici\u00f3n del metal hasta el pulido de tu joya. Descubre m\u00e1s sobre el proceso <strong><a style=\"color: #000000;\" href=\"https:\/\/coraliegrzes.com\/jewelry-workshop-experience-make-your-own-ring\/\">aqu\u00ed.<\/a><\/strong><\/span><\/p>\n<p><span style=\"color: #000000;\">En este taller, har\u00e1s un anillo simple en plata de ley con o sin textura martillada.<\/span><\/p>\n<p><span style=\"color: #000000;\">Si este taller es un regalo, puede optar por recibir una tarjeta de regalo impresa en el men\u00fa desplegable a continuaci\u00f3n.<\/span><\/p>\n<p><span style=\"color: #000000;\"><strong>\u00a1IMPORTANTE DE LEER ANTES DE COMPRAR!<\/strong><\/span><\/p>\n<ul>\n<li><span style=\"color: #000000;\">Para realizar este taller es necesario que haya al menos dos participantes. Si adquieres solo una plaza, tendr\u00e1s que esperar a que se registre otro participante para realizar el taller. Si tienes alguna pregunta, no dudes en escribirme un mensaje.<\/span><\/li>\n<li><span style=\"color: #000000;\">Los talleres se podr\u00e1n realizar de lunes a jueves y s\u00e1bados de 10:00 a 14:00 horas y viernes de 14:00 a 18:00 horas.<\/span><\/li>\n<li><span style=\"color: #000000;\"><strong>Si no vives en Barcelona, por favor escr\u00edbeme un mensaje ANTES para asegurarte de que la fecha que te interesa est\u00e9 disponible \ud83d\ude42<\/strong><\/span><\/li>\n<li><span style=\"color: #000000;\">La compra de un bono para un taller de creaci\u00f3n de anillos ofrecido por Coralie Grzes es definitiva y no reembolsable y la validez es de 6 meses a partir de la fecha de compra.<\/span><\/li>\n<li><span style=\"color: #000000;\">Lea los t\u00e9rminos y condiciones de los talleres <a style=\"color: #000000;\" href=\"https:\/\/coraliegrzes.com\/terms\/\"><strong>aqu\u00ed <\/strong><\/a>(Secci\u00f3n 5bis)<\/span><\/li>\n<\/ul>\n","protected":false},"featured_media":4871,"comment_status":"open","ping_status":"closed","template":"","meta":[],"product_brand":[],"product_cat":[325],"product_tag":[],"class_list":{"0":"post-3386","1":"product","2":"type-product","3":"status-publish","4":"has-post-thumbnail","6":"product_cat-talleres","8":"first","9":"instock","10":"virtual","11":"taxable","12":"purchasable","13":"product-type-simple"},"yoast_head":"<!-- This site is optimized with the Yoast SEO plugin v27.3 - https:\/\/yoast.com\/product\/yoast-seo-wordpress\/ -->\n<title>Taller - Creaci\u00f3n de su propio anillo de plata - Coralie Grzes<\/title>\n<meta name=\"description\" content=\"Vive una experiencia \u00fanica y original en Barcelona. \u00a1Descubre el mundo de la plater\u00eda y elabora un anillo de plata en 4 horas en un taller de joyer\u00eda! Reservalo aqu\u00ed!\" \/>\n<meta name=\"robots\" content=\"index, follow, max-snippet:-1, max-image-preview:large, max-video-preview:-1\" \/>\n<link rel=\"canonical\" href=\"https:\/\/coraliegrzes.com\/es\/shop\/talleres\/taller-de-creacion-de-un-anillo-de-plata\/\" \/>\n<meta property=\"og:locale\" content=\"es_ES\" \/>\n<meta property=\"og:type\" content=\"article\" \/>\n<meta property=\"og:title\" content=\"Taller - Creaci\u00f3n de su propio anillo de plata - Coralie Grzes\" \/>\n<meta property=\"og:description\" content=\"Vive una experiencia \u00fanica y original en Barcelona. \u00a1Descubre el mundo de la plater\u00eda y elabora un anillo de plata en 4 horas en un taller de joyer\u00eda! Reservalo aqu\u00ed!\" \/>\n<meta property=\"og:url\" content=\"https:\/\/coraliegrzes.com\/es\/shop\/talleres\/taller-de-creacion-de-un-anillo-de-plata\/\" \/>\n<meta property=\"og:site_name\" content=\"Coralie Grzes\" \/>\n<meta property=\"article:publisher\" content=\"https:\/\/www.facebook.com\/CoralieGrzesJewelry\" \/>\n<meta property=\"article:modified_time\" content=\"2025-04-07T11:15:15+00:00\" \/>\n<meta property=\"og:image\" content=\"https:\/\/coraliegrzes.com\/wp-content\/uploads\/2021\/02\/workshop-create-your-own-ring-barcelona-coralie-grzes-1-wp.jpg\" \/>\n\t<meta property=\"og:image:width\" content=\"880\" \/>\n\t<meta property=\"og:image:height\" content=\"1008\" \/>\n\t<meta property=\"og:image:type\" content=\"image\/jpeg\" \/>\n<meta name=\"twitter:card\" content=\"summary_large_image\" \/>\n<meta name=\"twitter:label1\" content=\"Tiempo de lectura\" \/>\n\t<meta name=\"twitter:data1\" content=\"1 minuto\" \/>\n<script type=\"application\/ld+json\" class=\"yoast-schema-graph\">{\"@context\":\"https:\\\/\\\/schema.org\",\"@graph\":[{\"@type\":\"WebPage\",\"@id\":\"https:\\\/\\\/coraliegrzes.com\\\/es\\\/shop\\\/talleres\\\/taller-de-creacion-de-un-anillo-de-plata\\\/\",\"url\":\"https:\\\/\\\/coraliegrzes.com\\\/es\\\/shop\\\/talleres\\\/taller-de-creacion-de-un-anillo-de-plata\\\/\",\"name\":\"Taller - Creaci\u00f3n de su propio anillo de plata - Coralie Grzes\",\"isPartOf\":{\"@id\":\"https:\\\/\\\/coraliegrzes.com\\\/es\\\/#website\"},\"primaryImageOfPage\":{\"@id\":\"https:\\\/\\\/coraliegrzes.com\\\/es\\\/shop\\\/talleres\\\/taller-de-creacion-de-un-anillo-de-plata\\\/#primaryimage\"},\"image\":{\"@id\":\"https:\\\/\\\/coraliegrzes.com\\\/es\\\/shop\\\/talleres\\\/taller-de-creacion-de-un-anillo-de-plata\\\/#primaryimage\"},\"thumbnailUrl\":\"https:\\\/\\\/i0.wp.com\\\/coraliegrzes.com\\\/wp-content\\\/uploads\\\/2021\\\/02\\\/workshop-create-your-own-ring-barcelona-coralie-grzes-1-wp.jpg?fit=880%2C1008&ssl=1\",\"datePublished\":\"2021-02-22T14:17:27+00:00\",\"dateModified\":\"2025-04-07T11:15:15+00:00\",\"description\":\"Vive una experiencia \u00fanica y original en Barcelona. \u00a1Descubre el mundo de la plater\u00eda y elabora un anillo de plata en 4 horas en un taller de joyer\u00eda! Reservalo aqu\u00ed!\",\"breadcrumb\":{\"@id\":\"https:\\\/\\\/coraliegrzes.com\\\/es\\\/shop\\\/talleres\\\/taller-de-creacion-de-un-anillo-de-plata\\\/#breadcrumb\"},\"inLanguage\":\"es\",\"potentialAction\":[{\"@type\":\"ReadAction\",\"target\":[\"https:\\\/\\\/coraliegrzes.com\\\/es\\\/shop\\\/talleres\\\/taller-de-creacion-de-un-anillo-de-plata\\\/\"]}]},{\"@type\":\"ImageObject\",\"inLanguage\":\"es\",\"@id\":\"https:\\\/\\\/coraliegrzes.com\\\/es\\\/shop\\\/talleres\\\/taller-de-creacion-de-un-anillo-de-plata\\\/#primaryimage\",\"url\":\"https:\\\/\\\/i0.wp.com\\\/coraliegrzes.com\\\/wp-content\\\/uploads\\\/2021\\\/02\\\/workshop-create-your-own-ring-barcelona-coralie-grzes-1-wp.jpg?fit=880%2C1008&ssl=1\",\"contentUrl\":\"https:\\\/\\\/i0.wp.com\\\/coraliegrzes.com\\\/wp-content\\\/uploads\\\/2021\\\/02\\\/workshop-create-your-own-ring-barcelona-coralie-grzes-1-wp.jpg?fit=880%2C1008&ssl=1\",\"width\":880,\"height\":1008},{\"@type\":\"BreadcrumbList\",\"@id\":\"https:\\\/\\\/coraliegrzes.com\\\/es\\\/shop\\\/talleres\\\/taller-de-creacion-de-un-anillo-de-plata\\\/#breadcrumb\",\"itemListElement\":[{\"@type\":\"ListItem\",\"position\":1,\"name\":\"Accueil\",\"item\":\"https:\\\/\\\/coraliegrzes.com\\\/es\\\/home\\\/\"},{\"@type\":\"ListItem\",\"position\":2,\"name\":\"Tienda\",\"item\":\"https:\\\/\\\/coraliegrzes.com\\\/es\\\/tienda\\\/\"},{\"@type\":\"ListItem\",\"position\":3,\"name\":\"Taller &#8211; Creaci\u00f3n de su propio anillo de plata\"}]},{\"@type\":\"WebSite\",\"@id\":\"https:\\\/\\\/coraliegrzes.com\\\/es\\\/#website\",\"url\":\"https:\\\/\\\/coraliegrzes.com\\\/es\\\/\",\"name\":\"Coralie Grzes\",\"description\":\"Joyer\u00eda \u00c9tica\",\"publisher\":{\"@id\":\"https:\\\/\\\/coraliegrzes.com\\\/es\\\/#organization\"},\"potentialAction\":[{\"@type\":\"SearchAction\",\"target\":{\"@type\":\"EntryPoint\",\"urlTemplate\":\"https:\\\/\\\/coraliegrzes.com\\\/es\\\/?s={search_term_string}\"},\"query-input\":{\"@type\":\"PropertyValueSpecification\",\"valueRequired\":true,\"valueName\":\"search_term_string\"}}],\"inLanguage\":\"es\"},{\"@type\":\"Organization\",\"@id\":\"https:\\\/\\\/coraliegrzes.com\\\/es\\\/#organization\",\"name\":\"Coralie Grzes - Ethical Jewelry Handcrafted in Barcelona\",\"url\":\"https:\\\/\\\/coraliegrzes.com\\\/es\\\/\",\"logo\":{\"@type\":\"ImageObject\",\"inLanguage\":\"es\",\"@id\":\"https:\\\/\\\/coraliegrzes.com\\\/es\\\/#\\\/schema\\\/logo\\\/image\\\/\",\"url\":\"https:\\\/\\\/i0.wp.com\\\/coraliegrzes.com\\\/wp-content\\\/uploads\\\/2021\\\/04\\\/cropped-C.G-logo-insta-01.png?fit=512%2C512&ssl=1\",\"contentUrl\":\"https:\\\/\\\/i0.wp.com\\\/coraliegrzes.com\\\/wp-content\\\/uploads\\\/2021\\\/04\\\/cropped-C.G-logo-insta-01.png?fit=512%2C512&ssl=1\",\"width\":512,\"height\":512,\"caption\":\"Coralie Grzes - Ethical Jewelry Handcrafted in Barcelona\"},\"image\":{\"@id\":\"https:\\\/\\\/coraliegrzes.com\\\/es\\\/#\\\/schema\\\/logo\\\/image\\\/\"},\"sameAs\":[\"https:\\\/\\\/www.facebook.com\\\/CoralieGrzesJewelry\",\"https:\\\/\\\/www.instagram.com\\\/coraliegrzes\\\/\",\"https:\\\/\\\/www.pinterest.es\\\/coraliegrzes\\\/\"]}]}<\/script>\n<!-- \/ Yoast SEO plugin. -->","yoast_head_json":{"title":"Taller - Creaci\u00f3n de su propio anillo de plata - Coralie Grzes","description":"Vive una experiencia \u00fanica y original en Barcelona. \u00a1Descubre el mundo de la plater\u00eda y elabora un anillo de plata en 4 horas en un taller de joyer\u00eda! Reservalo aqu\u00ed!","robots":{"index":"index","follow":"follow","max-snippet":"max-snippet:-1","max-image-preview":"max-image-preview:large","max-video-preview":"max-video-preview:-1"},"canonical":"https:\/\/coraliegrzes.com\/es\/shop\/talleres\/taller-de-creacion-de-un-anillo-de-plata\/","og_locale":"es_ES","og_type":"article","og_title":"Taller - Creaci\u00f3n de su propio anillo de plata - Coralie Grzes","og_description":"Vive una experiencia \u00fanica y original en Barcelona. \u00a1Descubre el mundo de la plater\u00eda y elabora un anillo de plata en 4 horas en un taller de joyer\u00eda! Reservalo aqu\u00ed!","og_url":"https:\/\/coraliegrzes.com\/es\/shop\/talleres\/taller-de-creacion-de-un-anillo-de-plata\/","og_site_name":"Coralie Grzes","article_publisher":"https:\/\/www.facebook.com\/CoralieGrzesJewelry","article_modified_time":"2025-04-07T11:15:15+00:00","og_image":[{"width":880,"height":1008,"url":"https:\/\/coraliegrzes.com\/wp-content\/uploads\/2021\/02\/workshop-create-your-own-ring-barcelona-coralie-grzes-1-wp.jpg","type":"image\/jpeg"}],"twitter_card":"summary_large_image","twitter_misc":{"Tiempo de lectura":"1 minuto"},"schema":{"@context":"https:\/\/schema.org","@graph":[{"@type":"WebPage","@id":"https:\/\/coraliegrzes.com\/es\/shop\/talleres\/taller-de-creacion-de-un-anillo-de-plata\/","url":"https:\/\/coraliegrzes.com\/es\/shop\/talleres\/taller-de-creacion-de-un-anillo-de-plata\/","name":"Taller - Creaci\u00f3n de su propio anillo de plata - Coralie Grzes","isPartOf":{"@id":"https:\/\/coraliegrzes.com\/es\/#website"},"primaryImageOfPage":{"@id":"https:\/\/coraliegrzes.com\/es\/shop\/talleres\/taller-de-creacion-de-un-anillo-de-plata\/#primaryimage"},"image":{"@id":"https:\/\/coraliegrzes.com\/es\/shop\/talleres\/taller-de-creacion-de-un-anillo-de-plata\/#primaryimage"},"thumbnailUrl":"https:\/\/i0.wp.com\/coraliegrzes.com\/wp-content\/uploads\/2021\/02\/workshop-create-your-own-ring-barcelona-coralie-grzes-1-wp.jpg?fit=880%2C1008&ssl=1","datePublished":"2021-02-22T14:17:27+00:00","dateModified":"2025-04-07T11:15:15+00:00","description":"Vive una experiencia \u00fanica y original en Barcelona. \u00a1Descubre el mundo de la plater\u00eda y elabora un anillo de plata en 4 horas en un taller de joyer\u00eda! Reservalo aqu\u00ed!","breadcrumb":{"@id":"https:\/\/coraliegrzes.com\/es\/shop\/talleres\/taller-de-creacion-de-un-anillo-de-plata\/#breadcrumb"},"inLanguage":"es","potentialAction":[{"@type":"ReadAction","target":["https:\/\/coraliegrzes.com\/es\/shop\/talleres\/taller-de-creacion-de-un-anillo-de-plata\/"]}]},{"@type":"ImageObject","inLanguage":"es","@id":"https:\/\/coraliegrzes.com\/es\/shop\/talleres\/taller-de-creacion-de-un-anillo-de-plata\/#primaryimage","url":"https:\/\/i0.wp.com\/coraliegrzes.com\/wp-content\/uploads\/2021\/02\/workshop-create-your-own-ring-barcelona-coralie-grzes-1-wp.jpg?fit=880%2C1008&ssl=1","contentUrl":"https:\/\/i0.wp.com\/coraliegrzes.com\/wp-content\/uploads\/2021\/02\/workshop-create-your-own-ring-barcelona-coralie-grzes-1-wp.jpg?fit=880%2C1008&ssl=1","width":880,"height":1008},{"@type":"BreadcrumbList","@id":"https:\/\/coraliegrzes.com\/es\/shop\/talleres\/taller-de-creacion-de-un-anillo-de-plata\/#breadcrumb","itemListElement":[{"@type":"ListItem","position":1,"name":"Accueil","item":"https:\/\/coraliegrzes.com\/es\/home\/"},{"@type":"ListItem","position":2,"name":"Tienda","item":"https:\/\/coraliegrzes.com\/es\/tienda\/"},{"@type":"ListItem","position":3,"name":"Taller &#8211; Creaci\u00f3n de su propio anillo de plata"}]},{"@type":"WebSite","@id":"https:\/\/coraliegrzes.com\/es\/#website","url":"https:\/\/coraliegrzes.com\/es\/","name":"Coralie Grzes","description":"Joyer\u00eda \u00c9tica","publisher":{"@id":"https:\/\/coraliegrzes.com\/es\/#organization"},"potentialAction":[{"@type":"SearchAction","target":{"@type":"EntryPoint","urlTemplate":"https:\/\/coraliegrzes.com\/es\/?s={search_term_string}"},"query-input":{"@type":"PropertyValueSpecification","valueRequired":true,"valueName":"search_term_string"}}],"inLanguage":"es"},{"@type":"Organization","@id":"https:\/\/coraliegrzes.com\/es\/#organization","name":"Coralie Grzes - Ethical Jewelry Handcrafted in Barcelona","url":"https:\/\/coraliegrzes.com\/es\/","logo":{"@type":"ImageObject","inLanguage":"es","@id":"https:\/\/coraliegrzes.com\/es\/#\/schema\/logo\/image\/","url":"https:\/\/i0.wp.com\/coraliegrzes.com\/wp-content\/uploads\/2021\/04\/cropped-C.G-logo-insta-01.png?fit=512%2C512&ssl=1","contentUrl":"https:\/\/i0.wp.com\/coraliegrzes.com\/wp-content\/uploads\/2021\/04\/cropped-C.G-logo-insta-01.png?fit=512%2C512&ssl=1","width":512,"height":512,"caption":"Coralie Grzes - Ethical Jewelry Handcrafted in Barcelona"},"image":{"@id":"https:\/\/coraliegrzes.com\/es\/#\/schema\/logo\/image\/"},"sameAs":["https:\/\/www.facebook.com\/CoralieGrzesJewelry","https:\/\/www.instagram.com\/coraliegrzes\/","https:\/\/www.pinterest.es\/coraliegrzes\/"]}]}},"jetpack_sharing_enabled":true,"_links":{"self":[{"href":"https:\/\/coraliegrzes.com\/es\/wp-json\/wp\/v2\/product\/3386","targetHints":{"allow":["GET"]}}],"collection":[{"href":"https:\/\/coraliegrzes.com\/es\/wp-json\/wp\/v2\/product"}],"about":[{"href":"https:\/\/coraliegrzes.com\/es\/wp-json\/wp\/v2\/types\/product"}],"replies":[{"embeddable":true,"href":"https:\/\/coraliegrzes.com\/es\/wp-json\/wp\/v2\/comments?post=3386"}],"wp:featuredmedia":[{"embeddable":true,"href":"https:\/\/coraliegrzes.com\/es\/wp-json\/wp\/v2\/media\/4871"}],"wp:attachment":[{"href":"https:\/\/coraliegrzes.com\/es\/wp-json\/wp\/v2\/media?parent=3386"}],"wp:term":[{"taxonomy":"product_brand","embeddable":true,"href":"https:\/\/coraliegrzes.com\/es\/wp-json\/wp\/v2\/product_brand?post=3386"},{"taxonomy":"product_cat","embeddable":true,"href":"https:\/\/coraliegrzes.com\/es\/wp-json\/wp\/v2\/product_cat?post=3386"},{"taxonomy":"product_tag","embeddable":true,"href":"https:\/\/coraliegrzes.com\/es\/wp-json\/wp\/v2\/product_tag?post=3386"}],"curies":[{"name":"wp","href":"https:\/\/api.w.org\/{rel}","templated":true}]}}