{"id":3571,"date":"2021-02-19T18:19:54","date_gmt":"2021-06-04T11:30:06","guid":{"rendered":"http:\/\/coraliegrzes.es\/produit\/tarjetas-regalo\/"},"modified":"2022-10-27T10:40:28","modified_gmt":"2022-10-27T08:40:28","slug":"tarjetas-regalos","status":"publish","type":"product","link":"https:\/\/coraliegrzes.com\/es\/shop\/tarjetas-regalo\/tarjetas-regalos\/","title":{"rendered":"Tarjetas Regalo"},"content":{"rendered":"","protected":false},"excerpt":{"rendered":"<p>&nbsp;<\/p>\n<p class=\"\">\u00bfLe gustar\u00eda regalar una joya \u00e9tica o un taller para alguien pero no sabe qu\u00e9 elegir? Escoge una tarjeta de regalo Coralie Grzes para que pueda elegir lo que m\u00e1s le gusta.<\/p>\n<p class=\"\">Elija montos fijos entre 50 \u20ac y 800 \u20ac en el men\u00fa abajo o <a href=\"https:\/\/coraliegrzes.com\/contact\/\" rel=\"noopener\">enviar un mensaje aqu\u00ed<\/a> para comprar una tarjeta de regalo de un monto espec\u00edfico.<\/p>\n<p class=\"\">Las tarjetas regalo se pueden usar para una joya de la colecci\u00f3n, un taller o una pieza personalizada, no son reembolsables y nunca caducan. Las tarjetas de regalo se venden exclusivamente en la tienda online por Coralie GRZES.<\/p>\n","protected":false},"featured_media":4790,"comment_status":"closed","ping_status":"closed","template":"","meta":[],"product_brand":[],"product_cat":[323,602,313],"product_tag":[],"class_list":{"0":"post-3571","1":"product","2":"type-product","3":"status-publish","4":"has-post-thumbnail","6":"product_cat-menos-de-100-e","7":"product_cat-seleccion-dia-de-la-madre","8":"product_cat-tarjetas-regalo","10":"first","11":"instock","12":"purchasable","13":"product-type-pw-gift-card"},"yoast_head":"<!-- This site is optimized with the Yoast SEO plugin v27.3 - https:\/\/yoast.com\/product\/yoast-seo-wordpress\/ -->\n<title>Tarjetas Regalo - Coralie Grzes<\/title>\n<meta name=\"robots\" content=\"index, follow, max-snippet:-1, max-image-preview:large, max-video-preview:-1\" \/>\n<link rel=\"canonical\" href=\"https:\/\/coraliegrzes.com\/es\/shop\/tarjetas-regalo\/tarjetas-regalos\/\" \/>\n<meta property=\"og:locale\" content=\"es_ES\" \/>\n<meta property=\"og:type\" content=\"article\" \/>\n<meta property=\"og:title\" content=\"Tarjetas Regalo - Coralie Grzes\" \/>\n<meta property=\"og:description\" content=\"&nbsp; \u00bfLe gustar\u00eda regalar una joya \u00e9tica o un taller para alguien pero no sabe qu\u00e9 elegir? Escoge una tarjeta de regalo Coralie Grzes para que pueda elegir lo que m\u00e1s le gusta. Elija montos fijos entre 50 \u20ac y 800 \u20ac en el men\u00fa abajo o enviar un mensaje aqu\u00ed para comprar una tarjeta de regalo de un monto espec\u00edfico. Las tarjetas regalo se pueden usar para una joya de la colecci\u00f3n, un taller o una pieza personalizada, no son reembolsables y nunca caducan. Las tarjetas de regalo se venden exclusivamente en la tienda online por Coralie GRZES.\" \/>\n<meta property=\"og:url\" content=\"https:\/\/coraliegrzes.com\/es\/shop\/tarjetas-regalo\/tarjetas-regalos\/\" \/>\n<meta property=\"og:site_name\" content=\"Coralie Grzes\" \/>\n<meta property=\"article:publisher\" content=\"https:\/\/www.facebook.com\/CoralieGrzesJewelry\" \/>\n<meta property=\"article:modified_time\" content=\"2022-10-27T08:40:28+00:00\" \/>\n<meta property=\"og:image\" content=\"https:\/\/i0.wp.com\/coraliegrzes.com\/wp-content\/uploads\/2021\/02\/gift-card-coralie-grzes-ethical-jewelry-wp.jpg?fit=880%2C1008&ssl=1\" \/>\n\t<meta property=\"og:image:width\" content=\"880\" \/>\n\t<meta property=\"og:image:height\" content=\"1008\" \/>\n\t<meta property=\"og:image:type\" content=\"image\/jpeg\" \/>\n<meta name=\"twitter:card\" content=\"summary_large_image\" \/>\n<script type=\"application\/ld+json\" class=\"yoast-schema-graph\">{\"@context\":\"https:\\\/\\\/schema.org\",\"@graph\":[{\"@type\":\"WebPage\",\"@id\":\"https:\\\/\\\/coraliegrzes.com\\\/es\\\/shop\\\/tarjetas-regalo\\\/tarjetas-regalos\\\/\",\"url\":\"https:\\\/\\\/coraliegrzes.com\\\/es\\\/shop\\\/tarjetas-regalo\\\/tarjetas-regalos\\\/\",\"name\":\"Tarjetas Regalo - Coralie Grzes\",\"isPartOf\":{\"@id\":\"https:\\\/\\\/coraliegrzes.com\\\/es\\\/#website\"},\"primaryImageOfPage\":{\"@id\":\"https:\\\/\\\/coraliegrzes.com\\\/es\\\/shop\\\/tarjetas-regalo\\\/tarjetas-regalos\\\/#primaryimage\"},\"image\":{\"@id\":\"https:\\\/\\\/coraliegrzes.com\\\/es\\\/shop\\\/tarjetas-regalo\\\/tarjetas-regalos\\\/#primaryimage\"},\"thumbnailUrl\":\"https:\\\/\\\/i0.wp.com\\\/coraliegrzes.com\\\/wp-content\\\/uploads\\\/2021\\\/02\\\/gift-card-coralie-grzes-ethical-jewelry-wp.jpg?fit=880%2C1008&ssl=1\",\"datePublished\":\"2021-06-04T11:30:06+00:00\",\"dateModified\":\"2022-10-27T08:40:28+00:00\",\"breadcrumb\":{\"@id\":\"https:\\\/\\\/coraliegrzes.com\\\/es\\\/shop\\\/tarjetas-regalo\\\/tarjetas-regalos\\\/#breadcrumb\"},\"inLanguage\":\"es\",\"potentialAction\":[{\"@type\":\"ReadAction\",\"target\":[\"https:\\\/\\\/coraliegrzes.com\\\/es\\\/shop\\\/tarjetas-regalo\\\/tarjetas-regalos\\\/\"]}]},{\"@type\":\"ImageObject\",\"inLanguage\":\"es\",\"@id\":\"https:\\\/\\\/coraliegrzes.com\\\/es\\\/shop\\\/tarjetas-regalo\\\/tarjetas-regalos\\\/#primaryimage\",\"url\":\"https:\\\/\\\/i0.wp.com\\\/coraliegrzes.com\\\/wp-content\\\/uploads\\\/2021\\\/02\\\/gift-card-coralie-grzes-ethical-jewelry-wp.jpg?fit=880%2C1008&ssl=1\",\"contentUrl\":\"https:\\\/\\\/i0.wp.com\\\/coraliegrzes.com\\\/wp-content\\\/uploads\\\/2021\\\/02\\\/gift-card-coralie-grzes-ethical-jewelry-wp.jpg?fit=880%2C1008&ssl=1\",\"width\":880,\"height\":1008,\"caption\":\"Processed with VSCO with g3 preset\"},{\"@type\":\"BreadcrumbList\",\"@id\":\"https:\\\/\\\/coraliegrzes.com\\\/es\\\/shop\\\/tarjetas-regalo\\\/tarjetas-regalos\\\/#breadcrumb\",\"itemListElement\":[{\"@type\":\"ListItem\",\"position\":1,\"name\":\"Accueil\",\"item\":\"https:\\\/\\\/coraliegrzes.com\\\/es\\\/home\\\/\"},{\"@type\":\"ListItem\",\"position\":2,\"name\":\"Tienda\",\"item\":\"https:\\\/\\\/coraliegrzes.com\\\/es\\\/tienda\\\/\"},{\"@type\":\"ListItem\",\"position\":3,\"name\":\"Tarjetas Regalo\"}]},{\"@type\":\"WebSite\",\"@id\":\"https:\\\/\\\/coraliegrzes.com\\\/es\\\/#website\",\"url\":\"https:\\\/\\\/coraliegrzes.com\\\/es\\\/\",\"name\":\"Coralie Grzes\",\"description\":\"Joyer\u00eda \u00c9tica\",\"publisher\":{\"@id\":\"https:\\\/\\\/coraliegrzes.com\\\/es\\\/#organization\"},\"potentialAction\":[{\"@type\":\"SearchAction\",\"target\":{\"@type\":\"EntryPoint\",\"urlTemplate\":\"https:\\\/\\\/coraliegrzes.com\\\/es\\\/?s={search_term_string}\"},\"query-input\":{\"@type\":\"PropertyValueSpecification\",\"valueRequired\":true,\"valueName\":\"search_term_string\"}}],\"inLanguage\":\"es\"},{\"@type\":\"Organization\",\"@id\":\"https:\\\/\\\/coraliegrzes.com\\\/es\\\/#organization\",\"name\":\"Coralie Grzes - Ethical Jewelry Handcrafted in Barcelona\",\"url\":\"https:\\\/\\\/coraliegrzes.com\\\/es\\\/\",\"logo\":{\"@type\":\"ImageObject\",\"inLanguage\":\"es\",\"@id\":\"https:\\\/\\\/coraliegrzes.com\\\/es\\\/#\\\/schema\\\/logo\\\/image\\\/\",\"url\":\"https:\\\/\\\/i0.wp.com\\\/coraliegrzes.com\\\/wp-content\\\/uploads\\\/2021\\\/04\\\/cropped-C.G-logo-insta-01.png?fit=512%2C512&ssl=1\",\"contentUrl\":\"https:\\\/\\\/i0.wp.com\\\/coraliegrzes.com\\\/wp-content\\\/uploads\\\/2021\\\/04\\\/cropped-C.G-logo-insta-01.png?fit=512%2C512&ssl=1\",\"width\":512,\"height\":512,\"caption\":\"Coralie Grzes - Ethical Jewelry Handcrafted in Barcelona\"},\"image\":{\"@id\":\"https:\\\/\\\/coraliegrzes.com\\\/es\\\/#\\\/schema\\\/logo\\\/image\\\/\"},\"sameAs\":[\"https:\\\/\\\/www.facebook.com\\\/CoralieGrzesJewelry\",\"https:\\\/\\\/www.instagram.com\\\/coraliegrzes\\\/\",\"https:\\\/\\\/www.pinterest.es\\\/coraliegrzes\\\/\"]}]}<\/script>\n<!-- \/ Yoast SEO plugin. -->","yoast_head_json":{"title":"Tarjetas Regalo - Coralie Grzes","robots":{"index":"index","follow":"follow","max-snippet":"max-snippet:-1","max-image-preview":"max-image-preview:large","max-video-preview":"max-video-preview:-1"},"canonical":"https:\/\/coraliegrzes.com\/es\/shop\/tarjetas-regalo\/tarjetas-regalos\/","og_locale":"es_ES","og_type":"article","og_title":"Tarjetas Regalo - Coralie Grzes","og_description":"&nbsp; \u00bfLe gustar\u00eda regalar una joya \u00e9tica o un taller para alguien pero no sabe qu\u00e9 elegir? Escoge una tarjeta de regalo Coralie Grzes para que pueda elegir lo que m\u00e1s le gusta. Elija montos fijos entre 50 \u20ac y 800 \u20ac en el men\u00fa abajo o enviar un mensaje aqu\u00ed para comprar una tarjeta de regalo de un monto espec\u00edfico. Las tarjetas regalo se pueden usar para una joya de la colecci\u00f3n, un taller o una pieza personalizada, no son reembolsables y nunca caducan. Las tarjetas de regalo se venden exclusivamente en la tienda online por Coralie GRZES.","og_url":"https:\/\/coraliegrzes.com\/es\/shop\/tarjetas-regalo\/tarjetas-regalos\/","og_site_name":"Coralie Grzes","article_publisher":"https:\/\/www.facebook.com\/CoralieGrzesJewelry","article_modified_time":"2022-10-27T08:40:28+00:00","og_image":[{"width":880,"height":1008,"url":"https:\/\/i0.wp.com\/coraliegrzes.com\/wp-content\/uploads\/2021\/02\/gift-card-coralie-grzes-ethical-jewelry-wp.jpg?fit=880%2C1008&ssl=1","type":"image\/jpeg"}],"twitter_card":"summary_large_image","schema":{"@context":"https:\/\/schema.org","@graph":[{"@type":"WebPage","@id":"https:\/\/coraliegrzes.com\/es\/shop\/tarjetas-regalo\/tarjetas-regalos\/","url":"https:\/\/coraliegrzes.com\/es\/shop\/tarjetas-regalo\/tarjetas-regalos\/","name":"Tarjetas Regalo - Coralie Grzes","isPartOf":{"@id":"https:\/\/coraliegrzes.com\/es\/#website"},"primaryImageOfPage":{"@id":"https:\/\/coraliegrzes.com\/es\/shop\/tarjetas-regalo\/tarjetas-regalos\/#primaryimage"},"image":{"@id":"https:\/\/coraliegrzes.com\/es\/shop\/tarjetas-regalo\/tarjetas-regalos\/#primaryimage"},"thumbnailUrl":"https:\/\/i0.wp.com\/coraliegrzes.com\/wp-content\/uploads\/2021\/02\/gift-card-coralie-grzes-ethical-jewelry-wp.jpg?fit=880%2C1008&ssl=1","datePublished":"2021-06-04T11:30:06+00:00","dateModified":"2022-10-27T08:40:28+00:00","breadcrumb":{"@id":"https:\/\/coraliegrzes.com\/es\/shop\/tarjetas-regalo\/tarjetas-regalos\/#breadcrumb"},"inLanguage":"es","potentialAction":[{"@type":"ReadAction","target":["https:\/\/coraliegrzes.com\/es\/shop\/tarjetas-regalo\/tarjetas-regalos\/"]}]},{"@type":"ImageObject","inLanguage":"es","@id":"https:\/\/coraliegrzes.com\/es\/shop\/tarjetas-regalo\/tarjetas-regalos\/#primaryimage","url":"https:\/\/i0.wp.com\/coraliegrzes.com\/wp-content\/uploads\/2021\/02\/gift-card-coralie-grzes-ethical-jewelry-wp.jpg?fit=880%2C1008&ssl=1","contentUrl":"https:\/\/i0.wp.com\/coraliegrzes.com\/wp-content\/uploads\/2021\/02\/gift-card-coralie-grzes-ethical-jewelry-wp.jpg?fit=880%2C1008&ssl=1","width":880,"height":1008,"caption":"Processed with VSCO with g3 preset"},{"@type":"BreadcrumbList","@id":"https:\/\/coraliegrzes.com\/es\/shop\/tarjetas-regalo\/tarjetas-regalos\/#breadcrumb","itemListElement":[{"@type":"ListItem","position":1,"name":"Accueil","item":"https:\/\/coraliegrzes.com\/es\/home\/"},{"@type":"ListItem","position":2,"name":"Tienda","item":"https:\/\/coraliegrzes.com\/es\/tienda\/"},{"@type":"ListItem","position":3,"name":"Tarjetas Regalo"}]},{"@type":"WebSite","@id":"https:\/\/coraliegrzes.com\/es\/#website","url":"https:\/\/coraliegrzes.com\/es\/","name":"Coralie Grzes","description":"Joyer\u00eda \u00c9tica","publisher":{"@id":"https:\/\/coraliegrzes.com\/es\/#organization"},"potentialAction":[{"@type":"SearchAction","target":{"@type":"EntryPoint","urlTemplate":"https:\/\/coraliegrzes.com\/es\/?s={search_term_string}"},"query-input":{"@type":"PropertyValueSpecification","valueRequired":true,"valueName":"search_term_string"}}],"inLanguage":"es"},{"@type":"Organization","@id":"https:\/\/coraliegrzes.com\/es\/#organization","name":"Coralie Grzes - Ethical Jewelry Handcrafted in Barcelona","url":"https:\/\/coraliegrzes.com\/es\/","logo":{"@type":"ImageObject","inLanguage":"es","@id":"https:\/\/coraliegrzes.com\/es\/#\/schema\/logo\/image\/","url":"https:\/\/i0.wp.com\/coraliegrzes.com\/wp-content\/uploads\/2021\/04\/cropped-C.G-logo-insta-01.png?fit=512%2C512&ssl=1","contentUrl":"https:\/\/i0.wp.com\/coraliegrzes.com\/wp-content\/uploads\/2021\/04\/cropped-C.G-logo-insta-01.png?fit=512%2C512&ssl=1","width":512,"height":512,"caption":"Coralie Grzes - Ethical Jewelry Handcrafted in Barcelona"},"image":{"@id":"https:\/\/coraliegrzes.com\/es\/#\/schema\/logo\/image\/"},"sameAs":["https:\/\/www.facebook.com\/CoralieGrzesJewelry","https:\/\/www.instagram.com\/coraliegrzes\/","https:\/\/www.pinterest.es\/coraliegrzes\/"]}]}},"jetpack_sharing_enabled":true,"_links":{"self":[{"href":"https:\/\/coraliegrzes.com\/es\/wp-json\/wp\/v2\/product\/3571","targetHints":{"allow":["GET"]}}],"collection":[{"href":"https:\/\/coraliegrzes.com\/es\/wp-json\/wp\/v2\/product"}],"about":[{"href":"https:\/\/coraliegrzes.com\/es\/wp-json\/wp\/v2\/types\/product"}],"replies":[{"embeddable":true,"href":"https:\/\/coraliegrzes.com\/es\/wp-json\/wp\/v2\/comments?post=3571"}],"wp:featuredmedia":[{"embeddable":true,"href":"https:\/\/coraliegrzes.com\/es\/wp-json\/wp\/v2\/media\/4790"}],"wp:attachment":[{"href":"https:\/\/coraliegrzes.com\/es\/wp-json\/wp\/v2\/media?parent=3571"}],"wp:term":[{"taxonomy":"product_brand","embeddable":true,"href":"https:\/\/coraliegrzes.com\/es\/wp-json\/wp\/v2\/product_brand?post=3571"},{"taxonomy":"product_cat","embeddable":true,"href":"https:\/\/coraliegrzes.com\/es\/wp-json\/wp\/v2\/product_cat?post=3571"},{"taxonomy":"product_tag","embeddable":true,"href":"https:\/\/coraliegrzes.com\/es\/wp-json\/wp\/v2\/product_tag?post=3571"}],"curies":[{"name":"wp","href":"https:\/\/api.w.org\/{rel}","templated":true}]}}