{"id":4262,"date":"2021-02-15T15:33:02","date_gmt":"2021-02-15T14:33:02","guid":{"rendered":"http:\/\/coraliegrzes.es\/produit\/anillo-renee-perla-y-plata-fairmined\/"},"modified":"2026-01-29T23:19:22","modified_gmt":"2026-01-29T22:19:22","slug":"anillo-renee-perla-plata-fairmined","status":"publish","type":"product","link":"https:\/\/coraliegrzes.com\/es\/shop\/anillos\/anillo-renee-perla-plata-fairmined\/","title":{"rendered":"Anillo REN\u00c9E Perla y Plata Fairmined"},"content":{"rendered":"","protected":false},"excerpt":{"rendered":"<p><span style=\"color: #000000;\">Anillo \u00fanico elaborado en plata de primera ley con certificaci\u00f3n <strong><a style=\"color: #000000;\" href=\"https:\/\/coraliegrzes.com\/ethical-gold\/\">FAIRMINED<\/a><\/strong> y engastado con una perla cultivada de agua dulce rastreable. Este anillo es a su vez extremadamente elegante y moderno. Cada perla es \u00fanica en su color, brillo, tama\u00f1o y forma por lo que podr\u00eda ser ligeramente diferente a la de la imagen.<\/span><\/p>\n<p><span style=\"color: #000000;\">Esta pieza exclusiva est\u00e1 hecha a mano por Coralie Grzes y por encargo.<\/span><\/p>\n<p><span style=\"color: #000000;\"><em>Si no conoces tu talla de anillo y deseas recibir un medidor de anillos gratuito, selecciones \u00abNecesito un medidor\u00bb en el men\u00fa desplegable de tallas y lo recibir\u00e1s por correo postal (v\u00e1lido solo para destinos en Europa).  Una vez que sepas tu talla de anillo, comenzar\u00e9 su producci\u00f3n. <\/em><\/span><\/p>\n","protected":false},"featured_media":4980,"comment_status":"closed","ping_status":"closed","template":"","meta":[],"product_brand":[],"product_cat":[321,646,611,543,649,602],"product_tag":[],"class_list":{"0":"post-4262","1":"product","2":"type-product","3":"status-publish","4":"has-post-thumbnail","6":"product_cat-anillos","7":"product_cat-certificado-fairmined","8":"product_cat-coleccion-permanente","9":"product_cat-perlas","10":"product_cat-plata","11":"product_cat-seleccion-dia-de-la-madre","13":"first","14":"instock","15":"taxable","16":"shipping-taxable","17":"purchasable","18":"product-type-variable"},"yoast_head":"<!-- This site is optimized with the Yoast SEO plugin v27.3 - https:\/\/yoast.com\/product\/yoast-seo-wordpress\/ -->\n<title>Anillo REN\u00c9E Perla y Plata Fairmined - Coralie Grzes<\/title>\n<meta name=\"robots\" content=\"index, follow, max-snippet:-1, max-image-preview:large, max-video-preview:-1\" \/>\n<link rel=\"canonical\" href=\"https:\/\/coraliegrzes.com\/es\/shop\/anillos\/anillo-renee-perla-plata-fairmined\/\" \/>\n<meta property=\"og:locale\" content=\"es_ES\" \/>\n<meta property=\"og:type\" content=\"article\" \/>\n<meta property=\"og:title\" content=\"Anillo REN\u00c9E Perla y Plata Fairmined - Coralie Grzes\" \/>\n<meta property=\"og:description\" content=\"Anillo \u00fanico elaborado en plata de primera ley con certificaci\u00f3n FAIRMINED y engastado con una perla cultivada de agua dulce rastreable. Este anillo es a su vez extremadamente elegante y moderno. Cada perla es \u00fanica en su color, brillo, tama\u00f1o y forma por lo que podr\u00eda ser ligeramente diferente a la de la imagen. Esta pieza exclusiva est\u00e1 hecha a mano por Coralie Grzes y por encargo. Si no conoces tu talla de anillo y deseas recibir un medidor de anillos gratuito, selecciones &quot;Necesito un medidor&quot; en el men\u00fa desplegable de tallas y lo recibir\u00e1s por correo postal (v\u00e1lido solo para destinos en Europa). Una vez que sepas tu talla de anillo, comenzar\u00e9 su producci\u00f3n.\" \/>\n<meta property=\"og:url\" content=\"https:\/\/coraliegrzes.com\/es\/shop\/anillos\/anillo-renee-perla-plata-fairmined\/\" \/>\n<meta property=\"og:site_name\" content=\"Coralie Grzes\" \/>\n<meta property=\"article:publisher\" content=\"https:\/\/www.facebook.com\/CoralieGrzesJewelry\" \/>\n<meta property=\"article:modified_time\" content=\"2026-01-29T22:19:22+00:00\" \/>\n<meta property=\"og:image\" content=\"https:\/\/i0.wp.com\/coraliegrzes.com\/wp-content\/uploads\/2021\/02\/Rene%CC%81e_Ring_Silver_Fairmined_Pearl_wp_2-scaled.jpg?fit=1920%2C2560&ssl=1\" \/>\n\t<meta property=\"og:image:width\" content=\"1920\" \/>\n\t<meta property=\"og:image:height\" content=\"2560\" \/>\n\t<meta property=\"og:image:type\" content=\"image\/jpeg\" \/>\n<meta name=\"twitter:card\" content=\"summary_large_image\" \/>\n<meta name=\"twitter:label1\" content=\"Tiempo de lectura\" \/>\n\t<meta name=\"twitter:data1\" content=\"1 minuto\" \/>\n<script type=\"application\/ld+json\" class=\"yoast-schema-graph\">{\"@context\":\"https:\\\/\\\/schema.org\",\"@graph\":[{\"@type\":\"WebPage\",\"@id\":\"https:\\\/\\\/coraliegrzes.com\\\/es\\\/shop\\\/anillos\\\/anillo-renee-perla-plata-fairmined\\\/\",\"url\":\"https:\\\/\\\/coraliegrzes.com\\\/es\\\/shop\\\/anillos\\\/anillo-renee-perla-plata-fairmined\\\/\",\"name\":\"Anillo REN\u00c9E Perla y Plata Fairmined - Coralie Grzes\",\"isPartOf\":{\"@id\":\"https:\\\/\\\/coraliegrzes.com\\\/es\\\/#website\"},\"primaryImageOfPage\":{\"@id\":\"https:\\\/\\\/coraliegrzes.com\\\/es\\\/shop\\\/anillos\\\/anillo-renee-perla-plata-fairmined\\\/#primaryimage\"},\"image\":{\"@id\":\"https:\\\/\\\/coraliegrzes.com\\\/es\\\/shop\\\/anillos\\\/anillo-renee-perla-plata-fairmined\\\/#primaryimage\"},\"thumbnailUrl\":\"https:\\\/\\\/i0.wp.com\\\/coraliegrzes.com\\\/wp-content\\\/uploads\\\/2021\\\/02\\\/Rene%CC%81e_Ring_Silver_Fairmined_Pearl_wp_2-scaled.jpg?fit=1920%2C2560&ssl=1\",\"datePublished\":\"2021-02-15T14:33:02+00:00\",\"dateModified\":\"2026-01-29T22:19:22+00:00\",\"breadcrumb\":{\"@id\":\"https:\\\/\\\/coraliegrzes.com\\\/es\\\/shop\\\/anillos\\\/anillo-renee-perla-plata-fairmined\\\/#breadcrumb\"},\"inLanguage\":\"es\",\"potentialAction\":[{\"@type\":\"ReadAction\",\"target\":[\"https:\\\/\\\/coraliegrzes.com\\\/es\\\/shop\\\/anillos\\\/anillo-renee-perla-plata-fairmined\\\/\"]}]},{\"@type\":\"ImageObject\",\"inLanguage\":\"es\",\"@id\":\"https:\\\/\\\/coraliegrzes.com\\\/es\\\/shop\\\/anillos\\\/anillo-renee-perla-plata-fairmined\\\/#primaryimage\",\"url\":\"https:\\\/\\\/i0.wp.com\\\/coraliegrzes.com\\\/wp-content\\\/uploads\\\/2021\\\/02\\\/Rene%CC%81e_Ring_Silver_Fairmined_Pearl_wp_2-scaled.jpg?fit=1920%2C2560&ssl=1\",\"contentUrl\":\"https:\\\/\\\/i0.wp.com\\\/coraliegrzes.com\\\/wp-content\\\/uploads\\\/2021\\\/02\\\/Rene%CC%81e_Ring_Silver_Fairmined_Pearl_wp_2-scaled.jpg?fit=1920%2C2560&ssl=1\",\"width\":1920,\"height\":2560},{\"@type\":\"BreadcrumbList\",\"@id\":\"https:\\\/\\\/coraliegrzes.com\\\/es\\\/shop\\\/anillos\\\/anillo-renee-perla-plata-fairmined\\\/#breadcrumb\",\"itemListElement\":[{\"@type\":\"ListItem\",\"position\":1,\"name\":\"Accueil\",\"item\":\"https:\\\/\\\/coraliegrzes.com\\\/es\\\/home\\\/\"},{\"@type\":\"ListItem\",\"position\":2,\"name\":\"Tienda\",\"item\":\"https:\\\/\\\/coraliegrzes.com\\\/es\\\/tienda\\\/\"},{\"@type\":\"ListItem\",\"position\":3,\"name\":\"Anillo REN\u00c9E Perla y Plata Fairmined\"}]},{\"@type\":\"WebSite\",\"@id\":\"https:\\\/\\\/coraliegrzes.com\\\/es\\\/#website\",\"url\":\"https:\\\/\\\/coraliegrzes.com\\\/es\\\/\",\"name\":\"Coralie Grzes\",\"description\":\"Joyer\u00eda \u00c9tica\",\"publisher\":{\"@id\":\"https:\\\/\\\/coraliegrzes.com\\\/es\\\/#organization\"},\"potentialAction\":[{\"@type\":\"SearchAction\",\"target\":{\"@type\":\"EntryPoint\",\"urlTemplate\":\"https:\\\/\\\/coraliegrzes.com\\\/es\\\/?s={search_term_string}\"},\"query-input\":{\"@type\":\"PropertyValueSpecification\",\"valueRequired\":true,\"valueName\":\"search_term_string\"}}],\"inLanguage\":\"es\"},{\"@type\":\"Organization\",\"@id\":\"https:\\\/\\\/coraliegrzes.com\\\/es\\\/#organization\",\"name\":\"Coralie Grzes - Ethical Jewelry Handcrafted in Barcelona\",\"url\":\"https:\\\/\\\/coraliegrzes.com\\\/es\\\/\",\"logo\":{\"@type\":\"ImageObject\",\"inLanguage\":\"es\",\"@id\":\"https:\\\/\\\/coraliegrzes.com\\\/es\\\/#\\\/schema\\\/logo\\\/image\\\/\",\"url\":\"https:\\\/\\\/i0.wp.com\\\/coraliegrzes.com\\\/wp-content\\\/uploads\\\/2021\\\/04\\\/cropped-C.G-logo-insta-01.png?fit=512%2C512&ssl=1\",\"contentUrl\":\"https:\\\/\\\/i0.wp.com\\\/coraliegrzes.com\\\/wp-content\\\/uploads\\\/2021\\\/04\\\/cropped-C.G-logo-insta-01.png?fit=512%2C512&ssl=1\",\"width\":512,\"height\":512,\"caption\":\"Coralie Grzes - Ethical Jewelry Handcrafted in Barcelona\"},\"image\":{\"@id\":\"https:\\\/\\\/coraliegrzes.com\\\/es\\\/#\\\/schema\\\/logo\\\/image\\\/\"},\"sameAs\":[\"https:\\\/\\\/www.facebook.com\\\/CoralieGrzesJewelry\",\"https:\\\/\\\/www.instagram.com\\\/coraliegrzes\\\/\",\"https:\\\/\\\/www.pinterest.es\\\/coraliegrzes\\\/\"]}]}<\/script>\n<!-- \/ Yoast SEO plugin. -->","yoast_head_json":{"title":"Anillo REN\u00c9E Perla y Plata Fairmined - Coralie Grzes","robots":{"index":"index","follow":"follow","max-snippet":"max-snippet:-1","max-image-preview":"max-image-preview:large","max-video-preview":"max-video-preview:-1"},"canonical":"https:\/\/coraliegrzes.com\/es\/shop\/anillos\/anillo-renee-perla-plata-fairmined\/","og_locale":"es_ES","og_type":"article","og_title":"Anillo REN\u00c9E Perla y Plata Fairmined - Coralie Grzes","og_description":"Anillo \u00fanico elaborado en plata de primera ley con certificaci\u00f3n FAIRMINED y engastado con una perla cultivada de agua dulce rastreable. Este anillo es a su vez extremadamente elegante y moderno. Cada perla es \u00fanica en su color, brillo, tama\u00f1o y forma por lo que podr\u00eda ser ligeramente diferente a la de la imagen. Esta pieza exclusiva est\u00e1 hecha a mano por Coralie Grzes y por encargo. Si no conoces tu talla de anillo y deseas recibir un medidor de anillos gratuito, selecciones \"Necesito un medidor\" en el men\u00fa desplegable de tallas y lo recibir\u00e1s por correo postal (v\u00e1lido solo para destinos en Europa). Una vez que sepas tu talla de anillo, comenzar\u00e9 su producci\u00f3n.","og_url":"https:\/\/coraliegrzes.com\/es\/shop\/anillos\/anillo-renee-perla-plata-fairmined\/","og_site_name":"Coralie Grzes","article_publisher":"https:\/\/www.facebook.com\/CoralieGrzesJewelry","article_modified_time":"2026-01-29T22:19:22+00:00","og_image":[{"width":1920,"height":2560,"url":"https:\/\/i0.wp.com\/coraliegrzes.com\/wp-content\/uploads\/2021\/02\/Rene%CC%81e_Ring_Silver_Fairmined_Pearl_wp_2-scaled.jpg?fit=1920%2C2560&ssl=1","type":"image\/jpeg"}],"twitter_card":"summary_large_image","twitter_misc":{"Tiempo de lectura":"1 minuto"},"schema":{"@context":"https:\/\/schema.org","@graph":[{"@type":"WebPage","@id":"https:\/\/coraliegrzes.com\/es\/shop\/anillos\/anillo-renee-perla-plata-fairmined\/","url":"https:\/\/coraliegrzes.com\/es\/shop\/anillos\/anillo-renee-perla-plata-fairmined\/","name":"Anillo REN\u00c9E Perla y Plata Fairmined - Coralie Grzes","isPartOf":{"@id":"https:\/\/coraliegrzes.com\/es\/#website"},"primaryImageOfPage":{"@id":"https:\/\/coraliegrzes.com\/es\/shop\/anillos\/anillo-renee-perla-plata-fairmined\/#primaryimage"},"image":{"@id":"https:\/\/coraliegrzes.com\/es\/shop\/anillos\/anillo-renee-perla-plata-fairmined\/#primaryimage"},"thumbnailUrl":"https:\/\/i0.wp.com\/coraliegrzes.com\/wp-content\/uploads\/2021\/02\/Rene%CC%81e_Ring_Silver_Fairmined_Pearl_wp_2-scaled.jpg?fit=1920%2C2560&ssl=1","datePublished":"2021-02-15T14:33:02+00:00","dateModified":"2026-01-29T22:19:22+00:00","breadcrumb":{"@id":"https:\/\/coraliegrzes.com\/es\/shop\/anillos\/anillo-renee-perla-plata-fairmined\/#breadcrumb"},"inLanguage":"es","potentialAction":[{"@type":"ReadAction","target":["https:\/\/coraliegrzes.com\/es\/shop\/anillos\/anillo-renee-perla-plata-fairmined\/"]}]},{"@type":"ImageObject","inLanguage":"es","@id":"https:\/\/coraliegrzes.com\/es\/shop\/anillos\/anillo-renee-perla-plata-fairmined\/#primaryimage","url":"https:\/\/i0.wp.com\/coraliegrzes.com\/wp-content\/uploads\/2021\/02\/Rene%CC%81e_Ring_Silver_Fairmined_Pearl_wp_2-scaled.jpg?fit=1920%2C2560&ssl=1","contentUrl":"https:\/\/i0.wp.com\/coraliegrzes.com\/wp-content\/uploads\/2021\/02\/Rene%CC%81e_Ring_Silver_Fairmined_Pearl_wp_2-scaled.jpg?fit=1920%2C2560&ssl=1","width":1920,"height":2560},{"@type":"BreadcrumbList","@id":"https:\/\/coraliegrzes.com\/es\/shop\/anillos\/anillo-renee-perla-plata-fairmined\/#breadcrumb","itemListElement":[{"@type":"ListItem","position":1,"name":"Accueil","item":"https:\/\/coraliegrzes.com\/es\/home\/"},{"@type":"ListItem","position":2,"name":"Tienda","item":"https:\/\/coraliegrzes.com\/es\/tienda\/"},{"@type":"ListItem","position":3,"name":"Anillo REN\u00c9E Perla y Plata Fairmined"}]},{"@type":"WebSite","@id":"https:\/\/coraliegrzes.com\/es\/#website","url":"https:\/\/coraliegrzes.com\/es\/","name":"Coralie Grzes","description":"Joyer\u00eda \u00c9tica","publisher":{"@id":"https:\/\/coraliegrzes.com\/es\/#organization"},"potentialAction":[{"@type":"SearchAction","target":{"@type":"EntryPoint","urlTemplate":"https:\/\/coraliegrzes.com\/es\/?s={search_term_string}"},"query-input":{"@type":"PropertyValueSpecification","valueRequired":true,"valueName":"search_term_string"}}],"inLanguage":"es"},{"@type":"Organization","@id":"https:\/\/coraliegrzes.com\/es\/#organization","name":"Coralie Grzes - Ethical Jewelry Handcrafted in Barcelona","url":"https:\/\/coraliegrzes.com\/es\/","logo":{"@type":"ImageObject","inLanguage":"es","@id":"https:\/\/coraliegrzes.com\/es\/#\/schema\/logo\/image\/","url":"https:\/\/i0.wp.com\/coraliegrzes.com\/wp-content\/uploads\/2021\/04\/cropped-C.G-logo-insta-01.png?fit=512%2C512&ssl=1","contentUrl":"https:\/\/i0.wp.com\/coraliegrzes.com\/wp-content\/uploads\/2021\/04\/cropped-C.G-logo-insta-01.png?fit=512%2C512&ssl=1","width":512,"height":512,"caption":"Coralie Grzes - Ethical Jewelry Handcrafted in Barcelona"},"image":{"@id":"https:\/\/coraliegrzes.com\/es\/#\/schema\/logo\/image\/"},"sameAs":["https:\/\/www.facebook.com\/CoralieGrzesJewelry","https:\/\/www.instagram.com\/coraliegrzes\/","https:\/\/www.pinterest.es\/coraliegrzes\/"]}]}},"jetpack_sharing_enabled":true,"_links":{"self":[{"href":"https:\/\/coraliegrzes.com\/es\/wp-json\/wp\/v2\/product\/4262","targetHints":{"allow":["GET"]}}],"collection":[{"href":"https:\/\/coraliegrzes.com\/es\/wp-json\/wp\/v2\/product"}],"about":[{"href":"https:\/\/coraliegrzes.com\/es\/wp-json\/wp\/v2\/types\/product"}],"replies":[{"embeddable":true,"href":"https:\/\/coraliegrzes.com\/es\/wp-json\/wp\/v2\/comments?post=4262"}],"wp:featuredmedia":[{"embeddable":true,"href":"https:\/\/coraliegrzes.com\/es\/wp-json\/wp\/v2\/media\/4980"}],"wp:attachment":[{"href":"https:\/\/coraliegrzes.com\/es\/wp-json\/wp\/v2\/media?parent=4262"}],"wp:term":[{"taxonomy":"product_brand","embeddable":true,"href":"https:\/\/coraliegrzes.com\/es\/wp-json\/wp\/v2\/product_brand?post=4262"},{"taxonomy":"product_cat","embeddable":true,"href":"https:\/\/coraliegrzes.com\/es\/wp-json\/wp\/v2\/product_cat?post=4262"},{"taxonomy":"product_tag","embeddable":true,"href":"https:\/\/coraliegrzes.com\/es\/wp-json\/wp\/v2\/product_tag?post=4262"}],"curies":[{"name":"wp","href":"https:\/\/api.w.org\/{rel}","templated":true}]}}