{"id":8376,"date":"2024-11-11T11:59:05","date_gmt":"2024-11-11T10:59:05","guid":{"rendered":"https:\/\/coraliegrzes.com\/shop\/sin categor\u00eda\/pendiente-5-beautiful-scraps\/"},"modified":"2024-11-11T19:57:36","modified_gmt":"2024-11-11T18:57:36","slug":"pendiente-5-beautiful-scraps","status":"publish","type":"product","link":"https:\/\/coraliegrzes.com\/es\/shop\/pendientes\/pendiente-5-beautiful-scraps\/","title":{"rendered":"Pendiente #5 Beautiful Scraps"},"content":{"rendered":"","protected":false},"excerpt":{"rendered":"<p>Pendiente n\u00ba5 de la colecci\u00f3n Beautiful Scraps. Una colecci\u00f3n de tan solo 12 pendientes \u00fanicos realizados a partir de los restos de mi taller de joyer\u00eda. Elaborados artesanalmente en Barcelona por Coralie Grzes. \u00a1Una oda a la reutilizaci\u00f3n y al upcycling de lo ya creado o a c\u00f3mo transformar los desechos y sobrantes de la producci\u00f3n en tesoros!  <\/p>\n","protected":false},"featured_media":8312,"comment_status":"closed","ping_status":"closed","template":"","meta":[],"product_brand":[],"product_cat":[605,323,311,643,649],"product_tag":[],"class_list":{"0":"post-8376","1":"product","2":"type-product","3":"status-publish","4":"has-post-thumbnail","6":"product_cat-beautiful-scraps-es","7":"product_cat-menos-de-100-e","8":"product_cat-pendientes","9":"product_cat-piezas-unicas","10":"product_cat-plata","12":"first","13":"instock","14":"taxable","15":"shipping-taxable","16":"purchasable","17":"product-type-simple"},"yoast_head":"<!-- This site is optimized with the Yoast SEO plugin v27.3 - https:\/\/yoast.com\/product\/yoast-seo-wordpress\/ -->\n<title>Pendiente #5 Beautiful Scraps - Coralie Grzes<\/title>\n<meta name=\"description\" content=\"Pendiente n\u00ba5 de la colecci\u00f3n Beautiful Scraps realizado a partir de retales de mi banco de joyer\u00eda. Vendido por unidad. Fabricado artesanalmente en plata 925 en Barcelona por Coralie Grzes.\" \/>\n<meta name=\"robots\" content=\"index, follow, max-snippet:-1, max-image-preview:large, max-video-preview:-1\" \/>\n<link rel=\"canonical\" href=\"https:\/\/coraliegrzes.com\/es\/shop\/pendientes\/pendiente-5-beautiful-scraps\/\" \/>\n<meta property=\"og:locale\" content=\"es_ES\" \/>\n<meta property=\"og:type\" content=\"article\" \/>\n<meta property=\"og:title\" content=\"Pendiente #5 Beautiful Scraps - Coralie Grzes\" \/>\n<meta property=\"og:description\" content=\"Pendiente n\u00ba5 de la colecci\u00f3n Beautiful Scraps realizado a partir de retales de mi banco de joyer\u00eda. Vendido por unidad. Fabricado artesanalmente en plata 925 en Barcelona por Coralie Grzes.\" \/>\n<meta property=\"og:url\" content=\"https:\/\/coraliegrzes.com\/es\/shop\/pendientes\/pendiente-5-beautiful-scraps\/\" \/>\n<meta property=\"og:site_name\" content=\"Coralie Grzes\" \/>\n<meta property=\"article:publisher\" content=\"https:\/\/www.facebook.com\/CoralieGrzesJewelry\" \/>\n<meta property=\"article:modified_time\" content=\"2024-11-11T18:57:36+00:00\" \/>\n<meta property=\"og:image\" content=\"https:\/\/i0.wp.com\/coraliegrzes.com\/wp-content\/uploads\/2024\/11\/Earring-5-Beautiful-Scraps-Silver-CoralieGrzes-scaled.jpg?fit=1920%2C2560&ssl=1\" \/>\n\t<meta property=\"og:image:width\" content=\"1920\" \/>\n\t<meta property=\"og:image:height\" content=\"2560\" \/>\n\t<meta property=\"og:image:type\" content=\"image\/jpeg\" \/>\n<meta name=\"twitter:card\" content=\"summary_large_image\" \/>\n<meta name=\"twitter:label1\" content=\"Tiempo de lectura\" \/>\n\t<meta name=\"twitter:data1\" content=\"1 minuto\" \/>\n<script type=\"application\/ld+json\" class=\"yoast-schema-graph\">{\"@context\":\"https:\\\/\\\/schema.org\",\"@graph\":[{\"@type\":\"WebPage\",\"@id\":\"https:\\\/\\\/coraliegrzes.com\\\/es\\\/shop\\\/pendientes\\\/pendiente-5-beautiful-scraps\\\/\",\"url\":\"https:\\\/\\\/coraliegrzes.com\\\/es\\\/shop\\\/pendientes\\\/pendiente-5-beautiful-scraps\\\/\",\"name\":\"Pendiente #5 Beautiful Scraps - Coralie Grzes\",\"isPartOf\":{\"@id\":\"https:\\\/\\\/coraliegrzes.com\\\/es\\\/#website\"},\"primaryImageOfPage\":{\"@id\":\"https:\\\/\\\/coraliegrzes.com\\\/es\\\/shop\\\/pendientes\\\/pendiente-5-beautiful-scraps\\\/#primaryimage\"},\"image\":{\"@id\":\"https:\\\/\\\/coraliegrzes.com\\\/es\\\/shop\\\/pendientes\\\/pendiente-5-beautiful-scraps\\\/#primaryimage\"},\"thumbnailUrl\":\"https:\\\/\\\/i0.wp.com\\\/coraliegrzes.com\\\/wp-content\\\/uploads\\\/2024\\\/11\\\/Earring-5-Beautiful-Scraps-Silver-CoralieGrzes-scaled.jpg?fit=1920%2C2560&ssl=1\",\"datePublished\":\"2024-11-11T10:59:05+00:00\",\"dateModified\":\"2024-11-11T18:57:36+00:00\",\"description\":\"Pendiente n\u00ba5 de la colecci\u00f3n Beautiful Scraps realizado a partir de retales de mi banco de joyer\u00eda. Vendido por unidad. Fabricado artesanalmente en plata 925 en Barcelona por Coralie Grzes.\",\"breadcrumb\":{\"@id\":\"https:\\\/\\\/coraliegrzes.com\\\/es\\\/shop\\\/pendientes\\\/pendiente-5-beautiful-scraps\\\/#breadcrumb\"},\"inLanguage\":\"es\",\"potentialAction\":[{\"@type\":\"ReadAction\",\"target\":[\"https:\\\/\\\/coraliegrzes.com\\\/es\\\/shop\\\/pendientes\\\/pendiente-5-beautiful-scraps\\\/\"]}]},{\"@type\":\"ImageObject\",\"inLanguage\":\"es\",\"@id\":\"https:\\\/\\\/coraliegrzes.com\\\/es\\\/shop\\\/pendientes\\\/pendiente-5-beautiful-scraps\\\/#primaryimage\",\"url\":\"https:\\\/\\\/i0.wp.com\\\/coraliegrzes.com\\\/wp-content\\\/uploads\\\/2024\\\/11\\\/Earring-5-Beautiful-Scraps-Silver-CoralieGrzes-scaled.jpg?fit=1920%2C2560&ssl=1\",\"contentUrl\":\"https:\\\/\\\/i0.wp.com\\\/coraliegrzes.com\\\/wp-content\\\/uploads\\\/2024\\\/11\\\/Earring-5-Beautiful-Scraps-Silver-CoralieGrzes-scaled.jpg?fit=1920%2C2560&ssl=1\",\"width\":1920,\"height\":2560},{\"@type\":\"BreadcrumbList\",\"@id\":\"https:\\\/\\\/coraliegrzes.com\\\/es\\\/shop\\\/pendientes\\\/pendiente-5-beautiful-scraps\\\/#breadcrumb\",\"itemListElement\":[{\"@type\":\"ListItem\",\"position\":1,\"name\":\"Accueil\",\"item\":\"https:\\\/\\\/coraliegrzes.com\\\/es\\\/home\\\/\"},{\"@type\":\"ListItem\",\"position\":2,\"name\":\"Tienda\",\"item\":\"https:\\\/\\\/coraliegrzes.com\\\/es\\\/tienda\\\/\"},{\"@type\":\"ListItem\",\"position\":3,\"name\":\"Pendiente #5 Beautiful Scraps\"}]},{\"@type\":\"WebSite\",\"@id\":\"https:\\\/\\\/coraliegrzes.com\\\/es\\\/#website\",\"url\":\"https:\\\/\\\/coraliegrzes.com\\\/es\\\/\",\"name\":\"Coralie Grzes\",\"description\":\"Joyer\u00eda \u00c9tica\",\"publisher\":{\"@id\":\"https:\\\/\\\/coraliegrzes.com\\\/es\\\/#organization\"},\"potentialAction\":[{\"@type\":\"SearchAction\",\"target\":{\"@type\":\"EntryPoint\",\"urlTemplate\":\"https:\\\/\\\/coraliegrzes.com\\\/es\\\/?s={search_term_string}\"},\"query-input\":{\"@type\":\"PropertyValueSpecification\",\"valueRequired\":true,\"valueName\":\"search_term_string\"}}],\"inLanguage\":\"es\"},{\"@type\":\"Organization\",\"@id\":\"https:\\\/\\\/coraliegrzes.com\\\/es\\\/#organization\",\"name\":\"Coralie Grzes - Ethical Jewelry Handcrafted in Barcelona\",\"url\":\"https:\\\/\\\/coraliegrzes.com\\\/es\\\/\",\"logo\":{\"@type\":\"ImageObject\",\"inLanguage\":\"es\",\"@id\":\"https:\\\/\\\/coraliegrzes.com\\\/es\\\/#\\\/schema\\\/logo\\\/image\\\/\",\"url\":\"https:\\\/\\\/i0.wp.com\\\/coraliegrzes.com\\\/wp-content\\\/uploads\\\/2021\\\/04\\\/cropped-C.G-logo-insta-01.png?fit=512%2C512&ssl=1\",\"contentUrl\":\"https:\\\/\\\/i0.wp.com\\\/coraliegrzes.com\\\/wp-content\\\/uploads\\\/2021\\\/04\\\/cropped-C.G-logo-insta-01.png?fit=512%2C512&ssl=1\",\"width\":512,\"height\":512,\"caption\":\"Coralie Grzes - Ethical Jewelry Handcrafted in Barcelona\"},\"image\":{\"@id\":\"https:\\\/\\\/coraliegrzes.com\\\/es\\\/#\\\/schema\\\/logo\\\/image\\\/\"},\"sameAs\":[\"https:\\\/\\\/www.facebook.com\\\/CoralieGrzesJewelry\",\"https:\\\/\\\/www.instagram.com\\\/coraliegrzes\\\/\",\"https:\\\/\\\/www.pinterest.es\\\/coraliegrzes\\\/\"]}]}<\/script>\n<!-- \/ Yoast SEO plugin. -->","yoast_head_json":{"title":"Pendiente #5 Beautiful Scraps - Coralie Grzes","description":"Pendiente n\u00ba5 de la colecci\u00f3n Beautiful Scraps realizado a partir de retales de mi banco de joyer\u00eda. Vendido por unidad. Fabricado artesanalmente en plata 925 en Barcelona por Coralie Grzes.","robots":{"index":"index","follow":"follow","max-snippet":"max-snippet:-1","max-image-preview":"max-image-preview:large","max-video-preview":"max-video-preview:-1"},"canonical":"https:\/\/coraliegrzes.com\/es\/shop\/pendientes\/pendiente-5-beautiful-scraps\/","og_locale":"es_ES","og_type":"article","og_title":"Pendiente #5 Beautiful Scraps - Coralie Grzes","og_description":"Pendiente n\u00ba5 de la colecci\u00f3n Beautiful Scraps realizado a partir de retales de mi banco de joyer\u00eda. Vendido por unidad. Fabricado artesanalmente en plata 925 en Barcelona por Coralie Grzes.","og_url":"https:\/\/coraliegrzes.com\/es\/shop\/pendientes\/pendiente-5-beautiful-scraps\/","og_site_name":"Coralie Grzes","article_publisher":"https:\/\/www.facebook.com\/CoralieGrzesJewelry","article_modified_time":"2024-11-11T18:57:36+00:00","og_image":[{"width":1920,"height":2560,"url":"https:\/\/i0.wp.com\/coraliegrzes.com\/wp-content\/uploads\/2024\/11\/Earring-5-Beautiful-Scraps-Silver-CoralieGrzes-scaled.jpg?fit=1920%2C2560&ssl=1","type":"image\/jpeg"}],"twitter_card":"summary_large_image","twitter_misc":{"Tiempo de lectura":"1 minuto"},"schema":{"@context":"https:\/\/schema.org","@graph":[{"@type":"WebPage","@id":"https:\/\/coraliegrzes.com\/es\/shop\/pendientes\/pendiente-5-beautiful-scraps\/","url":"https:\/\/coraliegrzes.com\/es\/shop\/pendientes\/pendiente-5-beautiful-scraps\/","name":"Pendiente #5 Beautiful Scraps - Coralie Grzes","isPartOf":{"@id":"https:\/\/coraliegrzes.com\/es\/#website"},"primaryImageOfPage":{"@id":"https:\/\/coraliegrzes.com\/es\/shop\/pendientes\/pendiente-5-beautiful-scraps\/#primaryimage"},"image":{"@id":"https:\/\/coraliegrzes.com\/es\/shop\/pendientes\/pendiente-5-beautiful-scraps\/#primaryimage"},"thumbnailUrl":"https:\/\/i0.wp.com\/coraliegrzes.com\/wp-content\/uploads\/2024\/11\/Earring-5-Beautiful-Scraps-Silver-CoralieGrzes-scaled.jpg?fit=1920%2C2560&ssl=1","datePublished":"2024-11-11T10:59:05+00:00","dateModified":"2024-11-11T18:57:36+00:00","description":"Pendiente n\u00ba5 de la colecci\u00f3n Beautiful Scraps realizado a partir de retales de mi banco de joyer\u00eda. Vendido por unidad. Fabricado artesanalmente en plata 925 en Barcelona por Coralie Grzes.","breadcrumb":{"@id":"https:\/\/coraliegrzes.com\/es\/shop\/pendientes\/pendiente-5-beautiful-scraps\/#breadcrumb"},"inLanguage":"es","potentialAction":[{"@type":"ReadAction","target":["https:\/\/coraliegrzes.com\/es\/shop\/pendientes\/pendiente-5-beautiful-scraps\/"]}]},{"@type":"ImageObject","inLanguage":"es","@id":"https:\/\/coraliegrzes.com\/es\/shop\/pendientes\/pendiente-5-beautiful-scraps\/#primaryimage","url":"https:\/\/i0.wp.com\/coraliegrzes.com\/wp-content\/uploads\/2024\/11\/Earring-5-Beautiful-Scraps-Silver-CoralieGrzes-scaled.jpg?fit=1920%2C2560&ssl=1","contentUrl":"https:\/\/i0.wp.com\/coraliegrzes.com\/wp-content\/uploads\/2024\/11\/Earring-5-Beautiful-Scraps-Silver-CoralieGrzes-scaled.jpg?fit=1920%2C2560&ssl=1","width":1920,"height":2560},{"@type":"BreadcrumbList","@id":"https:\/\/coraliegrzes.com\/es\/shop\/pendientes\/pendiente-5-beautiful-scraps\/#breadcrumb","itemListElement":[{"@type":"ListItem","position":1,"name":"Accueil","item":"https:\/\/coraliegrzes.com\/es\/home\/"},{"@type":"ListItem","position":2,"name":"Tienda","item":"https:\/\/coraliegrzes.com\/es\/tienda\/"},{"@type":"ListItem","position":3,"name":"Pendiente #5 Beautiful Scraps"}]},{"@type":"WebSite","@id":"https:\/\/coraliegrzes.com\/es\/#website","url":"https:\/\/coraliegrzes.com\/es\/","name":"Coralie Grzes","description":"Joyer\u00eda \u00c9tica","publisher":{"@id":"https:\/\/coraliegrzes.com\/es\/#organization"},"potentialAction":[{"@type":"SearchAction","target":{"@type":"EntryPoint","urlTemplate":"https:\/\/coraliegrzes.com\/es\/?s={search_term_string}"},"query-input":{"@type":"PropertyValueSpecification","valueRequired":true,"valueName":"search_term_string"}}],"inLanguage":"es"},{"@type":"Organization","@id":"https:\/\/coraliegrzes.com\/es\/#organization","name":"Coralie Grzes - Ethical Jewelry Handcrafted in Barcelona","url":"https:\/\/coraliegrzes.com\/es\/","logo":{"@type":"ImageObject","inLanguage":"es","@id":"https:\/\/coraliegrzes.com\/es\/#\/schema\/logo\/image\/","url":"https:\/\/i0.wp.com\/coraliegrzes.com\/wp-content\/uploads\/2021\/04\/cropped-C.G-logo-insta-01.png?fit=512%2C512&ssl=1","contentUrl":"https:\/\/i0.wp.com\/coraliegrzes.com\/wp-content\/uploads\/2021\/04\/cropped-C.G-logo-insta-01.png?fit=512%2C512&ssl=1","width":512,"height":512,"caption":"Coralie Grzes - Ethical Jewelry Handcrafted in Barcelona"},"image":{"@id":"https:\/\/coraliegrzes.com\/es\/#\/schema\/logo\/image\/"},"sameAs":["https:\/\/www.facebook.com\/CoralieGrzesJewelry","https:\/\/www.instagram.com\/coraliegrzes\/","https:\/\/www.pinterest.es\/coraliegrzes\/"]}]}},"jetpack_sharing_enabled":true,"_links":{"self":[{"href":"https:\/\/coraliegrzes.com\/es\/wp-json\/wp\/v2\/product\/8376","targetHints":{"allow":["GET"]}}],"collection":[{"href":"https:\/\/coraliegrzes.com\/es\/wp-json\/wp\/v2\/product"}],"about":[{"href":"https:\/\/coraliegrzes.com\/es\/wp-json\/wp\/v2\/types\/product"}],"replies":[{"embeddable":true,"href":"https:\/\/coraliegrzes.com\/es\/wp-json\/wp\/v2\/comments?post=8376"}],"wp:featuredmedia":[{"embeddable":true,"href":"https:\/\/coraliegrzes.com\/es\/wp-json\/wp\/v2\/media\/8312"}],"wp:attachment":[{"href":"https:\/\/coraliegrzes.com\/es\/wp-json\/wp\/v2\/media?parent=8376"}],"wp:term":[{"taxonomy":"product_brand","embeddable":true,"href":"https:\/\/coraliegrzes.com\/es\/wp-json\/wp\/v2\/product_brand?post=8376"},{"taxonomy":"product_cat","embeddable":true,"href":"https:\/\/coraliegrzes.com\/es\/wp-json\/wp\/v2\/product_cat?post=8376"},{"taxonomy":"product_tag","embeddable":true,"href":"https:\/\/coraliegrzes.com\/es\/wp-json\/wp\/v2\/product_tag?post=8376"}],"curies":[{"name":"wp","href":"https:\/\/api.w.org\/{rel}","templated":true}]}}