{"id":9550,"date":"2025-05-06T11:16:42","date_gmt":"2025-05-06T09:16:42","guid":{"rendered":"https:\/\/coraliegrzes.com\/?post_type=product&#038;p=9550"},"modified":"2026-02-01T00:02:06","modified_gmt":"2026-01-31T23:02:06","slug":"anillo-vuelta","status":"publish","type":"product","link":"https:\/\/coraliegrzes.com\/es\/shop\/anillos\/anillo-vuelta\/","title":{"rendered":"Anillo VUELTA"},"content":{"rendered":"","protected":false},"excerpt":{"rendered":"<p><span style=\"color: #000000;\">El anillo VUELTA es una ilusi\u00f3n de tres anillos tipo media ca\u00f1a unidos entre ellos. Un anillo grande, muy c\u00f3modo y suave de llevar.  Se puede grabar en el interior. <em>(Escribe tu grabado en la secci\u00f3n de notas al momento de pagar).<\/em><\/span><\/p>\n<p><span style=\"color: #000000;\">Este anillo est\u00e1 hecho a mano bajo pedido en plata 925 en mi taller de Barcelona y requiere un tiempo de fabricaci\u00f3n de 2 a 4 semanas (sin incluir el tiempo de env\u00edo).<\/span><\/p>\n<p><span style=\"color: #000000;\"><strong>IMPORTANTE: Este anillo talla peque\u00f1o porque es ancho. Elige dos tallas m\u00e1s de tu talla habitual. <\/strong><\/span><\/p>\n<p><span style=\"color: #000000;\"><em>Si no conoces tu talla de anillo y deseas recibir un medidor de anillos gratuito, selecciones \u00abNecesito un medidor\u00bb en el men\u00fa desplegable de tallas y lo recibir\u00e1s por correo postal (v\u00e1lido solo para destinos en Europa).  Una vez que sepas tu talla de anillo, comenzar\u00e9 su producci\u00f3n. <img decoding=\"async\" class=\"emoji\" role=\"img\" draggable=\"false\" src=\"https:\/\/s.w.org\/images\/core\/emoji\/16.0.1\/svg\/1f642.svg\" alt=\"\ud83d\ude42\"><\/em><\/span><\/p>\n<p><!-- notionvc: e88b3b85-519d-455e-87d6-dbb703519b62 --><\/p>\n","protected":false},"featured_media":8686,"comment_status":"closed","ping_status":"closed","template":"","meta":[],"product_brand":[],"product_cat":[321,631,649],"product_tag":[],"class_list":{"0":"post-9550","1":"product","2":"type-product","3":"status-publish","4":"has-post-thumbnail","6":"product_cat-anillos","7":"product_cat-bold-silver-rings-es","8":"product_cat-plata","10":"first","11":"instock","12":"taxable","13":"shipping-taxable","14":"purchasable","15":"product-type-variable"},"yoast_head":"<!-- This site is optimized with the Yoast SEO plugin v27.3 - https:\/\/yoast.com\/product\/yoast-seo-wordpress\/ -->\n<title>Anillo VUELTA - Coralie Grzes<\/title>\n<meta name=\"description\" content=\"Este anillo es una ilusi\u00f3n de tres medias anillas unidas. Hecho a mano por encargo en plata 925 en mi taller de Barcelona.\" \/>\n<meta name=\"robots\" content=\"index, follow, max-snippet:-1, max-image-preview:large, max-video-preview:-1\" \/>\n<link rel=\"canonical\" href=\"https:\/\/coraliegrzes.com\/es\/shop\/anillos\/anillo-vuelta\/\" \/>\n<meta property=\"og:locale\" content=\"es_ES\" \/>\n<meta property=\"og:type\" content=\"article\" \/>\n<meta property=\"og:title\" content=\"Anillo VUELTA - Coralie Grzes\" \/>\n<meta property=\"og:description\" content=\"Este anillo es una ilusi\u00f3n de tres medias anillas unidas. Hecho a mano por encargo en plata 925 en mi taller de Barcelona.\" \/>\n<meta property=\"og:url\" content=\"https:\/\/coraliegrzes.com\/es\/shop\/anillos\/anillo-vuelta\/\" \/>\n<meta property=\"og:site_name\" content=\"Coralie Grzes\" \/>\n<meta property=\"article:publisher\" content=\"https:\/\/www.facebook.com\/CoralieGrzesJewelry\" \/>\n<meta property=\"article:modified_time\" content=\"2026-01-31T23:02:06+00:00\" \/>\n<meta property=\"og:image\" content=\"https:\/\/i0.wp.com\/coraliegrzes.com\/wp-content\/uploads\/2025\/05\/VUELTA-RING-2-scaled.jpeg?fit=1813%2C2560&ssl=1\" \/>\n\t<meta property=\"og:image:width\" content=\"1813\" \/>\n\t<meta property=\"og:image:height\" content=\"2560\" \/>\n\t<meta property=\"og:image:type\" content=\"image\/jpeg\" \/>\n<meta name=\"twitter:card\" content=\"summary_large_image\" \/>\n<meta name=\"twitter:label1\" content=\"Tiempo de lectura\" \/>\n\t<meta name=\"twitter:data1\" content=\"1 minuto\" \/>\n<script type=\"application\/ld+json\" class=\"yoast-schema-graph\">{\"@context\":\"https:\\\/\\\/schema.org\",\"@graph\":[{\"@type\":\"WebPage\",\"@id\":\"https:\\\/\\\/coraliegrzes.com\\\/es\\\/shop\\\/anillos\\\/anillo-vuelta\\\/\",\"url\":\"https:\\\/\\\/coraliegrzes.com\\\/es\\\/shop\\\/anillos\\\/anillo-vuelta\\\/\",\"name\":\"Anillo VUELTA - Coralie Grzes\",\"isPartOf\":{\"@id\":\"https:\\\/\\\/coraliegrzes.com\\\/es\\\/#website\"},\"primaryImageOfPage\":{\"@id\":\"https:\\\/\\\/coraliegrzes.com\\\/es\\\/shop\\\/anillos\\\/anillo-vuelta\\\/#primaryimage\"},\"image\":{\"@id\":\"https:\\\/\\\/coraliegrzes.com\\\/es\\\/shop\\\/anillos\\\/anillo-vuelta\\\/#primaryimage\"},\"thumbnailUrl\":\"https:\\\/\\\/i0.wp.com\\\/coraliegrzes.com\\\/wp-content\\\/uploads\\\/2025\\\/05\\\/VUELTA-RING-2-scaled.jpeg?fit=1813%2C2560&ssl=1\",\"datePublished\":\"2025-05-06T09:16:42+00:00\",\"dateModified\":\"2026-01-31T23:02:06+00:00\",\"description\":\"Este anillo es una ilusi\u00f3n de tres medias anillas unidas. Hecho a mano por encargo en plata 925 en mi taller de Barcelona.\",\"breadcrumb\":{\"@id\":\"https:\\\/\\\/coraliegrzes.com\\\/es\\\/shop\\\/anillos\\\/anillo-vuelta\\\/#breadcrumb\"},\"inLanguage\":\"es\",\"potentialAction\":[{\"@type\":\"ReadAction\",\"target\":[\"https:\\\/\\\/coraliegrzes.com\\\/es\\\/shop\\\/anillos\\\/anillo-vuelta\\\/\"]}]},{\"@type\":\"ImageObject\",\"inLanguage\":\"es\",\"@id\":\"https:\\\/\\\/coraliegrzes.com\\\/es\\\/shop\\\/anillos\\\/anillo-vuelta\\\/#primaryimage\",\"url\":\"https:\\\/\\\/i0.wp.com\\\/coraliegrzes.com\\\/wp-content\\\/uploads\\\/2025\\\/05\\\/VUELTA-RING-2-scaled.jpeg?fit=1813%2C2560&ssl=1\",\"contentUrl\":\"https:\\\/\\\/i0.wp.com\\\/coraliegrzes.com\\\/wp-content\\\/uploads\\\/2025\\\/05\\\/VUELTA-RING-2-scaled.jpeg?fit=1813%2C2560&ssl=1\",\"width\":1813,\"height\":2560},{\"@type\":\"BreadcrumbList\",\"@id\":\"https:\\\/\\\/coraliegrzes.com\\\/es\\\/shop\\\/anillos\\\/anillo-vuelta\\\/#breadcrumb\",\"itemListElement\":[{\"@type\":\"ListItem\",\"position\":1,\"name\":\"Accueil\",\"item\":\"https:\\\/\\\/coraliegrzes.com\\\/es\\\/home\\\/\"},{\"@type\":\"ListItem\",\"position\":2,\"name\":\"Tienda\",\"item\":\"https:\\\/\\\/coraliegrzes.com\\\/es\\\/tienda\\\/\"},{\"@type\":\"ListItem\",\"position\":3,\"name\":\"Anillo VUELTA\"}]},{\"@type\":\"WebSite\",\"@id\":\"https:\\\/\\\/coraliegrzes.com\\\/es\\\/#website\",\"url\":\"https:\\\/\\\/coraliegrzes.com\\\/es\\\/\",\"name\":\"Coralie Grzes\",\"description\":\"Joyer\u00eda \u00c9tica\",\"publisher\":{\"@id\":\"https:\\\/\\\/coraliegrzes.com\\\/es\\\/#organization\"},\"potentialAction\":[{\"@type\":\"SearchAction\",\"target\":{\"@type\":\"EntryPoint\",\"urlTemplate\":\"https:\\\/\\\/coraliegrzes.com\\\/es\\\/?s={search_term_string}\"},\"query-input\":{\"@type\":\"PropertyValueSpecification\",\"valueRequired\":true,\"valueName\":\"search_term_string\"}}],\"inLanguage\":\"es\"},{\"@type\":\"Organization\",\"@id\":\"https:\\\/\\\/coraliegrzes.com\\\/es\\\/#organization\",\"name\":\"Coralie Grzes - Ethical Jewelry Handcrafted in Barcelona\",\"url\":\"https:\\\/\\\/coraliegrzes.com\\\/es\\\/\",\"logo\":{\"@type\":\"ImageObject\",\"inLanguage\":\"es\",\"@id\":\"https:\\\/\\\/coraliegrzes.com\\\/es\\\/#\\\/schema\\\/logo\\\/image\\\/\",\"url\":\"https:\\\/\\\/i0.wp.com\\\/coraliegrzes.com\\\/wp-content\\\/uploads\\\/2021\\\/04\\\/cropped-C.G-logo-insta-01.png?fit=512%2C512&ssl=1\",\"contentUrl\":\"https:\\\/\\\/i0.wp.com\\\/coraliegrzes.com\\\/wp-content\\\/uploads\\\/2021\\\/04\\\/cropped-C.G-logo-insta-01.png?fit=512%2C512&ssl=1\",\"width\":512,\"height\":512,\"caption\":\"Coralie Grzes - Ethical Jewelry Handcrafted in Barcelona\"},\"image\":{\"@id\":\"https:\\\/\\\/coraliegrzes.com\\\/es\\\/#\\\/schema\\\/logo\\\/image\\\/\"},\"sameAs\":[\"https:\\\/\\\/www.facebook.com\\\/CoralieGrzesJewelry\",\"https:\\\/\\\/www.instagram.com\\\/coraliegrzes\\\/\",\"https:\\\/\\\/www.pinterest.es\\\/coraliegrzes\\\/\"]}]}<\/script>\n<!-- \/ Yoast SEO plugin. -->","yoast_head_json":{"title":"Anillo VUELTA - Coralie Grzes","description":"Este anillo es una ilusi\u00f3n de tres medias anillas unidas. Hecho a mano por encargo en plata 925 en mi taller de Barcelona.","robots":{"index":"index","follow":"follow","max-snippet":"max-snippet:-1","max-image-preview":"max-image-preview:large","max-video-preview":"max-video-preview:-1"},"canonical":"https:\/\/coraliegrzes.com\/es\/shop\/anillos\/anillo-vuelta\/","og_locale":"es_ES","og_type":"article","og_title":"Anillo VUELTA - Coralie Grzes","og_description":"Este anillo es una ilusi\u00f3n de tres medias anillas unidas. Hecho a mano por encargo en plata 925 en mi taller de Barcelona.","og_url":"https:\/\/coraliegrzes.com\/es\/shop\/anillos\/anillo-vuelta\/","og_site_name":"Coralie Grzes","article_publisher":"https:\/\/www.facebook.com\/CoralieGrzesJewelry","article_modified_time":"2026-01-31T23:02:06+00:00","og_image":[{"width":1813,"height":2560,"url":"https:\/\/i0.wp.com\/coraliegrzes.com\/wp-content\/uploads\/2025\/05\/VUELTA-RING-2-scaled.jpeg?fit=1813%2C2560&ssl=1","type":"image\/jpeg"}],"twitter_card":"summary_large_image","twitter_misc":{"Tiempo de lectura":"1 minuto"},"schema":{"@context":"https:\/\/schema.org","@graph":[{"@type":"WebPage","@id":"https:\/\/coraliegrzes.com\/es\/shop\/anillos\/anillo-vuelta\/","url":"https:\/\/coraliegrzes.com\/es\/shop\/anillos\/anillo-vuelta\/","name":"Anillo VUELTA - Coralie Grzes","isPartOf":{"@id":"https:\/\/coraliegrzes.com\/es\/#website"},"primaryImageOfPage":{"@id":"https:\/\/coraliegrzes.com\/es\/shop\/anillos\/anillo-vuelta\/#primaryimage"},"image":{"@id":"https:\/\/coraliegrzes.com\/es\/shop\/anillos\/anillo-vuelta\/#primaryimage"},"thumbnailUrl":"https:\/\/i0.wp.com\/coraliegrzes.com\/wp-content\/uploads\/2025\/05\/VUELTA-RING-2-scaled.jpeg?fit=1813%2C2560&ssl=1","datePublished":"2025-05-06T09:16:42+00:00","dateModified":"2026-01-31T23:02:06+00:00","description":"Este anillo es una ilusi\u00f3n de tres medias anillas unidas. Hecho a mano por encargo en plata 925 en mi taller de Barcelona.","breadcrumb":{"@id":"https:\/\/coraliegrzes.com\/es\/shop\/anillos\/anillo-vuelta\/#breadcrumb"},"inLanguage":"es","potentialAction":[{"@type":"ReadAction","target":["https:\/\/coraliegrzes.com\/es\/shop\/anillos\/anillo-vuelta\/"]}]},{"@type":"ImageObject","inLanguage":"es","@id":"https:\/\/coraliegrzes.com\/es\/shop\/anillos\/anillo-vuelta\/#primaryimage","url":"https:\/\/i0.wp.com\/coraliegrzes.com\/wp-content\/uploads\/2025\/05\/VUELTA-RING-2-scaled.jpeg?fit=1813%2C2560&ssl=1","contentUrl":"https:\/\/i0.wp.com\/coraliegrzes.com\/wp-content\/uploads\/2025\/05\/VUELTA-RING-2-scaled.jpeg?fit=1813%2C2560&ssl=1","width":1813,"height":2560},{"@type":"BreadcrumbList","@id":"https:\/\/coraliegrzes.com\/es\/shop\/anillos\/anillo-vuelta\/#breadcrumb","itemListElement":[{"@type":"ListItem","position":1,"name":"Accueil","item":"https:\/\/coraliegrzes.com\/es\/home\/"},{"@type":"ListItem","position":2,"name":"Tienda","item":"https:\/\/coraliegrzes.com\/es\/tienda\/"},{"@type":"ListItem","position":3,"name":"Anillo VUELTA"}]},{"@type":"WebSite","@id":"https:\/\/coraliegrzes.com\/es\/#website","url":"https:\/\/coraliegrzes.com\/es\/","name":"Coralie Grzes","description":"Joyer\u00eda \u00c9tica","publisher":{"@id":"https:\/\/coraliegrzes.com\/es\/#organization"},"potentialAction":[{"@type":"SearchAction","target":{"@type":"EntryPoint","urlTemplate":"https:\/\/coraliegrzes.com\/es\/?s={search_term_string}"},"query-input":{"@type":"PropertyValueSpecification","valueRequired":true,"valueName":"search_term_string"}}],"inLanguage":"es"},{"@type":"Organization","@id":"https:\/\/coraliegrzes.com\/es\/#organization","name":"Coralie Grzes - Ethical Jewelry Handcrafted in Barcelona","url":"https:\/\/coraliegrzes.com\/es\/","logo":{"@type":"ImageObject","inLanguage":"es","@id":"https:\/\/coraliegrzes.com\/es\/#\/schema\/logo\/image\/","url":"https:\/\/i0.wp.com\/coraliegrzes.com\/wp-content\/uploads\/2021\/04\/cropped-C.G-logo-insta-01.png?fit=512%2C512&ssl=1","contentUrl":"https:\/\/i0.wp.com\/coraliegrzes.com\/wp-content\/uploads\/2021\/04\/cropped-C.G-logo-insta-01.png?fit=512%2C512&ssl=1","width":512,"height":512,"caption":"Coralie Grzes - Ethical Jewelry Handcrafted in Barcelona"},"image":{"@id":"https:\/\/coraliegrzes.com\/es\/#\/schema\/logo\/image\/"},"sameAs":["https:\/\/www.facebook.com\/CoralieGrzesJewelry","https:\/\/www.instagram.com\/coraliegrzes\/","https:\/\/www.pinterest.es\/coraliegrzes\/"]}]}},"jetpack_sharing_enabled":true,"_links":{"self":[{"href":"https:\/\/coraliegrzes.com\/es\/wp-json\/wp\/v2\/product\/9550","targetHints":{"allow":["GET"]}}],"collection":[{"href":"https:\/\/coraliegrzes.com\/es\/wp-json\/wp\/v2\/product"}],"about":[{"href":"https:\/\/coraliegrzes.com\/es\/wp-json\/wp\/v2\/types\/product"}],"replies":[{"embeddable":true,"href":"https:\/\/coraliegrzes.com\/es\/wp-json\/wp\/v2\/comments?post=9550"}],"wp:featuredmedia":[{"embeddable":true,"href":"https:\/\/coraliegrzes.com\/es\/wp-json\/wp\/v2\/media\/8686"}],"wp:attachment":[{"href":"https:\/\/coraliegrzes.com\/es\/wp-json\/wp\/v2\/media?parent=9550"}],"wp:term":[{"taxonomy":"product_brand","embeddable":true,"href":"https:\/\/coraliegrzes.com\/es\/wp-json\/wp\/v2\/product_brand?post=9550"},{"taxonomy":"product_cat","embeddable":true,"href":"https:\/\/coraliegrzes.com\/es\/wp-json\/wp\/v2\/product_cat?post=9550"},{"taxonomy":"product_tag","embeddable":true,"href":"https:\/\/coraliegrzes.com\/es\/wp-json\/wp\/v2\/product_tag?post=9550"}],"curies":[{"name":"wp","href":"https:\/\/api.w.org\/{rel}","templated":true}]}}