{"id":2775,"date":"2021-05-05T13:54:11","date_gmt":"2021-05-05T11:54:11","guid":{"rendered":"http:\/\/coraliegrzes.es\/a-propos-de-coralie\/"},"modified":"2025-09-04T16:13:04","modified_gmt":"2025-09-04T14:13:04","slug":"a-propos-de-coralie","status":"publish","type":"page","link":"https:\/\/coraliegrzes.com\/fr\/a-propos-de-coralie\/","title":{"rendered":"A propos de Coralie"},"content":{"rendered":"<section class=\"wpb-content-wrapper\">[vc_row thb_full_width=\u00a0\u00bbtrue\u00a0\u00bb content_placement=\u00a0\u00bbmiddle\u00a0\u00bb][vc_column css=\u00a0\u00bb.vc_custom_1623765823620{padding-top: 5% !important;padding-right: 10% !important;padding-bottom: 5% !important;padding-left: 10% !important;}\u00a0\u00bb][vc_column_text animation=\u00a0\u00bbanimation fade-in\u00a0\u00bb]\n<h2 style=\"text-align: center;\">A propos de Coralie<\/h2>\n[\/vc_column_text][vc_empty_space height=\u00a0\u00bb45px\u00a0\u00bb][vc_separator color=\u00a0\u00bbblack\u00a0\u00bb][vc_empty_space height=\u00a0\u00bb45px\u00a0\u00bb][vc_column_text animation=\u00a0\u00bbanimation fade-in\u00a0\u00bb]<span style=\"color: #000000;\"><span class=\"s1\">Coralie Grzes est une joaill\u00e8re fran\u00e7aise \u00e9tablie \u00e0 Barcelone depuis maintenant plusieurs ann\u00e9es.<\/span><span class=\"s2\"> Dans son travail, Coralie cherche tout d\u2019abord \u00e0 cr\u00e9er des pi\u00e8ces uniques, minimalistes et<\/span><span class=\"s1\"> harmonieuses qui s\u2019inscrivent aussi bien dans le monde de la joaillerie que celui du design de mode et industriel.<\/span><\/span><\/p>\n<p><span class=\"s1\" style=\"color: #000000;\">Pour ses productions la jeune cr\u00e9atrice m\u00eale aux designs contemporains des techniques classiques mais s\u2019adapte \u00e9galement \u00e0 des usages plus actuels et innovants.<\/span><\/p>\n<p><span class=\"s1\" style=\"color: #000000;\">Coralie trouve son inspiration dans diff\u00e9rents domaines qui l\u2019ont marqu\u00e9e, comme les d\u00e9tails architectoniques, la sculpture et la g\u00e9om\u00e9trie ethnique.<\/span>[\/vc_column_text][\/vc_column][\/vc_row][vc_row thb_full_width=\u00a0\u00bbtrue\u00a0\u00bb content_placement=\u00a0\u00bbmiddle\u00a0\u00bb][vc_column width=\u00a0\u00bb1\/2&Prime;]<div class=\"caption-style1 animation fade-in alignleft  thb_image_link wp-caption\"><img fetchpriority=\"high\" decoding=\"async\" width=\"1018\" height=\"1032\" src=\"https:\/\/i0.wp.com\/coraliegrzes.com\/wp-content\/uploads\/2021\/06\/About-Coralie-Grzes-Face-Web.jpg?fit=1018%2C1032&amp;ssl=1\" class=\"thb_image  attachment-full\" alt=\"\" title=\"A-propos-Coralie-Grzes-Face-Web\" srcset=\"https:\/\/i0.wp.com\/coraliegrzes.com\/wp-content\/uploads\/2021\/06\/About-Coralie-Grzes-Face-Web.jpg?w=1018&amp;ssl=1 1018w, https:\/\/i0.wp.com\/coraliegrzes.com\/wp-content\/uploads\/2021\/06\/About-Coralie-Grzes-Face-Web.jpg?resize=296%2C300&amp;ssl=1 296w, https:\/\/i0.wp.com\/coraliegrzes.com\/wp-content\/uploads\/2021\/06\/About-Coralie-Grzes-Face-Web.jpg?resize=1010%2C1024&amp;ssl=1 1010w, https:\/\/i0.wp.com\/coraliegrzes.com\/wp-content\/uploads\/2021\/06\/About-Coralie-Grzes-Face-Web.jpg?resize=768%2C779&amp;ssl=1 768w, https:\/\/i0.wp.com\/coraliegrzes.com\/wp-content\/uploads\/2021\/06\/About-Coralie-Grzes-Face-Web.jpg?resize=430%2C436&amp;ssl=1 430w, https:\/\/i0.wp.com\/coraliegrzes.com\/wp-content\/uploads\/2021\/06\/About-Coralie-Grzes-Face-Web.jpg?resize=860%2C872&amp;ssl=1 860w, https:\/\/i0.wp.com\/coraliegrzes.com\/wp-content\/uploads\/2021\/06\/About-Coralie-Grzes-Face-Web.jpg?resize=800%2C811&amp;ssl=1 800w, https:\/\/i0.wp.com\/coraliegrzes.com\/wp-content\/uploads\/2021\/06\/About-Coralie-Grzes-Face-Web.jpg?resize=100%2C100&amp;ssl=1 100w\" sizes=\"(max-width: 1000px) 100vw, 1000px\" \/><\/div>[\/vc_column][vc_column width=\u00a0\u00bb1\/2&Prime; css=\u00a0\u00bb.vc_custom_1503597833255{padding-top: 10% !important;padding-right: 15% !important;padding-bottom: 10% !important;padding-left: 15% !important;}\u00a0\u00bb][vc_empty_space height=\u00a0\u00bb45px\u00a0\u00bb][vc_column_text animation=\u00a0\u00bbanimation fade-in\u00a0\u00bb]\n<p style=\"text-align: center;\"><span style=\"color: #000000;\"><em><span class=\"s1\">\u00ab Les bijoux sont des objets qui nous parent, renforcent notre allure accentuent notre personnalit\u00e9 et \u00e0 travers lesquels nous projetons nos croyances, nos peurs et nos d\u00e9sirs. J\u2019aime le fait de travailler avec ces valeurs esth\u00e9tiques et sentimentales et en faire d\u2019eux des objets indispensables \u00e0 ceux qui les portent \u00bb<\/span><\/em><\/span><\/p>\n[\/vc_column_text][vc_empty_space height=\u00a0\u00bb45px\u00a0\u00bb]\t<div id=\"thb-iconbox-69d25af959a57\" class=\"thb-iconbox top type1 text-center animation-true\" href=\"\" target=\"\" data-animation_speed=\"1.5\">\n\t\t\t\t\t\t<figure class=\"iconbox-image\">\n\t\t\t<img decoding=\"async\" width=\"750\" height=\"750\" src=\"https:\/\/i0.wp.com\/coraliegrzes.com\/wp-content\/uploads\/2021\/04\/Sin-ti%CC%81tulo-4-01.jpg?fit=750%2C750&amp;ssl=1\" class=\"thb_image attachment-full\" alt=\"\" title=\"Logo\" \/>\t\t<\/figure>\n\t\t\t\t<div class=\"iconbox-content\">\n\t\t\t\t\t\t\t\t<\/div>\n\t\t<style>\n\t\t\t\t\t\t\t\t\t\t\t\t\t\t\t\t\t\t\t\t<\/style>\n\t<\/div>\n\t[\/vc_column][\/vc_row][vc_row thb_full_width=\u00a0\u00bbtrue\u00a0\u00bb content_placement=\u00a0\u00bbmiddle\u00a0\u00bb css=\u00a0\u00bb.vc_custom_1615902081741{padding-top: 5% !important;}\u00a0\u00bb][vc_column width=\u00a0\u00bb1\/2&Prime;]<div class=\"caption-style1 animation fade-in alignleft  thb_image_link wp-caption\"><img decoding=\"async\" width=\"1018\" height=\"1032\" src=\"https:\/\/i0.wp.com\/coraliegrzes.com\/wp-content\/uploads\/2021\/06\/About-Coralie-Grzes-Punzon-Web.jpg?fit=1018%2C1032&amp;ssl=1\" class=\"thb_image  attachment-full\" alt=\"\" title=\"A-propos-Coralie-Grzes-Atelier-poin\u00e7on-web\" srcset=\"https:\/\/i0.wp.com\/coraliegrzes.com\/wp-content\/uploads\/2021\/06\/About-Coralie-Grzes-Punzon-Web.jpg?w=1018&amp;ssl=1 1018w, https:\/\/i0.wp.com\/coraliegrzes.com\/wp-content\/uploads\/2021\/06\/About-Coralie-Grzes-Punzon-Web.jpg?resize=296%2C300&amp;ssl=1 296w, https:\/\/i0.wp.com\/coraliegrzes.com\/wp-content\/uploads\/2021\/06\/About-Coralie-Grzes-Punzon-Web.jpg?resize=1010%2C1024&amp;ssl=1 1010w, https:\/\/i0.wp.com\/coraliegrzes.com\/wp-content\/uploads\/2021\/06\/About-Coralie-Grzes-Punzon-Web.jpg?resize=768%2C779&amp;ssl=1 768w, https:\/\/i0.wp.com\/coraliegrzes.com\/wp-content\/uploads\/2021\/06\/About-Coralie-Grzes-Punzon-Web.jpg?resize=430%2C436&amp;ssl=1 430w, https:\/\/i0.wp.com\/coraliegrzes.com\/wp-content\/uploads\/2021\/06\/About-Coralie-Grzes-Punzon-Web.jpg?resize=860%2C872&amp;ssl=1 860w, https:\/\/i0.wp.com\/coraliegrzes.com\/wp-content\/uploads\/2021\/06\/About-Coralie-Grzes-Punzon-Web.jpg?resize=800%2C811&amp;ssl=1 800w, https:\/\/i0.wp.com\/coraliegrzes.com\/wp-content\/uploads\/2021\/06\/About-Coralie-Grzes-Punzon-Web.jpg?resize=100%2C100&amp;ssl=1 100w\" sizes=\"(max-width: 1000px) 100vw, 1000px\" \/><\/div>[\/vc_column][vc_column width=\u00a0\u00bb1\/2&Prime; css=\u00a0\u00bb.vc_custom_1623767093914{padding-top: 5% !important;padding-right: 10% !important;padding-bottom: 5% !important;padding-left: 10% !important;}\u00a0\u00bb][vc_column_text animation=\u00a0\u00bbanimation fade-in\u00a0\u00bb]<span class=\"s1\" style=\"color: #000000;\">La joaill\u00e8re accorde une grande importance au savoir-faire artisanal, \u00e0 ce que ses pi\u00e8ces soient enti\u00e8rement r\u00e9alis\u00e9es par sa main, dans son atelier; de la fonte du m\u00e9tal jusqu\u2019au polissage du bijoux, De plus, les m\u00e9taux utilis\u00e9s sont certifi\u00e9s par le label <strong><a style=\"color: #000000;\" href=\"https:\/\/coraliegrzes.com\/fr\/or-ethique\/\">Fairmined<\/a><\/strong> ou recycl\u00e9s.<\/span><\/p>\n<p><span class=\"s1\" style=\"color: #000000;\">Coralie ouvre \u00e9galement aussi les portes de son atelier au public et propose des <strong><a style=\"color: #000000;\" href=\"https:\/\/coraliegrzes.com\/fr\/ateliers-experiences\/\"><span class=\"s2\">ateliers<\/span><\/a><\/strong> pour en d\u00e9voiler plus sur le processus de fabrication et les diff\u00e9rentes techniques utilis\u00e9es, c\u2019est aussi un moyen pour elle de partager et transmettre sa passion. D\u00e9couvrez les exp\u00e9riences uniques et apprenez \u00e0 fa\u00e7onner vous-m\u00eame vos propres bagues, initiez-vous aux techniques de la joaillerie en faisant partie du processus de fabrication de A \u00e0 Z! <\/span><\/p>\n<p><span class=\"s1\" style=\"color: #000000;\">Pour la jeune joaill\u00e8re, l\u2019importance d\u2019un bijou r\u00e9side dans son authenticit\u00e9, dans l\u2019importance qu\u2019il peut repr\u00e9senter dans la vie d\u2019une personne. C\u2019est un t\u00e9moin du temps qui s\u2019\u00e9coule mais aussi un h\u00e9ritage, un souvenir.<\/span>[\/vc_column_text][vc_empty_space height=\u00a0\u00bb45px\u00a0\u00bb][\/vc_column][\/vc_row][vc_row thb_full_width=\u00a0\u00bbtrue\u00a0\u00bb content_placement=\u00a0\u00bbmiddle\u00a0\u00bb css=\u00a0\u00bb.vc_custom_1623080630994{padding-top: 5% !important;}\u00a0\u00bb][vc_column width=\u00a0\u00bb1\/2&Prime; css=\u00a0\u00bb.vc_custom_1623767135404{padding-top: 5% !important;padding-right: 10% !important;padding-bottom: 5% !important;padding-left: 10% !important;}\u00a0\u00bb][vc_column_text animation=\u00a0\u00bbanimation fade-in\u00a0\u00bb]\n<h2 style=\"text-align: center;\"><span style=\"color: #000000;\">VISITEZ MON ATELIER \/ SHOWROOM<\/span><\/h2>\n[\/vc_column_text][vc_empty_space height=\u00a0\u00bb45px\u00a0\u00bb][vc_column_text animation=\u00a0\u00bbanimation fade-in\u00a0\u00bb]<span style=\"color: #000000;\">Mon atelier est \u00e9galement un petit showroom que vous pouvez visiter sur rendez-vous.<\/span><br \/>\n<span style=\"color: #000000;\">Je serai ravie de vous rencontrer et de vous faire d\u00e9couvrir l&rsquo;endroit o\u00f9 je cr\u00e9e tous mes bijoux.<\/span><\/p>\n<p><span style=\"color: #000000;\">Lors de votre visite, vous pourrez d\u00e9couvrir, essayer et m\u00eame acheter les pi\u00e8ces disponibles \u00e0 l&rsquo;atelier.<br \/>\nSi vous souhaitez une pi\u00e8ce que je n&rsquo;ai pas en stock lors de votre visite, pas d&rsquo;inqui\u00e9tude, vous pourrez passer commande \u00e0 ce moment-l\u00e0.<\/span>[\/vc_column_text][vc_empty_space height=\u00a0\u00bb45px\u00a0\u00bb]\t<a class=\"btn alt full  animation bottom-to-top medium \" href=\"https:\/\/coraliegrzes.com\/fr\/contact\/\" target=\"_blank\" role=\"button\" title=\"R\u00e9servez votre rendez-vous \u00e0 l&#039;atelier\"><span>R\u00e9servez votre rendez-vous \u00e0 l&#039;atelier<\/span><\/a>\n\n\t[vc_empty_space height=\u00a0\u00bb45px\u00a0\u00bb][vc_column_text animation=\u00a0\u00bbanimation fade-in\u00a0\u00bb]\n<h2 style=\"text-align: center;\"><span style=\"color: #000000;\">HORAIRES D&rsquo;OUVERTURES STUDIO\/SHOWROOM<\/span><\/h2>\n[\/vc_column_text][vc_empty_space height=\u00a0\u00bb45px\u00a0\u00bb][vc_column_text animation=\u00a0\u00bbanimation fade-in\u00a0\u00bb el_class=\u00a0\u00bbsmall-text\u00a0\u00bb]\n<ul>\n<li><span style=\"color: #000000;\">Lundi-Mercredi-Vendredi : 10h00-17h00<\/span><\/li>\n<li><span style=\"color: #000000;\">Mardi et jeudi : 10h00-15h00<\/span><\/li>\n<li><span style=\"color: #000000;\">Samedi : Uniquement sur demande.<\/span><\/li>\n<\/ul>\n<p><span style=\"color: #000000;\">Mon atelier est situ\u00e9 dans le quartier de Sants \u00e0 Barcelone. La station de m\u00e9tro la plus proche est Mercat Nou (ligne 1).<\/span>[\/vc_column_text][vc_empty_space height=\u00a0\u00bb45px\u00a0\u00bb][\/vc_column][vc_column width=\u00a0\u00bb1\/2&Prime;]<div class=\"caption-style1 animation fade-in alignleft  thb_image_link wp-caption\"><img loading=\"lazy\" decoding=\"async\" width=\"1018\" height=\"1032\" src=\"https:\/\/i0.wp.com\/coraliegrzes.com\/wp-content\/uploads\/2021\/06\/About-Coralie-Grzes-Taller-Web.jpg?fit=1018%2C1032&amp;ssl=1\" class=\"thb_image  attachment-full\" alt=\"\" title=\"A-propos-Coralie-Grzes-Atelier-Web\" srcset=\"https:\/\/i0.wp.com\/coraliegrzes.com\/wp-content\/uploads\/2021\/06\/About-Coralie-Grzes-Taller-Web.jpg?w=1018&amp;ssl=1 1018w, https:\/\/i0.wp.com\/coraliegrzes.com\/wp-content\/uploads\/2021\/06\/About-Coralie-Grzes-Taller-Web.jpg?resize=296%2C300&amp;ssl=1 296w, https:\/\/i0.wp.com\/coraliegrzes.com\/wp-content\/uploads\/2021\/06\/About-Coralie-Grzes-Taller-Web.jpg?resize=1010%2C1024&amp;ssl=1 1010w, https:\/\/i0.wp.com\/coraliegrzes.com\/wp-content\/uploads\/2021\/06\/About-Coralie-Grzes-Taller-Web.jpg?resize=768%2C779&amp;ssl=1 768w, https:\/\/i0.wp.com\/coraliegrzes.com\/wp-content\/uploads\/2021\/06\/About-Coralie-Grzes-Taller-Web.jpg?resize=430%2C436&amp;ssl=1 430w, https:\/\/i0.wp.com\/coraliegrzes.com\/wp-content\/uploads\/2021\/06\/About-Coralie-Grzes-Taller-Web.jpg?resize=860%2C872&amp;ssl=1 860w, https:\/\/i0.wp.com\/coraliegrzes.com\/wp-content\/uploads\/2021\/06\/About-Coralie-Grzes-Taller-Web.jpg?resize=800%2C811&amp;ssl=1 800w, https:\/\/i0.wp.com\/coraliegrzes.com\/wp-content\/uploads\/2021\/06\/About-Coralie-Grzes-Taller-Web.jpg?resize=100%2C100&amp;ssl=1 100w\" sizes=\"(max-width: 1000px) 100vw, 1000px\" \/><\/div>[\/vc_column][\/vc_row]\n<\/section>","protected":false},"excerpt":{"rendered":"<p>[vc_row thb_full_width=\u00a0\u00bbtrue\u00a0\u00bb content_placement=\u00a0\u00bbmiddle\u00a0\u00bb][vc_column css=\u00a0\u00bb.vc_custom_1623765823620{padding-top: 5% !important;padding-right: 10% !important;padding-bottom: 5% !important;padding-left: 10% !important;}\u00a0\u00bb][vc_column_text animation=\u00a0\u00bbanimation fade-in\u00a0\u00bb] A propos de Coralie [\/vc_column_text][vc_empty_space height=\u00a0\u00bb45px\u00a0\u00bb][vc_separator color=\u00a0\u00bbblack\u00a0\u00bb][vc_empty_space height=\u00a0\u00bb45px\u00a0\u00bb][vc_column_text animation=\u00a0\u00bbanimation fade-in\u00a0\u00bb]Coralie Grzes&hellip;<\/p>\n","protected":false},"author":1,"featured_media":0,"parent":0,"menu_order":0,"comment_status":"closed","ping_status":"closed","template":"","meta":{"footnotes":""},"class_list":["post-2775","page","type-page","status-publish","hentry"],"yoast_head":"<!-- This site is optimized with the Yoast SEO plugin v27.3 - https:\/\/yoast.com\/product\/yoast-seo-wordpress\/ -->\n<title>A propos de Coralie - Coralie Grzes<\/title>\n<meta name=\"description\" content=\"Coralie Grzes est une marque de bijoux \u00e9thiques bas\u00e9e \u00e0 Barcelone se concentrant sur une fabrication artisanale et consciente en or et argent Fairmined.\" \/>\n<meta name=\"robots\" content=\"index, follow, max-snippet:-1, max-image-preview:large, max-video-preview:-1\" \/>\n<link rel=\"canonical\" href=\"https:\/\/coraliegrzes.com\/fr\/a-propos-de-coralie\/\" \/>\n<meta property=\"og:locale\" content=\"fr_FR\" \/>\n<meta property=\"og:type\" content=\"article\" \/>\n<meta property=\"og:title\" content=\"Cr\u00e9atrice de bijoux Coralie Grzes bas\u00e9e \u00e0 Barcelone\" \/>\n<meta property=\"og:description\" content=\"Coralie Grzes est une cr\u00e9atrice de bijoux fran\u00e7aise bas\u00e9e \u00e0 Barcelone. Elle travaille exclusivement avec des mati\u00e8res premi\u00e8res d&#039;origine \u00e9thique sous le label Fairmined depuis 2017.\" \/>\n<meta property=\"og:url\" content=\"https:\/\/coraliegrzes.com\/fr\/a-propos-de-coralie\/\" \/>\n<meta property=\"og:site_name\" content=\"Coralie Grzes\" \/>\n<meta property=\"article:publisher\" content=\"https:\/\/www.facebook.com\/CoralieGrzesJewelry\" \/>\n<meta property=\"article:modified_time\" content=\"2025-09-04T14:13:04+00:00\" \/>\n<meta property=\"og:image\" content=\"https:\/\/coraliegrzes.com\/wp-content\/uploads\/2021\/02\/workshop-create-your-own-ring-barcelona-coralie-grzes-1-wp-262x300.jpg\" \/>\n<meta name=\"twitter:card\" content=\"summary_large_image\" \/>\n<meta name=\"twitter:label1\" content=\"Dur\u00e9e de lecture estim\u00e9e\" \/>\n\t<meta name=\"twitter:data1\" content=\"4 minutes\" \/>\n<script type=\"application\/ld+json\" class=\"yoast-schema-graph\">{\"@context\":\"https:\\\/\\\/schema.org\",\"@graph\":[{\"@type\":\"WebPage\",\"@id\":\"https:\\\/\\\/coraliegrzes.com\\\/fr\\\/a-propos-de-coralie\\\/\",\"url\":\"https:\\\/\\\/coraliegrzes.com\\\/fr\\\/a-propos-de-coralie\\\/\",\"name\":\"A propos de Coralie - Coralie Grzes\",\"isPartOf\":{\"@id\":\"https:\\\/\\\/coraliegrzes.com\\\/fr\\\/#website\"},\"datePublished\":\"2021-05-05T11:54:11+00:00\",\"dateModified\":\"2025-09-04T14:13:04+00:00\",\"description\":\"Coralie Grzes est une marque de bijoux \u00e9thiques bas\u00e9e \u00e0 Barcelone se concentrant sur une fabrication artisanale et consciente en or et argent Fairmined.\",\"breadcrumb\":{\"@id\":\"https:\\\/\\\/coraliegrzes.com\\\/fr\\\/a-propos-de-coralie\\\/#breadcrumb\"},\"inLanguage\":\"fr-FR\",\"potentialAction\":[{\"@type\":\"ReadAction\",\"target\":[\"https:\\\/\\\/coraliegrzes.com\\\/fr\\\/a-propos-de-coralie\\\/\"]}]},{\"@type\":\"BreadcrumbList\",\"@id\":\"https:\\\/\\\/coraliegrzes.com\\\/fr\\\/a-propos-de-coralie\\\/#breadcrumb\",\"itemListElement\":[{\"@type\":\"ListItem\",\"position\":1,\"name\":\"Accueil\",\"item\":\"https:\\\/\\\/coraliegrzes.com\\\/fr\\\/page-daccueil\\\/\"},{\"@type\":\"ListItem\",\"position\":2,\"name\":\"A propos de Coralie\"}]},{\"@type\":\"WebSite\",\"@id\":\"https:\\\/\\\/coraliegrzes.com\\\/fr\\\/#website\",\"url\":\"https:\\\/\\\/coraliegrzes.com\\\/fr\\\/\",\"name\":\"Coralie Grzes\",\"description\":\"Joaillerie \u00c9thique\",\"publisher\":{\"@id\":\"https:\\\/\\\/coraliegrzes.com\\\/fr\\\/#organization\"},\"potentialAction\":[{\"@type\":\"SearchAction\",\"target\":{\"@type\":\"EntryPoint\",\"urlTemplate\":\"https:\\\/\\\/coraliegrzes.com\\\/fr\\\/?s={search_term_string}\"},\"query-input\":{\"@type\":\"PropertyValueSpecification\",\"valueRequired\":true,\"valueName\":\"search_term_string\"}}],\"inLanguage\":\"fr-FR\"},{\"@type\":\"Organization\",\"@id\":\"https:\\\/\\\/coraliegrzes.com\\\/fr\\\/#organization\",\"name\":\"Coralie Grzes - Ethical Jewelry Handcrafted in Barcelona\",\"url\":\"https:\\\/\\\/coraliegrzes.com\\\/fr\\\/\",\"logo\":{\"@type\":\"ImageObject\",\"inLanguage\":\"fr-FR\",\"@id\":\"https:\\\/\\\/coraliegrzes.com\\\/fr\\\/#\\\/schema\\\/logo\\\/image\\\/\",\"url\":\"https:\\\/\\\/i0.wp.com\\\/coraliegrzes.com\\\/wp-content\\\/uploads\\\/2021\\\/04\\\/cropped-C.G-logo-insta-01.png?fit=512%2C512&ssl=1\",\"contentUrl\":\"https:\\\/\\\/i0.wp.com\\\/coraliegrzes.com\\\/wp-content\\\/uploads\\\/2021\\\/04\\\/cropped-C.G-logo-insta-01.png?fit=512%2C512&ssl=1\",\"width\":512,\"height\":512,\"caption\":\"Coralie Grzes - Ethical Jewelry Handcrafted in Barcelona\"},\"image\":{\"@id\":\"https:\\\/\\\/coraliegrzes.com\\\/fr\\\/#\\\/schema\\\/logo\\\/image\\\/\"},\"sameAs\":[\"https:\\\/\\\/www.facebook.com\\\/CoralieGrzesJewelry\",\"https:\\\/\\\/www.instagram.com\\\/coraliegrzes\\\/\",\"https:\\\/\\\/www.pinterest.es\\\/coraliegrzes\\\/\"]}]}<\/script>\n<!-- \/ Yoast SEO plugin. -->","yoast_head_json":{"title":"A propos de Coralie - Coralie Grzes","description":"Coralie Grzes est une marque de bijoux \u00e9thiques bas\u00e9e \u00e0 Barcelone se concentrant sur une fabrication artisanale et consciente en or et argent Fairmined.","robots":{"index":"index","follow":"follow","max-snippet":"max-snippet:-1","max-image-preview":"max-image-preview:large","max-video-preview":"max-video-preview:-1"},"canonical":"https:\/\/coraliegrzes.com\/fr\/a-propos-de-coralie\/","og_locale":"fr_FR","og_type":"article","og_title":"Cr\u00e9atrice de bijoux Coralie Grzes bas\u00e9e \u00e0 Barcelone","og_description":"Coralie Grzes est une cr\u00e9atrice de bijoux fran\u00e7aise bas\u00e9e \u00e0 Barcelone. Elle travaille exclusivement avec des mati\u00e8res premi\u00e8res d'origine \u00e9thique sous le label Fairmined depuis 2017.","og_url":"https:\/\/coraliegrzes.com\/fr\/a-propos-de-coralie\/","og_site_name":"Coralie Grzes","article_publisher":"https:\/\/www.facebook.com\/CoralieGrzesJewelry","article_modified_time":"2025-09-04T14:13:04+00:00","og_image":[{"url":"https:\/\/coraliegrzes.com\/wp-content\/uploads\/2021\/02\/workshop-create-your-own-ring-barcelona-coralie-grzes-1-wp-262x300.jpg","type":"","width":"","height":""}],"twitter_card":"summary_large_image","twitter_misc":{"Dur\u00e9e de lecture estim\u00e9e":"4 minutes"},"schema":{"@context":"https:\/\/schema.org","@graph":[{"@type":"WebPage","@id":"https:\/\/coraliegrzes.com\/fr\/a-propos-de-coralie\/","url":"https:\/\/coraliegrzes.com\/fr\/a-propos-de-coralie\/","name":"A propos de Coralie - Coralie Grzes","isPartOf":{"@id":"https:\/\/coraliegrzes.com\/fr\/#website"},"datePublished":"2021-05-05T11:54:11+00:00","dateModified":"2025-09-04T14:13:04+00:00","description":"Coralie Grzes est une marque de bijoux \u00e9thiques bas\u00e9e \u00e0 Barcelone se concentrant sur une fabrication artisanale et consciente en or et argent Fairmined.","breadcrumb":{"@id":"https:\/\/coraliegrzes.com\/fr\/a-propos-de-coralie\/#breadcrumb"},"inLanguage":"fr-FR","potentialAction":[{"@type":"ReadAction","target":["https:\/\/coraliegrzes.com\/fr\/a-propos-de-coralie\/"]}]},{"@type":"BreadcrumbList","@id":"https:\/\/coraliegrzes.com\/fr\/a-propos-de-coralie\/#breadcrumb","itemListElement":[{"@type":"ListItem","position":1,"name":"Accueil","item":"https:\/\/coraliegrzes.com\/fr\/page-daccueil\/"},{"@type":"ListItem","position":2,"name":"A propos de Coralie"}]},{"@type":"WebSite","@id":"https:\/\/coraliegrzes.com\/fr\/#website","url":"https:\/\/coraliegrzes.com\/fr\/","name":"Coralie Grzes","description":"Joaillerie \u00c9thique","publisher":{"@id":"https:\/\/coraliegrzes.com\/fr\/#organization"},"potentialAction":[{"@type":"SearchAction","target":{"@type":"EntryPoint","urlTemplate":"https:\/\/coraliegrzes.com\/fr\/?s={search_term_string}"},"query-input":{"@type":"PropertyValueSpecification","valueRequired":true,"valueName":"search_term_string"}}],"inLanguage":"fr-FR"},{"@type":"Organization","@id":"https:\/\/coraliegrzes.com\/fr\/#organization","name":"Coralie Grzes - Ethical Jewelry Handcrafted in Barcelona","url":"https:\/\/coraliegrzes.com\/fr\/","logo":{"@type":"ImageObject","inLanguage":"fr-FR","@id":"https:\/\/coraliegrzes.com\/fr\/#\/schema\/logo\/image\/","url":"https:\/\/i0.wp.com\/coraliegrzes.com\/wp-content\/uploads\/2021\/04\/cropped-C.G-logo-insta-01.png?fit=512%2C512&ssl=1","contentUrl":"https:\/\/i0.wp.com\/coraliegrzes.com\/wp-content\/uploads\/2021\/04\/cropped-C.G-logo-insta-01.png?fit=512%2C512&ssl=1","width":512,"height":512,"caption":"Coralie Grzes - Ethical Jewelry Handcrafted in Barcelona"},"image":{"@id":"https:\/\/coraliegrzes.com\/fr\/#\/schema\/logo\/image\/"},"sameAs":["https:\/\/www.facebook.com\/CoralieGrzesJewelry","https:\/\/www.instagram.com\/coraliegrzes\/","https:\/\/www.pinterest.es\/coraliegrzes\/"]}]}},"jetpack_sharing_enabled":true,"_links":{"self":[{"href":"https:\/\/coraliegrzes.com\/fr\/wp-json\/wp\/v2\/pages\/2775","targetHints":{"allow":["GET"]}}],"collection":[{"href":"https:\/\/coraliegrzes.com\/fr\/wp-json\/wp\/v2\/pages"}],"about":[{"href":"https:\/\/coraliegrzes.com\/fr\/wp-json\/wp\/v2\/types\/page"}],"author":[{"embeddable":true,"href":"https:\/\/coraliegrzes.com\/fr\/wp-json\/wp\/v2\/users\/1"}],"replies":[{"embeddable":true,"href":"https:\/\/coraliegrzes.com\/fr\/wp-json\/wp\/v2\/comments?post=2775"}],"version-history":[{"count":100,"href":"https:\/\/coraliegrzes.com\/fr\/wp-json\/wp\/v2\/pages\/2775\/revisions"}],"predecessor-version":[{"id":10340,"href":"https:\/\/coraliegrzes.com\/fr\/wp-json\/wp\/v2\/pages\/2775\/revisions\/10340"}],"wp:attachment":[{"href":"https:\/\/coraliegrzes.com\/fr\/wp-json\/wp\/v2\/media?parent=2775"}],"curies":[{"name":"wp","href":"https:\/\/api.w.org\/{rel}","templated":true}]}}