{"id":2785,"date":"2021-05-06T14:33:41","date_gmt":"2021-05-06T12:33:41","guid":{"rendered":"http:\/\/coraliegrzes.es\/pierres-precieuses-dorigines-tracables\/"},"modified":"2021-06-30T12:10:19","modified_gmt":"2021-06-30T10:10:19","slug":"pierres-precieuses-dorigines-tracables","status":"publish","type":"page","link":"https:\/\/coraliegrzes.com\/fr\/pierres-precieuses-dorigines-tracables\/","title":{"rendered":"Pierres pr\u00e9cieuses tra\u00e7ables"},"content":{"rendered":"<section class=\"wpb-content-wrapper\">[vc_row thb_full_width=\u00a0\u00bbtrue\u00a0\u00bb content_placement=\u00a0\u00bbmiddle\u00a0\u00bb][vc_column css=\u00a0\u00bb.vc_custom_1623766381068{padding-top: 5% !important;padding-right: 10% !important;padding-bottom: 5% !important;padding-left: 10% !important;}\u00a0\u00bb][vc_column_text animation=\u00a0\u00bbanimation fade-in\u00a0\u00bb]\n<h2 style=\"text-align: center;\">Des pierres pr\u00e9cieuses tra\u00e7ables<\/h2>\n[\/vc_column_text][vc_empty_space height=\u00a0\u00bb45px\u00a0\u00bb][vc_separator color=\u00a0\u00bbblack\u00a0\u00bb][vc_empty_space height=\u00a0\u00bb45px\u00a0\u00bb][vc_column_text animation=\u00a0\u00bbanimation fade-in\u00a0\u00bb]<span style=\"color: #000000;\">Apr\u00e8s l&rsquo;incorporation d&rsquo;or et argent \u00e9thique dans la fabrication de ses bijoux, il \u00e9tait impensable pour Coralie de ne pas en faire autant pour les pierres pr\u00e9cieuses et perles qu&rsquo;elle utilise dans ses collections. Les mines de pierres pr\u00e9cieuses et les fermes de perles de cultures ont \u00e9galement un impact consid\u00e9rable sur notre environnement et beaucoup d&rsquo;entre elles restent encore aujourd&rsquo;hui tr\u00e8s opaques sur leur pratiques (sociales, environnementales et l\u00e9gales). Coralie ne travaille qu&rsquo;avec des fournisseurs qui peuvent certifier l&rsquo;origine de la pierre, son lieu de taille et s&rsquo;assurent \u00e9galement que les conditions d&rsquo;extraction ou de production sont respectueuses de la s\u00e9curit\u00e9 des travailleurs et de l&rsquo;environnement.<\/span>[\/vc_column_text][\/vc_column][\/vc_row][vc_row thb_full_width=\u00a0\u00bbtrue\u00a0\u00bb content_placement=\u00a0\u00bbmiddle\u00a0\u00bb css=\u00a0\u00bb.vc_custom_1623853212864{padding-bottom: 5% !important;}\u00a0\u00bb][vc_column width=\u00a0\u00bb1\/2&Prime;]<div class=\"caption-style1 animation fade-in alignleft  thb_image_link wp-caption\"><img fetchpriority=\"high\" decoding=\"async\" width=\"1018\" height=\"1032\" src=\"https:\/\/i0.wp.com\/coraliegrzes.com\/wp-content\/uploads\/2021\/06\/Traceable-Gems-Sustainable-Pearls-Coralie-Grzes-Web.jpg?fit=1018%2C1032&amp;ssl=1\" class=\"thb_image  attachment-full\" alt=\"\" title=\"Perles-tra\u00e7ables-origine-connue-de-culture-responsable-Coralie-Grzes-Web\" srcset=\"https:\/\/i0.wp.com\/coraliegrzes.com\/wp-content\/uploads\/2021\/06\/Traceable-Gems-Sustainable-Pearls-Coralie-Grzes-Web.jpg?w=1018&amp;ssl=1 1018w, https:\/\/i0.wp.com\/coraliegrzes.com\/wp-content\/uploads\/2021\/06\/Traceable-Gems-Sustainable-Pearls-Coralie-Grzes-Web.jpg?resize=296%2C300&amp;ssl=1 296w, https:\/\/i0.wp.com\/coraliegrzes.com\/wp-content\/uploads\/2021\/06\/Traceable-Gems-Sustainable-Pearls-Coralie-Grzes-Web.jpg?resize=1010%2C1024&amp;ssl=1 1010w, https:\/\/i0.wp.com\/coraliegrzes.com\/wp-content\/uploads\/2021\/06\/Traceable-Gems-Sustainable-Pearls-Coralie-Grzes-Web.jpg?resize=768%2C779&amp;ssl=1 768w, https:\/\/i0.wp.com\/coraliegrzes.com\/wp-content\/uploads\/2021\/06\/Traceable-Gems-Sustainable-Pearls-Coralie-Grzes-Web.jpg?resize=430%2C436&amp;ssl=1 430w, https:\/\/i0.wp.com\/coraliegrzes.com\/wp-content\/uploads\/2021\/06\/Traceable-Gems-Sustainable-Pearls-Coralie-Grzes-Web.jpg?resize=860%2C872&amp;ssl=1 860w, https:\/\/i0.wp.com\/coraliegrzes.com\/wp-content\/uploads\/2021\/06\/Traceable-Gems-Sustainable-Pearls-Coralie-Grzes-Web.jpg?resize=800%2C811&amp;ssl=1 800w, https:\/\/i0.wp.com\/coraliegrzes.com\/wp-content\/uploads\/2021\/06\/Traceable-Gems-Sustainable-Pearls-Coralie-Grzes-Web.jpg?resize=100%2C100&amp;ssl=1 100w\" sizes=\"(max-width: 1000px) 100vw, 1000px\" \/><\/div>[\/vc_column][vc_column width=\u00a0\u00bb1\/2&Prime; css=\u00a0\u00bb.vc_custom_1623767568937{padding-top: 5% !important;padding-right: 10% !important;padding-bottom: 5% !important;padding-left: 10% !important;}\u00a0\u00bb][vc_column_text animation=\u00a0\u00bbanimation fade-in\u00a0\u00bb]\n<h2 style=\"text-align: center;\">Perles de cultures durables<\/h2>\n[\/vc_column_text][vc_empty_space height=\u00a0\u00bb45px\u00a0\u00bb][vc_column_text animation=\u00a0\u00bbanimation fade-in\u00a0\u00bb]<span style=\"color: #000000;\">Les perles aussi proviennent de fermes de culture d&rsquo;origines connues et garantissant des conditions de travail justes et respectueuses \u00e9galement de l\u2019environnement. Les perles de cultures utilis\u00e9es dans mes bijoux proviennent du japon ou du Vietnam, deux pays pionniers dans la production de perles de cultures Akoya. L&rsquo;origine d\u00e9pend de la couleur et de la forme de la perle.<\/span><\/p>\n<p><span style=\"color: #000000;\">Aucun traitement ou modification de la teinte ou du lustre n&rsquo;est appliqu\u00e9 sur les perles. Mes fournisseurs assurent le maintien de la qualit\u00e9 et de ces conditions justes en visitant eux-m\u00eames les fermes avec lesquelles ils collaborent plusieurs fois par an.<\/span>[\/vc_column_text][vc_empty_space height=\u00a0\u00bb45px\u00a0\u00bb][\/vc_column][\/vc_row][vc_row thb_full_width=\u00a0\u00bbtrue\u00a0\u00bb content_placement=\u00a0\u00bbmiddle\u00a0\u00bb][vc_column width=\u00a0\u00bb1\/2&Prime;]<div class=\"caption-style1 animation fade-in alignleft  thb_image_link wp-caption\"><img decoding=\"async\" width=\"1018\" height=\"1032\" src=\"https:\/\/i0.wp.com\/coraliegrzes.com\/wp-content\/uploads\/2021\/06\/Traceable-Gems-Sustainable-Pearls-Coralie-Grzes-Web-2.jpg?fit=1018%2C1032&amp;ssl=1\" class=\"thb_image  attachment-full\" alt=\"\" title=\"Pierres-pr\u00e9cieuses-tra\u00e7ables-origine-connue-de-culture-responsable-Coralie-Grzes-Web\" srcset=\"https:\/\/i0.wp.com\/coraliegrzes.com\/wp-content\/uploads\/2021\/06\/Traceable-Gems-Sustainable-Pearls-Coralie-Grzes-Web-2.jpg?w=1018&amp;ssl=1 1018w, https:\/\/i0.wp.com\/coraliegrzes.com\/wp-content\/uploads\/2021\/06\/Traceable-Gems-Sustainable-Pearls-Coralie-Grzes-Web-2.jpg?resize=296%2C300&amp;ssl=1 296w, https:\/\/i0.wp.com\/coraliegrzes.com\/wp-content\/uploads\/2021\/06\/Traceable-Gems-Sustainable-Pearls-Coralie-Grzes-Web-2.jpg?resize=1010%2C1024&amp;ssl=1 1010w, https:\/\/i0.wp.com\/coraliegrzes.com\/wp-content\/uploads\/2021\/06\/Traceable-Gems-Sustainable-Pearls-Coralie-Grzes-Web-2.jpg?resize=768%2C779&amp;ssl=1 768w, https:\/\/i0.wp.com\/coraliegrzes.com\/wp-content\/uploads\/2021\/06\/Traceable-Gems-Sustainable-Pearls-Coralie-Grzes-Web-2.jpg?resize=430%2C436&amp;ssl=1 430w, https:\/\/i0.wp.com\/coraliegrzes.com\/wp-content\/uploads\/2021\/06\/Traceable-Gems-Sustainable-Pearls-Coralie-Grzes-Web-2.jpg?resize=860%2C872&amp;ssl=1 860w, https:\/\/i0.wp.com\/coraliegrzes.com\/wp-content\/uploads\/2021\/06\/Traceable-Gems-Sustainable-Pearls-Coralie-Grzes-Web-2.jpg?resize=800%2C811&amp;ssl=1 800w, https:\/\/i0.wp.com\/coraliegrzes.com\/wp-content\/uploads\/2021\/06\/Traceable-Gems-Sustainable-Pearls-Coralie-Grzes-Web-2.jpg?resize=100%2C100&amp;ssl=1 100w\" sizes=\"(max-width: 1000px) 100vw, 1000px\" \/><\/div>[\/vc_column][vc_column width=\u00a0\u00bb1\/2&Prime; css=\u00a0\u00bb.vc_custom_1623767594453{padding-top: 5% !important;padding-right: 10% !important;padding-bottom: 5% !important;padding-left: 10% !important;}\u00a0\u00bb][vc_column_text animation=\u00a0\u00bbanimation fade-in\u00a0\u00bb]\n<h2 style=\"text-align: center;\">Pierres pr\u00e9cieuses tra\u00e7ables<\/h2>\n[\/vc_column_text][vc_empty_space height=\u00a0\u00bb45px\u00a0\u00bb][vc_column_text animation=\u00a0\u00bbanimation fade-in\u00a0\u00bb]\n<p class=\"\"><span style=\"color: #000000;\">Coralie Grzes s&rsquo;approvisionne exclusivement aupr\u00e8s de fournisseurs qui peuvent garantir la provenance et le lieu de taille des pierres utilis\u00e9es dans ses collections.<\/span><\/p>\n<p class=\"\"><span style=\"color: #000000;\">Ce sont des pierres pr\u00e9cieuses extraites de mani\u00e8re responsable et enti\u00e8rement tra\u00e7ables provenant d&rsquo;un certain nombre de sites miniers soigneusement s\u00e9lectionn\u00e9s, les pierres pr\u00e9cieuses sont garanties \u00absans conflit\u00bb et conformes aux principes de divulgation compl\u00e8te et de commerce \u00e9quitable.<\/span><\/p>\n[\/vc_column_text][vc_empty_space height=\u00a0\u00bb45px\u00a0\u00bb][\/vc_column][\/vc_row]\n<\/section>","protected":false},"excerpt":{"rendered":"<p>[vc_row thb_full_width=\u00a0\u00bbtrue\u00a0\u00bb content_placement=\u00a0\u00bbmiddle\u00a0\u00bb][vc_column css=\u00a0\u00bb.vc_custom_1623766381068{padding-top: 5% !important;padding-right: 10% !important;padding-bottom: 5% !important;padding-left: 10% !important;}\u00a0\u00bb][vc_column_text animation=\u00a0\u00bbanimation fade-in\u00a0\u00bb] Des pierres pr\u00e9cieuses tra\u00e7ables [\/vc_column_text][vc_empty_space height=\u00a0\u00bb45px\u00a0\u00bb][vc_separator color=\u00a0\u00bbblack\u00a0\u00bb][vc_empty_space height=\u00a0\u00bb45px\u00a0\u00bb][vc_column_text animation=\u00a0\u00bbanimation fade-in\u00a0\u00bb]Apr\u00e8s l&rsquo;incorporation&hellip;<\/p>\n","protected":false},"author":1,"featured_media":0,"parent":0,"menu_order":0,"comment_status":"closed","ping_status":"closed","template":"","meta":{"footnotes":""},"class_list":["post-2785","page","type-page","status-publish","hentry"],"yoast_head":"<!-- This site is optimized with the Yoast SEO plugin v27.3 - https:\/\/yoast.com\/product\/yoast-seo-wordpress\/ -->\n<title>Pierres pr\u00e9cieuses tra\u00e7ables - Coralie Grzes<\/title>\n<meta name=\"robots\" content=\"index, follow, max-snippet:-1, max-image-preview:large, max-video-preview:-1\" \/>\n<link rel=\"canonical\" href=\"https:\/\/coraliegrzes.com\/fr\/pierres-precieuses-dorigines-tracables\/\" \/>\n<meta property=\"og:locale\" content=\"fr_FR\" \/>\n<meta property=\"og:type\" content=\"article\" \/>\n<meta property=\"og:title\" content=\"Pierres pr\u00e9cieuses tra\u00e7ables - Coralie Grzes\" \/>\n<meta property=\"og:description\" content=\"[vc_row thb_full_width=\u00a0\u00bbtrue\u00a0\u00bb content_placement=\u00a0\u00bbmiddle\u00a0\u00bb][vc_column css=\u00a0\u00bb.vc_custom_1623766381068{padding-top: 5% !important;padding-right: 10% !important;padding-bottom: 5% !important;padding-left: 10% !important;}\u00a0\u00bb][vc_column_text animation=\u00a0\u00bbanimation fade-in\u00a0\u00bb] Des pierres pr\u00e9cieuses tra\u00e7ables [\/vc_column_text][vc_empty_space height=\u00a0\u00bb45px\u00a0\u00bb][vc_separator color=\u00a0\u00bbblack\u00a0\u00bb][vc_empty_space height=\u00a0\u00bb45px\u00a0\u00bb][vc_column_text animation=\u00a0\u00bbanimation fade-in\u00a0\u00bb]Apr\u00e8s l&rsquo;incorporation&hellip;\" \/>\n<meta property=\"og:url\" content=\"https:\/\/coraliegrzes.com\/fr\/pierres-precieuses-dorigines-tracables\/\" \/>\n<meta property=\"og:site_name\" content=\"Coralie Grzes\" \/>\n<meta property=\"article:publisher\" content=\"https:\/\/www.facebook.com\/CoralieGrzesJewelry\" \/>\n<meta property=\"article:modified_time\" content=\"2021-06-30T10:10:19+00:00\" \/>\n<meta name=\"twitter:card\" content=\"summary_large_image\" \/>\n<meta name=\"twitter:label1\" content=\"Dur\u00e9e de lecture estim\u00e9e\" \/>\n\t<meta name=\"twitter:data1\" content=\"3 minutes\" \/>\n<script type=\"application\/ld+json\" class=\"yoast-schema-graph\">{\"@context\":\"https:\\\/\\\/schema.org\",\"@graph\":[{\"@type\":\"WebPage\",\"@id\":\"https:\\\/\\\/coraliegrzes.com\\\/fr\\\/pierres-precieuses-dorigines-tracables\\\/\",\"url\":\"https:\\\/\\\/coraliegrzes.com\\\/fr\\\/pierres-precieuses-dorigines-tracables\\\/\",\"name\":\"Pierres pr\u00e9cieuses tra\u00e7ables - Coralie Grzes\",\"isPartOf\":{\"@id\":\"https:\\\/\\\/coraliegrzes.com\\\/fr\\\/#website\"},\"datePublished\":\"2021-05-06T12:33:41+00:00\",\"dateModified\":\"2021-06-30T10:10:19+00:00\",\"breadcrumb\":{\"@id\":\"https:\\\/\\\/coraliegrzes.com\\\/fr\\\/pierres-precieuses-dorigines-tracables\\\/#breadcrumb\"},\"inLanguage\":\"fr-FR\",\"potentialAction\":[{\"@type\":\"ReadAction\",\"target\":[\"https:\\\/\\\/coraliegrzes.com\\\/fr\\\/pierres-precieuses-dorigines-tracables\\\/\"]}]},{\"@type\":\"BreadcrumbList\",\"@id\":\"https:\\\/\\\/coraliegrzes.com\\\/fr\\\/pierres-precieuses-dorigines-tracables\\\/#breadcrumb\",\"itemListElement\":[{\"@type\":\"ListItem\",\"position\":1,\"name\":\"Accueil\",\"item\":\"https:\\\/\\\/coraliegrzes.com\\\/fr\\\/page-daccueil\\\/\"},{\"@type\":\"ListItem\",\"position\":2,\"name\":\"Pierres pr\u00e9cieuses tra\u00e7ables\"}]},{\"@type\":\"WebSite\",\"@id\":\"https:\\\/\\\/coraliegrzes.com\\\/fr\\\/#website\",\"url\":\"https:\\\/\\\/coraliegrzes.com\\\/fr\\\/\",\"name\":\"Coralie Grzes\",\"description\":\"Joaillerie \u00c9thique\",\"publisher\":{\"@id\":\"https:\\\/\\\/coraliegrzes.com\\\/fr\\\/#organization\"},\"potentialAction\":[{\"@type\":\"SearchAction\",\"target\":{\"@type\":\"EntryPoint\",\"urlTemplate\":\"https:\\\/\\\/coraliegrzes.com\\\/fr\\\/?s={search_term_string}\"},\"query-input\":{\"@type\":\"PropertyValueSpecification\",\"valueRequired\":true,\"valueName\":\"search_term_string\"}}],\"inLanguage\":\"fr-FR\"},{\"@type\":\"Organization\",\"@id\":\"https:\\\/\\\/coraliegrzes.com\\\/fr\\\/#organization\",\"name\":\"Coralie Grzes - Ethical Jewelry Handcrafted in Barcelona\",\"url\":\"https:\\\/\\\/coraliegrzes.com\\\/fr\\\/\",\"logo\":{\"@type\":\"ImageObject\",\"inLanguage\":\"fr-FR\",\"@id\":\"https:\\\/\\\/coraliegrzes.com\\\/fr\\\/#\\\/schema\\\/logo\\\/image\\\/\",\"url\":\"https:\\\/\\\/i0.wp.com\\\/coraliegrzes.com\\\/wp-content\\\/uploads\\\/2021\\\/04\\\/cropped-C.G-logo-insta-01.png?fit=512%2C512&ssl=1\",\"contentUrl\":\"https:\\\/\\\/i0.wp.com\\\/coraliegrzes.com\\\/wp-content\\\/uploads\\\/2021\\\/04\\\/cropped-C.G-logo-insta-01.png?fit=512%2C512&ssl=1\",\"width\":512,\"height\":512,\"caption\":\"Coralie Grzes - Ethical Jewelry Handcrafted in Barcelona\"},\"image\":{\"@id\":\"https:\\\/\\\/coraliegrzes.com\\\/fr\\\/#\\\/schema\\\/logo\\\/image\\\/\"},\"sameAs\":[\"https:\\\/\\\/www.facebook.com\\\/CoralieGrzesJewelry\",\"https:\\\/\\\/www.instagram.com\\\/coraliegrzes\\\/\",\"https:\\\/\\\/www.pinterest.es\\\/coraliegrzes\\\/\"]}]}<\/script>\n<!-- \/ Yoast SEO plugin. -->","yoast_head_json":{"title":"Pierres pr\u00e9cieuses tra\u00e7ables - Coralie Grzes","robots":{"index":"index","follow":"follow","max-snippet":"max-snippet:-1","max-image-preview":"max-image-preview:large","max-video-preview":"max-video-preview:-1"},"canonical":"https:\/\/coraliegrzes.com\/fr\/pierres-precieuses-dorigines-tracables\/","og_locale":"fr_FR","og_type":"article","og_title":"Pierres pr\u00e9cieuses tra\u00e7ables - Coralie Grzes","og_description":"[vc_row thb_full_width=\u00a0\u00bbtrue\u00a0\u00bb content_placement=\u00a0\u00bbmiddle\u00a0\u00bb][vc_column css=\u00a0\u00bb.vc_custom_1623766381068{padding-top: 5% !important;padding-right: 10% !important;padding-bottom: 5% !important;padding-left: 10% !important;}\u00a0\u00bb][vc_column_text animation=\u00a0\u00bbanimation fade-in\u00a0\u00bb] Des pierres pr\u00e9cieuses tra\u00e7ables [\/vc_column_text][vc_empty_space height=\u00a0\u00bb45px\u00a0\u00bb][vc_separator color=\u00a0\u00bbblack\u00a0\u00bb][vc_empty_space height=\u00a0\u00bb45px\u00a0\u00bb][vc_column_text animation=\u00a0\u00bbanimation fade-in\u00a0\u00bb]Apr\u00e8s l&rsquo;incorporation&hellip;","og_url":"https:\/\/coraliegrzes.com\/fr\/pierres-precieuses-dorigines-tracables\/","og_site_name":"Coralie Grzes","article_publisher":"https:\/\/www.facebook.com\/CoralieGrzesJewelry","article_modified_time":"2021-06-30T10:10:19+00:00","twitter_card":"summary_large_image","twitter_misc":{"Dur\u00e9e de lecture estim\u00e9e":"3 minutes"},"schema":{"@context":"https:\/\/schema.org","@graph":[{"@type":"WebPage","@id":"https:\/\/coraliegrzes.com\/fr\/pierres-precieuses-dorigines-tracables\/","url":"https:\/\/coraliegrzes.com\/fr\/pierres-precieuses-dorigines-tracables\/","name":"Pierres pr\u00e9cieuses tra\u00e7ables - Coralie Grzes","isPartOf":{"@id":"https:\/\/coraliegrzes.com\/fr\/#website"},"datePublished":"2021-05-06T12:33:41+00:00","dateModified":"2021-06-30T10:10:19+00:00","breadcrumb":{"@id":"https:\/\/coraliegrzes.com\/fr\/pierres-precieuses-dorigines-tracables\/#breadcrumb"},"inLanguage":"fr-FR","potentialAction":[{"@type":"ReadAction","target":["https:\/\/coraliegrzes.com\/fr\/pierres-precieuses-dorigines-tracables\/"]}]},{"@type":"BreadcrumbList","@id":"https:\/\/coraliegrzes.com\/fr\/pierres-precieuses-dorigines-tracables\/#breadcrumb","itemListElement":[{"@type":"ListItem","position":1,"name":"Accueil","item":"https:\/\/coraliegrzes.com\/fr\/page-daccueil\/"},{"@type":"ListItem","position":2,"name":"Pierres pr\u00e9cieuses tra\u00e7ables"}]},{"@type":"WebSite","@id":"https:\/\/coraliegrzes.com\/fr\/#website","url":"https:\/\/coraliegrzes.com\/fr\/","name":"Coralie Grzes","description":"Joaillerie \u00c9thique","publisher":{"@id":"https:\/\/coraliegrzes.com\/fr\/#organization"},"potentialAction":[{"@type":"SearchAction","target":{"@type":"EntryPoint","urlTemplate":"https:\/\/coraliegrzes.com\/fr\/?s={search_term_string}"},"query-input":{"@type":"PropertyValueSpecification","valueRequired":true,"valueName":"search_term_string"}}],"inLanguage":"fr-FR"},{"@type":"Organization","@id":"https:\/\/coraliegrzes.com\/fr\/#organization","name":"Coralie Grzes - Ethical Jewelry Handcrafted in Barcelona","url":"https:\/\/coraliegrzes.com\/fr\/","logo":{"@type":"ImageObject","inLanguage":"fr-FR","@id":"https:\/\/coraliegrzes.com\/fr\/#\/schema\/logo\/image\/","url":"https:\/\/i0.wp.com\/coraliegrzes.com\/wp-content\/uploads\/2021\/04\/cropped-C.G-logo-insta-01.png?fit=512%2C512&ssl=1","contentUrl":"https:\/\/i0.wp.com\/coraliegrzes.com\/wp-content\/uploads\/2021\/04\/cropped-C.G-logo-insta-01.png?fit=512%2C512&ssl=1","width":512,"height":512,"caption":"Coralie Grzes - Ethical Jewelry Handcrafted in Barcelona"},"image":{"@id":"https:\/\/coraliegrzes.com\/fr\/#\/schema\/logo\/image\/"},"sameAs":["https:\/\/www.facebook.com\/CoralieGrzesJewelry","https:\/\/www.instagram.com\/coraliegrzes\/","https:\/\/www.pinterest.es\/coraliegrzes\/"]}]}},"jetpack_sharing_enabled":true,"_links":{"self":[{"href":"https:\/\/coraliegrzes.com\/fr\/wp-json\/wp\/v2\/pages\/2785","targetHints":{"allow":["GET"]}}],"collection":[{"href":"https:\/\/coraliegrzes.com\/fr\/wp-json\/wp\/v2\/pages"}],"about":[{"href":"https:\/\/coraliegrzes.com\/fr\/wp-json\/wp\/v2\/types\/page"}],"author":[{"embeddable":true,"href":"https:\/\/coraliegrzes.com\/fr\/wp-json\/wp\/v2\/users\/1"}],"replies":[{"embeddable":true,"href":"https:\/\/coraliegrzes.com\/fr\/wp-json\/wp\/v2\/comments?post=2785"}],"version-history":[{"count":15,"href":"https:\/\/coraliegrzes.com\/fr\/wp-json\/wp\/v2\/pages\/2785\/revisions"}],"predecessor-version":[{"id":5769,"href":"https:\/\/coraliegrzes.com\/fr\/wp-json\/wp\/v2\/pages\/2785\/revisions\/5769"}],"wp:attachment":[{"href":"https:\/\/coraliegrzes.com\/fr\/wp-json\/wp\/v2\/media?parent=2785"}],"curies":[{"name":"wp","href":"https:\/\/api.w.org\/{rel}","templated":true}]}}