{"id":2962,"date":"2021-05-17T16:28:27","date_gmt":"2021-05-17T14:28:27","guid":{"rendered":"http:\/\/coraliegrzes.es\/contact\/"},"modified":"2025-01-10T16:42:28","modified_gmt":"2025-01-10T15:42:28","slug":"contact","status":"publish","type":"page","link":"https:\/\/coraliegrzes.com\/fr\/contact\/","title":{"rendered":"Contact"},"content":{"rendered":"<section class=\"wpb-content-wrapper\">[vc_row thb_full_width=\u00a0\u00bbtrue\u00a0\u00bb content_placement=\u00a0\u00bbmiddle\u00a0\u00bb][vc_column css=\u00a0\u00bb.vc_custom_1623766876847{padding-top: 5% !important;padding-right: 10% !important;padding-left: 10% !important;}\u00a0\u00bb][vc_column_text animation=\u00a0\u00bbanimation fade-in\u00a0\u00bb]\n<h2 style=\"text-align: center;\"><span style=\"color: #000000;\">\u00c9crivez-moi<\/span><\/h2>\n[\/vc_column_text][vc_empty_space height=\u00a0\u00bb45px\u00a0\u00bb][vc_separator color=\u00a0\u00bbblack\u00a0\u00bb][vc_empty_space height=\u00a0\u00bb45px\u00a0\u00bb][vc_column_text animation=\u00a0\u00bbanimation fade-in\u00a0\u00bb]<span style=\"color: #000000;\">Si vous avez une question sur mon studio, mon travail, si vous souhaitez r\u00e9server une date pour un atelier ou si vous avez un projet sur-mesure en t\u00eate, \u00e9crivez-moi.<\/span><\/p>\n<p>&nbsp;[\/vc_column_text][vc_column_text animation=\u00a0\u00bbanimation fade-in\u00a0\u00bb el_class=\u00a0\u00bbsmall-text\u00a0\u00bb]<span style=\"color: #000000;\"><b>Rendez-vous \u00e0 l&rsquo;atelier<\/b><\/span><\/p>\n<p><span style=\"color: #000000;\">Je suis disponible pour des rendez-vous les jours suivants :<\/span><br \/><span style=\"color: #000000;\">Du lundi au jeudi (10h-14h)<\/span><br \/><span style=\"color: #000000;\">Vendredi (10h-18h)<\/span><br \/><span style=\"color: #000000;\">Samedi (10h-14h)<\/span><\/p>\n<p><span style=\"color: #000000;\">Mon atelier est situ\u00e9 dans le quartier de Sants \u00e0 Barcelone. La station de m\u00e9tro la plus proche est Mercat Nou (ligne 1).<\/span>[\/vc_column_text][vc_empty_space height=\u00a0\u00bb45px\u00a0\u00bb][vc_separator css_animation=\u00a0\u00bbnone\u00a0\u00bb][vc_empty_space height=\u00a0\u00bb45px\u00a0\u00bb]\n<div class=\"wpcf7 no-js\" id=\"wpcf7-f3401-o1\" lang=\"fr-FR\" dir=\"ltr\" data-wpcf7-id=\"3401\">\n<div class=\"screen-reader-response\"><p role=\"status\" aria-live=\"polite\" aria-atomic=\"true\"><\/p> <ul><\/ul><\/div>\n<form action=\"\/fr\/wp-json\/wp\/v2\/pages\/2962#wpcf7-f3401-o1\" method=\"post\" class=\"wpcf7-form init\" aria-label=\"Formulaire de contact\" novalidate=\"novalidate\" data-status=\"init\">\n<fieldset class=\"hidden-fields-container\"><input type=\"hidden\" name=\"_wpcf7\" value=\"3401\" \/><input type=\"hidden\" name=\"_wpcf7_version\" value=\"6.1.5\" \/><input type=\"hidden\" name=\"_wpcf7_locale\" value=\"fr_FR\" \/><input type=\"hidden\" name=\"_wpcf7_unit_tag\" value=\"wpcf7-f3401-o1\" \/><input type=\"hidden\" name=\"_wpcf7_container_post\" value=\"0\" \/><input type=\"hidden\" name=\"_wpcf7_posted_data_hash\" value=\"\" \/>\n<\/fieldset>\n<p><label> Votre nom<br \/>\n<span class=\"wpcf7-form-control-wrap\" data-name=\"your-name\"><input size=\"40\" maxlength=\"400\" class=\"wpcf7-form-control wpcf7-text wpcf7-validates-as-required\" aria-required=\"true\" aria-invalid=\"false\" value=\"\" type=\"text\" name=\"your-name\" \/><\/span> <\/label>\n<\/p>\n<p><label> Votre adresse e-mail<br \/>\n<span class=\"wpcf7-form-control-wrap\" data-name=\"your-email\"><input size=\"40\" maxlength=\"400\" class=\"wpcf7-form-control wpcf7-email wpcf7-validates-as-required wpcf7-text wpcf7-validates-as-email\" aria-required=\"true\" aria-invalid=\"false\" value=\"\" type=\"email\" name=\"your-email\" \/><\/span> <\/label>\n<\/p>\n<p><label> Objet<br \/>\n<span class=\"wpcf7-form-control-wrap\" data-name=\"your-subject\"><input size=\"40\" maxlength=\"400\" class=\"wpcf7-form-control wpcf7-text wpcf7-validates-as-required\" aria-required=\"true\" aria-invalid=\"false\" value=\"\" type=\"text\" name=\"your-subject\" \/><\/span> <\/label>\n<\/p>\n<p><label> Votre message<br \/>\n<span class=\"wpcf7-form-control-wrap\" data-name=\"your-message\"><textarea cols=\"40\" rows=\"10\" maxlength=\"2000\" class=\"wpcf7-form-control wpcf7-textarea\" aria-invalid=\"false\" name=\"your-message\"><\/textarea><\/span> <\/label>\n<\/p>\n<p><input class=\"wpcf7-form-control wpcf7-submit has-spinner\" type=\"submit\" value=\"Envoyer\" \/>\n<\/p>\n<p><span class=\"wpcf7-form-control-wrap kc_captcha\" data-name=\"kc_captcha\"><span class=\"wpcf7-form-control wpcf7-radio\"><span class=\"captcha-image\" ><span class=\"cf7ic_instructions\">Veuillez prouver que vous \u00eates humain en s\u00e9lectionnant<span> la tasse<\/span>.<\/span><label><input aria-label=\"1\" type=\"radio\" name=\"kc_captcha\" value=\"bot\" \/><svg aria-hidden=\"true\" role=\"img\" xmlns=\"http:\/\/www.w3.org\/2000\/svg\" viewBox=\"0 0 512 512\"><path fill=\"currentColor\" d=\"M500 168h-55l-8-21a127 127 0 00-120-83H195a127 127 0 00-120 83l-8 21H12c-8 0-14 8-11 16l8 24a12 12 0 0011 8h29a64 64 0 00-33 56v48c0 16 6 31 16 42v62c0 13 11 24 24 24h48c13 0 24-11 24-24v-40h256v40c0 13 11 24 24 24h48c13 0 24-11 24-24v-62c10-11 16-26 16-42v-48c0-24-13-45-33-56h29a12 12 0 0011-8l8-24c3-8-3-16-11-16zm-365 2c9-25 33-42 60-42h122c27 0 51 17 60 42l15 38H120l15-38zM88 328a32 32 0 010-64c18 0 48 30 48 48s-30 16-48 16zm336 0c-18 0-48 2-48-16s30-48 48-48 32 14 32 32-14 32-32 32z\"\/><\/svg><\/label><label><input aria-label=\"2\" type=\"radio\" name=\"kc_captcha\" value=\"kc_human\" \/><svg aria-hidden=\"true\" role=\"img\" xmlns=\"http:\/\/www.w3.org\/2000\/svg\" viewBox=\"0 0 640 512\"><path fill=\"currentColor\" d=\"M192 384h192c53 0 96-43 96-96h32a128 128 0 000-256H120c-13 0-24 11-24 24v232c0 53 43 96 96 96zM512 96a64 64 0 010 128h-32V96h32zm48 384H48c-47 0-61-64-36-64h584c25 0 11 64-36 64z\"\/><\/svg><\/label><label><input aria-label=\"3\" type=\"radio\" name=\"kc_captcha\" value=\"bot\" \/><svg aria-hidden=\"true\" role=\"img\" xmlns=\"http:\/\/www.w3.org\/2000\/svg\" viewBox=\"0 0 512 512\"><path fill=\"currentColor\" d=\"M350 99c-54 0-98-35-166-35-25 0-47 4-68 12a56 56 0 004-24C118 24 95 1 66 0a56 56 0 00-34 102v386c0 13 11 24 24 24h16c13 0 24-11 24-24v-94c28-12 64-23 114-23 54 0 98 35 166 35 48 0 86-16 122-41 9-6 14-15 14-26V96c0-23-24-39-45-29-35 16-77 32-117 32z\"\/><\/svg><\/label>\r\n    <\/span>\r\n    <span style=\"display:none\">\r\n        <input type=\"text\" name=\"kc_honeypot\">\r\n    <\/span><\/span><\/span>\n<\/p><div class=\"wpcf7-response-output\" aria-hidden=\"true\"><\/div>\n<\/form>\n<\/div>\n[\/vc_column][\/vc_row]\n<\/section>","protected":false},"excerpt":{"rendered":"<p>[vc_row thb_full_width=\u00a0\u00bbtrue\u00a0\u00bb content_placement=\u00a0\u00bbmiddle\u00a0\u00bb][vc_column css=\u00a0\u00bb.vc_custom_1623766876847{padding-top: 5% !important;padding-right: 10% !important;padding-left: 10% !important;}\u00a0\u00bb][vc_column_text animation=\u00a0\u00bbanimation fade-in\u00a0\u00bb] \u00c9crivez-moi [\/vc_column_text][vc_empty_space height=\u00a0\u00bb45px\u00a0\u00bb][vc_separator color=\u00a0\u00bbblack\u00a0\u00bb][vc_empty_space height=\u00a0\u00bb45px\u00a0\u00bb][vc_column_text animation=\u00a0\u00bbanimation fade-in\u00a0\u00bb]Si vous avez une question sur mon&hellip;<\/p>\n","protected":false},"author":1,"featured_media":0,"parent":0,"menu_order":0,"comment_status":"closed","ping_status":"closed","template":"","meta":{"footnotes":""},"class_list":["post-2962","page","type-page","status-publish","hentry"],"yoast_head":"<!-- This site is optimized with the Yoast SEO plugin v27.3 - https:\/\/yoast.com\/product\/yoast-seo-wordpress\/ -->\n<title>Contact - Coralie Grzes<\/title>\n<meta name=\"robots\" content=\"index, follow, max-snippet:-1, max-image-preview:large, max-video-preview:-1\" \/>\n<link rel=\"canonical\" href=\"https:\/\/coraliegrzes.com\/fr\/contact\/\" \/>\n<meta property=\"og:locale\" content=\"fr_FR\" \/>\n<meta property=\"og:type\" content=\"article\" \/>\n<meta property=\"og:title\" content=\"Contact - Coralie Grzes\" \/>\n<meta property=\"og:description\" content=\"[vc_row thb_full_width=\u00a0\u00bbtrue\u00a0\u00bb content_placement=\u00a0\u00bbmiddle\u00a0\u00bb][vc_column css=\u00a0\u00bb.vc_custom_1623766876847{padding-top: 5% !important;padding-right: 10% !important;padding-left: 10% !important;}\u00a0\u00bb][vc_column_text animation=\u00a0\u00bbanimation fade-in\u00a0\u00bb] \u00c9crivez-moi [\/vc_column_text][vc_empty_space height=\u00a0\u00bb45px\u00a0\u00bb][vc_separator color=\u00a0\u00bbblack\u00a0\u00bb][vc_empty_space height=\u00a0\u00bb45px\u00a0\u00bb][vc_column_text animation=\u00a0\u00bbanimation fade-in\u00a0\u00bb]Si vous avez une question sur mon&hellip;\" \/>\n<meta property=\"og:url\" content=\"https:\/\/coraliegrzes.com\/fr\/contact\/\" \/>\n<meta property=\"og:site_name\" content=\"Coralie Grzes\" \/>\n<meta property=\"article:publisher\" content=\"https:\/\/www.facebook.com\/CoralieGrzesJewelry\" \/>\n<meta property=\"article:modified_time\" content=\"2025-01-10T15:42:28+00:00\" \/>\n<meta name=\"twitter:card\" content=\"summary_large_image\" \/>\n<meta name=\"twitter:label1\" content=\"Dur\u00e9e de lecture estim\u00e9e\" \/>\n\t<meta name=\"twitter:data1\" content=\"1 minute\" \/>\n<script type=\"application\/ld+json\" class=\"yoast-schema-graph\">{\"@context\":\"https:\\\/\\\/schema.org\",\"@graph\":[{\"@type\":\"WebPage\",\"@id\":\"https:\\\/\\\/coraliegrzes.com\\\/fr\\\/contact\\\/\",\"url\":\"https:\\\/\\\/coraliegrzes.com\\\/fr\\\/contact\\\/\",\"name\":\"Contact - Coralie Grzes\",\"isPartOf\":{\"@id\":\"https:\\\/\\\/coraliegrzes.com\\\/fr\\\/#website\"},\"datePublished\":\"2021-05-17T14:28:27+00:00\",\"dateModified\":\"2025-01-10T15:42:28+00:00\",\"breadcrumb\":{\"@id\":\"https:\\\/\\\/coraliegrzes.com\\\/fr\\\/contact\\\/#breadcrumb\"},\"inLanguage\":\"fr-FR\",\"potentialAction\":[{\"@type\":\"ReadAction\",\"target\":[\"https:\\\/\\\/coraliegrzes.com\\\/fr\\\/contact\\\/\"]}]},{\"@type\":\"BreadcrumbList\",\"@id\":\"https:\\\/\\\/coraliegrzes.com\\\/fr\\\/contact\\\/#breadcrumb\",\"itemListElement\":[{\"@type\":\"ListItem\",\"position\":1,\"name\":\"Accueil\",\"item\":\"https:\\\/\\\/coraliegrzes.com\\\/fr\\\/page-daccueil\\\/\"},{\"@type\":\"ListItem\",\"position\":2,\"name\":\"Contact\"}]},{\"@type\":\"WebSite\",\"@id\":\"https:\\\/\\\/coraliegrzes.com\\\/fr\\\/#website\",\"url\":\"https:\\\/\\\/coraliegrzes.com\\\/fr\\\/\",\"name\":\"Coralie Grzes\",\"description\":\"Joaillerie \u00c9thique\",\"publisher\":{\"@id\":\"https:\\\/\\\/coraliegrzes.com\\\/fr\\\/#organization\"},\"potentialAction\":[{\"@type\":\"SearchAction\",\"target\":{\"@type\":\"EntryPoint\",\"urlTemplate\":\"https:\\\/\\\/coraliegrzes.com\\\/fr\\\/?s={search_term_string}\"},\"query-input\":{\"@type\":\"PropertyValueSpecification\",\"valueRequired\":true,\"valueName\":\"search_term_string\"}}],\"inLanguage\":\"fr-FR\"},{\"@type\":\"Organization\",\"@id\":\"https:\\\/\\\/coraliegrzes.com\\\/fr\\\/#organization\",\"name\":\"Coralie Grzes - Ethical Jewelry Handcrafted in Barcelona\",\"url\":\"https:\\\/\\\/coraliegrzes.com\\\/fr\\\/\",\"logo\":{\"@type\":\"ImageObject\",\"inLanguage\":\"fr-FR\",\"@id\":\"https:\\\/\\\/coraliegrzes.com\\\/fr\\\/#\\\/schema\\\/logo\\\/image\\\/\",\"url\":\"https:\\\/\\\/i0.wp.com\\\/coraliegrzes.com\\\/wp-content\\\/uploads\\\/2021\\\/04\\\/cropped-C.G-logo-insta-01.png?fit=512%2C512&ssl=1\",\"contentUrl\":\"https:\\\/\\\/i0.wp.com\\\/coraliegrzes.com\\\/wp-content\\\/uploads\\\/2021\\\/04\\\/cropped-C.G-logo-insta-01.png?fit=512%2C512&ssl=1\",\"width\":512,\"height\":512,\"caption\":\"Coralie Grzes - Ethical Jewelry Handcrafted in Barcelona\"},\"image\":{\"@id\":\"https:\\\/\\\/coraliegrzes.com\\\/fr\\\/#\\\/schema\\\/logo\\\/image\\\/\"},\"sameAs\":[\"https:\\\/\\\/www.facebook.com\\\/CoralieGrzesJewelry\",\"https:\\\/\\\/www.instagram.com\\\/coraliegrzes\\\/\",\"https:\\\/\\\/www.pinterest.es\\\/coraliegrzes\\\/\"]}]}<\/script>\n<!-- \/ Yoast SEO plugin. -->","yoast_head_json":{"title":"Contact - Coralie Grzes","robots":{"index":"index","follow":"follow","max-snippet":"max-snippet:-1","max-image-preview":"max-image-preview:large","max-video-preview":"max-video-preview:-1"},"canonical":"https:\/\/coraliegrzes.com\/fr\/contact\/","og_locale":"fr_FR","og_type":"article","og_title":"Contact - Coralie Grzes","og_description":"[vc_row thb_full_width=\u00a0\u00bbtrue\u00a0\u00bb content_placement=\u00a0\u00bbmiddle\u00a0\u00bb][vc_column css=\u00a0\u00bb.vc_custom_1623766876847{padding-top: 5% !important;padding-right: 10% !important;padding-left: 10% !important;}\u00a0\u00bb][vc_column_text animation=\u00a0\u00bbanimation fade-in\u00a0\u00bb] \u00c9crivez-moi [\/vc_column_text][vc_empty_space height=\u00a0\u00bb45px\u00a0\u00bb][vc_separator color=\u00a0\u00bbblack\u00a0\u00bb][vc_empty_space height=\u00a0\u00bb45px\u00a0\u00bb][vc_column_text animation=\u00a0\u00bbanimation fade-in\u00a0\u00bb]Si vous avez une question sur mon&hellip;","og_url":"https:\/\/coraliegrzes.com\/fr\/contact\/","og_site_name":"Coralie Grzes","article_publisher":"https:\/\/www.facebook.com\/CoralieGrzesJewelry","article_modified_time":"2025-01-10T15:42:28+00:00","twitter_card":"summary_large_image","twitter_misc":{"Dur\u00e9e de lecture estim\u00e9e":"1 minute"},"schema":{"@context":"https:\/\/schema.org","@graph":[{"@type":"WebPage","@id":"https:\/\/coraliegrzes.com\/fr\/contact\/","url":"https:\/\/coraliegrzes.com\/fr\/contact\/","name":"Contact - Coralie Grzes","isPartOf":{"@id":"https:\/\/coraliegrzes.com\/fr\/#website"},"datePublished":"2021-05-17T14:28:27+00:00","dateModified":"2025-01-10T15:42:28+00:00","breadcrumb":{"@id":"https:\/\/coraliegrzes.com\/fr\/contact\/#breadcrumb"},"inLanguage":"fr-FR","potentialAction":[{"@type":"ReadAction","target":["https:\/\/coraliegrzes.com\/fr\/contact\/"]}]},{"@type":"BreadcrumbList","@id":"https:\/\/coraliegrzes.com\/fr\/contact\/#breadcrumb","itemListElement":[{"@type":"ListItem","position":1,"name":"Accueil","item":"https:\/\/coraliegrzes.com\/fr\/page-daccueil\/"},{"@type":"ListItem","position":2,"name":"Contact"}]},{"@type":"WebSite","@id":"https:\/\/coraliegrzes.com\/fr\/#website","url":"https:\/\/coraliegrzes.com\/fr\/","name":"Coralie Grzes","description":"Joaillerie \u00c9thique","publisher":{"@id":"https:\/\/coraliegrzes.com\/fr\/#organization"},"potentialAction":[{"@type":"SearchAction","target":{"@type":"EntryPoint","urlTemplate":"https:\/\/coraliegrzes.com\/fr\/?s={search_term_string}"},"query-input":{"@type":"PropertyValueSpecification","valueRequired":true,"valueName":"search_term_string"}}],"inLanguage":"fr-FR"},{"@type":"Organization","@id":"https:\/\/coraliegrzes.com\/fr\/#organization","name":"Coralie Grzes - Ethical Jewelry Handcrafted in Barcelona","url":"https:\/\/coraliegrzes.com\/fr\/","logo":{"@type":"ImageObject","inLanguage":"fr-FR","@id":"https:\/\/coraliegrzes.com\/fr\/#\/schema\/logo\/image\/","url":"https:\/\/i0.wp.com\/coraliegrzes.com\/wp-content\/uploads\/2021\/04\/cropped-C.G-logo-insta-01.png?fit=512%2C512&ssl=1","contentUrl":"https:\/\/i0.wp.com\/coraliegrzes.com\/wp-content\/uploads\/2021\/04\/cropped-C.G-logo-insta-01.png?fit=512%2C512&ssl=1","width":512,"height":512,"caption":"Coralie Grzes - Ethical Jewelry Handcrafted in Barcelona"},"image":{"@id":"https:\/\/coraliegrzes.com\/fr\/#\/schema\/logo\/image\/"},"sameAs":["https:\/\/www.facebook.com\/CoralieGrzesJewelry","https:\/\/www.instagram.com\/coraliegrzes\/","https:\/\/www.pinterest.es\/coraliegrzes\/"]}]}},"jetpack_sharing_enabled":true,"_links":{"self":[{"href":"https:\/\/coraliegrzes.com\/fr\/wp-json\/wp\/v2\/pages\/2962","targetHints":{"allow":["GET"]}}],"collection":[{"href":"https:\/\/coraliegrzes.com\/fr\/wp-json\/wp\/v2\/pages"}],"about":[{"href":"https:\/\/coraliegrzes.com\/fr\/wp-json\/wp\/v2\/types\/page"}],"author":[{"embeddable":true,"href":"https:\/\/coraliegrzes.com\/fr\/wp-json\/wp\/v2\/users\/1"}],"replies":[{"embeddable":true,"href":"https:\/\/coraliegrzes.com\/fr\/wp-json\/wp\/v2\/comments?post=2962"}],"version-history":[{"count":17,"href":"https:\/\/coraliegrzes.com\/fr\/wp-json\/wp\/v2\/pages\/2962\/revisions"}],"predecessor-version":[{"id":8430,"href":"https:\/\/coraliegrzes.com\/fr\/wp-json\/wp\/v2\/pages\/2962\/revisions\/8430"}],"wp:attachment":[{"href":"https:\/\/coraliegrzes.com\/fr\/wp-json\/wp\/v2\/media?parent=2962"}],"curies":[{"name":"wp","href":"https:\/\/api.w.org\/{rel}","templated":true}]}}