{"id":2969,"date":"2021-05-17T16:39:30","date_gmt":"2021-05-17T14:39:30","guid":{"rendered":"http:\/\/coraliegrzes.es\/conseils-dentretien-de-vos-bijoux\/"},"modified":"2021-07-21T10:53:50","modified_gmt":"2021-07-21T08:53:50","slug":"conseils-dentretien-de-vos-bijoux","status":"publish","type":"page","link":"https:\/\/coraliegrzes.com\/fr\/conseils-dentretien-de-vos-bijoux\/","title":{"rendered":"Conseils d&rsquo;entretien de vos bijoux"},"content":{"rendered":"<section class=\"wpb-content-wrapper\">[vc_row thb_full_width=\u00a0\u00bbtrue\u00a0\u00bb content_placement=\u00a0\u00bbmiddle\u00a0\u00bb][vc_column css=\u00a0\u00bb.vc_custom_1623766996162{padding-top: 5% !important;padding-right: 10% !important;padding-left: 10% !important;}\u00a0\u00bb][vc_column_text animation=\u00a0\u00bbanimation fade-in\u00a0\u00bb]\n<h2 style=\"text-align: center;\">Conseils d&rsquo;entretien de vos bijoux<\/h2>\n[\/vc_column_text][vc_empty_space height=\u00a0\u00bb45px\u00a0\u00bb][vc_separator color=\u00a0\u00bbblack\u00a0\u00bb][vc_empty_space height=\u00a0\u00bb45px\u00a0\u00bb][vc_column_text animation=\u00a0\u00bbanimation fade-in\u00a0\u00bb]\n<h5 style=\"text-align: center;\"><span style=\"color: #000000;\"><strong>BIJOUX EN ARGENT<\/strong><\/span><\/h5>\n<p>&nbsp;<\/p>\n<p class=\"\"><span style=\"color: #000000;\">Vos bijoux sont fabriqu\u00e9s \u00e0 la main dans mon atelier de Barcelone. L&rsquo;argent utilis\u00e9 pour fabriquer le bijou est de haute qualit\u00e9 et l&rsquo;alliage est \u00e9galement r\u00e9alis\u00e9 \u00e0 l&rsquo;atelier, mais avec le temps, l&rsquo;argent peut devenir sombre car les m\u00e9taux s&rsquo;oxydent naturellement.<\/span><br \/>\n<span style=\"color: #000000;\">Pour prendre soin de votre bijou et le garder brillant, \u00e9vitez de le mettre en contact avec des cr\u00e8mes, de l&rsquo;eau, des produits chimiques, du parfum etc &#8230;<\/span><br \/>\n<span style=\"color: #000000;\">Il est \u00e9galement pr\u00e9f\u00e9rable d\u2019enlever votre bijou la nuit, sous la douche, dans la mer ou \u00e0 la piscine. Lorsque vous ne portez pas vos bijoux, vous pouvez les ranger dans un \u00e9tui en tissu (coton, lin, satin).<\/span><\/p>\n<p>&nbsp;<\/p>\n<h5 style=\"text-align: center;\"><span style=\"color: #000000;\"><strong>BIJOUX EN OR<\/strong><\/span><\/h5>\n<p>&nbsp;<\/p>\n<p class=\"\"><span style=\"color: #000000;\">L&rsquo;or 18 carats est un m\u00e9tal solide, pr\u00e9cieux et durable. Normalement, il ne s&rsquo;oxyde pas autant que l&rsquo;argent, cependant il risque de se rayer et de perdre son \u00e9clat au fil du temps, c&rsquo;est pourquoi je conseille, lorsque vos bijoux ne sont pas port\u00e9s, de les ranger dans un \u00e9crin ou une pochette en tissu pour \u00e9viter tout contact avec d&rsquo;autres bijoux.<\/span><br \/>\n<span style=\"color: #000000;\">Si vous devez le nettoyer, frottez-le d\u00e9licatement avec un chiffon propre de pr\u00e9f\u00e9rence en coton.<\/span><\/p>\n<p>&nbsp;<\/p>\n<h5 style=\"text-align: center;\"><span style=\"color: #000000;\"><strong>COMMENT NETTOYER VOS BIJOUX (EN ARGENT)<\/strong><\/span><\/h5>\n<p>&nbsp;<\/p>\n<p class=\"\"><span style=\"color: #000000;\">Avec le temps, le m\u00e9tal s&rsquo;oxyde et devient plus sombre, mais il peut \u00eatre nettoy\u00e9 rapidement et facilement. Pour nettoyer vos bijoux en argent, vous pouvez utiliser du liquide vaisselle, de l&rsquo;eau ti\u00e8de et brosser doucement avec une brosse \u00e0 dents souple. Ensuite, s\u00e9chez soigneusement votre bijou avec un chiffon doux. Vous pouvez \u00e9galement acheter du nettoyant pour argent dans une droguerie.<\/span><br \/>\n<span style=\"color: #000000;\">Dans ce cas, veillez \u00e0 prot\u00e9ger les pierres pr\u00e9cieuses car elles peuvent \u00eatre endommag\u00e9es au contact de certains produits de nettoyage.<\/span><\/p>\n<p class=\"\"><span style=\"color: #000000;\"><em>Si vous n\u2019\u00eates pas s\u00fbr(e) de la fa\u00e7on dont nettoyer votre bijou, je vous propose \u00e9galement un service de nettoyage. N&rsquo;h\u00e9sitez pas \u00e0 me contacter <a href=\"https:\/\/coraliegrzes.com\/fr\/contact\/\"><strong>ici<\/strong><\/a>, je serai ravie de vous aider.<\/em><\/span><\/p>\n[\/vc_column_text][\/vc_column][\/vc_row]\n<\/section>","protected":false},"excerpt":{"rendered":"<p>[vc_row thb_full_width=\u00a0\u00bbtrue\u00a0\u00bb content_placement=\u00a0\u00bbmiddle\u00a0\u00bb][vc_column css=\u00a0\u00bb.vc_custom_1623766996162{padding-top: 5% !important;padding-right: 10% !important;padding-left: 10% !important;}\u00a0\u00bb][vc_column_text animation=\u00a0\u00bbanimation fade-in\u00a0\u00bb] Conseils d&rsquo;entretien de vos bijoux [\/vc_column_text][vc_empty_space height=\u00a0\u00bb45px\u00a0\u00bb][vc_separator color=\u00a0\u00bbblack\u00a0\u00bb][vc_empty_space height=\u00a0\u00bb45px\u00a0\u00bb][vc_column_text animation=\u00a0\u00bbanimation fade-in\u00a0\u00bb] BIJOUX EN&hellip;<\/p>\n","protected":false},"author":1,"featured_media":0,"parent":0,"menu_order":0,"comment_status":"closed","ping_status":"closed","template":"","meta":{"footnotes":""},"class_list":["post-2969","page","type-page","status-publish","hentry"],"yoast_head":"<!-- This site is optimized with the Yoast SEO plugin v27.3 - https:\/\/yoast.com\/product\/yoast-seo-wordpress\/ -->\n<title>Conseils d&#039;entretien de vos bijoux - Coralie Grzes<\/title>\n<meta name=\"robots\" content=\"index, follow, max-snippet:-1, max-image-preview:large, max-video-preview:-1\" \/>\n<link rel=\"canonical\" href=\"https:\/\/coraliegrzes.com\/fr\/conseils-dentretien-de-vos-bijoux\/\" \/>\n<meta property=\"og:locale\" content=\"fr_FR\" \/>\n<meta property=\"og:type\" content=\"article\" \/>\n<meta property=\"og:title\" content=\"Conseils d&#039;entretien de vos bijoux - Coralie Grzes\" \/>\n<meta property=\"og:description\" content=\"[vc_row thb_full_width=\u00a0\u00bbtrue\u00a0\u00bb content_placement=\u00a0\u00bbmiddle\u00a0\u00bb][vc_column css=\u00a0\u00bb.vc_custom_1623766996162{padding-top: 5% !important;padding-right: 10% !important;padding-left: 10% !important;}\u00a0\u00bb][vc_column_text animation=\u00a0\u00bbanimation fade-in\u00a0\u00bb] Conseils d&rsquo;entretien de vos bijoux [\/vc_column_text][vc_empty_space height=\u00a0\u00bb45px\u00a0\u00bb][vc_separator color=\u00a0\u00bbblack\u00a0\u00bb][vc_empty_space height=\u00a0\u00bb45px\u00a0\u00bb][vc_column_text animation=\u00a0\u00bbanimation fade-in\u00a0\u00bb] BIJOUX EN&hellip;\" \/>\n<meta property=\"og:url\" content=\"https:\/\/coraliegrzes.com\/fr\/conseils-dentretien-de-vos-bijoux\/\" \/>\n<meta property=\"og:site_name\" content=\"Coralie Grzes\" \/>\n<meta property=\"article:publisher\" content=\"https:\/\/www.facebook.com\/CoralieGrzesJewelry\" \/>\n<meta property=\"article:modified_time\" content=\"2021-07-21T08:53:50+00:00\" \/>\n<meta name=\"twitter:card\" content=\"summary_large_image\" \/>\n<meta name=\"twitter:label1\" content=\"Dur\u00e9e de lecture estim\u00e9e\" \/>\n\t<meta name=\"twitter:data1\" content=\"2 minutes\" \/>\n<script type=\"application\/ld+json\" class=\"yoast-schema-graph\">{\"@context\":\"https:\\\/\\\/schema.org\",\"@graph\":[{\"@type\":\"WebPage\",\"@id\":\"https:\\\/\\\/coraliegrzes.com\\\/fr\\\/conseils-dentretien-de-vos-bijoux\\\/\",\"url\":\"https:\\\/\\\/coraliegrzes.com\\\/fr\\\/conseils-dentretien-de-vos-bijoux\\\/\",\"name\":\"Conseils d'entretien de vos bijoux - Coralie Grzes\",\"isPartOf\":{\"@id\":\"https:\\\/\\\/coraliegrzes.com\\\/fr\\\/#website\"},\"datePublished\":\"2021-05-17T14:39:30+00:00\",\"dateModified\":\"2021-07-21T08:53:50+00:00\",\"breadcrumb\":{\"@id\":\"https:\\\/\\\/coraliegrzes.com\\\/fr\\\/conseils-dentretien-de-vos-bijoux\\\/#breadcrumb\"},\"inLanguage\":\"fr-FR\",\"potentialAction\":[{\"@type\":\"ReadAction\",\"target\":[\"https:\\\/\\\/coraliegrzes.com\\\/fr\\\/conseils-dentretien-de-vos-bijoux\\\/\"]}]},{\"@type\":\"BreadcrumbList\",\"@id\":\"https:\\\/\\\/coraliegrzes.com\\\/fr\\\/conseils-dentretien-de-vos-bijoux\\\/#breadcrumb\",\"itemListElement\":[{\"@type\":\"ListItem\",\"position\":1,\"name\":\"Accueil\",\"item\":\"https:\\\/\\\/coraliegrzes.com\\\/fr\\\/page-daccueil\\\/\"},{\"@type\":\"ListItem\",\"position\":2,\"name\":\"Conseils d&rsquo;entretien de vos bijoux\"}]},{\"@type\":\"WebSite\",\"@id\":\"https:\\\/\\\/coraliegrzes.com\\\/fr\\\/#website\",\"url\":\"https:\\\/\\\/coraliegrzes.com\\\/fr\\\/\",\"name\":\"Coralie Grzes\",\"description\":\"Joaillerie \u00c9thique\",\"publisher\":{\"@id\":\"https:\\\/\\\/coraliegrzes.com\\\/fr\\\/#organization\"},\"potentialAction\":[{\"@type\":\"SearchAction\",\"target\":{\"@type\":\"EntryPoint\",\"urlTemplate\":\"https:\\\/\\\/coraliegrzes.com\\\/fr\\\/?s={search_term_string}\"},\"query-input\":{\"@type\":\"PropertyValueSpecification\",\"valueRequired\":true,\"valueName\":\"search_term_string\"}}],\"inLanguage\":\"fr-FR\"},{\"@type\":\"Organization\",\"@id\":\"https:\\\/\\\/coraliegrzes.com\\\/fr\\\/#organization\",\"name\":\"Coralie Grzes - Ethical Jewelry Handcrafted in Barcelona\",\"url\":\"https:\\\/\\\/coraliegrzes.com\\\/fr\\\/\",\"logo\":{\"@type\":\"ImageObject\",\"inLanguage\":\"fr-FR\",\"@id\":\"https:\\\/\\\/coraliegrzes.com\\\/fr\\\/#\\\/schema\\\/logo\\\/image\\\/\",\"url\":\"https:\\\/\\\/i0.wp.com\\\/coraliegrzes.com\\\/wp-content\\\/uploads\\\/2021\\\/04\\\/cropped-C.G-logo-insta-01.png?fit=512%2C512&ssl=1\",\"contentUrl\":\"https:\\\/\\\/i0.wp.com\\\/coraliegrzes.com\\\/wp-content\\\/uploads\\\/2021\\\/04\\\/cropped-C.G-logo-insta-01.png?fit=512%2C512&ssl=1\",\"width\":512,\"height\":512,\"caption\":\"Coralie Grzes - Ethical Jewelry Handcrafted in Barcelona\"},\"image\":{\"@id\":\"https:\\\/\\\/coraliegrzes.com\\\/fr\\\/#\\\/schema\\\/logo\\\/image\\\/\"},\"sameAs\":[\"https:\\\/\\\/www.facebook.com\\\/CoralieGrzesJewelry\",\"https:\\\/\\\/www.instagram.com\\\/coraliegrzes\\\/\",\"https:\\\/\\\/www.pinterest.es\\\/coraliegrzes\\\/\"]}]}<\/script>\n<!-- \/ Yoast SEO plugin. -->","yoast_head_json":{"title":"Conseils d'entretien de vos bijoux - Coralie Grzes","robots":{"index":"index","follow":"follow","max-snippet":"max-snippet:-1","max-image-preview":"max-image-preview:large","max-video-preview":"max-video-preview:-1"},"canonical":"https:\/\/coraliegrzes.com\/fr\/conseils-dentretien-de-vos-bijoux\/","og_locale":"fr_FR","og_type":"article","og_title":"Conseils d'entretien de vos bijoux - Coralie Grzes","og_description":"[vc_row thb_full_width=\u00a0\u00bbtrue\u00a0\u00bb content_placement=\u00a0\u00bbmiddle\u00a0\u00bb][vc_column css=\u00a0\u00bb.vc_custom_1623766996162{padding-top: 5% !important;padding-right: 10% !important;padding-left: 10% !important;}\u00a0\u00bb][vc_column_text animation=\u00a0\u00bbanimation fade-in\u00a0\u00bb] Conseils d&rsquo;entretien de vos bijoux [\/vc_column_text][vc_empty_space height=\u00a0\u00bb45px\u00a0\u00bb][vc_separator color=\u00a0\u00bbblack\u00a0\u00bb][vc_empty_space height=\u00a0\u00bb45px\u00a0\u00bb][vc_column_text animation=\u00a0\u00bbanimation fade-in\u00a0\u00bb] BIJOUX EN&hellip;","og_url":"https:\/\/coraliegrzes.com\/fr\/conseils-dentretien-de-vos-bijoux\/","og_site_name":"Coralie Grzes","article_publisher":"https:\/\/www.facebook.com\/CoralieGrzesJewelry","article_modified_time":"2021-07-21T08:53:50+00:00","twitter_card":"summary_large_image","twitter_misc":{"Dur\u00e9e de lecture estim\u00e9e":"2 minutes"},"schema":{"@context":"https:\/\/schema.org","@graph":[{"@type":"WebPage","@id":"https:\/\/coraliegrzes.com\/fr\/conseils-dentretien-de-vos-bijoux\/","url":"https:\/\/coraliegrzes.com\/fr\/conseils-dentretien-de-vos-bijoux\/","name":"Conseils d'entretien de vos bijoux - Coralie Grzes","isPartOf":{"@id":"https:\/\/coraliegrzes.com\/fr\/#website"},"datePublished":"2021-05-17T14:39:30+00:00","dateModified":"2021-07-21T08:53:50+00:00","breadcrumb":{"@id":"https:\/\/coraliegrzes.com\/fr\/conseils-dentretien-de-vos-bijoux\/#breadcrumb"},"inLanguage":"fr-FR","potentialAction":[{"@type":"ReadAction","target":["https:\/\/coraliegrzes.com\/fr\/conseils-dentretien-de-vos-bijoux\/"]}]},{"@type":"BreadcrumbList","@id":"https:\/\/coraliegrzes.com\/fr\/conseils-dentretien-de-vos-bijoux\/#breadcrumb","itemListElement":[{"@type":"ListItem","position":1,"name":"Accueil","item":"https:\/\/coraliegrzes.com\/fr\/page-daccueil\/"},{"@type":"ListItem","position":2,"name":"Conseils d&rsquo;entretien de vos bijoux"}]},{"@type":"WebSite","@id":"https:\/\/coraliegrzes.com\/fr\/#website","url":"https:\/\/coraliegrzes.com\/fr\/","name":"Coralie Grzes","description":"Joaillerie \u00c9thique","publisher":{"@id":"https:\/\/coraliegrzes.com\/fr\/#organization"},"potentialAction":[{"@type":"SearchAction","target":{"@type":"EntryPoint","urlTemplate":"https:\/\/coraliegrzes.com\/fr\/?s={search_term_string}"},"query-input":{"@type":"PropertyValueSpecification","valueRequired":true,"valueName":"search_term_string"}}],"inLanguage":"fr-FR"},{"@type":"Organization","@id":"https:\/\/coraliegrzes.com\/fr\/#organization","name":"Coralie Grzes - Ethical Jewelry Handcrafted in Barcelona","url":"https:\/\/coraliegrzes.com\/fr\/","logo":{"@type":"ImageObject","inLanguage":"fr-FR","@id":"https:\/\/coraliegrzes.com\/fr\/#\/schema\/logo\/image\/","url":"https:\/\/i0.wp.com\/coraliegrzes.com\/wp-content\/uploads\/2021\/04\/cropped-C.G-logo-insta-01.png?fit=512%2C512&ssl=1","contentUrl":"https:\/\/i0.wp.com\/coraliegrzes.com\/wp-content\/uploads\/2021\/04\/cropped-C.G-logo-insta-01.png?fit=512%2C512&ssl=1","width":512,"height":512,"caption":"Coralie Grzes - Ethical Jewelry Handcrafted in Barcelona"},"image":{"@id":"https:\/\/coraliegrzes.com\/fr\/#\/schema\/logo\/image\/"},"sameAs":["https:\/\/www.facebook.com\/CoralieGrzesJewelry","https:\/\/www.instagram.com\/coraliegrzes\/","https:\/\/www.pinterest.es\/coraliegrzes\/"]}]}},"jetpack_sharing_enabled":true,"_links":{"self":[{"href":"https:\/\/coraliegrzes.com\/fr\/wp-json\/wp\/v2\/pages\/2969","targetHints":{"allow":["GET"]}}],"collection":[{"href":"https:\/\/coraliegrzes.com\/fr\/wp-json\/wp\/v2\/pages"}],"about":[{"href":"https:\/\/coraliegrzes.com\/fr\/wp-json\/wp\/v2\/types\/page"}],"author":[{"embeddable":true,"href":"https:\/\/coraliegrzes.com\/fr\/wp-json\/wp\/v2\/users\/1"}],"replies":[{"embeddable":true,"href":"https:\/\/coraliegrzes.com\/fr\/wp-json\/wp\/v2\/comments?post=2969"}],"version-history":[{"count":17,"href":"https:\/\/coraliegrzes.com\/fr\/wp-json\/wp\/v2\/pages\/2969\/revisions"}],"predecessor-version":[{"id":6668,"href":"https:\/\/coraliegrzes.com\/fr\/wp-json\/wp\/v2\/pages\/2969\/revisions\/6668"}],"wp:attachment":[{"href":"https:\/\/coraliegrzes.com\/fr\/wp-json\/wp\/v2\/media?parent=2969"}],"curies":[{"name":"wp","href":"https:\/\/api.w.org\/{rel}","templated":true}]}}