{"id":2993,"date":"2021-05-17T17:26:07","date_gmt":"2021-05-17T15:26:07","guid":{"rendered":"http:\/\/coraliegrzes.es\/guide-des-tailles\/"},"modified":"2021-07-19T10:25:00","modified_gmt":"2021-07-19T08:25:00","slug":"guide-des-tailles","status":"publish","type":"page","link":"https:\/\/coraliegrzes.com\/fr\/guide-des-tailles\/","title":{"rendered":"Guide des tailles"},"content":{"rendered":"<section class=\"wpb-content-wrapper\">[vc_row thb_full_width=\u00a0\u00bbtrue\u00a0\u00bb content_placement=\u00a0\u00bbmiddle\u00a0\u00bb][vc_column css=\u00a0\u00bb.vc_custom_1623766762072{padding-top: 5% !important;padding-right: 10% !important;padding-left: 10% !important;}\u00a0\u00bb][vc_column_text animation=\u00a0\u00bbanimation fade-in\u00a0\u00bb]\n<h2 style=\"text-align: center\">Guide des tailles<\/h2>\n[\/vc_column_text][vc_empty_space height=\u00a0\u00bb45px\u00a0\u00bb][vc_separator color=\u00a0\u00bbblack\u00a0\u00bb][vc_empty_space height=\u00a0\u00bb45px\u00a0\u00bb][vc_column_text animation=\u00a0\u00bbanimation fade-in\u00a0\u00bb]\n<h5 style=\"text-align: center;\"><span style=\"color: #000000;\"><strong>Guide des tailles<\/strong><\/span><\/h5>\n<p class=\"\"><span style=\"color: #000000;\"><em>Veuillez noter que Coralie Grzes vous donne diff\u00e9rentes options, astuces et conseils pour mesurer votre taille de bague et de bracelet, elle ne peut \u00eatre tenue responsable de toute erreur de taille que vous pourriez commander sur son site. Coralie Grzes ne prend pas en charge les tarifs douaniers et autres frais li\u00e9s \u00e0 un changement de taille.<\/em><\/span><\/p>\n<ul>\n<li><span style=\"color: #000000;\"><strong>Guide des tailles pour les bagues<\/strong><\/span><\/li>\n<\/ul>\n<p class=\"\"><span style=\"font-family: -apple-system, BlinkMacSystemFont, 'Segoe UI', Roboto, Oxygen-Sans, Ubuntu, Cantarell, 'Helvetica Neue', sans-serif; color: #000000;\"><i>Vous trouverez un guide des tailles pour les bagues dans le lien ci-dessous.<\/i><\/span><\/p>\n<p class=\"\"><strong><span style=\"color: #000000;\"><a href=\"https:\/\/coraliegrzes.com\/wp-content\/uploads\/2021\/07\/Guide-des-tailles-de-bague.pdf\" target=\"_blank\" rel=\"noopener\">Guide des tailles bagues<\/a><\/span><\/strong><\/p>\n<p class=\"\"><span style=\"color: #000000;\">Vous pouvez aussi acheter un baguier <strong><a href=\"https:\/\/coraliegrzes.com\/fr\/boutique\/baguier\/\">ici.<\/a><\/strong><\/span><\/p>\n<ul>\n<li><span style=\"color: #000000;\"><strong>GUIDE DES TAILLES POUR BRACELETS<\/strong><\/span><\/li>\n<\/ul>\n<p><span style=\"font-family: -apple-system, BlinkMacSystemFont, 'Segoe UI', Roboto, Oxygen-Sans, Ubuntu, Cantarell, 'Helvetica Neue', sans-serif; color: #000000;\"><i>Vous trouverez un guide des tailles pour bracelets dans le lien ci-dessous.<\/i><\/span><\/p>\n<p><strong><a href=\"https:\/\/coraliegrzes.com\/wp-content\/uploads\/2021\/07\/Guide-des-tailles-de-jonc.pdf\">Guide des tailles pour bracelets<\/a><\/strong><\/p>\n[\/vc_column_text][vc_empty_space height=\u00a0\u00bb45px\u00a0\u00bb][vc_separator][vc_empty_space height=\u00a0\u00bb45px\u00a0\u00bb][vc_column_text animation=\u00a0\u00bbanimation fade-in\u00a0\u00bb]\n<h5 style=\"text-align: center;\"><span style=\"color: #000000;\"><strong>CHANGEMENT DE TAILLE<\/strong><\/span><\/h5>\n<p class=\"\"><span style=\"color: #000000;\">Si vous avez besoin d&rsquo;une mise \u00e0 la taille de votre bijou apr\u00e8s votre achat, \u00e9crivez un message via le formulaire de contact <strong><a href=\"https:\/\/coraliegrzes.com\/fr\/contact\/\">ici<\/a> <\/strong>en indiquant le produit que vous souhaitez redimensionner.<br \/>Selon l&rsquo;article, le changement de taille peut avoir un co\u00fbt suppl\u00e9mentaire.<\/span><\/p>\n<p id=\"yui_3_17_2_1_1614353377918_641\" class=\"\"><span style=\"color: #000000;\">L&rsquo;article doit \u00eatre renvoy\u00e9 en parfaites conditions dans son emballage d&rsquo;origine.<\/span><br \/><span style=\"color: #000000;\">Tout service de remise \u00e0 la taille g\u00e9n\u00e9rera de nouveaux frais d&rsquo;exp\u00e9ditions qui seront \u00e0 la charge du client. <br \/>Il est recommand\u00e9 d&rsquo;envoyer le colis avec num\u00e9ro de suivi pour \u00e9viter toute perte lors du transit. <\/span><\/p>\n[\/vc_column_text][\/vc_column][\/vc_row]\n<\/section>","protected":false},"excerpt":{"rendered":"<p>[vc_row thb_full_width=\u00a0\u00bbtrue\u00a0\u00bb content_placement=\u00a0\u00bbmiddle\u00a0\u00bb][vc_column css=\u00a0\u00bb.vc_custom_1623766762072{padding-top: 5% !important;padding-right: 10% !important;padding-left: 10% !important;}\u00a0\u00bb][vc_column_text animation=\u00a0\u00bbanimation fade-in\u00a0\u00bb] Guide des tailles [\/vc_column_text][vc_empty_space height=\u00a0\u00bb45px\u00a0\u00bb][vc_separator color=\u00a0\u00bbblack\u00a0\u00bb][vc_empty_space height=\u00a0\u00bb45px\u00a0\u00bb][vc_column_text animation=\u00a0\u00bbanimation fade-in\u00a0\u00bb] Guide des tailles Veuillez&hellip;<\/p>\n","protected":false},"author":1,"featured_media":0,"parent":0,"menu_order":0,"comment_status":"closed","ping_status":"closed","template":"","meta":{"footnotes":""},"class_list":["post-2993","page","type-page","status-publish","hentry"],"yoast_head":"<!-- This site is optimized with the Yoast SEO plugin v27.3 - https:\/\/yoast.com\/product\/yoast-seo-wordpress\/ -->\n<title>Guide des tailles - Coralie Grzes<\/title>\n<meta name=\"robots\" content=\"index, follow, max-snippet:-1, max-image-preview:large, max-video-preview:-1\" \/>\n<link rel=\"canonical\" href=\"https:\/\/coraliegrzes.com\/fr\/guide-des-tailles\/\" \/>\n<meta property=\"og:locale\" content=\"fr_FR\" \/>\n<meta property=\"og:type\" content=\"article\" \/>\n<meta property=\"og:title\" content=\"Guide des tailles - Coralie Grzes\" \/>\n<meta property=\"og:description\" content=\"[vc_row thb_full_width=\u00a0\u00bbtrue\u00a0\u00bb content_placement=\u00a0\u00bbmiddle\u00a0\u00bb][vc_column css=\u00a0\u00bb.vc_custom_1623766762072{padding-top: 5% !important;padding-right: 10% !important;padding-left: 10% !important;}\u00a0\u00bb][vc_column_text animation=\u00a0\u00bbanimation fade-in\u00a0\u00bb] Guide des tailles [\/vc_column_text][vc_empty_space height=\u00a0\u00bb45px\u00a0\u00bb][vc_separator color=\u00a0\u00bbblack\u00a0\u00bb][vc_empty_space height=\u00a0\u00bb45px\u00a0\u00bb][vc_column_text animation=\u00a0\u00bbanimation fade-in\u00a0\u00bb] Guide des tailles Veuillez&hellip;\" \/>\n<meta property=\"og:url\" content=\"https:\/\/coraliegrzes.com\/fr\/guide-des-tailles\/\" \/>\n<meta property=\"og:site_name\" content=\"Coralie Grzes\" \/>\n<meta property=\"article:publisher\" content=\"https:\/\/www.facebook.com\/CoralieGrzesJewelry\" \/>\n<meta property=\"article:modified_time\" content=\"2021-07-19T08:25:00+00:00\" \/>\n<meta name=\"twitter:card\" content=\"summary_large_image\" \/>\n<meta name=\"twitter:label1\" content=\"Dur\u00e9e de lecture estim\u00e9e\" \/>\n\t<meta name=\"twitter:data1\" content=\"1 minute\" \/>\n<script type=\"application\/ld+json\" class=\"yoast-schema-graph\">{\"@context\":\"https:\\\/\\\/schema.org\",\"@graph\":[{\"@type\":\"WebPage\",\"@id\":\"https:\\\/\\\/coraliegrzes.com\\\/fr\\\/guide-des-tailles\\\/\",\"url\":\"https:\\\/\\\/coraliegrzes.com\\\/fr\\\/guide-des-tailles\\\/\",\"name\":\"Guide des tailles - Coralie Grzes\",\"isPartOf\":{\"@id\":\"https:\\\/\\\/coraliegrzes.com\\\/fr\\\/#website\"},\"datePublished\":\"2021-05-17T15:26:07+00:00\",\"dateModified\":\"2021-07-19T08:25:00+00:00\",\"breadcrumb\":{\"@id\":\"https:\\\/\\\/coraliegrzes.com\\\/fr\\\/guide-des-tailles\\\/#breadcrumb\"},\"inLanguage\":\"fr-FR\",\"potentialAction\":[{\"@type\":\"ReadAction\",\"target\":[\"https:\\\/\\\/coraliegrzes.com\\\/fr\\\/guide-des-tailles\\\/\"]}]},{\"@type\":\"BreadcrumbList\",\"@id\":\"https:\\\/\\\/coraliegrzes.com\\\/fr\\\/guide-des-tailles\\\/#breadcrumb\",\"itemListElement\":[{\"@type\":\"ListItem\",\"position\":1,\"name\":\"Accueil\",\"item\":\"https:\\\/\\\/coraliegrzes.com\\\/fr\\\/page-daccueil\\\/\"},{\"@type\":\"ListItem\",\"position\":2,\"name\":\"Guide des tailles\"}]},{\"@type\":\"WebSite\",\"@id\":\"https:\\\/\\\/coraliegrzes.com\\\/fr\\\/#website\",\"url\":\"https:\\\/\\\/coraliegrzes.com\\\/fr\\\/\",\"name\":\"Coralie Grzes\",\"description\":\"Joaillerie \u00c9thique\",\"publisher\":{\"@id\":\"https:\\\/\\\/coraliegrzes.com\\\/fr\\\/#organization\"},\"potentialAction\":[{\"@type\":\"SearchAction\",\"target\":{\"@type\":\"EntryPoint\",\"urlTemplate\":\"https:\\\/\\\/coraliegrzes.com\\\/fr\\\/?s={search_term_string}\"},\"query-input\":{\"@type\":\"PropertyValueSpecification\",\"valueRequired\":true,\"valueName\":\"search_term_string\"}}],\"inLanguage\":\"fr-FR\"},{\"@type\":\"Organization\",\"@id\":\"https:\\\/\\\/coraliegrzes.com\\\/fr\\\/#organization\",\"name\":\"Coralie Grzes - Ethical Jewelry Handcrafted in Barcelona\",\"url\":\"https:\\\/\\\/coraliegrzes.com\\\/fr\\\/\",\"logo\":{\"@type\":\"ImageObject\",\"inLanguage\":\"fr-FR\",\"@id\":\"https:\\\/\\\/coraliegrzes.com\\\/fr\\\/#\\\/schema\\\/logo\\\/image\\\/\",\"url\":\"https:\\\/\\\/i0.wp.com\\\/coraliegrzes.com\\\/wp-content\\\/uploads\\\/2021\\\/04\\\/cropped-C.G-logo-insta-01.png?fit=512%2C512&ssl=1\",\"contentUrl\":\"https:\\\/\\\/i0.wp.com\\\/coraliegrzes.com\\\/wp-content\\\/uploads\\\/2021\\\/04\\\/cropped-C.G-logo-insta-01.png?fit=512%2C512&ssl=1\",\"width\":512,\"height\":512,\"caption\":\"Coralie Grzes - Ethical Jewelry Handcrafted in Barcelona\"},\"image\":{\"@id\":\"https:\\\/\\\/coraliegrzes.com\\\/fr\\\/#\\\/schema\\\/logo\\\/image\\\/\"},\"sameAs\":[\"https:\\\/\\\/www.facebook.com\\\/CoralieGrzesJewelry\",\"https:\\\/\\\/www.instagram.com\\\/coraliegrzes\\\/\",\"https:\\\/\\\/www.pinterest.es\\\/coraliegrzes\\\/\"]}]}<\/script>\n<!-- \/ Yoast SEO plugin. -->","yoast_head_json":{"title":"Guide des tailles - Coralie Grzes","robots":{"index":"index","follow":"follow","max-snippet":"max-snippet:-1","max-image-preview":"max-image-preview:large","max-video-preview":"max-video-preview:-1"},"canonical":"https:\/\/coraliegrzes.com\/fr\/guide-des-tailles\/","og_locale":"fr_FR","og_type":"article","og_title":"Guide des tailles - Coralie Grzes","og_description":"[vc_row thb_full_width=\u00a0\u00bbtrue\u00a0\u00bb content_placement=\u00a0\u00bbmiddle\u00a0\u00bb][vc_column css=\u00a0\u00bb.vc_custom_1623766762072{padding-top: 5% !important;padding-right: 10% !important;padding-left: 10% !important;}\u00a0\u00bb][vc_column_text animation=\u00a0\u00bbanimation fade-in\u00a0\u00bb] Guide des tailles [\/vc_column_text][vc_empty_space height=\u00a0\u00bb45px\u00a0\u00bb][vc_separator color=\u00a0\u00bbblack\u00a0\u00bb][vc_empty_space height=\u00a0\u00bb45px\u00a0\u00bb][vc_column_text animation=\u00a0\u00bbanimation fade-in\u00a0\u00bb] Guide des tailles Veuillez&hellip;","og_url":"https:\/\/coraliegrzes.com\/fr\/guide-des-tailles\/","og_site_name":"Coralie Grzes","article_publisher":"https:\/\/www.facebook.com\/CoralieGrzesJewelry","article_modified_time":"2021-07-19T08:25:00+00:00","twitter_card":"summary_large_image","twitter_misc":{"Dur\u00e9e de lecture estim\u00e9e":"1 minute"},"schema":{"@context":"https:\/\/schema.org","@graph":[{"@type":"WebPage","@id":"https:\/\/coraliegrzes.com\/fr\/guide-des-tailles\/","url":"https:\/\/coraliegrzes.com\/fr\/guide-des-tailles\/","name":"Guide des tailles - Coralie Grzes","isPartOf":{"@id":"https:\/\/coraliegrzes.com\/fr\/#website"},"datePublished":"2021-05-17T15:26:07+00:00","dateModified":"2021-07-19T08:25:00+00:00","breadcrumb":{"@id":"https:\/\/coraliegrzes.com\/fr\/guide-des-tailles\/#breadcrumb"},"inLanguage":"fr-FR","potentialAction":[{"@type":"ReadAction","target":["https:\/\/coraliegrzes.com\/fr\/guide-des-tailles\/"]}]},{"@type":"BreadcrumbList","@id":"https:\/\/coraliegrzes.com\/fr\/guide-des-tailles\/#breadcrumb","itemListElement":[{"@type":"ListItem","position":1,"name":"Accueil","item":"https:\/\/coraliegrzes.com\/fr\/page-daccueil\/"},{"@type":"ListItem","position":2,"name":"Guide des tailles"}]},{"@type":"WebSite","@id":"https:\/\/coraliegrzes.com\/fr\/#website","url":"https:\/\/coraliegrzes.com\/fr\/","name":"Coralie Grzes","description":"Joaillerie \u00c9thique","publisher":{"@id":"https:\/\/coraliegrzes.com\/fr\/#organization"},"potentialAction":[{"@type":"SearchAction","target":{"@type":"EntryPoint","urlTemplate":"https:\/\/coraliegrzes.com\/fr\/?s={search_term_string}"},"query-input":{"@type":"PropertyValueSpecification","valueRequired":true,"valueName":"search_term_string"}}],"inLanguage":"fr-FR"},{"@type":"Organization","@id":"https:\/\/coraliegrzes.com\/fr\/#organization","name":"Coralie Grzes - Ethical Jewelry Handcrafted in Barcelona","url":"https:\/\/coraliegrzes.com\/fr\/","logo":{"@type":"ImageObject","inLanguage":"fr-FR","@id":"https:\/\/coraliegrzes.com\/fr\/#\/schema\/logo\/image\/","url":"https:\/\/i0.wp.com\/coraliegrzes.com\/wp-content\/uploads\/2021\/04\/cropped-C.G-logo-insta-01.png?fit=512%2C512&ssl=1","contentUrl":"https:\/\/i0.wp.com\/coraliegrzes.com\/wp-content\/uploads\/2021\/04\/cropped-C.G-logo-insta-01.png?fit=512%2C512&ssl=1","width":512,"height":512,"caption":"Coralie Grzes - Ethical Jewelry Handcrafted in Barcelona"},"image":{"@id":"https:\/\/coraliegrzes.com\/fr\/#\/schema\/logo\/image\/"},"sameAs":["https:\/\/www.facebook.com\/CoralieGrzesJewelry","https:\/\/www.instagram.com\/coraliegrzes\/","https:\/\/www.pinterest.es\/coraliegrzes\/"]}]}},"jetpack_sharing_enabled":true,"_links":{"self":[{"href":"https:\/\/coraliegrzes.com\/fr\/wp-json\/wp\/v2\/pages\/2993","targetHints":{"allow":["GET"]}}],"collection":[{"href":"https:\/\/coraliegrzes.com\/fr\/wp-json\/wp\/v2\/pages"}],"about":[{"href":"https:\/\/coraliegrzes.com\/fr\/wp-json\/wp\/v2\/types\/page"}],"author":[{"embeddable":true,"href":"https:\/\/coraliegrzes.com\/fr\/wp-json\/wp\/v2\/users\/1"}],"replies":[{"embeddable":true,"href":"https:\/\/coraliegrzes.com\/fr\/wp-json\/wp\/v2\/comments?post=2993"}],"version-history":[{"count":12,"href":"https:\/\/coraliegrzes.com\/fr\/wp-json\/wp\/v2\/pages\/2993\/revisions"}],"predecessor-version":[{"id":6642,"href":"https:\/\/coraliegrzes.com\/fr\/wp-json\/wp\/v2\/pages\/2993\/revisions\/6642"}],"wp:attachment":[{"href":"https:\/\/coraliegrzes.com\/fr\/wp-json\/wp\/v2\/media?parent=2993"}],"curies":[{"name":"wp","href":"https:\/\/api.w.org\/{rel}","templated":true}]}}