{"id":10471,"date":"2025-12-02T12:00:23","date_gmt":"2025-12-02T11:00:23","guid":{"rendered":"https:\/\/coraliegrzes.com\/?post_type=product&#038;p=10471"},"modified":"2025-12-02T12:28:16","modified_gmt":"2025-12-02T11:28:16","slug":"boucles-doreilles-lagrimas","status":"publish","type":"product","link":"https:\/\/coraliegrzes.com\/fr\/shop\/boucles\/boucles-doreilles-lagrimas\/","title":{"rendered":"Boucles d&rsquo;oreilles L\u00c1GRIMAS"},"content":{"rendered":"","protected":false},"excerpt":{"rendered":"<p>Inspir\u00e9es de la forme traditionnelle d&rsquo;une perle en forme de goutte, ces boucles d&rsquo;oreilles sont revisit\u00e9es en argent massif.<br \/>\nId\u00e9ales au quotidien, elles sont \u00e0 la fois ultra-l\u00e9g\u00e8res et chics.<\/p>\n<p>Si le mod\u00e8le n&rsquo;est pas en stock, veuillez noter qu&rsquo;un d\u00e9lai de fabrication de 2 semaines est n\u00e9cessaire (hors d\u00e9lai de livraison).<\/p>\n","protected":false},"featured_media":10473,"comment_status":"closed","ping_status":"closed","template":"","meta":[],"product_brand":[],"product_cat":[648,310,640],"product_tag":[],"class_list":{"0":"post-10471","1":"product","2":"type-product","3":"status-publish","4":"has-post-thumbnail","6":"product_cat-argent","7":"product_cat-boucles","8":"product_cat-nouveautes","10":"first","11":"instock","12":"taxable","13":"shipping-taxable","14":"purchasable","15":"product-type-simple"},"yoast_head":"<!-- This site is optimized with the Yoast SEO plugin v27.3 - https:\/\/yoast.com\/product\/yoast-seo-wordpress\/ -->\n<title>Boucles d&#039;oreilles L\u00c1GRIMAS - Coralie Grzes<\/title>\n<meta name=\"description\" content=\"Inspir\u00e9es de la forme traditionnelle d&#039;une perle en forme de larme, ces boucles d&#039;oreilles sont revisit\u00e9es en argent massif.Id\u00e9ales au quotidien, elles sont \u00e0 la fois ultra-l\u00e9g\u00e8res et chics.\" \/>\n<meta name=\"robots\" content=\"index, follow, max-snippet:-1, max-image-preview:large, max-video-preview:-1\" \/>\n<link rel=\"canonical\" href=\"https:\/\/coraliegrzes.com\/fr\/shop\/boucles\/boucles-doreilles-lagrimas\/\" \/>\n<meta property=\"og:locale\" content=\"fr_FR\" \/>\n<meta property=\"og:type\" content=\"article\" \/>\n<meta property=\"og:title\" content=\"Boucles d&#039;oreilles L\u00c1GRIMAS - Coralie Grzes\" \/>\n<meta property=\"og:description\" content=\"Inspir\u00e9es de la forme traditionnelle d&#039;une perle en forme de larme, ces boucles d&#039;oreilles sont revisit\u00e9es en argent massif.Id\u00e9ales au quotidien, elles sont \u00e0 la fois ultra-l\u00e9g\u00e8res et chics.\" \/>\n<meta property=\"og:url\" content=\"https:\/\/coraliegrzes.com\/fr\/shop\/boucles\/boucles-doreilles-lagrimas\/\" \/>\n<meta property=\"og:site_name\" content=\"Coralie Grzes\" \/>\n<meta property=\"article:publisher\" content=\"https:\/\/www.facebook.com\/CoralieGrzesJewelry\" \/>\n<meta property=\"article:modified_time\" content=\"2025-12-02T11:28:16+00:00\" \/>\n<meta property=\"og:image\" content=\"https:\/\/coraliegrzes.com\/wp-content\/uploads\/2025\/12\/LAGRIMAS-EARRINGS-2-scaled.jpg\" \/>\n\t<meta property=\"og:image:width\" content=\"1919\" \/>\n\t<meta property=\"og:image:height\" content=\"2560\" \/>\n\t<meta property=\"og:image:type\" content=\"image\/jpeg\" \/>\n<meta name=\"twitter:card\" content=\"summary_large_image\" \/>\n<meta name=\"twitter:label1\" content=\"Dur\u00e9e de lecture estim\u00e9e\" \/>\n\t<meta name=\"twitter:data1\" content=\"1 minute\" \/>\n<script type=\"application\/ld+json\" class=\"yoast-schema-graph\">{\"@context\":\"https:\\\/\\\/schema.org\",\"@graph\":[{\"@type\":\"WebPage\",\"@id\":\"https:\\\/\\\/coraliegrzes.com\\\/fr\\\/shop\\\/boucles\\\/boucles-doreilles-lagrimas\\\/\",\"url\":\"https:\\\/\\\/coraliegrzes.com\\\/fr\\\/shop\\\/boucles\\\/boucles-doreilles-lagrimas\\\/\",\"name\":\"Boucles d'oreilles L\u00c1GRIMAS - Coralie Grzes\",\"isPartOf\":{\"@id\":\"https:\\\/\\\/coraliegrzes.com\\\/fr\\\/#website\"},\"primaryImageOfPage\":{\"@id\":\"https:\\\/\\\/coraliegrzes.com\\\/fr\\\/shop\\\/boucles\\\/boucles-doreilles-lagrimas\\\/#primaryimage\"},\"image\":{\"@id\":\"https:\\\/\\\/coraliegrzes.com\\\/fr\\\/shop\\\/boucles\\\/boucles-doreilles-lagrimas\\\/#primaryimage\"},\"thumbnailUrl\":\"https:\\\/\\\/i0.wp.com\\\/coraliegrzes.com\\\/wp-content\\\/uploads\\\/2025\\\/12\\\/LAGRIMAS-EARRINGS-2-scaled.jpg?fit=1919%2C2560&ssl=1\",\"datePublished\":\"2025-12-02T11:00:23+00:00\",\"dateModified\":\"2025-12-02T11:28:16+00:00\",\"description\":\"Inspir\u00e9es de la forme traditionnelle d'une perle en forme de larme, ces boucles d'oreilles sont revisit\u00e9es en argent massif.Id\u00e9ales au quotidien, elles sont \u00e0 la fois ultra-l\u00e9g\u00e8res et chics.\",\"breadcrumb\":{\"@id\":\"https:\\\/\\\/coraliegrzes.com\\\/fr\\\/shop\\\/boucles\\\/boucles-doreilles-lagrimas\\\/#breadcrumb\"},\"inLanguage\":\"fr-FR\",\"potentialAction\":[{\"@type\":\"ReadAction\",\"target\":[\"https:\\\/\\\/coraliegrzes.com\\\/fr\\\/shop\\\/boucles\\\/boucles-doreilles-lagrimas\\\/\"]}]},{\"@type\":\"ImageObject\",\"inLanguage\":\"fr-FR\",\"@id\":\"https:\\\/\\\/coraliegrzes.com\\\/fr\\\/shop\\\/boucles\\\/boucles-doreilles-lagrimas\\\/#primaryimage\",\"url\":\"https:\\\/\\\/i0.wp.com\\\/coraliegrzes.com\\\/wp-content\\\/uploads\\\/2025\\\/12\\\/LAGRIMAS-EARRINGS-2-scaled.jpg?fit=1919%2C2560&ssl=1\",\"contentUrl\":\"https:\\\/\\\/i0.wp.com\\\/coraliegrzes.com\\\/wp-content\\\/uploads\\\/2025\\\/12\\\/LAGRIMAS-EARRINGS-2-scaled.jpg?fit=1919%2C2560&ssl=1\",\"width\":1919,\"height\":2560},{\"@type\":\"BreadcrumbList\",\"@id\":\"https:\\\/\\\/coraliegrzes.com\\\/fr\\\/shop\\\/boucles\\\/boucles-doreilles-lagrimas\\\/#breadcrumb\",\"itemListElement\":[{\"@type\":\"ListItem\",\"position\":1,\"name\":\"Accueil\",\"item\":\"https:\\\/\\\/coraliegrzes.com\\\/fr\\\/page-daccueil\\\/\"},{\"@type\":\"ListItem\",\"position\":2,\"name\":\"Boutique\",\"item\":\"https:\\\/\\\/coraliegrzes.com\\\/fr\\\/boutique\\\/\"},{\"@type\":\"ListItem\",\"position\":3,\"name\":\"Boucles d&rsquo;oreilles L\u00c1GRIMAS\"}]},{\"@type\":\"WebSite\",\"@id\":\"https:\\\/\\\/coraliegrzes.com\\\/fr\\\/#website\",\"url\":\"https:\\\/\\\/coraliegrzes.com\\\/fr\\\/\",\"name\":\"Coralie Grzes\",\"description\":\"Joaillerie \u00c9thique\",\"publisher\":{\"@id\":\"https:\\\/\\\/coraliegrzes.com\\\/fr\\\/#organization\"},\"potentialAction\":[{\"@type\":\"SearchAction\",\"target\":{\"@type\":\"EntryPoint\",\"urlTemplate\":\"https:\\\/\\\/coraliegrzes.com\\\/fr\\\/?s={search_term_string}\"},\"query-input\":{\"@type\":\"PropertyValueSpecification\",\"valueRequired\":true,\"valueName\":\"search_term_string\"}}],\"inLanguage\":\"fr-FR\"},{\"@type\":\"Organization\",\"@id\":\"https:\\\/\\\/coraliegrzes.com\\\/fr\\\/#organization\",\"name\":\"Coralie Grzes - Ethical Jewelry Handcrafted in Barcelona\",\"url\":\"https:\\\/\\\/coraliegrzes.com\\\/fr\\\/\",\"logo\":{\"@type\":\"ImageObject\",\"inLanguage\":\"fr-FR\",\"@id\":\"https:\\\/\\\/coraliegrzes.com\\\/fr\\\/#\\\/schema\\\/logo\\\/image\\\/\",\"url\":\"https:\\\/\\\/i0.wp.com\\\/coraliegrzes.com\\\/wp-content\\\/uploads\\\/2021\\\/04\\\/cropped-C.G-logo-insta-01.png?fit=512%2C512&ssl=1\",\"contentUrl\":\"https:\\\/\\\/i0.wp.com\\\/coraliegrzes.com\\\/wp-content\\\/uploads\\\/2021\\\/04\\\/cropped-C.G-logo-insta-01.png?fit=512%2C512&ssl=1\",\"width\":512,\"height\":512,\"caption\":\"Coralie Grzes - Ethical Jewelry Handcrafted in Barcelona\"},\"image\":{\"@id\":\"https:\\\/\\\/coraliegrzes.com\\\/fr\\\/#\\\/schema\\\/logo\\\/image\\\/\"},\"sameAs\":[\"https:\\\/\\\/www.facebook.com\\\/CoralieGrzesJewelry\",\"https:\\\/\\\/www.instagram.com\\\/coraliegrzes\\\/\",\"https:\\\/\\\/www.pinterest.es\\\/coraliegrzes\\\/\"]}]}<\/script>\n<!-- \/ Yoast SEO plugin. -->","yoast_head_json":{"title":"Boucles d'oreilles L\u00c1GRIMAS - Coralie Grzes","description":"Inspir\u00e9es de la forme traditionnelle d'une perle en forme de larme, ces boucles d'oreilles sont revisit\u00e9es en argent massif.Id\u00e9ales au quotidien, elles sont \u00e0 la fois ultra-l\u00e9g\u00e8res et chics.","robots":{"index":"index","follow":"follow","max-snippet":"max-snippet:-1","max-image-preview":"max-image-preview:large","max-video-preview":"max-video-preview:-1"},"canonical":"https:\/\/coraliegrzes.com\/fr\/shop\/boucles\/boucles-doreilles-lagrimas\/","og_locale":"fr_FR","og_type":"article","og_title":"Boucles d'oreilles L\u00c1GRIMAS - Coralie Grzes","og_description":"Inspir\u00e9es de la forme traditionnelle d'une perle en forme de larme, ces boucles d'oreilles sont revisit\u00e9es en argent massif.Id\u00e9ales au quotidien, elles sont \u00e0 la fois ultra-l\u00e9g\u00e8res et chics.","og_url":"https:\/\/coraliegrzes.com\/fr\/shop\/boucles\/boucles-doreilles-lagrimas\/","og_site_name":"Coralie Grzes","article_publisher":"https:\/\/www.facebook.com\/CoralieGrzesJewelry","article_modified_time":"2025-12-02T11:28:16+00:00","og_image":[{"width":1919,"height":2560,"url":"https:\/\/coraliegrzes.com\/wp-content\/uploads\/2025\/12\/LAGRIMAS-EARRINGS-2-scaled.jpg","type":"image\/jpeg"}],"twitter_card":"summary_large_image","twitter_misc":{"Dur\u00e9e de lecture estim\u00e9e":"1 minute"},"schema":{"@context":"https:\/\/schema.org","@graph":[{"@type":"WebPage","@id":"https:\/\/coraliegrzes.com\/fr\/shop\/boucles\/boucles-doreilles-lagrimas\/","url":"https:\/\/coraliegrzes.com\/fr\/shop\/boucles\/boucles-doreilles-lagrimas\/","name":"Boucles d'oreilles L\u00c1GRIMAS - Coralie Grzes","isPartOf":{"@id":"https:\/\/coraliegrzes.com\/fr\/#website"},"primaryImageOfPage":{"@id":"https:\/\/coraliegrzes.com\/fr\/shop\/boucles\/boucles-doreilles-lagrimas\/#primaryimage"},"image":{"@id":"https:\/\/coraliegrzes.com\/fr\/shop\/boucles\/boucles-doreilles-lagrimas\/#primaryimage"},"thumbnailUrl":"https:\/\/i0.wp.com\/coraliegrzes.com\/wp-content\/uploads\/2025\/12\/LAGRIMAS-EARRINGS-2-scaled.jpg?fit=1919%2C2560&ssl=1","datePublished":"2025-12-02T11:00:23+00:00","dateModified":"2025-12-02T11:28:16+00:00","description":"Inspir\u00e9es de la forme traditionnelle d'une perle en forme de larme, ces boucles d'oreilles sont revisit\u00e9es en argent massif.Id\u00e9ales au quotidien, elles sont \u00e0 la fois ultra-l\u00e9g\u00e8res et chics.","breadcrumb":{"@id":"https:\/\/coraliegrzes.com\/fr\/shop\/boucles\/boucles-doreilles-lagrimas\/#breadcrumb"},"inLanguage":"fr-FR","potentialAction":[{"@type":"ReadAction","target":["https:\/\/coraliegrzes.com\/fr\/shop\/boucles\/boucles-doreilles-lagrimas\/"]}]},{"@type":"ImageObject","inLanguage":"fr-FR","@id":"https:\/\/coraliegrzes.com\/fr\/shop\/boucles\/boucles-doreilles-lagrimas\/#primaryimage","url":"https:\/\/i0.wp.com\/coraliegrzes.com\/wp-content\/uploads\/2025\/12\/LAGRIMAS-EARRINGS-2-scaled.jpg?fit=1919%2C2560&ssl=1","contentUrl":"https:\/\/i0.wp.com\/coraliegrzes.com\/wp-content\/uploads\/2025\/12\/LAGRIMAS-EARRINGS-2-scaled.jpg?fit=1919%2C2560&ssl=1","width":1919,"height":2560},{"@type":"BreadcrumbList","@id":"https:\/\/coraliegrzes.com\/fr\/shop\/boucles\/boucles-doreilles-lagrimas\/#breadcrumb","itemListElement":[{"@type":"ListItem","position":1,"name":"Accueil","item":"https:\/\/coraliegrzes.com\/fr\/page-daccueil\/"},{"@type":"ListItem","position":2,"name":"Boutique","item":"https:\/\/coraliegrzes.com\/fr\/boutique\/"},{"@type":"ListItem","position":3,"name":"Boucles d&rsquo;oreilles L\u00c1GRIMAS"}]},{"@type":"WebSite","@id":"https:\/\/coraliegrzes.com\/fr\/#website","url":"https:\/\/coraliegrzes.com\/fr\/","name":"Coralie Grzes","description":"Joaillerie \u00c9thique","publisher":{"@id":"https:\/\/coraliegrzes.com\/fr\/#organization"},"potentialAction":[{"@type":"SearchAction","target":{"@type":"EntryPoint","urlTemplate":"https:\/\/coraliegrzes.com\/fr\/?s={search_term_string}"},"query-input":{"@type":"PropertyValueSpecification","valueRequired":true,"valueName":"search_term_string"}}],"inLanguage":"fr-FR"},{"@type":"Organization","@id":"https:\/\/coraliegrzes.com\/fr\/#organization","name":"Coralie Grzes - Ethical Jewelry Handcrafted in Barcelona","url":"https:\/\/coraliegrzes.com\/fr\/","logo":{"@type":"ImageObject","inLanguage":"fr-FR","@id":"https:\/\/coraliegrzes.com\/fr\/#\/schema\/logo\/image\/","url":"https:\/\/i0.wp.com\/coraliegrzes.com\/wp-content\/uploads\/2021\/04\/cropped-C.G-logo-insta-01.png?fit=512%2C512&ssl=1","contentUrl":"https:\/\/i0.wp.com\/coraliegrzes.com\/wp-content\/uploads\/2021\/04\/cropped-C.G-logo-insta-01.png?fit=512%2C512&ssl=1","width":512,"height":512,"caption":"Coralie Grzes - Ethical Jewelry Handcrafted in Barcelona"},"image":{"@id":"https:\/\/coraliegrzes.com\/fr\/#\/schema\/logo\/image\/"},"sameAs":["https:\/\/www.facebook.com\/CoralieGrzesJewelry","https:\/\/www.instagram.com\/coraliegrzes\/","https:\/\/www.pinterest.es\/coraliegrzes\/"]}]}},"jetpack_sharing_enabled":true,"_links":{"self":[{"href":"https:\/\/coraliegrzes.com\/fr\/wp-json\/wp\/v2\/product\/10471","targetHints":{"allow":["GET"]}}],"collection":[{"href":"https:\/\/coraliegrzes.com\/fr\/wp-json\/wp\/v2\/product"}],"about":[{"href":"https:\/\/coraliegrzes.com\/fr\/wp-json\/wp\/v2\/types\/product"}],"replies":[{"embeddable":true,"href":"https:\/\/coraliegrzes.com\/fr\/wp-json\/wp\/v2\/comments?post=10471"}],"wp:featuredmedia":[{"embeddable":true,"href":"https:\/\/coraliegrzes.com\/fr\/wp-json\/wp\/v2\/media\/10473"}],"wp:attachment":[{"href":"https:\/\/coraliegrzes.com\/fr\/wp-json\/wp\/v2\/media?parent=10471"}],"wp:term":[{"taxonomy":"product_brand","embeddable":true,"href":"https:\/\/coraliegrzes.com\/fr\/wp-json\/wp\/v2\/product_brand?post=10471"},{"taxonomy":"product_cat","embeddable":true,"href":"https:\/\/coraliegrzes.com\/fr\/wp-json\/wp\/v2\/product_cat?post=10471"},{"taxonomy":"product_tag","embeddable":true,"href":"https:\/\/coraliegrzes.com\/fr\/wp-json\/wp\/v2\/product_tag?post=10471"}],"curies":[{"name":"wp","href":"https:\/\/api.w.org\/{rel}","templated":true}]}}