{"id":10579,"date":"2025-12-02T13:01:21","date_gmt":"2025-12-02T12:01:21","guid":{"rendered":"https:\/\/coraliegrzes.com\/shop\/non%20class\u00e9\/boucles-doreilles-pam\/"},"modified":"2026-01-29T21:22:48","modified_gmt":"2026-01-29T20:22:48","slug":"boucles-doreilles-pam","status":"publish","type":"product","link":"https:\/\/coraliegrzes.com\/fr\/shop\/boucles\/boucles-doreilles-pam\/","title":{"rendered":"Boucles d&rsquo;oreilles PAM"},"content":{"rendered":"","protected":false},"excerpt":{"rendered":"<p><span style=\"color: #000000;\">Les boucles d&rsquo;oreilles PAM sont une version des boucles d&rsquo;oreilles UMA qui auraient fondues le long des lobes ondulant d\u00e9licatement. Des boucles d&rsquo;oreilles uniques avec une finition satin\u00e9e et une texture subtile.<!-- notionvc: a902575a-d265-4ec6-afcb-49d576682240 --><\/span><\/p>\n<p><span style=\"color: #000000;\">De par leur proc\u00e9d\u00e9 de fabrication, chaque boucle d&rsquo;oreille poss\u00e8de une forme unique, m\u00eame si elles peuvent se ressembler. De l\u00e9g\u00e8res variations entre elles sont normales. <\/span><\/p>\n<p><span style=\"color: #000000;\"><em>Si l&rsquo;article n&rsquo;est pas en stock, veuillez noter qu&rsquo;il n\u00e9cessite un d\u00e9lai de fabrication de 3 \u00e0 5 jours ouvrables (hors d\u00e9lai de livraison).<\/em><\/span><\/p>\n","protected":false},"featured_media":10577,"comment_status":"closed","ping_status":"closed","template":"","meta":[],"product_brand":[],"product_cat":[648,310,640,642],"product_tag":[],"class_list":{"0":"post-10579","1":"product","2":"type-product","3":"status-publish","4":"has-post-thumbnail","6":"product_cat-argent","7":"product_cat-boucles","8":"product_cat-nouveautes","9":"product_cat-pieces-uniques","11":"first","12":"instock","13":"taxable","14":"shipping-taxable","15":"purchasable","16":"product-type-simple"},"yoast_head":"<!-- This site is optimized with the Yoast SEO plugin v27.3 - https:\/\/yoast.com\/product\/yoast-seo-wordpress\/ -->\n<title>Boucles d&#039;oreilles PAM - Coralie Grzes<\/title>\n<meta name=\"description\" content=\"Les boucles d&#039;oreilles PAM sont une version des boucles d&#039;oreilles UMA qui auraient fondues le long des lobes ondulant d\u00e9licatement. Des boucles d&#039;oreilles uniques avec une finition satin\u00e9e et une texture subtile.\" \/>\n<meta name=\"robots\" content=\"index, follow, max-snippet:-1, max-image-preview:large, max-video-preview:-1\" \/>\n<link rel=\"canonical\" href=\"https:\/\/coraliegrzes.com\/fr\/shop\/boucles\/boucles-doreilles-pam\/\" \/>\n<meta property=\"og:locale\" content=\"fr_FR\" \/>\n<meta property=\"og:type\" content=\"article\" \/>\n<meta property=\"og:title\" content=\"Boucles d&#039;oreilles PAM - Coralie Grzes\" \/>\n<meta property=\"og:description\" content=\"Les boucles d&#039;oreilles PAM sont une version des boucles d&#039;oreilles UMA qui auraient fondues le long des lobes ondulant d\u00e9licatement. Des boucles d&#039;oreilles uniques avec une finition satin\u00e9e et une texture subtile.\" \/>\n<meta property=\"og:url\" content=\"https:\/\/coraliegrzes.com\/fr\/shop\/boucles\/boucles-doreilles-pam\/\" \/>\n<meta property=\"og:site_name\" content=\"Coralie Grzes\" \/>\n<meta property=\"article:publisher\" content=\"https:\/\/www.facebook.com\/CoralieGrzesJewelry\" \/>\n<meta property=\"article:modified_time\" content=\"2026-01-29T20:22:48+00:00\" \/>\n<meta property=\"og:image\" content=\"https:\/\/i0.wp.com\/coraliegrzes.com\/wp-content\/uploads\/2025\/12\/PAM-EARRINGS-scaled.jpg?fit=1920%2C2560&ssl=1\" \/>\n\t<meta property=\"og:image:width\" content=\"1920\" \/>\n\t<meta property=\"og:image:height\" content=\"2560\" \/>\n\t<meta property=\"og:image:type\" content=\"image\/jpeg\" \/>\n<meta name=\"twitter:card\" content=\"summary_large_image\" \/>\n<meta name=\"twitter:label1\" content=\"Dur\u00e9e de lecture estim\u00e9e\" \/>\n\t<meta name=\"twitter:data1\" content=\"1 minute\" \/>\n<script type=\"application\/ld+json\" class=\"yoast-schema-graph\">{\"@context\":\"https:\\\/\\\/schema.org\",\"@graph\":[{\"@type\":\"WebPage\",\"@id\":\"https:\\\/\\\/coraliegrzes.com\\\/fr\\\/shop\\\/boucles\\\/boucles-doreilles-pam\\\/\",\"url\":\"https:\\\/\\\/coraliegrzes.com\\\/fr\\\/shop\\\/boucles\\\/boucles-doreilles-pam\\\/\",\"name\":\"Boucles d'oreilles PAM - Coralie Grzes\",\"isPartOf\":{\"@id\":\"https:\\\/\\\/coraliegrzes.com\\\/fr\\\/#website\"},\"primaryImageOfPage\":{\"@id\":\"https:\\\/\\\/coraliegrzes.com\\\/fr\\\/shop\\\/boucles\\\/boucles-doreilles-pam\\\/#primaryimage\"},\"image\":{\"@id\":\"https:\\\/\\\/coraliegrzes.com\\\/fr\\\/shop\\\/boucles\\\/boucles-doreilles-pam\\\/#primaryimage\"},\"thumbnailUrl\":\"https:\\\/\\\/i0.wp.com\\\/coraliegrzes.com\\\/wp-content\\\/uploads\\\/2025\\\/12\\\/PAM-EARRINGS-scaled.jpg?fit=1920%2C2560&ssl=1\",\"datePublished\":\"2025-12-02T12:01:21+00:00\",\"dateModified\":\"2026-01-29T20:22:48+00:00\",\"description\":\"Les boucles d'oreilles PAM sont une version des boucles d'oreilles UMA qui auraient fondues le long des lobes ondulant d\u00e9licatement. Des boucles d'oreilles uniques avec une finition satin\u00e9e et une texture subtile.\",\"breadcrumb\":{\"@id\":\"https:\\\/\\\/coraliegrzes.com\\\/fr\\\/shop\\\/boucles\\\/boucles-doreilles-pam\\\/#breadcrumb\"},\"inLanguage\":\"fr-FR\",\"potentialAction\":[{\"@type\":\"ReadAction\",\"target\":[\"https:\\\/\\\/coraliegrzes.com\\\/fr\\\/shop\\\/boucles\\\/boucles-doreilles-pam\\\/\"]}]},{\"@type\":\"ImageObject\",\"inLanguage\":\"fr-FR\",\"@id\":\"https:\\\/\\\/coraliegrzes.com\\\/fr\\\/shop\\\/boucles\\\/boucles-doreilles-pam\\\/#primaryimage\",\"url\":\"https:\\\/\\\/i0.wp.com\\\/coraliegrzes.com\\\/wp-content\\\/uploads\\\/2025\\\/12\\\/PAM-EARRINGS-scaled.jpg?fit=1920%2C2560&ssl=1\",\"contentUrl\":\"https:\\\/\\\/i0.wp.com\\\/coraliegrzes.com\\\/wp-content\\\/uploads\\\/2025\\\/12\\\/PAM-EARRINGS-scaled.jpg?fit=1920%2C2560&ssl=1\",\"width\":1920,\"height\":2560},{\"@type\":\"BreadcrumbList\",\"@id\":\"https:\\\/\\\/coraliegrzes.com\\\/fr\\\/shop\\\/boucles\\\/boucles-doreilles-pam\\\/#breadcrumb\",\"itemListElement\":[{\"@type\":\"ListItem\",\"position\":1,\"name\":\"Accueil\",\"item\":\"https:\\\/\\\/coraliegrzes.com\\\/fr\\\/page-daccueil\\\/\"},{\"@type\":\"ListItem\",\"position\":2,\"name\":\"Boutique\",\"item\":\"https:\\\/\\\/coraliegrzes.com\\\/fr\\\/boutique\\\/\"},{\"@type\":\"ListItem\",\"position\":3,\"name\":\"Boucles d&rsquo;oreilles PAM\"}]},{\"@type\":\"WebSite\",\"@id\":\"https:\\\/\\\/coraliegrzes.com\\\/fr\\\/#website\",\"url\":\"https:\\\/\\\/coraliegrzes.com\\\/fr\\\/\",\"name\":\"Coralie Grzes\",\"description\":\"Joaillerie \u00c9thique\",\"publisher\":{\"@id\":\"https:\\\/\\\/coraliegrzes.com\\\/fr\\\/#organization\"},\"potentialAction\":[{\"@type\":\"SearchAction\",\"target\":{\"@type\":\"EntryPoint\",\"urlTemplate\":\"https:\\\/\\\/coraliegrzes.com\\\/fr\\\/?s={search_term_string}\"},\"query-input\":{\"@type\":\"PropertyValueSpecification\",\"valueRequired\":true,\"valueName\":\"search_term_string\"}}],\"inLanguage\":\"fr-FR\"},{\"@type\":\"Organization\",\"@id\":\"https:\\\/\\\/coraliegrzes.com\\\/fr\\\/#organization\",\"name\":\"Coralie Grzes - Ethical Jewelry Handcrafted in Barcelona\",\"url\":\"https:\\\/\\\/coraliegrzes.com\\\/fr\\\/\",\"logo\":{\"@type\":\"ImageObject\",\"inLanguage\":\"fr-FR\",\"@id\":\"https:\\\/\\\/coraliegrzes.com\\\/fr\\\/#\\\/schema\\\/logo\\\/image\\\/\",\"url\":\"https:\\\/\\\/i0.wp.com\\\/coraliegrzes.com\\\/wp-content\\\/uploads\\\/2021\\\/04\\\/cropped-C.G-logo-insta-01.png?fit=512%2C512&ssl=1\",\"contentUrl\":\"https:\\\/\\\/i0.wp.com\\\/coraliegrzes.com\\\/wp-content\\\/uploads\\\/2021\\\/04\\\/cropped-C.G-logo-insta-01.png?fit=512%2C512&ssl=1\",\"width\":512,\"height\":512,\"caption\":\"Coralie Grzes - Ethical Jewelry Handcrafted in Barcelona\"},\"image\":{\"@id\":\"https:\\\/\\\/coraliegrzes.com\\\/fr\\\/#\\\/schema\\\/logo\\\/image\\\/\"},\"sameAs\":[\"https:\\\/\\\/www.facebook.com\\\/CoralieGrzesJewelry\",\"https:\\\/\\\/www.instagram.com\\\/coraliegrzes\\\/\",\"https:\\\/\\\/www.pinterest.es\\\/coraliegrzes\\\/\"]}]}<\/script>\n<!-- \/ Yoast SEO plugin. -->","yoast_head_json":{"title":"Boucles d'oreilles PAM - Coralie Grzes","description":"Les boucles d'oreilles PAM sont une version des boucles d'oreilles UMA qui auraient fondues le long des lobes ondulant d\u00e9licatement. Des boucles d'oreilles uniques avec une finition satin\u00e9e et une texture subtile.","robots":{"index":"index","follow":"follow","max-snippet":"max-snippet:-1","max-image-preview":"max-image-preview:large","max-video-preview":"max-video-preview:-1"},"canonical":"https:\/\/coraliegrzes.com\/fr\/shop\/boucles\/boucles-doreilles-pam\/","og_locale":"fr_FR","og_type":"article","og_title":"Boucles d'oreilles PAM - Coralie Grzes","og_description":"Les boucles d'oreilles PAM sont une version des boucles d'oreilles UMA qui auraient fondues le long des lobes ondulant d\u00e9licatement. Des boucles d'oreilles uniques avec une finition satin\u00e9e et une texture subtile.","og_url":"https:\/\/coraliegrzes.com\/fr\/shop\/boucles\/boucles-doreilles-pam\/","og_site_name":"Coralie Grzes","article_publisher":"https:\/\/www.facebook.com\/CoralieGrzesJewelry","article_modified_time":"2026-01-29T20:22:48+00:00","og_image":[{"width":1920,"height":2560,"url":"https:\/\/i0.wp.com\/coraliegrzes.com\/wp-content\/uploads\/2025\/12\/PAM-EARRINGS-scaled.jpg?fit=1920%2C2560&ssl=1","type":"image\/jpeg"}],"twitter_card":"summary_large_image","twitter_misc":{"Dur\u00e9e de lecture estim\u00e9e":"1 minute"},"schema":{"@context":"https:\/\/schema.org","@graph":[{"@type":"WebPage","@id":"https:\/\/coraliegrzes.com\/fr\/shop\/boucles\/boucles-doreilles-pam\/","url":"https:\/\/coraliegrzes.com\/fr\/shop\/boucles\/boucles-doreilles-pam\/","name":"Boucles d'oreilles PAM - Coralie Grzes","isPartOf":{"@id":"https:\/\/coraliegrzes.com\/fr\/#website"},"primaryImageOfPage":{"@id":"https:\/\/coraliegrzes.com\/fr\/shop\/boucles\/boucles-doreilles-pam\/#primaryimage"},"image":{"@id":"https:\/\/coraliegrzes.com\/fr\/shop\/boucles\/boucles-doreilles-pam\/#primaryimage"},"thumbnailUrl":"https:\/\/i0.wp.com\/coraliegrzes.com\/wp-content\/uploads\/2025\/12\/PAM-EARRINGS-scaled.jpg?fit=1920%2C2560&ssl=1","datePublished":"2025-12-02T12:01:21+00:00","dateModified":"2026-01-29T20:22:48+00:00","description":"Les boucles d'oreilles PAM sont une version des boucles d'oreilles UMA qui auraient fondues le long des lobes ondulant d\u00e9licatement. Des boucles d'oreilles uniques avec une finition satin\u00e9e et une texture subtile.","breadcrumb":{"@id":"https:\/\/coraliegrzes.com\/fr\/shop\/boucles\/boucles-doreilles-pam\/#breadcrumb"},"inLanguage":"fr-FR","potentialAction":[{"@type":"ReadAction","target":["https:\/\/coraliegrzes.com\/fr\/shop\/boucles\/boucles-doreilles-pam\/"]}]},{"@type":"ImageObject","inLanguage":"fr-FR","@id":"https:\/\/coraliegrzes.com\/fr\/shop\/boucles\/boucles-doreilles-pam\/#primaryimage","url":"https:\/\/i0.wp.com\/coraliegrzes.com\/wp-content\/uploads\/2025\/12\/PAM-EARRINGS-scaled.jpg?fit=1920%2C2560&ssl=1","contentUrl":"https:\/\/i0.wp.com\/coraliegrzes.com\/wp-content\/uploads\/2025\/12\/PAM-EARRINGS-scaled.jpg?fit=1920%2C2560&ssl=1","width":1920,"height":2560},{"@type":"BreadcrumbList","@id":"https:\/\/coraliegrzes.com\/fr\/shop\/boucles\/boucles-doreilles-pam\/#breadcrumb","itemListElement":[{"@type":"ListItem","position":1,"name":"Accueil","item":"https:\/\/coraliegrzes.com\/fr\/page-daccueil\/"},{"@type":"ListItem","position":2,"name":"Boutique","item":"https:\/\/coraliegrzes.com\/fr\/boutique\/"},{"@type":"ListItem","position":3,"name":"Boucles d&rsquo;oreilles PAM"}]},{"@type":"WebSite","@id":"https:\/\/coraliegrzes.com\/fr\/#website","url":"https:\/\/coraliegrzes.com\/fr\/","name":"Coralie Grzes","description":"Joaillerie \u00c9thique","publisher":{"@id":"https:\/\/coraliegrzes.com\/fr\/#organization"},"potentialAction":[{"@type":"SearchAction","target":{"@type":"EntryPoint","urlTemplate":"https:\/\/coraliegrzes.com\/fr\/?s={search_term_string}"},"query-input":{"@type":"PropertyValueSpecification","valueRequired":true,"valueName":"search_term_string"}}],"inLanguage":"fr-FR"},{"@type":"Organization","@id":"https:\/\/coraliegrzes.com\/fr\/#organization","name":"Coralie Grzes - Ethical Jewelry Handcrafted in Barcelona","url":"https:\/\/coraliegrzes.com\/fr\/","logo":{"@type":"ImageObject","inLanguage":"fr-FR","@id":"https:\/\/coraliegrzes.com\/fr\/#\/schema\/logo\/image\/","url":"https:\/\/i0.wp.com\/coraliegrzes.com\/wp-content\/uploads\/2021\/04\/cropped-C.G-logo-insta-01.png?fit=512%2C512&ssl=1","contentUrl":"https:\/\/i0.wp.com\/coraliegrzes.com\/wp-content\/uploads\/2021\/04\/cropped-C.G-logo-insta-01.png?fit=512%2C512&ssl=1","width":512,"height":512,"caption":"Coralie Grzes - Ethical Jewelry Handcrafted in Barcelona"},"image":{"@id":"https:\/\/coraliegrzes.com\/fr\/#\/schema\/logo\/image\/"},"sameAs":["https:\/\/www.facebook.com\/CoralieGrzesJewelry","https:\/\/www.instagram.com\/coraliegrzes\/","https:\/\/www.pinterest.es\/coraliegrzes\/"]}]}},"jetpack_sharing_enabled":true,"_links":{"self":[{"href":"https:\/\/coraliegrzes.com\/fr\/wp-json\/wp\/v2\/product\/10579","targetHints":{"allow":["GET"]}}],"collection":[{"href":"https:\/\/coraliegrzes.com\/fr\/wp-json\/wp\/v2\/product"}],"about":[{"href":"https:\/\/coraliegrzes.com\/fr\/wp-json\/wp\/v2\/types\/product"}],"replies":[{"embeddable":true,"href":"https:\/\/coraliegrzes.com\/fr\/wp-json\/wp\/v2\/comments?post=10579"}],"wp:featuredmedia":[{"embeddable":true,"href":"https:\/\/coraliegrzes.com\/fr\/wp-json\/wp\/v2\/media\/10577"}],"wp:attachment":[{"href":"https:\/\/coraliegrzes.com\/fr\/wp-json\/wp\/v2\/media?parent=10579"}],"wp:term":[{"taxonomy":"product_brand","embeddable":true,"href":"https:\/\/coraliegrzes.com\/fr\/wp-json\/wp\/v2\/product_brand?post=10579"},{"taxonomy":"product_cat","embeddable":true,"href":"https:\/\/coraliegrzes.com\/fr\/wp-json\/wp\/v2\/product_cat?post=10579"},{"taxonomy":"product_tag","embeddable":true,"href":"https:\/\/coraliegrzes.com\/fr\/wp-json\/wp\/v2\/product_tag?post=10579"}],"curies":[{"name":"wp","href":"https:\/\/api.w.org\/{rel}","templated":true}]}}