{"id":3436,"date":"2021-02-22T13:15:16","date_gmt":"2021-02-22T12:15:16","guid":{"rendered":"http:\/\/coraliegrzes.es\/produit\/pendentif-paillette-9-mm-or-jaune-fairmined\/"},"modified":"2025-12-03T15:38:12","modified_gmt":"2025-12-03T14:38:12","slug":"pendentif-paillette-9mm-or-jaune-fairmined","status":"publish","type":"product","link":"https:\/\/coraliegrzes.com\/fr\/shop\/colliers\/pendentif-paillette-9mm-or-jaune-fairmined\/","title":{"rendered":"M\u00e9daille Paillette Or jaune Fairmined"},"content":{"rendered":"","protected":false},"excerpt":{"rendered":"<p class=\"\" data-pm-slice=\"1 1 []\">Cette m\u00e9daille fine et l\u00e9g\u00e8re est une m\u00e9daille id\u00e9ale \u00e0 porter au quotidien. C&rsquo;est une paillette qui refl\u00e8te la lumi\u00e8re et fait briller votre cou. Vous pouvez la graver (jusqu&rsquo;\u00e0 6 caract\u00e8res).<\/p>\n<p class=\"\" data-pm-slice=\"1 1 []\">\u00c9crivez votre gravure dans la note de commande en bas de la page de paiement.<\/p>\n","protected":false},"featured_media":8407,"comment_status":"closed","ping_status":"closed","template":"","meta":[],"product_brand":[],"product_cat":[318,645,609,316,594,601],"product_tag":[342,410,438,368,406,408,372,386,374,420],"class_list":{"0":"post-3436","1":"product","2":"type-product","3":"status-publish","4":"has-post-thumbnail","6":"product_cat-bijoux-personnalises","7":"product_cat-certifie-fairmined","8":"product_cat-collection-permanente","9":"product_cat-colliers","10":"product_cat-or","11":"product_cat-selection-fete-des-meres","12":"product_tag-chaine","13":"product_tag-cou","14":"product_tag-durable","15":"product_tag-ethique-fr","16":"product_tag-medaille","17":"product_tag-medallion-fr","18":"product_tag-mine-ethique","19":"product_tag-or","20":"product_tag-or-fairmined","21":"product_tag-pendentif","23":"first","24":"instock","25":"taxable","26":"shipping-taxable","27":"purchasable","28":"product-type-variable"},"yoast_head":"<!-- This site is optimized with the Yoast SEO plugin v27.3 - https:\/\/yoast.com\/product\/yoast-seo-wordpress\/ -->\n<title>M\u00e9daille Paillette Or jaune Fairmined - Coralie Grzes<\/title>\n<meta name=\"description\" content=\"Ce petit pendentif Cube est un cube en or jaune 18 carats, un bijou \u00e0 la fois d\u00e9contract\u00e9 et \u00e9l\u00e9gant. Ce bijou subtil et captivant apporte une touche d&#039;originalit\u00e9 \u00e0 votre style.\" \/>\n<meta name=\"robots\" content=\"index, follow, max-snippet:-1, max-image-preview:large, max-video-preview:-1\" \/>\n<link rel=\"canonical\" href=\"https:\/\/coraliegrzes.com\/fr\/shop\/colliers\/pendentif-paillette-9mm-or-jaune-fairmined\/\" \/>\n<meta property=\"og:locale\" content=\"fr_FR\" \/>\n<meta property=\"og:type\" content=\"article\" \/>\n<meta property=\"og:title\" content=\"M\u00e9daille Paillette Or jaune Fairmined - Coralie Grzes\" \/>\n<meta property=\"og:description\" content=\"Ce petit pendentif Cube est un cube en or jaune 18 carats, un bijou \u00e0 la fois d\u00e9contract\u00e9 et \u00e9l\u00e9gant. Ce bijou subtil et captivant apporte une touche d&#039;originalit\u00e9 \u00e0 votre style.\" \/>\n<meta property=\"og:url\" content=\"https:\/\/coraliegrzes.com\/fr\/shop\/colliers\/pendentif-paillette-9mm-or-jaune-fairmined\/\" \/>\n<meta property=\"og:site_name\" content=\"Coralie Grzes\" \/>\n<meta property=\"article:publisher\" content=\"https:\/\/www.facebook.com\/CoralieGrzesJewelry\" \/>\n<meta property=\"article:modified_time\" content=\"2025-12-03T14:38:12+00:00\" \/>\n<meta property=\"og:image\" content=\"https:\/\/i0.wp.com\/coraliegrzes.com\/wp-content\/uploads\/2021\/02\/Paillette-Pendant-Coralie-Grzes2-scaled.jpg?fit=1919%2C2560&ssl=1\" \/>\n\t<meta property=\"og:image:width\" content=\"1919\" \/>\n\t<meta property=\"og:image:height\" content=\"2560\" \/>\n\t<meta property=\"og:image:type\" content=\"image\/jpeg\" \/>\n<meta name=\"twitter:card\" content=\"summary_large_image\" \/>\n<meta name=\"twitter:label1\" content=\"Dur\u00e9e de lecture estim\u00e9e\" \/>\n\t<meta name=\"twitter:data1\" content=\"1 minute\" \/>\n<script type=\"application\/ld+json\" class=\"yoast-schema-graph\">{\"@context\":\"https:\\\/\\\/schema.org\",\"@graph\":[{\"@type\":\"WebPage\",\"@id\":\"https:\\\/\\\/coraliegrzes.com\\\/fr\\\/shop\\\/colliers\\\/pendentif-paillette-9mm-or-jaune-fairmined\\\/\",\"url\":\"https:\\\/\\\/coraliegrzes.com\\\/fr\\\/shop\\\/colliers\\\/pendentif-paillette-9mm-or-jaune-fairmined\\\/\",\"name\":\"M\u00e9daille Paillette Or jaune Fairmined - Coralie Grzes\",\"isPartOf\":{\"@id\":\"https:\\\/\\\/coraliegrzes.com\\\/fr\\\/#website\"},\"primaryImageOfPage\":{\"@id\":\"https:\\\/\\\/coraliegrzes.com\\\/fr\\\/shop\\\/colliers\\\/pendentif-paillette-9mm-or-jaune-fairmined\\\/#primaryimage\"},\"image\":{\"@id\":\"https:\\\/\\\/coraliegrzes.com\\\/fr\\\/shop\\\/colliers\\\/pendentif-paillette-9mm-or-jaune-fairmined\\\/#primaryimage\"},\"thumbnailUrl\":\"https:\\\/\\\/i0.wp.com\\\/coraliegrzes.com\\\/wp-content\\\/uploads\\\/2021\\\/02\\\/Paillette-Pendant-Coralie-Grzes2-scaled.jpg?fit=1919%2C2560&ssl=1\",\"datePublished\":\"2021-02-22T12:15:16+00:00\",\"dateModified\":\"2025-12-03T14:38:12+00:00\",\"description\":\"Ce petit pendentif Cube est un cube en or jaune 18 carats, un bijou \u00e0 la fois d\u00e9contract\u00e9 et \u00e9l\u00e9gant. Ce bijou subtil et captivant apporte une touche d'originalit\u00e9 \u00e0 votre style.\",\"breadcrumb\":{\"@id\":\"https:\\\/\\\/coraliegrzes.com\\\/fr\\\/shop\\\/colliers\\\/pendentif-paillette-9mm-or-jaune-fairmined\\\/#breadcrumb\"},\"inLanguage\":\"fr-FR\",\"potentialAction\":[{\"@type\":\"ReadAction\",\"target\":[\"https:\\\/\\\/coraliegrzes.com\\\/fr\\\/shop\\\/colliers\\\/pendentif-paillette-9mm-or-jaune-fairmined\\\/\"]}]},{\"@type\":\"ImageObject\",\"inLanguage\":\"fr-FR\",\"@id\":\"https:\\\/\\\/coraliegrzes.com\\\/fr\\\/shop\\\/colliers\\\/pendentif-paillette-9mm-or-jaune-fairmined\\\/#primaryimage\",\"url\":\"https:\\\/\\\/i0.wp.com\\\/coraliegrzes.com\\\/wp-content\\\/uploads\\\/2021\\\/02\\\/Paillette-Pendant-Coralie-Grzes2-scaled.jpg?fit=1919%2C2560&ssl=1\",\"contentUrl\":\"https:\\\/\\\/i0.wp.com\\\/coraliegrzes.com\\\/wp-content\\\/uploads\\\/2021\\\/02\\\/Paillette-Pendant-Coralie-Grzes2-scaled.jpg?fit=1919%2C2560&ssl=1\",\"width\":1919,\"height\":2560},{\"@type\":\"BreadcrumbList\",\"@id\":\"https:\\\/\\\/coraliegrzes.com\\\/fr\\\/shop\\\/colliers\\\/pendentif-paillette-9mm-or-jaune-fairmined\\\/#breadcrumb\",\"itemListElement\":[{\"@type\":\"ListItem\",\"position\":1,\"name\":\"Accueil\",\"item\":\"https:\\\/\\\/coraliegrzes.com\\\/fr\\\/page-daccueil\\\/\"},{\"@type\":\"ListItem\",\"position\":2,\"name\":\"Boutique\",\"item\":\"https:\\\/\\\/coraliegrzes.com\\\/fr\\\/boutique\\\/\"},{\"@type\":\"ListItem\",\"position\":3,\"name\":\"M\u00e9daille Paillette Or jaune Fairmined\"}]},{\"@type\":\"WebSite\",\"@id\":\"https:\\\/\\\/coraliegrzes.com\\\/fr\\\/#website\",\"url\":\"https:\\\/\\\/coraliegrzes.com\\\/fr\\\/\",\"name\":\"Coralie Grzes\",\"description\":\"Joaillerie \u00c9thique\",\"publisher\":{\"@id\":\"https:\\\/\\\/coraliegrzes.com\\\/fr\\\/#organization\"},\"potentialAction\":[{\"@type\":\"SearchAction\",\"target\":{\"@type\":\"EntryPoint\",\"urlTemplate\":\"https:\\\/\\\/coraliegrzes.com\\\/fr\\\/?s={search_term_string}\"},\"query-input\":{\"@type\":\"PropertyValueSpecification\",\"valueRequired\":true,\"valueName\":\"search_term_string\"}}],\"inLanguage\":\"fr-FR\"},{\"@type\":\"Organization\",\"@id\":\"https:\\\/\\\/coraliegrzes.com\\\/fr\\\/#organization\",\"name\":\"Coralie Grzes - Ethical Jewelry Handcrafted in Barcelona\",\"url\":\"https:\\\/\\\/coraliegrzes.com\\\/fr\\\/\",\"logo\":{\"@type\":\"ImageObject\",\"inLanguage\":\"fr-FR\",\"@id\":\"https:\\\/\\\/coraliegrzes.com\\\/fr\\\/#\\\/schema\\\/logo\\\/image\\\/\",\"url\":\"https:\\\/\\\/i0.wp.com\\\/coraliegrzes.com\\\/wp-content\\\/uploads\\\/2021\\\/04\\\/cropped-C.G-logo-insta-01.png?fit=512%2C512&ssl=1\",\"contentUrl\":\"https:\\\/\\\/i0.wp.com\\\/coraliegrzes.com\\\/wp-content\\\/uploads\\\/2021\\\/04\\\/cropped-C.G-logo-insta-01.png?fit=512%2C512&ssl=1\",\"width\":512,\"height\":512,\"caption\":\"Coralie Grzes - Ethical Jewelry Handcrafted in Barcelona\"},\"image\":{\"@id\":\"https:\\\/\\\/coraliegrzes.com\\\/fr\\\/#\\\/schema\\\/logo\\\/image\\\/\"},\"sameAs\":[\"https:\\\/\\\/www.facebook.com\\\/CoralieGrzesJewelry\",\"https:\\\/\\\/www.instagram.com\\\/coraliegrzes\\\/\",\"https:\\\/\\\/www.pinterest.es\\\/coraliegrzes\\\/\"]}]}<\/script>\n<!-- \/ Yoast SEO plugin. -->","yoast_head_json":{"title":"M\u00e9daille Paillette Or jaune Fairmined - Coralie Grzes","description":"Ce petit pendentif Cube est un cube en or jaune 18 carats, un bijou \u00e0 la fois d\u00e9contract\u00e9 et \u00e9l\u00e9gant. Ce bijou subtil et captivant apporte une touche d'originalit\u00e9 \u00e0 votre style.","robots":{"index":"index","follow":"follow","max-snippet":"max-snippet:-1","max-image-preview":"max-image-preview:large","max-video-preview":"max-video-preview:-1"},"canonical":"https:\/\/coraliegrzes.com\/fr\/shop\/colliers\/pendentif-paillette-9mm-or-jaune-fairmined\/","og_locale":"fr_FR","og_type":"article","og_title":"M\u00e9daille Paillette Or jaune Fairmined - Coralie Grzes","og_description":"Ce petit pendentif Cube est un cube en or jaune 18 carats, un bijou \u00e0 la fois d\u00e9contract\u00e9 et \u00e9l\u00e9gant. Ce bijou subtil et captivant apporte une touche d'originalit\u00e9 \u00e0 votre style.","og_url":"https:\/\/coraliegrzes.com\/fr\/shop\/colliers\/pendentif-paillette-9mm-or-jaune-fairmined\/","og_site_name":"Coralie Grzes","article_publisher":"https:\/\/www.facebook.com\/CoralieGrzesJewelry","article_modified_time":"2025-12-03T14:38:12+00:00","og_image":[{"width":1919,"height":2560,"url":"https:\/\/i0.wp.com\/coraliegrzes.com\/wp-content\/uploads\/2021\/02\/Paillette-Pendant-Coralie-Grzes2-scaled.jpg?fit=1919%2C2560&ssl=1","type":"image\/jpeg"}],"twitter_card":"summary_large_image","twitter_misc":{"Dur\u00e9e de lecture estim\u00e9e":"1 minute"},"schema":{"@context":"https:\/\/schema.org","@graph":[{"@type":"WebPage","@id":"https:\/\/coraliegrzes.com\/fr\/shop\/colliers\/pendentif-paillette-9mm-or-jaune-fairmined\/","url":"https:\/\/coraliegrzes.com\/fr\/shop\/colliers\/pendentif-paillette-9mm-or-jaune-fairmined\/","name":"M\u00e9daille Paillette Or jaune Fairmined - Coralie Grzes","isPartOf":{"@id":"https:\/\/coraliegrzes.com\/fr\/#website"},"primaryImageOfPage":{"@id":"https:\/\/coraliegrzes.com\/fr\/shop\/colliers\/pendentif-paillette-9mm-or-jaune-fairmined\/#primaryimage"},"image":{"@id":"https:\/\/coraliegrzes.com\/fr\/shop\/colliers\/pendentif-paillette-9mm-or-jaune-fairmined\/#primaryimage"},"thumbnailUrl":"https:\/\/i0.wp.com\/coraliegrzes.com\/wp-content\/uploads\/2021\/02\/Paillette-Pendant-Coralie-Grzes2-scaled.jpg?fit=1919%2C2560&ssl=1","datePublished":"2021-02-22T12:15:16+00:00","dateModified":"2025-12-03T14:38:12+00:00","description":"Ce petit pendentif Cube est un cube en or jaune 18 carats, un bijou \u00e0 la fois d\u00e9contract\u00e9 et \u00e9l\u00e9gant. Ce bijou subtil et captivant apporte une touche d'originalit\u00e9 \u00e0 votre style.","breadcrumb":{"@id":"https:\/\/coraliegrzes.com\/fr\/shop\/colliers\/pendentif-paillette-9mm-or-jaune-fairmined\/#breadcrumb"},"inLanguage":"fr-FR","potentialAction":[{"@type":"ReadAction","target":["https:\/\/coraliegrzes.com\/fr\/shop\/colliers\/pendentif-paillette-9mm-or-jaune-fairmined\/"]}]},{"@type":"ImageObject","inLanguage":"fr-FR","@id":"https:\/\/coraliegrzes.com\/fr\/shop\/colliers\/pendentif-paillette-9mm-or-jaune-fairmined\/#primaryimage","url":"https:\/\/i0.wp.com\/coraliegrzes.com\/wp-content\/uploads\/2021\/02\/Paillette-Pendant-Coralie-Grzes2-scaled.jpg?fit=1919%2C2560&ssl=1","contentUrl":"https:\/\/i0.wp.com\/coraliegrzes.com\/wp-content\/uploads\/2021\/02\/Paillette-Pendant-Coralie-Grzes2-scaled.jpg?fit=1919%2C2560&ssl=1","width":1919,"height":2560},{"@type":"BreadcrumbList","@id":"https:\/\/coraliegrzes.com\/fr\/shop\/colliers\/pendentif-paillette-9mm-or-jaune-fairmined\/#breadcrumb","itemListElement":[{"@type":"ListItem","position":1,"name":"Accueil","item":"https:\/\/coraliegrzes.com\/fr\/page-daccueil\/"},{"@type":"ListItem","position":2,"name":"Boutique","item":"https:\/\/coraliegrzes.com\/fr\/boutique\/"},{"@type":"ListItem","position":3,"name":"M\u00e9daille Paillette Or jaune Fairmined"}]},{"@type":"WebSite","@id":"https:\/\/coraliegrzes.com\/fr\/#website","url":"https:\/\/coraliegrzes.com\/fr\/","name":"Coralie Grzes","description":"Joaillerie \u00c9thique","publisher":{"@id":"https:\/\/coraliegrzes.com\/fr\/#organization"},"potentialAction":[{"@type":"SearchAction","target":{"@type":"EntryPoint","urlTemplate":"https:\/\/coraliegrzes.com\/fr\/?s={search_term_string}"},"query-input":{"@type":"PropertyValueSpecification","valueRequired":true,"valueName":"search_term_string"}}],"inLanguage":"fr-FR"},{"@type":"Organization","@id":"https:\/\/coraliegrzes.com\/fr\/#organization","name":"Coralie Grzes - Ethical Jewelry Handcrafted in Barcelona","url":"https:\/\/coraliegrzes.com\/fr\/","logo":{"@type":"ImageObject","inLanguage":"fr-FR","@id":"https:\/\/coraliegrzes.com\/fr\/#\/schema\/logo\/image\/","url":"https:\/\/i0.wp.com\/coraliegrzes.com\/wp-content\/uploads\/2021\/04\/cropped-C.G-logo-insta-01.png?fit=512%2C512&ssl=1","contentUrl":"https:\/\/i0.wp.com\/coraliegrzes.com\/wp-content\/uploads\/2021\/04\/cropped-C.G-logo-insta-01.png?fit=512%2C512&ssl=1","width":512,"height":512,"caption":"Coralie Grzes - Ethical Jewelry Handcrafted in Barcelona"},"image":{"@id":"https:\/\/coraliegrzes.com\/fr\/#\/schema\/logo\/image\/"},"sameAs":["https:\/\/www.facebook.com\/CoralieGrzesJewelry","https:\/\/www.instagram.com\/coraliegrzes\/","https:\/\/www.pinterest.es\/coraliegrzes\/"]}]}},"jetpack_sharing_enabled":true,"_links":{"self":[{"href":"https:\/\/coraliegrzes.com\/fr\/wp-json\/wp\/v2\/product\/3436","targetHints":{"allow":["GET"]}}],"collection":[{"href":"https:\/\/coraliegrzes.com\/fr\/wp-json\/wp\/v2\/product"}],"about":[{"href":"https:\/\/coraliegrzes.com\/fr\/wp-json\/wp\/v2\/types\/product"}],"replies":[{"embeddable":true,"href":"https:\/\/coraliegrzes.com\/fr\/wp-json\/wp\/v2\/comments?post=3436"}],"wp:featuredmedia":[{"embeddable":true,"href":"https:\/\/coraliegrzes.com\/fr\/wp-json\/wp\/v2\/media\/8407"}],"wp:attachment":[{"href":"https:\/\/coraliegrzes.com\/fr\/wp-json\/wp\/v2\/media?parent=3436"}],"wp:term":[{"taxonomy":"product_brand","embeddable":true,"href":"https:\/\/coraliegrzes.com\/fr\/wp-json\/wp\/v2\/product_brand?post=3436"},{"taxonomy":"product_cat","embeddable":true,"href":"https:\/\/coraliegrzes.com\/fr\/wp-json\/wp\/v2\/product_cat?post=3436"},{"taxonomy":"product_tag","embeddable":true,"href":"https:\/\/coraliegrzes.com\/fr\/wp-json\/wp\/v2\/product_tag?post=3436"}],"curies":[{"name":"wp","href":"https:\/\/api.w.org\/{rel}","templated":true}]}}