{"id":3991,"date":"2021-02-17T13:25:21","date_gmt":"2021-02-17T12:25:21","guid":{"rendered":"http:\/\/coraliegrzes.es\/produit\/bague-floriane-argent-fairmined\/"},"modified":"2026-01-31T00:02:30","modified_gmt":"2026-01-30T23:02:30","slug":"floriane-bague-argent-fairmined","status":"publish","type":"product","link":"https:\/\/coraliegrzes.com\/fr\/shop\/bagues\/floriane-bague-argent-fairmined\/","title":{"rendered":"Bague FLORIANE Argent Fairmined"},"content":{"rendered":"","protected":false},"excerpt":{"rendered":"<p class=\"\" data-pm-slice=\"1 1 []\"><span style=\"color: #000000;\">Bague r\u00e9alis\u00e9e \u00e0 partir d&rsquo;un fil de section circulaire en Argent <a style=\"color: #000000;\" href=\"https:\/\/coraliegrzes.com\/ethical-gold\/\">FAIRMINED.<\/a><\/span><\/p>\n<p data-pm-slice=\"1 1 []\"><span style=\"color: #000000;\"><em>Si vous ne connaissez pas votre taille de bague et souhaitez recevoir un baguier gratuit, veuillez s\u00e9lectionner \u00ab Je d\u00e9sire un baguier \u00bb dans le menu d\u00e9roulant.<br \/>Vous le recevrez par courrier \u00e0 votre adresse postale (valable uniquement pour les destinations en Europe).  Une fois votre taille de bague connue, je lancerai sa production. <\/em><\/span><\/p>\n","protected":false},"featured_media":4960,"comment_status":"closed","ping_status":"closed","template":"","meta":[],"product_brand":[],"product_cat":[648,320,645,609],"product_tag":[],"class_list":{"0":"post-3991","1":"product","2":"type-product","3":"status-publish","4":"has-post-thumbnail","6":"product_cat-argent","7":"product_cat-bagues","8":"product_cat-certifie-fairmined","9":"product_cat-collection-permanente","11":"first","12":"instock","13":"taxable","14":"shipping-taxable","15":"purchasable","16":"product-type-variable"},"yoast_head":"<!-- This site is optimized with the Yoast SEO plugin v27.3 - https:\/\/yoast.com\/product\/yoast-seo-wordpress\/ -->\n<title>Bague FLORIANE Argent Fairmined - Coralie Grzes<\/title>\n<meta name=\"robots\" content=\"index, follow, max-snippet:-1, max-image-preview:large, max-video-preview:-1\" \/>\n<link rel=\"canonical\" href=\"https:\/\/coraliegrzes.com\/fr\/shop\/bagues\/floriane-bague-argent-fairmined\/\" \/>\n<meta property=\"og:locale\" content=\"fr_FR\" \/>\n<meta property=\"og:type\" content=\"article\" \/>\n<meta property=\"og:title\" content=\"Bague FLORIANE Argent Fairmined - Coralie Grzes\" \/>\n<meta property=\"og:description\" content=\"Bague r\u00e9alis\u00e9e \u00e0 partir d&#039;un fil de section circulaire en Argent FAIRMINED. Si vous ne connaissez pas votre taille de bague et souhaitez recevoir un baguier gratuit, veuillez s\u00e9lectionner \u00ab Je d\u00e9sire un baguier \u00bb dans le menu d\u00e9roulant.Vous le recevrez par courrier \u00e0 votre adresse postale (valable uniquement pour les destinations en Europe). Une fois votre taille de bague connue, je lancerai sa production.\" \/>\n<meta property=\"og:url\" content=\"https:\/\/coraliegrzes.com\/fr\/shop\/bagues\/floriane-bague-argent-fairmined\/\" \/>\n<meta property=\"og:site_name\" content=\"Coralie Grzes\" \/>\n<meta property=\"article:publisher\" content=\"https:\/\/www.facebook.com\/CoralieGrzesJewelry\" \/>\n<meta property=\"article:modified_time\" content=\"2026-01-30T23:02:30+00:00\" \/>\n<meta property=\"og:image\" content=\"https:\/\/i0.wp.com\/coraliegrzes.com\/wp-content\/uploads\/2021\/02\/Floriane_ring_silver_fairmined_web_wp-1.jpg?fit=880%2C1008&ssl=1\" \/>\n\t<meta property=\"og:image:width\" content=\"880\" \/>\n\t<meta property=\"og:image:height\" content=\"1008\" \/>\n\t<meta property=\"og:image:type\" content=\"image\/jpeg\" \/>\n<meta name=\"twitter:card\" content=\"summary_large_image\" \/>\n<meta name=\"twitter:label1\" content=\"Dur\u00e9e de lecture estim\u00e9e\" \/>\n\t<meta name=\"twitter:data1\" content=\"1 minute\" \/>\n<script type=\"application\/ld+json\" class=\"yoast-schema-graph\">{\"@context\":\"https:\\\/\\\/schema.org\",\"@graph\":[{\"@type\":\"WebPage\",\"@id\":\"https:\\\/\\\/coraliegrzes.com\\\/fr\\\/shop\\\/bagues\\\/floriane-bague-argent-fairmined\\\/\",\"url\":\"https:\\\/\\\/coraliegrzes.com\\\/fr\\\/shop\\\/bagues\\\/floriane-bague-argent-fairmined\\\/\",\"name\":\"Bague FLORIANE Argent Fairmined - Coralie Grzes\",\"isPartOf\":{\"@id\":\"https:\\\/\\\/coraliegrzes.com\\\/fr\\\/#website\"},\"primaryImageOfPage\":{\"@id\":\"https:\\\/\\\/coraliegrzes.com\\\/fr\\\/shop\\\/bagues\\\/floriane-bague-argent-fairmined\\\/#primaryimage\"},\"image\":{\"@id\":\"https:\\\/\\\/coraliegrzes.com\\\/fr\\\/shop\\\/bagues\\\/floriane-bague-argent-fairmined\\\/#primaryimage\"},\"thumbnailUrl\":\"https:\\\/\\\/i0.wp.com\\\/coraliegrzes.com\\\/wp-content\\\/uploads\\\/2021\\\/02\\\/Floriane_ring_silver_fairmined_web_wp-1.jpg?fit=880%2C1008&ssl=1\",\"datePublished\":\"2021-02-17T12:25:21+00:00\",\"dateModified\":\"2026-01-30T23:02:30+00:00\",\"breadcrumb\":{\"@id\":\"https:\\\/\\\/coraliegrzes.com\\\/fr\\\/shop\\\/bagues\\\/floriane-bague-argent-fairmined\\\/#breadcrumb\"},\"inLanguage\":\"fr-FR\",\"potentialAction\":[{\"@type\":\"ReadAction\",\"target\":[\"https:\\\/\\\/coraliegrzes.com\\\/fr\\\/shop\\\/bagues\\\/floriane-bague-argent-fairmined\\\/\"]}]},{\"@type\":\"ImageObject\",\"inLanguage\":\"fr-FR\",\"@id\":\"https:\\\/\\\/coraliegrzes.com\\\/fr\\\/shop\\\/bagues\\\/floriane-bague-argent-fairmined\\\/#primaryimage\",\"url\":\"https:\\\/\\\/i0.wp.com\\\/coraliegrzes.com\\\/wp-content\\\/uploads\\\/2021\\\/02\\\/Floriane_ring_silver_fairmined_web_wp-1.jpg?fit=880%2C1008&ssl=1\",\"contentUrl\":\"https:\\\/\\\/i0.wp.com\\\/coraliegrzes.com\\\/wp-content\\\/uploads\\\/2021\\\/02\\\/Floriane_ring_silver_fairmined_web_wp-1.jpg?fit=880%2C1008&ssl=1\",\"width\":880,\"height\":1008},{\"@type\":\"BreadcrumbList\",\"@id\":\"https:\\\/\\\/coraliegrzes.com\\\/fr\\\/shop\\\/bagues\\\/floriane-bague-argent-fairmined\\\/#breadcrumb\",\"itemListElement\":[{\"@type\":\"ListItem\",\"position\":1,\"name\":\"Accueil\",\"item\":\"https:\\\/\\\/coraliegrzes.com\\\/fr\\\/page-daccueil\\\/\"},{\"@type\":\"ListItem\",\"position\":2,\"name\":\"Boutique\",\"item\":\"https:\\\/\\\/coraliegrzes.com\\\/fr\\\/boutique\\\/\"},{\"@type\":\"ListItem\",\"position\":3,\"name\":\"Bague FLORIANE Argent Fairmined\"}]},{\"@type\":\"WebSite\",\"@id\":\"https:\\\/\\\/coraliegrzes.com\\\/fr\\\/#website\",\"url\":\"https:\\\/\\\/coraliegrzes.com\\\/fr\\\/\",\"name\":\"Coralie Grzes\",\"description\":\"Joaillerie \u00c9thique\",\"publisher\":{\"@id\":\"https:\\\/\\\/coraliegrzes.com\\\/fr\\\/#organization\"},\"potentialAction\":[{\"@type\":\"SearchAction\",\"target\":{\"@type\":\"EntryPoint\",\"urlTemplate\":\"https:\\\/\\\/coraliegrzes.com\\\/fr\\\/?s={search_term_string}\"},\"query-input\":{\"@type\":\"PropertyValueSpecification\",\"valueRequired\":true,\"valueName\":\"search_term_string\"}}],\"inLanguage\":\"fr-FR\"},{\"@type\":\"Organization\",\"@id\":\"https:\\\/\\\/coraliegrzes.com\\\/fr\\\/#organization\",\"name\":\"Coralie Grzes - Ethical Jewelry Handcrafted in Barcelona\",\"url\":\"https:\\\/\\\/coraliegrzes.com\\\/fr\\\/\",\"logo\":{\"@type\":\"ImageObject\",\"inLanguage\":\"fr-FR\",\"@id\":\"https:\\\/\\\/coraliegrzes.com\\\/fr\\\/#\\\/schema\\\/logo\\\/image\\\/\",\"url\":\"https:\\\/\\\/i0.wp.com\\\/coraliegrzes.com\\\/wp-content\\\/uploads\\\/2021\\\/04\\\/cropped-C.G-logo-insta-01.png?fit=512%2C512&ssl=1\",\"contentUrl\":\"https:\\\/\\\/i0.wp.com\\\/coraliegrzes.com\\\/wp-content\\\/uploads\\\/2021\\\/04\\\/cropped-C.G-logo-insta-01.png?fit=512%2C512&ssl=1\",\"width\":512,\"height\":512,\"caption\":\"Coralie Grzes - Ethical Jewelry Handcrafted in Barcelona\"},\"image\":{\"@id\":\"https:\\\/\\\/coraliegrzes.com\\\/fr\\\/#\\\/schema\\\/logo\\\/image\\\/\"},\"sameAs\":[\"https:\\\/\\\/www.facebook.com\\\/CoralieGrzesJewelry\",\"https:\\\/\\\/www.instagram.com\\\/coraliegrzes\\\/\",\"https:\\\/\\\/www.pinterest.es\\\/coraliegrzes\\\/\"]}]}<\/script>\n<!-- \/ Yoast SEO plugin. -->","yoast_head_json":{"title":"Bague FLORIANE Argent Fairmined - Coralie Grzes","robots":{"index":"index","follow":"follow","max-snippet":"max-snippet:-1","max-image-preview":"max-image-preview:large","max-video-preview":"max-video-preview:-1"},"canonical":"https:\/\/coraliegrzes.com\/fr\/shop\/bagues\/floriane-bague-argent-fairmined\/","og_locale":"fr_FR","og_type":"article","og_title":"Bague FLORIANE Argent Fairmined - Coralie Grzes","og_description":"Bague r\u00e9alis\u00e9e \u00e0 partir d'un fil de section circulaire en Argent FAIRMINED. Si vous ne connaissez pas votre taille de bague et souhaitez recevoir un baguier gratuit, veuillez s\u00e9lectionner \u00ab Je d\u00e9sire un baguier \u00bb dans le menu d\u00e9roulant.Vous le recevrez par courrier \u00e0 votre adresse postale (valable uniquement pour les destinations en Europe). Une fois votre taille de bague connue, je lancerai sa production.","og_url":"https:\/\/coraliegrzes.com\/fr\/shop\/bagues\/floriane-bague-argent-fairmined\/","og_site_name":"Coralie Grzes","article_publisher":"https:\/\/www.facebook.com\/CoralieGrzesJewelry","article_modified_time":"2026-01-30T23:02:30+00:00","og_image":[{"width":880,"height":1008,"url":"https:\/\/i0.wp.com\/coraliegrzes.com\/wp-content\/uploads\/2021\/02\/Floriane_ring_silver_fairmined_web_wp-1.jpg?fit=880%2C1008&ssl=1","type":"image\/jpeg"}],"twitter_card":"summary_large_image","twitter_misc":{"Dur\u00e9e de lecture estim\u00e9e":"1 minute"},"schema":{"@context":"https:\/\/schema.org","@graph":[{"@type":"WebPage","@id":"https:\/\/coraliegrzes.com\/fr\/shop\/bagues\/floriane-bague-argent-fairmined\/","url":"https:\/\/coraliegrzes.com\/fr\/shop\/bagues\/floriane-bague-argent-fairmined\/","name":"Bague FLORIANE Argent Fairmined - Coralie Grzes","isPartOf":{"@id":"https:\/\/coraliegrzes.com\/fr\/#website"},"primaryImageOfPage":{"@id":"https:\/\/coraliegrzes.com\/fr\/shop\/bagues\/floriane-bague-argent-fairmined\/#primaryimage"},"image":{"@id":"https:\/\/coraliegrzes.com\/fr\/shop\/bagues\/floriane-bague-argent-fairmined\/#primaryimage"},"thumbnailUrl":"https:\/\/i0.wp.com\/coraliegrzes.com\/wp-content\/uploads\/2021\/02\/Floriane_ring_silver_fairmined_web_wp-1.jpg?fit=880%2C1008&ssl=1","datePublished":"2021-02-17T12:25:21+00:00","dateModified":"2026-01-30T23:02:30+00:00","breadcrumb":{"@id":"https:\/\/coraliegrzes.com\/fr\/shop\/bagues\/floriane-bague-argent-fairmined\/#breadcrumb"},"inLanguage":"fr-FR","potentialAction":[{"@type":"ReadAction","target":["https:\/\/coraliegrzes.com\/fr\/shop\/bagues\/floriane-bague-argent-fairmined\/"]}]},{"@type":"ImageObject","inLanguage":"fr-FR","@id":"https:\/\/coraliegrzes.com\/fr\/shop\/bagues\/floriane-bague-argent-fairmined\/#primaryimage","url":"https:\/\/i0.wp.com\/coraliegrzes.com\/wp-content\/uploads\/2021\/02\/Floriane_ring_silver_fairmined_web_wp-1.jpg?fit=880%2C1008&ssl=1","contentUrl":"https:\/\/i0.wp.com\/coraliegrzes.com\/wp-content\/uploads\/2021\/02\/Floriane_ring_silver_fairmined_web_wp-1.jpg?fit=880%2C1008&ssl=1","width":880,"height":1008},{"@type":"BreadcrumbList","@id":"https:\/\/coraliegrzes.com\/fr\/shop\/bagues\/floriane-bague-argent-fairmined\/#breadcrumb","itemListElement":[{"@type":"ListItem","position":1,"name":"Accueil","item":"https:\/\/coraliegrzes.com\/fr\/page-daccueil\/"},{"@type":"ListItem","position":2,"name":"Boutique","item":"https:\/\/coraliegrzes.com\/fr\/boutique\/"},{"@type":"ListItem","position":3,"name":"Bague FLORIANE Argent Fairmined"}]},{"@type":"WebSite","@id":"https:\/\/coraliegrzes.com\/fr\/#website","url":"https:\/\/coraliegrzes.com\/fr\/","name":"Coralie Grzes","description":"Joaillerie \u00c9thique","publisher":{"@id":"https:\/\/coraliegrzes.com\/fr\/#organization"},"potentialAction":[{"@type":"SearchAction","target":{"@type":"EntryPoint","urlTemplate":"https:\/\/coraliegrzes.com\/fr\/?s={search_term_string}"},"query-input":{"@type":"PropertyValueSpecification","valueRequired":true,"valueName":"search_term_string"}}],"inLanguage":"fr-FR"},{"@type":"Organization","@id":"https:\/\/coraliegrzes.com\/fr\/#organization","name":"Coralie Grzes - Ethical Jewelry Handcrafted in Barcelona","url":"https:\/\/coraliegrzes.com\/fr\/","logo":{"@type":"ImageObject","inLanguage":"fr-FR","@id":"https:\/\/coraliegrzes.com\/fr\/#\/schema\/logo\/image\/","url":"https:\/\/i0.wp.com\/coraliegrzes.com\/wp-content\/uploads\/2021\/04\/cropped-C.G-logo-insta-01.png?fit=512%2C512&ssl=1","contentUrl":"https:\/\/i0.wp.com\/coraliegrzes.com\/wp-content\/uploads\/2021\/04\/cropped-C.G-logo-insta-01.png?fit=512%2C512&ssl=1","width":512,"height":512,"caption":"Coralie Grzes - Ethical Jewelry Handcrafted in Barcelona"},"image":{"@id":"https:\/\/coraliegrzes.com\/fr\/#\/schema\/logo\/image\/"},"sameAs":["https:\/\/www.facebook.com\/CoralieGrzesJewelry","https:\/\/www.instagram.com\/coraliegrzes\/","https:\/\/www.pinterest.es\/coraliegrzes\/"]}]}},"jetpack_sharing_enabled":true,"_links":{"self":[{"href":"https:\/\/coraliegrzes.com\/fr\/wp-json\/wp\/v2\/product\/3991","targetHints":{"allow":["GET"]}}],"collection":[{"href":"https:\/\/coraliegrzes.com\/fr\/wp-json\/wp\/v2\/product"}],"about":[{"href":"https:\/\/coraliegrzes.com\/fr\/wp-json\/wp\/v2\/types\/product"}],"replies":[{"embeddable":true,"href":"https:\/\/coraliegrzes.com\/fr\/wp-json\/wp\/v2\/comments?post=3991"}],"wp:featuredmedia":[{"embeddable":true,"href":"https:\/\/coraliegrzes.com\/fr\/wp-json\/wp\/v2\/media\/4960"}],"wp:attachment":[{"href":"https:\/\/coraliegrzes.com\/fr\/wp-json\/wp\/v2\/media?parent=3991"}],"wp:term":[{"taxonomy":"product_brand","embeddable":true,"href":"https:\/\/coraliegrzes.com\/fr\/wp-json\/wp\/v2\/product_brand?post=3991"},{"taxonomy":"product_cat","embeddable":true,"href":"https:\/\/coraliegrzes.com\/fr\/wp-json\/wp\/v2\/product_cat?post=3991"},{"taxonomy":"product_tag","embeddable":true,"href":"https:\/\/coraliegrzes.com\/fr\/wp-json\/wp\/v2\/product_tag?post=3991"}],"curies":[{"name":"wp","href":"https:\/\/api.w.org\/{rel}","templated":true}]}}