{"id":4210,"date":"2021-02-17T11:31:51","date_gmt":"2021-02-17T10:31:51","guid":{"rendered":"http:\/\/coraliegrzes.es\/produit\/jonc-charlotte-argent-fairmined\/"},"modified":"2026-01-29T23:16:31","modified_gmt":"2026-01-29T22:16:31","slug":"charlotte-jonc-argent-fairmined","status":"publish","type":"product","link":"https:\/\/coraliegrzes.com\/fr\/shop\/bracelets\/charlotte-jonc-argent-fairmined\/","title":{"rendered":"Jonc CHARLOTTE Argent Fairmined"},"content":{"rendered":"","protected":false},"excerpt":{"rendered":"<p class=\"\" data-pm-slice=\"1 1 []\">Jonc r\u00e9alis\u00e9 \u00e0 partir d&rsquo;un fil de section carr\u00e9e en argent 925 <a href=\"https:\/\/coraliegrzes.com\/ethical-gold\/\">certifi\u00e9 FAIRMINED<\/a>. Ce bracelet intemporel et \u00e9l\u00e9gant est une pi\u00e8ce id\u00e9ale pour tous les jours, que vous pouvez porter facilement avec n&rsquo;importe quel autre bracelet de la Collection Essentielles.<\/p>\n","protected":false},"featured_media":4578,"comment_status":"closed","ping_status":"closed","template":"","meta":[],"product_brand":[],"product_cat":[648,308,645,609],"product_tag":[],"class_list":{"0":"post-4210","1":"product","2":"type-product","3":"status-publish","4":"has-post-thumbnail","6":"product_cat-argent","7":"product_cat-bracelets","8":"product_cat-certifie-fairmined","9":"product_cat-collection-permanente","11":"first","12":"instock","13":"taxable","14":"shipping-taxable","15":"purchasable","16":"product-type-variable"},"yoast_head":"<!-- This site is optimized with the Yoast SEO plugin v27.3 - https:\/\/yoast.com\/product\/yoast-seo-wordpress\/ -->\n<title>Jonc CHARLOTTE Argent Fairmined - Coralie Grzes<\/title>\n<meta name=\"robots\" content=\"index, follow, max-snippet:-1, max-image-preview:large, max-video-preview:-1\" \/>\n<link rel=\"canonical\" href=\"https:\/\/coraliegrzes.com\/fr\/shop\/bracelets\/charlotte-jonc-argent-fairmined\/\" \/>\n<meta property=\"og:locale\" content=\"fr_FR\" \/>\n<meta property=\"og:type\" content=\"article\" \/>\n<meta property=\"og:title\" content=\"Jonc CHARLOTTE Argent Fairmined - Coralie Grzes\" \/>\n<meta property=\"og:description\" content=\"Jonc r\u00e9alis\u00e9 \u00e0 partir d&#039;un fil de section carr\u00e9e en argent 925 certifi\u00e9 FAIRMINED. Ce bracelet intemporel et \u00e9l\u00e9gant est une pi\u00e8ce id\u00e9ale pour tous les jours, que vous pouvez porter facilement avec n&#039;importe quel autre bracelet de la Collection Essentielles.\" \/>\n<meta property=\"og:url\" content=\"https:\/\/coraliegrzes.com\/fr\/shop\/bracelets\/charlotte-jonc-argent-fairmined\/\" \/>\n<meta property=\"og:site_name\" content=\"Coralie Grzes\" \/>\n<meta property=\"article:publisher\" content=\"https:\/\/www.facebook.com\/CoralieGrzesJewelry\" \/>\n<meta property=\"article:modified_time\" content=\"2026-01-29T22:16:31+00:00\" \/>\n<meta property=\"og:image\" content=\"https:\/\/i0.wp.com\/coraliegrzes.com\/wp-content\/uploads\/2021\/02\/Charlotte-bangle_silver_fairmined_wp_1.jpg?fit=880%2C1008&ssl=1\" \/>\n\t<meta property=\"og:image:width\" content=\"880\" \/>\n\t<meta property=\"og:image:height\" content=\"1008\" \/>\n\t<meta property=\"og:image:type\" content=\"image\/jpeg\" \/>\n<meta name=\"twitter:card\" content=\"summary_large_image\" \/>\n<meta name=\"twitter:label1\" content=\"Dur\u00e9e de lecture estim\u00e9e\" \/>\n\t<meta name=\"twitter:data1\" content=\"1 minute\" \/>\n<script type=\"application\/ld+json\" class=\"yoast-schema-graph\">{\"@context\":\"https:\\\/\\\/schema.org\",\"@graph\":[{\"@type\":\"WebPage\",\"@id\":\"https:\\\/\\\/coraliegrzes.com\\\/fr\\\/shop\\\/bracelets\\\/charlotte-jonc-argent-fairmined\\\/\",\"url\":\"https:\\\/\\\/coraliegrzes.com\\\/fr\\\/shop\\\/bracelets\\\/charlotte-jonc-argent-fairmined\\\/\",\"name\":\"Jonc CHARLOTTE Argent Fairmined - Coralie Grzes\",\"isPartOf\":{\"@id\":\"https:\\\/\\\/coraliegrzes.com\\\/fr\\\/#website\"},\"primaryImageOfPage\":{\"@id\":\"https:\\\/\\\/coraliegrzes.com\\\/fr\\\/shop\\\/bracelets\\\/charlotte-jonc-argent-fairmined\\\/#primaryimage\"},\"image\":{\"@id\":\"https:\\\/\\\/coraliegrzes.com\\\/fr\\\/shop\\\/bracelets\\\/charlotte-jonc-argent-fairmined\\\/#primaryimage\"},\"thumbnailUrl\":\"https:\\\/\\\/i0.wp.com\\\/coraliegrzes.com\\\/wp-content\\\/uploads\\\/2021\\\/02\\\/Charlotte-bangle_silver_fairmined_wp_1.jpg?fit=880%2C1008&ssl=1\",\"datePublished\":\"2021-02-17T10:31:51+00:00\",\"dateModified\":\"2026-01-29T22:16:31+00:00\",\"breadcrumb\":{\"@id\":\"https:\\\/\\\/coraliegrzes.com\\\/fr\\\/shop\\\/bracelets\\\/charlotte-jonc-argent-fairmined\\\/#breadcrumb\"},\"inLanguage\":\"fr-FR\",\"potentialAction\":[{\"@type\":\"ReadAction\",\"target\":[\"https:\\\/\\\/coraliegrzes.com\\\/fr\\\/shop\\\/bracelets\\\/charlotte-jonc-argent-fairmined\\\/\"]}]},{\"@type\":\"ImageObject\",\"inLanguage\":\"fr-FR\",\"@id\":\"https:\\\/\\\/coraliegrzes.com\\\/fr\\\/shop\\\/bracelets\\\/charlotte-jonc-argent-fairmined\\\/#primaryimage\",\"url\":\"https:\\\/\\\/i0.wp.com\\\/coraliegrzes.com\\\/wp-content\\\/uploads\\\/2021\\\/02\\\/Charlotte-bangle_silver_fairmined_wp_1.jpg?fit=880%2C1008&ssl=1\",\"contentUrl\":\"https:\\\/\\\/i0.wp.com\\\/coraliegrzes.com\\\/wp-content\\\/uploads\\\/2021\\\/02\\\/Charlotte-bangle_silver_fairmined_wp_1.jpg?fit=880%2C1008&ssl=1\",\"width\":880,\"height\":1008},{\"@type\":\"BreadcrumbList\",\"@id\":\"https:\\\/\\\/coraliegrzes.com\\\/fr\\\/shop\\\/bracelets\\\/charlotte-jonc-argent-fairmined\\\/#breadcrumb\",\"itemListElement\":[{\"@type\":\"ListItem\",\"position\":1,\"name\":\"Accueil\",\"item\":\"https:\\\/\\\/coraliegrzes.com\\\/fr\\\/page-daccueil\\\/\"},{\"@type\":\"ListItem\",\"position\":2,\"name\":\"Boutique\",\"item\":\"https:\\\/\\\/coraliegrzes.com\\\/fr\\\/boutique\\\/\"},{\"@type\":\"ListItem\",\"position\":3,\"name\":\"Jonc CHARLOTTE Argent Fairmined\"}]},{\"@type\":\"WebSite\",\"@id\":\"https:\\\/\\\/coraliegrzes.com\\\/fr\\\/#website\",\"url\":\"https:\\\/\\\/coraliegrzes.com\\\/fr\\\/\",\"name\":\"Coralie Grzes\",\"description\":\"Joaillerie \u00c9thique\",\"publisher\":{\"@id\":\"https:\\\/\\\/coraliegrzes.com\\\/fr\\\/#organization\"},\"potentialAction\":[{\"@type\":\"SearchAction\",\"target\":{\"@type\":\"EntryPoint\",\"urlTemplate\":\"https:\\\/\\\/coraliegrzes.com\\\/fr\\\/?s={search_term_string}\"},\"query-input\":{\"@type\":\"PropertyValueSpecification\",\"valueRequired\":true,\"valueName\":\"search_term_string\"}}],\"inLanguage\":\"fr-FR\"},{\"@type\":\"Organization\",\"@id\":\"https:\\\/\\\/coraliegrzes.com\\\/fr\\\/#organization\",\"name\":\"Coralie Grzes - Ethical Jewelry Handcrafted in Barcelona\",\"url\":\"https:\\\/\\\/coraliegrzes.com\\\/fr\\\/\",\"logo\":{\"@type\":\"ImageObject\",\"inLanguage\":\"fr-FR\",\"@id\":\"https:\\\/\\\/coraliegrzes.com\\\/fr\\\/#\\\/schema\\\/logo\\\/image\\\/\",\"url\":\"https:\\\/\\\/i0.wp.com\\\/coraliegrzes.com\\\/wp-content\\\/uploads\\\/2021\\\/04\\\/cropped-C.G-logo-insta-01.png?fit=512%2C512&ssl=1\",\"contentUrl\":\"https:\\\/\\\/i0.wp.com\\\/coraliegrzes.com\\\/wp-content\\\/uploads\\\/2021\\\/04\\\/cropped-C.G-logo-insta-01.png?fit=512%2C512&ssl=1\",\"width\":512,\"height\":512,\"caption\":\"Coralie Grzes - Ethical Jewelry Handcrafted in Barcelona\"},\"image\":{\"@id\":\"https:\\\/\\\/coraliegrzes.com\\\/fr\\\/#\\\/schema\\\/logo\\\/image\\\/\"},\"sameAs\":[\"https:\\\/\\\/www.facebook.com\\\/CoralieGrzesJewelry\",\"https:\\\/\\\/www.instagram.com\\\/coraliegrzes\\\/\",\"https:\\\/\\\/www.pinterest.es\\\/coraliegrzes\\\/\"]}]}<\/script>\n<!-- \/ Yoast SEO plugin. -->","yoast_head_json":{"title":"Jonc CHARLOTTE Argent Fairmined - Coralie Grzes","robots":{"index":"index","follow":"follow","max-snippet":"max-snippet:-1","max-image-preview":"max-image-preview:large","max-video-preview":"max-video-preview:-1"},"canonical":"https:\/\/coraliegrzes.com\/fr\/shop\/bracelets\/charlotte-jonc-argent-fairmined\/","og_locale":"fr_FR","og_type":"article","og_title":"Jonc CHARLOTTE Argent Fairmined - Coralie Grzes","og_description":"Jonc r\u00e9alis\u00e9 \u00e0 partir d'un fil de section carr\u00e9e en argent 925 certifi\u00e9 FAIRMINED. Ce bracelet intemporel et \u00e9l\u00e9gant est une pi\u00e8ce id\u00e9ale pour tous les jours, que vous pouvez porter facilement avec n'importe quel autre bracelet de la Collection Essentielles.","og_url":"https:\/\/coraliegrzes.com\/fr\/shop\/bracelets\/charlotte-jonc-argent-fairmined\/","og_site_name":"Coralie Grzes","article_publisher":"https:\/\/www.facebook.com\/CoralieGrzesJewelry","article_modified_time":"2026-01-29T22:16:31+00:00","og_image":[{"width":880,"height":1008,"url":"https:\/\/i0.wp.com\/coraliegrzes.com\/wp-content\/uploads\/2021\/02\/Charlotte-bangle_silver_fairmined_wp_1.jpg?fit=880%2C1008&ssl=1","type":"image\/jpeg"}],"twitter_card":"summary_large_image","twitter_misc":{"Dur\u00e9e de lecture estim\u00e9e":"1 minute"},"schema":{"@context":"https:\/\/schema.org","@graph":[{"@type":"WebPage","@id":"https:\/\/coraliegrzes.com\/fr\/shop\/bracelets\/charlotte-jonc-argent-fairmined\/","url":"https:\/\/coraliegrzes.com\/fr\/shop\/bracelets\/charlotte-jonc-argent-fairmined\/","name":"Jonc CHARLOTTE Argent Fairmined - Coralie Grzes","isPartOf":{"@id":"https:\/\/coraliegrzes.com\/fr\/#website"},"primaryImageOfPage":{"@id":"https:\/\/coraliegrzes.com\/fr\/shop\/bracelets\/charlotte-jonc-argent-fairmined\/#primaryimage"},"image":{"@id":"https:\/\/coraliegrzes.com\/fr\/shop\/bracelets\/charlotte-jonc-argent-fairmined\/#primaryimage"},"thumbnailUrl":"https:\/\/i0.wp.com\/coraliegrzes.com\/wp-content\/uploads\/2021\/02\/Charlotte-bangle_silver_fairmined_wp_1.jpg?fit=880%2C1008&ssl=1","datePublished":"2021-02-17T10:31:51+00:00","dateModified":"2026-01-29T22:16:31+00:00","breadcrumb":{"@id":"https:\/\/coraliegrzes.com\/fr\/shop\/bracelets\/charlotte-jonc-argent-fairmined\/#breadcrumb"},"inLanguage":"fr-FR","potentialAction":[{"@type":"ReadAction","target":["https:\/\/coraliegrzes.com\/fr\/shop\/bracelets\/charlotte-jonc-argent-fairmined\/"]}]},{"@type":"ImageObject","inLanguage":"fr-FR","@id":"https:\/\/coraliegrzes.com\/fr\/shop\/bracelets\/charlotte-jonc-argent-fairmined\/#primaryimage","url":"https:\/\/i0.wp.com\/coraliegrzes.com\/wp-content\/uploads\/2021\/02\/Charlotte-bangle_silver_fairmined_wp_1.jpg?fit=880%2C1008&ssl=1","contentUrl":"https:\/\/i0.wp.com\/coraliegrzes.com\/wp-content\/uploads\/2021\/02\/Charlotte-bangle_silver_fairmined_wp_1.jpg?fit=880%2C1008&ssl=1","width":880,"height":1008},{"@type":"BreadcrumbList","@id":"https:\/\/coraliegrzes.com\/fr\/shop\/bracelets\/charlotte-jonc-argent-fairmined\/#breadcrumb","itemListElement":[{"@type":"ListItem","position":1,"name":"Accueil","item":"https:\/\/coraliegrzes.com\/fr\/page-daccueil\/"},{"@type":"ListItem","position":2,"name":"Boutique","item":"https:\/\/coraliegrzes.com\/fr\/boutique\/"},{"@type":"ListItem","position":3,"name":"Jonc CHARLOTTE Argent Fairmined"}]},{"@type":"WebSite","@id":"https:\/\/coraliegrzes.com\/fr\/#website","url":"https:\/\/coraliegrzes.com\/fr\/","name":"Coralie Grzes","description":"Joaillerie \u00c9thique","publisher":{"@id":"https:\/\/coraliegrzes.com\/fr\/#organization"},"potentialAction":[{"@type":"SearchAction","target":{"@type":"EntryPoint","urlTemplate":"https:\/\/coraliegrzes.com\/fr\/?s={search_term_string}"},"query-input":{"@type":"PropertyValueSpecification","valueRequired":true,"valueName":"search_term_string"}}],"inLanguage":"fr-FR"},{"@type":"Organization","@id":"https:\/\/coraliegrzes.com\/fr\/#organization","name":"Coralie Grzes - Ethical Jewelry Handcrafted in Barcelona","url":"https:\/\/coraliegrzes.com\/fr\/","logo":{"@type":"ImageObject","inLanguage":"fr-FR","@id":"https:\/\/coraliegrzes.com\/fr\/#\/schema\/logo\/image\/","url":"https:\/\/i0.wp.com\/coraliegrzes.com\/wp-content\/uploads\/2021\/04\/cropped-C.G-logo-insta-01.png?fit=512%2C512&ssl=1","contentUrl":"https:\/\/i0.wp.com\/coraliegrzes.com\/wp-content\/uploads\/2021\/04\/cropped-C.G-logo-insta-01.png?fit=512%2C512&ssl=1","width":512,"height":512,"caption":"Coralie Grzes - Ethical Jewelry Handcrafted in Barcelona"},"image":{"@id":"https:\/\/coraliegrzes.com\/fr\/#\/schema\/logo\/image\/"},"sameAs":["https:\/\/www.facebook.com\/CoralieGrzesJewelry","https:\/\/www.instagram.com\/coraliegrzes\/","https:\/\/www.pinterest.es\/coraliegrzes\/"]}]}},"jetpack_sharing_enabled":true,"_links":{"self":[{"href":"https:\/\/coraliegrzes.com\/fr\/wp-json\/wp\/v2\/product\/4210","targetHints":{"allow":["GET"]}}],"collection":[{"href":"https:\/\/coraliegrzes.com\/fr\/wp-json\/wp\/v2\/product"}],"about":[{"href":"https:\/\/coraliegrzes.com\/fr\/wp-json\/wp\/v2\/types\/product"}],"replies":[{"embeddable":true,"href":"https:\/\/coraliegrzes.com\/fr\/wp-json\/wp\/v2\/comments?post=4210"}],"wp:featuredmedia":[{"embeddable":true,"href":"https:\/\/coraliegrzes.com\/fr\/wp-json\/wp\/v2\/media\/4578"}],"wp:attachment":[{"href":"https:\/\/coraliegrzes.com\/fr\/wp-json\/wp\/v2\/media?parent=4210"}],"wp:term":[{"taxonomy":"product_brand","embeddable":true,"href":"https:\/\/coraliegrzes.com\/fr\/wp-json\/wp\/v2\/product_brand?post=4210"},{"taxonomy":"product_cat","embeddable":true,"href":"https:\/\/coraliegrzes.com\/fr\/wp-json\/wp\/v2\/product_cat?post=4210"},{"taxonomy":"product_tag","embeddable":true,"href":"https:\/\/coraliegrzes.com\/fr\/wp-json\/wp\/v2\/product_tag?post=4210"}],"curies":[{"name":"wp","href":"https:\/\/api.w.org\/{rel}","templated":true}]}}