{"id":7590,"date":"2022-05-11T17:23:37","date_gmt":"2022-05-11T15:23:37","guid":{"rendered":"https:\/\/coraliegrzes.com\/?post_type=product&#038;p=7590"},"modified":"2025-03-06T13:05:36","modified_gmt":"2025-03-06T12:05:36","slug":"anais-amulet-silver-fairmined-mother-day-edition","status":"publish","type":"product","link":"https:\/\/coraliegrzes.com\/fr\/shop\/colliers\/anais-amulet-silver-fairmined-mother-day-edition\/","title":{"rendered":"Anais Amulette Argent Fairmined"},"content":{"rendered":"","protected":false},"excerpt":{"rendered":"<p>L&rsquo;amulett Anais en argent massif certifi\u00e9 <strong><a href=\"https:\/\/coraliegrzes.com\/ethical-gold\/\">FAIRMINED<\/a><\/strong> sertie d&rsquo;une pierre au choix entre Am\u00e9thyste, Grenat, Topaze, Citrine ou P\u00e9ridot.<\/p>\n<p>Chaque pi\u00e8ce est unique, la forme peut donc \u00eatre l\u00e9g\u00e8rement diff\u00e9rente de celle sur la photo.<\/p>\n<p>Le cadeau id\u00e9al pour la F\u00eate des m\u00e8res!<\/p>\n","protected":false},"featured_media":7573,"comment_status":"closed","ping_status":"closed","template":"","meta":[],"product_brand":[],"product_cat":[584,648,645,316,585],"product_tag":[],"class_list":{"0":"post-7590","1":"product","2":"type-product","3":"status-publish","4":"has-post-thumbnail","6":"product_cat-amulettes","7":"product_cat-argent","8":"product_cat-certifie-fairmined","9":"product_cat-colliers","10":"product_cat-pierres","12":"first","13":"instock","14":"taxable","15":"shipping-taxable","16":"purchasable","17":"product-type-variable"},"yoast_head":"<!-- This site is optimized with the Yoast SEO plugin v27.3 - https:\/\/yoast.com\/product\/yoast-seo-wordpress\/ -->\n<title>Anais Amulette Argent Fairmined - Coralie Grzes<\/title>\n<meta name=\"robots\" content=\"index, follow, max-snippet:-1, max-image-preview:large, max-video-preview:-1\" \/>\n<link rel=\"canonical\" href=\"https:\/\/coraliegrzes.com\/fr\/shop\/colliers\/anais-amulet-silver-fairmined-mother-day-edition\/\" \/>\n<meta property=\"og:locale\" content=\"fr_FR\" \/>\n<meta property=\"og:type\" content=\"article\" \/>\n<meta property=\"og:title\" content=\"Anais Amulette Argent Fairmined - Coralie Grzes\" \/>\n<meta property=\"og:description\" content=\"L&#039;amulett Anais en argent massif certifi\u00e9 FAIRMINED sertie d&#039;une pierre au choix entre Am\u00e9thyste, Grenat, Topaze, Citrine ou P\u00e9ridot. Chaque pi\u00e8ce est unique, la forme peut donc \u00eatre l\u00e9g\u00e8rement diff\u00e9rente de celle sur la photo. Le cadeau id\u00e9al pour la F\u00eate des m\u00e8res!\" \/>\n<meta property=\"og:url\" content=\"https:\/\/coraliegrzes.com\/fr\/shop\/colliers\/anais-amulet-silver-fairmined-mother-day-edition\/\" \/>\n<meta property=\"og:site_name\" content=\"Coralie Grzes\" \/>\n<meta property=\"article:publisher\" content=\"https:\/\/www.facebook.com\/CoralieGrzesJewelry\" \/>\n<meta property=\"article:modified_time\" content=\"2025-03-06T12:05:36+00:00\" \/>\n<meta property=\"og:image\" content=\"https:\/\/coraliegrzes.com\/wp-content\/uploads\/2022\/05\/Pepite-Anais-Silver-All.png\" \/>\n\t<meta property=\"og:image:width\" content=\"800\" \/>\n\t<meta property=\"og:image:height\" content=\"1008\" \/>\n\t<meta property=\"og:image:type\" content=\"image\/png\" \/>\n<meta name=\"twitter:card\" content=\"summary_large_image\" \/>\n<meta name=\"twitter:label1\" content=\"Dur\u00e9e de lecture estim\u00e9e\" \/>\n\t<meta name=\"twitter:data1\" content=\"1 minute\" \/>\n<script type=\"application\/ld+json\" class=\"yoast-schema-graph\">{\"@context\":\"https:\\\/\\\/schema.org\",\"@graph\":[{\"@type\":\"WebPage\",\"@id\":\"https:\\\/\\\/coraliegrzes.com\\\/fr\\\/shop\\\/colliers\\\/anais-amulet-silver-fairmined-mother-day-edition\\\/\",\"url\":\"https:\\\/\\\/coraliegrzes.com\\\/fr\\\/shop\\\/colliers\\\/anais-amulet-silver-fairmined-mother-day-edition\\\/\",\"name\":\"Anais Amulette Argent Fairmined - Coralie Grzes\",\"isPartOf\":{\"@id\":\"https:\\\/\\\/coraliegrzes.com\\\/fr\\\/#website\"},\"primaryImageOfPage\":{\"@id\":\"https:\\\/\\\/coraliegrzes.com\\\/fr\\\/shop\\\/colliers\\\/anais-amulet-silver-fairmined-mother-day-edition\\\/#primaryimage\"},\"image\":{\"@id\":\"https:\\\/\\\/coraliegrzes.com\\\/fr\\\/shop\\\/colliers\\\/anais-amulet-silver-fairmined-mother-day-edition\\\/#primaryimage\"},\"thumbnailUrl\":\"https:\\\/\\\/i0.wp.com\\\/coraliegrzes.com\\\/wp-content\\\/uploads\\\/2022\\\/05\\\/Pepite-Anais-Silver-All.png?fit=800%2C1008&ssl=1\",\"datePublished\":\"2022-05-11T15:23:37+00:00\",\"dateModified\":\"2025-03-06T12:05:36+00:00\",\"breadcrumb\":{\"@id\":\"https:\\\/\\\/coraliegrzes.com\\\/fr\\\/shop\\\/colliers\\\/anais-amulet-silver-fairmined-mother-day-edition\\\/#breadcrumb\"},\"inLanguage\":\"fr-FR\",\"potentialAction\":[{\"@type\":\"ReadAction\",\"target\":[\"https:\\\/\\\/coraliegrzes.com\\\/fr\\\/shop\\\/colliers\\\/anais-amulet-silver-fairmined-mother-day-edition\\\/\"]}]},{\"@type\":\"ImageObject\",\"inLanguage\":\"fr-FR\",\"@id\":\"https:\\\/\\\/coraliegrzes.com\\\/fr\\\/shop\\\/colliers\\\/anais-amulet-silver-fairmined-mother-day-edition\\\/#primaryimage\",\"url\":\"https:\\\/\\\/i0.wp.com\\\/coraliegrzes.com\\\/wp-content\\\/uploads\\\/2022\\\/05\\\/Pepite-Anais-Silver-All.png?fit=800%2C1008&ssl=1\",\"contentUrl\":\"https:\\\/\\\/i0.wp.com\\\/coraliegrzes.com\\\/wp-content\\\/uploads\\\/2022\\\/05\\\/Pepite-Anais-Silver-All.png?fit=800%2C1008&ssl=1\",\"width\":800,\"height\":1008},{\"@type\":\"BreadcrumbList\",\"@id\":\"https:\\\/\\\/coraliegrzes.com\\\/fr\\\/shop\\\/colliers\\\/anais-amulet-silver-fairmined-mother-day-edition\\\/#breadcrumb\",\"itemListElement\":[{\"@type\":\"ListItem\",\"position\":1,\"name\":\"Accueil\",\"item\":\"https:\\\/\\\/coraliegrzes.com\\\/fr\\\/page-daccueil\\\/\"},{\"@type\":\"ListItem\",\"position\":2,\"name\":\"Boutique\",\"item\":\"https:\\\/\\\/coraliegrzes.com\\\/fr\\\/boutique\\\/\"},{\"@type\":\"ListItem\",\"position\":3,\"name\":\"Anais Amulette Argent Fairmined\"}]},{\"@type\":\"WebSite\",\"@id\":\"https:\\\/\\\/coraliegrzes.com\\\/fr\\\/#website\",\"url\":\"https:\\\/\\\/coraliegrzes.com\\\/fr\\\/\",\"name\":\"Coralie Grzes\",\"description\":\"Joaillerie \u00c9thique\",\"publisher\":{\"@id\":\"https:\\\/\\\/coraliegrzes.com\\\/fr\\\/#organization\"},\"potentialAction\":[{\"@type\":\"SearchAction\",\"target\":{\"@type\":\"EntryPoint\",\"urlTemplate\":\"https:\\\/\\\/coraliegrzes.com\\\/fr\\\/?s={search_term_string}\"},\"query-input\":{\"@type\":\"PropertyValueSpecification\",\"valueRequired\":true,\"valueName\":\"search_term_string\"}}],\"inLanguage\":\"fr-FR\"},{\"@type\":\"Organization\",\"@id\":\"https:\\\/\\\/coraliegrzes.com\\\/fr\\\/#organization\",\"name\":\"Coralie Grzes - Ethical Jewelry Handcrafted in Barcelona\",\"url\":\"https:\\\/\\\/coraliegrzes.com\\\/fr\\\/\",\"logo\":{\"@type\":\"ImageObject\",\"inLanguage\":\"fr-FR\",\"@id\":\"https:\\\/\\\/coraliegrzes.com\\\/fr\\\/#\\\/schema\\\/logo\\\/image\\\/\",\"url\":\"https:\\\/\\\/i0.wp.com\\\/coraliegrzes.com\\\/wp-content\\\/uploads\\\/2021\\\/04\\\/cropped-C.G-logo-insta-01.png?fit=512%2C512&ssl=1\",\"contentUrl\":\"https:\\\/\\\/i0.wp.com\\\/coraliegrzes.com\\\/wp-content\\\/uploads\\\/2021\\\/04\\\/cropped-C.G-logo-insta-01.png?fit=512%2C512&ssl=1\",\"width\":512,\"height\":512,\"caption\":\"Coralie Grzes - Ethical Jewelry Handcrafted in Barcelona\"},\"image\":{\"@id\":\"https:\\\/\\\/coraliegrzes.com\\\/fr\\\/#\\\/schema\\\/logo\\\/image\\\/\"},\"sameAs\":[\"https:\\\/\\\/www.facebook.com\\\/CoralieGrzesJewelry\",\"https:\\\/\\\/www.instagram.com\\\/coraliegrzes\\\/\",\"https:\\\/\\\/www.pinterest.es\\\/coraliegrzes\\\/\"]}]}<\/script>\n<!-- \/ Yoast SEO plugin. -->","yoast_head_json":{"title":"Anais Amulette Argent Fairmined - Coralie Grzes","robots":{"index":"index","follow":"follow","max-snippet":"max-snippet:-1","max-image-preview":"max-image-preview:large","max-video-preview":"max-video-preview:-1"},"canonical":"https:\/\/coraliegrzes.com\/fr\/shop\/colliers\/anais-amulet-silver-fairmined-mother-day-edition\/","og_locale":"fr_FR","og_type":"article","og_title":"Anais Amulette Argent Fairmined - Coralie Grzes","og_description":"L'amulett Anais en argent massif certifi\u00e9 FAIRMINED sertie d'une pierre au choix entre Am\u00e9thyste, Grenat, Topaze, Citrine ou P\u00e9ridot. Chaque pi\u00e8ce est unique, la forme peut donc \u00eatre l\u00e9g\u00e8rement diff\u00e9rente de celle sur la photo. Le cadeau id\u00e9al pour la F\u00eate des m\u00e8res!","og_url":"https:\/\/coraliegrzes.com\/fr\/shop\/colliers\/anais-amulet-silver-fairmined-mother-day-edition\/","og_site_name":"Coralie Grzes","article_publisher":"https:\/\/www.facebook.com\/CoralieGrzesJewelry","article_modified_time":"2025-03-06T12:05:36+00:00","og_image":[{"width":800,"height":1008,"url":"https:\/\/coraliegrzes.com\/wp-content\/uploads\/2022\/05\/Pepite-Anais-Silver-All.png","type":"image\/png"}],"twitter_card":"summary_large_image","twitter_misc":{"Dur\u00e9e de lecture estim\u00e9e":"1 minute"},"schema":{"@context":"https:\/\/schema.org","@graph":[{"@type":"WebPage","@id":"https:\/\/coraliegrzes.com\/fr\/shop\/colliers\/anais-amulet-silver-fairmined-mother-day-edition\/","url":"https:\/\/coraliegrzes.com\/fr\/shop\/colliers\/anais-amulet-silver-fairmined-mother-day-edition\/","name":"Anais Amulette Argent Fairmined - Coralie Grzes","isPartOf":{"@id":"https:\/\/coraliegrzes.com\/fr\/#website"},"primaryImageOfPage":{"@id":"https:\/\/coraliegrzes.com\/fr\/shop\/colliers\/anais-amulet-silver-fairmined-mother-day-edition\/#primaryimage"},"image":{"@id":"https:\/\/coraliegrzes.com\/fr\/shop\/colliers\/anais-amulet-silver-fairmined-mother-day-edition\/#primaryimage"},"thumbnailUrl":"https:\/\/i0.wp.com\/coraliegrzes.com\/wp-content\/uploads\/2022\/05\/Pepite-Anais-Silver-All.png?fit=800%2C1008&ssl=1","datePublished":"2022-05-11T15:23:37+00:00","dateModified":"2025-03-06T12:05:36+00:00","breadcrumb":{"@id":"https:\/\/coraliegrzes.com\/fr\/shop\/colliers\/anais-amulet-silver-fairmined-mother-day-edition\/#breadcrumb"},"inLanguage":"fr-FR","potentialAction":[{"@type":"ReadAction","target":["https:\/\/coraliegrzes.com\/fr\/shop\/colliers\/anais-amulet-silver-fairmined-mother-day-edition\/"]}]},{"@type":"ImageObject","inLanguage":"fr-FR","@id":"https:\/\/coraliegrzes.com\/fr\/shop\/colliers\/anais-amulet-silver-fairmined-mother-day-edition\/#primaryimage","url":"https:\/\/i0.wp.com\/coraliegrzes.com\/wp-content\/uploads\/2022\/05\/Pepite-Anais-Silver-All.png?fit=800%2C1008&ssl=1","contentUrl":"https:\/\/i0.wp.com\/coraliegrzes.com\/wp-content\/uploads\/2022\/05\/Pepite-Anais-Silver-All.png?fit=800%2C1008&ssl=1","width":800,"height":1008},{"@type":"BreadcrumbList","@id":"https:\/\/coraliegrzes.com\/fr\/shop\/colliers\/anais-amulet-silver-fairmined-mother-day-edition\/#breadcrumb","itemListElement":[{"@type":"ListItem","position":1,"name":"Accueil","item":"https:\/\/coraliegrzes.com\/fr\/page-daccueil\/"},{"@type":"ListItem","position":2,"name":"Boutique","item":"https:\/\/coraliegrzes.com\/fr\/boutique\/"},{"@type":"ListItem","position":3,"name":"Anais Amulette Argent Fairmined"}]},{"@type":"WebSite","@id":"https:\/\/coraliegrzes.com\/fr\/#website","url":"https:\/\/coraliegrzes.com\/fr\/","name":"Coralie Grzes","description":"Joaillerie \u00c9thique","publisher":{"@id":"https:\/\/coraliegrzes.com\/fr\/#organization"},"potentialAction":[{"@type":"SearchAction","target":{"@type":"EntryPoint","urlTemplate":"https:\/\/coraliegrzes.com\/fr\/?s={search_term_string}"},"query-input":{"@type":"PropertyValueSpecification","valueRequired":true,"valueName":"search_term_string"}}],"inLanguage":"fr-FR"},{"@type":"Organization","@id":"https:\/\/coraliegrzes.com\/fr\/#organization","name":"Coralie Grzes - Ethical Jewelry Handcrafted in Barcelona","url":"https:\/\/coraliegrzes.com\/fr\/","logo":{"@type":"ImageObject","inLanguage":"fr-FR","@id":"https:\/\/coraliegrzes.com\/fr\/#\/schema\/logo\/image\/","url":"https:\/\/i0.wp.com\/coraliegrzes.com\/wp-content\/uploads\/2021\/04\/cropped-C.G-logo-insta-01.png?fit=512%2C512&ssl=1","contentUrl":"https:\/\/i0.wp.com\/coraliegrzes.com\/wp-content\/uploads\/2021\/04\/cropped-C.G-logo-insta-01.png?fit=512%2C512&ssl=1","width":512,"height":512,"caption":"Coralie Grzes - Ethical Jewelry Handcrafted in Barcelona"},"image":{"@id":"https:\/\/coraliegrzes.com\/fr\/#\/schema\/logo\/image\/"},"sameAs":["https:\/\/www.facebook.com\/CoralieGrzesJewelry","https:\/\/www.instagram.com\/coraliegrzes\/","https:\/\/www.pinterest.es\/coraliegrzes\/"]}]}},"jetpack_sharing_enabled":true,"_links":{"self":[{"href":"https:\/\/coraliegrzes.com\/fr\/wp-json\/wp\/v2\/product\/7590","targetHints":{"allow":["GET"]}}],"collection":[{"href":"https:\/\/coraliegrzes.com\/fr\/wp-json\/wp\/v2\/product"}],"about":[{"href":"https:\/\/coraliegrzes.com\/fr\/wp-json\/wp\/v2\/types\/product"}],"replies":[{"embeddable":true,"href":"https:\/\/coraliegrzes.com\/fr\/wp-json\/wp\/v2\/comments?post=7590"}],"wp:featuredmedia":[{"embeddable":true,"href":"https:\/\/coraliegrzes.com\/fr\/wp-json\/wp\/v2\/media\/7573"}],"wp:attachment":[{"href":"https:\/\/coraliegrzes.com\/fr\/wp-json\/wp\/v2\/media?parent=7590"}],"wp:term":[{"taxonomy":"product_brand","embeddable":true,"href":"https:\/\/coraliegrzes.com\/fr\/wp-json\/wp\/v2\/product_brand?post=7590"},{"taxonomy":"product_cat","embeddable":true,"href":"https:\/\/coraliegrzes.com\/fr\/wp-json\/wp\/v2\/product_cat?post=7590"},{"taxonomy":"product_tag","embeddable":true,"href":"https:\/\/coraliegrzes.com\/fr\/wp-json\/wp\/v2\/product_tag?post=7590"}],"curies":[{"name":"wp","href":"https:\/\/api.w.org\/{rel}","templated":true}]}}