{"id":7996,"date":"2022-11-25T10:36:49","date_gmt":"2022-11-25T09:36:49","guid":{"rendered":"https:\/\/coraliegrzes.com\/shop\/non%20class\u00e9\/atelier-prive-pour-2-personnes\/"},"modified":"2025-02-28T16:41:22","modified_gmt":"2025-02-28T15:41:22","slug":"atelier-joaillerie-prive","status":"publish","type":"product","link":"https:\/\/coraliegrzes.com\/fr\/shop\/ateliers\/atelier-joaillerie-prive\/","title":{"rendered":"Atelier priv\u00e9 pour 2 personnes"},"content":{"rendered":"","protected":false},"excerpt":{"rendered":"<p><span style=\"color: #000000;\">R\u00e9servez mon atelier uniquement pour vous et une autre personne et vivez une exp\u00e9rience unique et intime dans mon atelier de joaillerie en cr\u00e9ant votre propre bague en argent.<\/span><\/p>\n<p><span style=\"color: #000000;\">Vous apprendrez tout le processus depuis l&rsquo;alliage et la fonte du m\u00e9tal jusqu&rsquo;au polissage de votre bijou. Plus de d\u00e9tails sur le processus <a href=\"https:\/\/coraliegrzes.com\/jewelry-workshop-experience-make-your-own-ring\/\"><strong>ici.<\/strong><\/a><\/span><\/p>\n<p><span style=\"color: #000000;\">Dans cet atelier, vous r\u00e9aliserez une bague simple en argent 925 lisse ou martel\u00e9e.<\/span><\/p>\n<p><span style=\"color: #000000;\">Si cet atelier est un cadeau, vous pouvez choisir de recevoir une carte-cadeau imprim\u00e9e ou une carte-cadeau virtuelle dans le menu d\u00e9roulant ci-dessous.<\/span><br \/>\n<span style=\"color: #000000;\"> <\/span><br \/>\n<strong><span style=\"color: #000000;\">IMPORTANT! \u00c0 LIRE AVANT D&rsquo;ACHETER:<\/span><\/strong><\/p>\n<ul>\n<li><span style=\"color: #000000;\">Les ateliers peuvent avoir lieu du lundi au jeudi et le samedi de 10h00 \u00e0 14h00 et le vendredi de 14h00 \u00e0 18h00.<\/span><\/li>\n<li><strong><span style=\"color: #000000;\">Si vous n&rsquo;habitez pas \u00e0 Barcelone, merci de m&rsquo;\u00e9crire un message AVANT votre achat pour vous assurer que la date qui vous int\u00e9resse est disponible \ud83d\ude42<\/span><\/strong><\/li>\n<li><span style=\"color: #000000;\">L&rsquo;achat d&rsquo;un bon pour un atelier de cr\u00e9ation de bagues propos\u00e9 par Coralie Grzes est d\u00e9finitif et non remboursable et la validit\u00e9 est de 6 mois \u00e0 compter de la date d&rsquo;achat.<\/span><\/li>\n<li><span style=\"color: #000000;\">Lisez les modalit\u00e9s et conditions des ateliers <strong><a href=\"https:\/\/coraliegrzes.com\/terms\/\">ici<\/a><\/strong> (Section 5bis).<\/span><\/li>\n<\/ul>\n","protected":false},"featured_media":7871,"comment_status":"open","ping_status":"closed","template":"","meta":[],"product_brand":[],"product_cat":[324],"product_tag":[],"class_list":{"0":"post-7996","1":"product","2":"type-product","3":"status-publish","4":"has-post-thumbnail","6":"product_cat-ateliers","8":"first","9":"instock","10":"virtual","11":"taxable","12":"purchasable","13":"product-type-simple"},"yoast_head":"<!-- This site is optimized with the Yoast SEO plugin v27.3 - https:\/\/yoast.com\/product\/yoast-seo-wordpress\/ -->\n<title>Atelier priv\u00e9 pour 2 personnes - Coralie Grzes<\/title>\n<meta name=\"description\" content=\"Vivez une exp\u00e9rience unique, sp\u00e9ciale et priv\u00e9e \u00e0 Barcelone avec votre personne pr\u00e9f\u00e9r\u00e9e ! Je vous invite a venir cr\u00e9er votre bague en argent dans mon atelier!\" \/>\n<meta name=\"robots\" content=\"index, follow, max-snippet:-1, max-image-preview:large, max-video-preview:-1\" \/>\n<link rel=\"canonical\" href=\"https:\/\/coraliegrzes.com\/fr\/shop\/ateliers\/atelier-joaillerie-prive\/\" \/>\n<meta property=\"og:locale\" content=\"fr_FR\" \/>\n<meta property=\"og:type\" content=\"article\" \/>\n<meta property=\"og:title\" content=\"Atelier priv\u00e9 pour 2 personnes - Coralie Grzes\" \/>\n<meta property=\"og:description\" content=\"Vivez une exp\u00e9rience unique, sp\u00e9ciale et priv\u00e9e \u00e0 Barcelone avec votre personne pr\u00e9f\u00e9r\u00e9e ! Je vous invite a venir cr\u00e9er votre bague en argent dans mon atelier!\" \/>\n<meta property=\"og:url\" content=\"https:\/\/coraliegrzes.com\/fr\/shop\/ateliers\/atelier-joaillerie-prive\/\" \/>\n<meta property=\"og:site_name\" content=\"Coralie Grzes\" \/>\n<meta property=\"article:publisher\" content=\"https:\/\/www.facebook.com\/CoralieGrzesJewelry\" \/>\n<meta property=\"article:modified_time\" content=\"2025-02-28T15:41:22+00:00\" \/>\n<meta property=\"og:image\" content=\"https:\/\/i0.wp.com\/coraliegrzes.com\/wp-content\/uploads\/2022\/11\/Private-Workshop-for-2-persons-scaled.jpg?fit=1920%2C2560&ssl=1\" \/>\n\t<meta property=\"og:image:width\" content=\"1920\" \/>\n\t<meta property=\"og:image:height\" content=\"2560\" \/>\n\t<meta property=\"og:image:type\" content=\"image\/jpeg\" \/>\n<meta name=\"twitter:card\" content=\"summary_large_image\" \/>\n<meta name=\"twitter:label1\" content=\"Dur\u00e9e de lecture estim\u00e9e\" \/>\n\t<meta name=\"twitter:data1\" content=\"1 minute\" \/>\n<script type=\"application\/ld+json\" class=\"yoast-schema-graph\">{\"@context\":\"https:\\\/\\\/schema.org\",\"@graph\":[{\"@type\":\"WebPage\",\"@id\":\"https:\\\/\\\/coraliegrzes.com\\\/fr\\\/shop\\\/ateliers\\\/atelier-joaillerie-prive\\\/\",\"url\":\"https:\\\/\\\/coraliegrzes.com\\\/fr\\\/shop\\\/ateliers\\\/atelier-joaillerie-prive\\\/\",\"name\":\"Atelier priv\u00e9 pour 2 personnes - Coralie Grzes\",\"isPartOf\":{\"@id\":\"https:\\\/\\\/coraliegrzes.com\\\/fr\\\/#website\"},\"primaryImageOfPage\":{\"@id\":\"https:\\\/\\\/coraliegrzes.com\\\/fr\\\/shop\\\/ateliers\\\/atelier-joaillerie-prive\\\/#primaryimage\"},\"image\":{\"@id\":\"https:\\\/\\\/coraliegrzes.com\\\/fr\\\/shop\\\/ateliers\\\/atelier-joaillerie-prive\\\/#primaryimage\"},\"thumbnailUrl\":\"https:\\\/\\\/i0.wp.com\\\/coraliegrzes.com\\\/wp-content\\\/uploads\\\/2022\\\/11\\\/Private-Workshop-for-2-persons-scaled.jpg?fit=1920%2C2560&ssl=1\",\"datePublished\":\"2022-11-25T09:36:49+00:00\",\"dateModified\":\"2025-02-28T15:41:22+00:00\",\"description\":\"Vivez une exp\u00e9rience unique, sp\u00e9ciale et priv\u00e9e \u00e0 Barcelone avec votre personne pr\u00e9f\u00e9r\u00e9e ! Je vous invite a venir cr\u00e9er votre bague en argent dans mon atelier!\",\"breadcrumb\":{\"@id\":\"https:\\\/\\\/coraliegrzes.com\\\/fr\\\/shop\\\/ateliers\\\/atelier-joaillerie-prive\\\/#breadcrumb\"},\"inLanguage\":\"fr-FR\",\"potentialAction\":[{\"@type\":\"ReadAction\",\"target\":[\"https:\\\/\\\/coraliegrzes.com\\\/fr\\\/shop\\\/ateliers\\\/atelier-joaillerie-prive\\\/\"]}]},{\"@type\":\"ImageObject\",\"inLanguage\":\"fr-FR\",\"@id\":\"https:\\\/\\\/coraliegrzes.com\\\/fr\\\/shop\\\/ateliers\\\/atelier-joaillerie-prive\\\/#primaryimage\",\"url\":\"https:\\\/\\\/i0.wp.com\\\/coraliegrzes.com\\\/wp-content\\\/uploads\\\/2022\\\/11\\\/Private-Workshop-for-2-persons-scaled.jpg?fit=1920%2C2560&ssl=1\",\"contentUrl\":\"https:\\\/\\\/i0.wp.com\\\/coraliegrzes.com\\\/wp-content\\\/uploads\\\/2022\\\/11\\\/Private-Workshop-for-2-persons-scaled.jpg?fit=1920%2C2560&ssl=1\",\"width\":1920,\"height\":2560},{\"@type\":\"BreadcrumbList\",\"@id\":\"https:\\\/\\\/coraliegrzes.com\\\/fr\\\/shop\\\/ateliers\\\/atelier-joaillerie-prive\\\/#breadcrumb\",\"itemListElement\":[{\"@type\":\"ListItem\",\"position\":1,\"name\":\"Accueil\",\"item\":\"https:\\\/\\\/coraliegrzes.com\\\/fr\\\/page-daccueil\\\/\"},{\"@type\":\"ListItem\",\"position\":2,\"name\":\"Boutique\",\"item\":\"https:\\\/\\\/coraliegrzes.com\\\/fr\\\/boutique\\\/\"},{\"@type\":\"ListItem\",\"position\":3,\"name\":\"Atelier priv\u00e9 pour 2 personnes\"}]},{\"@type\":\"WebSite\",\"@id\":\"https:\\\/\\\/coraliegrzes.com\\\/fr\\\/#website\",\"url\":\"https:\\\/\\\/coraliegrzes.com\\\/fr\\\/\",\"name\":\"Coralie Grzes\",\"description\":\"Joaillerie \u00c9thique\",\"publisher\":{\"@id\":\"https:\\\/\\\/coraliegrzes.com\\\/fr\\\/#organization\"},\"potentialAction\":[{\"@type\":\"SearchAction\",\"target\":{\"@type\":\"EntryPoint\",\"urlTemplate\":\"https:\\\/\\\/coraliegrzes.com\\\/fr\\\/?s={search_term_string}\"},\"query-input\":{\"@type\":\"PropertyValueSpecification\",\"valueRequired\":true,\"valueName\":\"search_term_string\"}}],\"inLanguage\":\"fr-FR\"},{\"@type\":\"Organization\",\"@id\":\"https:\\\/\\\/coraliegrzes.com\\\/fr\\\/#organization\",\"name\":\"Coralie Grzes - Ethical Jewelry Handcrafted in Barcelona\",\"url\":\"https:\\\/\\\/coraliegrzes.com\\\/fr\\\/\",\"logo\":{\"@type\":\"ImageObject\",\"inLanguage\":\"fr-FR\",\"@id\":\"https:\\\/\\\/coraliegrzes.com\\\/fr\\\/#\\\/schema\\\/logo\\\/image\\\/\",\"url\":\"https:\\\/\\\/i0.wp.com\\\/coraliegrzes.com\\\/wp-content\\\/uploads\\\/2021\\\/04\\\/cropped-C.G-logo-insta-01.png?fit=512%2C512&ssl=1\",\"contentUrl\":\"https:\\\/\\\/i0.wp.com\\\/coraliegrzes.com\\\/wp-content\\\/uploads\\\/2021\\\/04\\\/cropped-C.G-logo-insta-01.png?fit=512%2C512&ssl=1\",\"width\":512,\"height\":512,\"caption\":\"Coralie Grzes - Ethical Jewelry Handcrafted in Barcelona\"},\"image\":{\"@id\":\"https:\\\/\\\/coraliegrzes.com\\\/fr\\\/#\\\/schema\\\/logo\\\/image\\\/\"},\"sameAs\":[\"https:\\\/\\\/www.facebook.com\\\/CoralieGrzesJewelry\",\"https:\\\/\\\/www.instagram.com\\\/coraliegrzes\\\/\",\"https:\\\/\\\/www.pinterest.es\\\/coraliegrzes\\\/\"]}]}<\/script>\n<!-- \/ Yoast SEO plugin. -->","yoast_head_json":{"title":"Atelier priv\u00e9 pour 2 personnes - Coralie Grzes","description":"Vivez une exp\u00e9rience unique, sp\u00e9ciale et priv\u00e9e \u00e0 Barcelone avec votre personne pr\u00e9f\u00e9r\u00e9e ! Je vous invite a venir cr\u00e9er votre bague en argent dans mon atelier!","robots":{"index":"index","follow":"follow","max-snippet":"max-snippet:-1","max-image-preview":"max-image-preview:large","max-video-preview":"max-video-preview:-1"},"canonical":"https:\/\/coraliegrzes.com\/fr\/shop\/ateliers\/atelier-joaillerie-prive\/","og_locale":"fr_FR","og_type":"article","og_title":"Atelier priv\u00e9 pour 2 personnes - Coralie Grzes","og_description":"Vivez une exp\u00e9rience unique, sp\u00e9ciale et priv\u00e9e \u00e0 Barcelone avec votre personne pr\u00e9f\u00e9r\u00e9e ! Je vous invite a venir cr\u00e9er votre bague en argent dans mon atelier!","og_url":"https:\/\/coraliegrzes.com\/fr\/shop\/ateliers\/atelier-joaillerie-prive\/","og_site_name":"Coralie Grzes","article_publisher":"https:\/\/www.facebook.com\/CoralieGrzesJewelry","article_modified_time":"2025-02-28T15:41:22+00:00","og_image":[{"width":1920,"height":2560,"url":"https:\/\/i0.wp.com\/coraliegrzes.com\/wp-content\/uploads\/2022\/11\/Private-Workshop-for-2-persons-scaled.jpg?fit=1920%2C2560&ssl=1","type":"image\/jpeg"}],"twitter_card":"summary_large_image","twitter_misc":{"Dur\u00e9e de lecture estim\u00e9e":"1 minute"},"schema":{"@context":"https:\/\/schema.org","@graph":[{"@type":"WebPage","@id":"https:\/\/coraliegrzes.com\/fr\/shop\/ateliers\/atelier-joaillerie-prive\/","url":"https:\/\/coraliegrzes.com\/fr\/shop\/ateliers\/atelier-joaillerie-prive\/","name":"Atelier priv\u00e9 pour 2 personnes - Coralie Grzes","isPartOf":{"@id":"https:\/\/coraliegrzes.com\/fr\/#website"},"primaryImageOfPage":{"@id":"https:\/\/coraliegrzes.com\/fr\/shop\/ateliers\/atelier-joaillerie-prive\/#primaryimage"},"image":{"@id":"https:\/\/coraliegrzes.com\/fr\/shop\/ateliers\/atelier-joaillerie-prive\/#primaryimage"},"thumbnailUrl":"https:\/\/i0.wp.com\/coraliegrzes.com\/wp-content\/uploads\/2022\/11\/Private-Workshop-for-2-persons-scaled.jpg?fit=1920%2C2560&ssl=1","datePublished":"2022-11-25T09:36:49+00:00","dateModified":"2025-02-28T15:41:22+00:00","description":"Vivez une exp\u00e9rience unique, sp\u00e9ciale et priv\u00e9e \u00e0 Barcelone avec votre personne pr\u00e9f\u00e9r\u00e9e ! Je vous invite a venir cr\u00e9er votre bague en argent dans mon atelier!","breadcrumb":{"@id":"https:\/\/coraliegrzes.com\/fr\/shop\/ateliers\/atelier-joaillerie-prive\/#breadcrumb"},"inLanguage":"fr-FR","potentialAction":[{"@type":"ReadAction","target":["https:\/\/coraliegrzes.com\/fr\/shop\/ateliers\/atelier-joaillerie-prive\/"]}]},{"@type":"ImageObject","inLanguage":"fr-FR","@id":"https:\/\/coraliegrzes.com\/fr\/shop\/ateliers\/atelier-joaillerie-prive\/#primaryimage","url":"https:\/\/i0.wp.com\/coraliegrzes.com\/wp-content\/uploads\/2022\/11\/Private-Workshop-for-2-persons-scaled.jpg?fit=1920%2C2560&ssl=1","contentUrl":"https:\/\/i0.wp.com\/coraliegrzes.com\/wp-content\/uploads\/2022\/11\/Private-Workshop-for-2-persons-scaled.jpg?fit=1920%2C2560&ssl=1","width":1920,"height":2560},{"@type":"BreadcrumbList","@id":"https:\/\/coraliegrzes.com\/fr\/shop\/ateliers\/atelier-joaillerie-prive\/#breadcrumb","itemListElement":[{"@type":"ListItem","position":1,"name":"Accueil","item":"https:\/\/coraliegrzes.com\/fr\/page-daccueil\/"},{"@type":"ListItem","position":2,"name":"Boutique","item":"https:\/\/coraliegrzes.com\/fr\/boutique\/"},{"@type":"ListItem","position":3,"name":"Atelier priv\u00e9 pour 2 personnes"}]},{"@type":"WebSite","@id":"https:\/\/coraliegrzes.com\/fr\/#website","url":"https:\/\/coraliegrzes.com\/fr\/","name":"Coralie Grzes","description":"Joaillerie \u00c9thique","publisher":{"@id":"https:\/\/coraliegrzes.com\/fr\/#organization"},"potentialAction":[{"@type":"SearchAction","target":{"@type":"EntryPoint","urlTemplate":"https:\/\/coraliegrzes.com\/fr\/?s={search_term_string}"},"query-input":{"@type":"PropertyValueSpecification","valueRequired":true,"valueName":"search_term_string"}}],"inLanguage":"fr-FR"},{"@type":"Organization","@id":"https:\/\/coraliegrzes.com\/fr\/#organization","name":"Coralie Grzes - Ethical Jewelry Handcrafted in Barcelona","url":"https:\/\/coraliegrzes.com\/fr\/","logo":{"@type":"ImageObject","inLanguage":"fr-FR","@id":"https:\/\/coraliegrzes.com\/fr\/#\/schema\/logo\/image\/","url":"https:\/\/i0.wp.com\/coraliegrzes.com\/wp-content\/uploads\/2021\/04\/cropped-C.G-logo-insta-01.png?fit=512%2C512&ssl=1","contentUrl":"https:\/\/i0.wp.com\/coraliegrzes.com\/wp-content\/uploads\/2021\/04\/cropped-C.G-logo-insta-01.png?fit=512%2C512&ssl=1","width":512,"height":512,"caption":"Coralie Grzes - Ethical Jewelry Handcrafted in Barcelona"},"image":{"@id":"https:\/\/coraliegrzes.com\/fr\/#\/schema\/logo\/image\/"},"sameAs":["https:\/\/www.facebook.com\/CoralieGrzesJewelry","https:\/\/www.instagram.com\/coraliegrzes\/","https:\/\/www.pinterest.es\/coraliegrzes\/"]}]}},"jetpack_sharing_enabled":true,"_links":{"self":[{"href":"https:\/\/coraliegrzes.com\/fr\/wp-json\/wp\/v2\/product\/7996","targetHints":{"allow":["GET"]}}],"collection":[{"href":"https:\/\/coraliegrzes.com\/fr\/wp-json\/wp\/v2\/product"}],"about":[{"href":"https:\/\/coraliegrzes.com\/fr\/wp-json\/wp\/v2\/types\/product"}],"replies":[{"embeddable":true,"href":"https:\/\/coraliegrzes.com\/fr\/wp-json\/wp\/v2\/comments?post=7996"}],"wp:featuredmedia":[{"embeddable":true,"href":"https:\/\/coraliegrzes.com\/fr\/wp-json\/wp\/v2\/media\/7871"}],"wp:attachment":[{"href":"https:\/\/coraliegrzes.com\/fr\/wp-json\/wp\/v2\/media?parent=7996"}],"wp:term":[{"taxonomy":"product_brand","embeddable":true,"href":"https:\/\/coraliegrzes.com\/fr\/wp-json\/wp\/v2\/product_brand?post=7996"},{"taxonomy":"product_cat","embeddable":true,"href":"https:\/\/coraliegrzes.com\/fr\/wp-json\/wp\/v2\/product_cat?post=7996"},{"taxonomy":"product_tag","embeddable":true,"href":"https:\/\/coraliegrzes.com\/fr\/wp-json\/wp\/v2\/product_tag?post=7996"}],"curies":[{"name":"wp","href":"https:\/\/api.w.org\/{rel}","templated":true}]}}