{"id":9269,"date":"2025-05-06T12:25:43","date_gmt":"2025-05-06T10:25:43","guid":{"rendered":"https:\/\/coraliegrzes.com\/?post_type=product&#038;p=9269"},"modified":"2026-01-30T01:48:04","modified_gmt":"2026-01-30T00:48:04","slug":"bague-dome","status":"publish","type":"product","link":"https:\/\/coraliegrzes.com\/fr\/shop\/bagues\/bague-dome\/","title":{"rendered":"Bague DOME"},"content":{"rendered":"","protected":false},"excerpt":{"rendered":"<p><span style=\"color: #000000;\">La bague DOME est la pi\u00e8ce la plus classique de cette collection, \u00e0 l\u2019oppos\u00e9e de la bague CARR\u00c9, cette bague forme un d\u00f4me r\u00e9gulier tout autour du doigt. Avec une largeur de 9 mm, elle s\u2019associe facilement \u00e0 d\u2019autres bagues.  Elle peut \u00eatre grav\u00e9e \u00e0 l&rsquo;int\u00e9rieur. <em>(\u00c9crivez votre gravure dans la section note lors du paiement).<\/em><!-- notionvc: 429c8f2b-461c-41f7-b6ed-454ff2fcf67e --><\/span><\/p>\n<p><span style=\"color: #000000;\">Cette bague est fabriqu\u00e9e \u00e0 la main sur commande en argent 925 dans mon atelier de Barcelone et n\u00e9cessite un d\u00e9lai de fabrication de 2 semaines (hors d\u00e9lai d&rsquo;exp\u00e9dition).<\/span><\/p>\n<p><span style=\"color: #000000;\"><strong>IMPORTANT : Cette bague taille petit car elle est large. Prenez une taille au-dessus de votre taille habituelle. <\/strong><!-- notionvc: dac7b838-fa24-474b-b263-8b8eb995c0cc --><\/span><\/p>\n<p><span style=\"color: #000000;\"><em>Si vous ne connaissez pas votre taille de bague et souhaitez recevoir un baguier gratuit, veuillez s\u00e9lectionner \u00ab Je d\u00e9sire un baguier \u00bb dans le menu d\u00e9roulant.<br \/>Vous le recevrez par courrier \u00e0 votre adresse postale (valable uniquement pour les destinations en Europe).  Une fois votre taille de bague connue, je lancerai la fabrication de votre bague.<\/em><\/span><\/p>\n<p><!-- notionvc: e88b3b85-519d-455e-87d6-dbb703519b62 --><\/p>\n","protected":false},"featured_media":9006,"comment_status":"closed","ping_status":"closed","template":"","meta":[],"product_brand":[],"product_cat":[648,320,626],"product_tag":[],"class_list":{"0":"post-9269","1":"product","2":"type-product","3":"status-publish","4":"has-post-thumbnail","6":"product_cat-argent","7":"product_cat-bagues","8":"product_cat-bold-silver-rings-fr","10":"first","11":"instock","12":"taxable","13":"shipping-taxable","14":"purchasable","15":"product-type-variable"},"yoast_head":"<!-- This site is optimized with the Yoast SEO plugin v27.4 - https:\/\/yoast.com\/product\/yoast-seo-wordpress\/ -->\n<title>Bague DOME - Coralie Grzes<\/title>\n<meta name=\"description\" content=\"La pi\u00e8ce la plus classique de cette collection, contrairement \u00e0 la bague CARR\u00c9, celle-ci forme un d\u00f4me r\u00e9gulier. Fabriqu\u00e9e \u00e0 la main sur commande en argent 925 dans mon atelier de Barcelone.\" \/>\n<meta name=\"robots\" content=\"index, follow, max-snippet:-1, max-image-preview:large, max-video-preview:-1\" \/>\n<link rel=\"canonical\" href=\"https:\/\/coraliegrzes.com\/fr\/shop\/bagues\/bague-dome\/\" \/>\n<meta property=\"og:locale\" content=\"fr_FR\" \/>\n<meta property=\"og:type\" content=\"article\" \/>\n<meta property=\"og:title\" content=\"Bague DOME - Coralie Grzes\" \/>\n<meta property=\"og:description\" content=\"La pi\u00e8ce la plus classique de cette collection, contrairement \u00e0 la bague CARR\u00c9, celle-ci forme un d\u00f4me r\u00e9gulier. Fabriqu\u00e9e \u00e0 la main sur commande en argent 925 dans mon atelier de Barcelone.\" \/>\n<meta property=\"og:url\" content=\"https:\/\/coraliegrzes.com\/fr\/shop\/bagues\/bague-dome\/\" \/>\n<meta property=\"og:site_name\" content=\"Coralie Grzes\" \/>\n<meta property=\"article:publisher\" content=\"https:\/\/www.facebook.com\/CoralieGrzesJewelry\" \/>\n<meta property=\"article:modified_time\" content=\"2026-01-30T00:48:04+00:00\" \/>\n<meta property=\"og:image\" content=\"https:\/\/i0.wp.com\/coraliegrzes.com\/wp-content\/uploads\/2025\/05\/DOME-RING-2-scaled.jpg?fit=1920%2C2560&ssl=1\" \/>\n\t<meta property=\"og:image:width\" content=\"1920\" \/>\n\t<meta property=\"og:image:height\" content=\"2560\" \/>\n\t<meta property=\"og:image:type\" content=\"image\/jpeg\" \/>\n<meta name=\"twitter:card\" content=\"summary_large_image\" \/>\n<meta name=\"twitter:label1\" content=\"Dur\u00e9e de lecture estim\u00e9e\" \/>\n\t<meta name=\"twitter:data1\" content=\"1 minute\" \/>\n<script type=\"application\/ld+json\" class=\"yoast-schema-graph\">{\"@context\":\"https:\\\/\\\/schema.org\",\"@graph\":[{\"@type\":\"WebPage\",\"@id\":\"https:\\\/\\\/coraliegrzes.com\\\/fr\\\/shop\\\/bagues\\\/bague-dome\\\/\",\"url\":\"https:\\\/\\\/coraliegrzes.com\\\/fr\\\/shop\\\/bagues\\\/bague-dome\\\/\",\"name\":\"Bague DOME - Coralie Grzes\",\"isPartOf\":{\"@id\":\"https:\\\/\\\/coraliegrzes.com\\\/fr\\\/#website\"},\"primaryImageOfPage\":{\"@id\":\"https:\\\/\\\/coraliegrzes.com\\\/fr\\\/shop\\\/bagues\\\/bague-dome\\\/#primaryimage\"},\"image\":{\"@id\":\"https:\\\/\\\/coraliegrzes.com\\\/fr\\\/shop\\\/bagues\\\/bague-dome\\\/#primaryimage\"},\"thumbnailUrl\":\"https:\\\/\\\/i0.wp.com\\\/coraliegrzes.com\\\/wp-content\\\/uploads\\\/2025\\\/05\\\/DOME-RING-2-scaled.jpg?fit=1920%2C2560&ssl=1\",\"datePublished\":\"2025-05-06T10:25:43+00:00\",\"dateModified\":\"2026-01-30T00:48:04+00:00\",\"description\":\"La pi\u00e8ce la plus classique de cette collection, contrairement \u00e0 la bague CARR\u00c9, celle-ci forme un d\u00f4me r\u00e9gulier. Fabriqu\u00e9e \u00e0 la main sur commande en argent 925 dans mon atelier de Barcelone.\",\"breadcrumb\":{\"@id\":\"https:\\\/\\\/coraliegrzes.com\\\/fr\\\/shop\\\/bagues\\\/bague-dome\\\/#breadcrumb\"},\"inLanguage\":\"fr-FR\",\"potentialAction\":[{\"@type\":\"ReadAction\",\"target\":[\"https:\\\/\\\/coraliegrzes.com\\\/fr\\\/shop\\\/bagues\\\/bague-dome\\\/\"]}]},{\"@type\":\"ImageObject\",\"inLanguage\":\"fr-FR\",\"@id\":\"https:\\\/\\\/coraliegrzes.com\\\/fr\\\/shop\\\/bagues\\\/bague-dome\\\/#primaryimage\",\"url\":\"https:\\\/\\\/i0.wp.com\\\/coraliegrzes.com\\\/wp-content\\\/uploads\\\/2025\\\/05\\\/DOME-RING-2-scaled.jpg?fit=1920%2C2560&ssl=1\",\"contentUrl\":\"https:\\\/\\\/i0.wp.com\\\/coraliegrzes.com\\\/wp-content\\\/uploads\\\/2025\\\/05\\\/DOME-RING-2-scaled.jpg?fit=1920%2C2560&ssl=1\",\"width\":1920,\"height\":2560},{\"@type\":\"BreadcrumbList\",\"@id\":\"https:\\\/\\\/coraliegrzes.com\\\/fr\\\/shop\\\/bagues\\\/bague-dome\\\/#breadcrumb\",\"itemListElement\":[{\"@type\":\"ListItem\",\"position\":1,\"name\":\"Accueil\",\"item\":\"https:\\\/\\\/coraliegrzes.com\\\/fr\\\/page-daccueil\\\/\"},{\"@type\":\"ListItem\",\"position\":2,\"name\":\"Boutique\",\"item\":\"https:\\\/\\\/coraliegrzes.com\\\/fr\\\/boutique\\\/\"},{\"@type\":\"ListItem\",\"position\":3,\"name\":\"Bague DOME\"}]},{\"@type\":\"WebSite\",\"@id\":\"https:\\\/\\\/coraliegrzes.com\\\/fr\\\/#website\",\"url\":\"https:\\\/\\\/coraliegrzes.com\\\/fr\\\/\",\"name\":\"Coralie Grzes\",\"description\":\"Joaillerie \u00c9thique\",\"publisher\":{\"@id\":\"https:\\\/\\\/coraliegrzes.com\\\/fr\\\/#organization\"},\"potentialAction\":[{\"@type\":\"SearchAction\",\"target\":{\"@type\":\"EntryPoint\",\"urlTemplate\":\"https:\\\/\\\/coraliegrzes.com\\\/fr\\\/?s={search_term_string}\"},\"query-input\":{\"@type\":\"PropertyValueSpecification\",\"valueRequired\":true,\"valueName\":\"search_term_string\"}}],\"inLanguage\":\"fr-FR\"},{\"@type\":\"Organization\",\"@id\":\"https:\\\/\\\/coraliegrzes.com\\\/fr\\\/#organization\",\"name\":\"Coralie Grzes - Ethical Jewelry Handcrafted in Barcelona\",\"url\":\"https:\\\/\\\/coraliegrzes.com\\\/fr\\\/\",\"logo\":{\"@type\":\"ImageObject\",\"inLanguage\":\"fr-FR\",\"@id\":\"https:\\\/\\\/coraliegrzes.com\\\/fr\\\/#\\\/schema\\\/logo\\\/image\\\/\",\"url\":\"https:\\\/\\\/i0.wp.com\\\/coraliegrzes.com\\\/wp-content\\\/uploads\\\/2021\\\/04\\\/cropped-C.G-logo-insta-01.png?fit=512%2C512&ssl=1\",\"contentUrl\":\"https:\\\/\\\/i0.wp.com\\\/coraliegrzes.com\\\/wp-content\\\/uploads\\\/2021\\\/04\\\/cropped-C.G-logo-insta-01.png?fit=512%2C512&ssl=1\",\"width\":512,\"height\":512,\"caption\":\"Coralie Grzes - Ethical Jewelry Handcrafted in Barcelona\"},\"image\":{\"@id\":\"https:\\\/\\\/coraliegrzes.com\\\/fr\\\/#\\\/schema\\\/logo\\\/image\\\/\"},\"sameAs\":[\"https:\\\/\\\/www.facebook.com\\\/CoralieGrzesJewelry\",\"https:\\\/\\\/www.instagram.com\\\/coraliegrzes\\\/\",\"https:\\\/\\\/www.pinterest.es\\\/coraliegrzes\\\/\"]}]}<\/script>\n<!-- \/ Yoast SEO plugin. -->","yoast_head_json":{"title":"Bague DOME - Coralie Grzes","description":"La pi\u00e8ce la plus classique de cette collection, contrairement \u00e0 la bague CARR\u00c9, celle-ci forme un d\u00f4me r\u00e9gulier. Fabriqu\u00e9e \u00e0 la main sur commande en argent 925 dans mon atelier de Barcelone.","robots":{"index":"index","follow":"follow","max-snippet":"max-snippet:-1","max-image-preview":"max-image-preview:large","max-video-preview":"max-video-preview:-1"},"canonical":"https:\/\/coraliegrzes.com\/fr\/shop\/bagues\/bague-dome\/","og_locale":"fr_FR","og_type":"article","og_title":"Bague DOME - Coralie Grzes","og_description":"La pi\u00e8ce la plus classique de cette collection, contrairement \u00e0 la bague CARR\u00c9, celle-ci forme un d\u00f4me r\u00e9gulier. Fabriqu\u00e9e \u00e0 la main sur commande en argent 925 dans mon atelier de Barcelone.","og_url":"https:\/\/coraliegrzes.com\/fr\/shop\/bagues\/bague-dome\/","og_site_name":"Coralie Grzes","article_publisher":"https:\/\/www.facebook.com\/CoralieGrzesJewelry","article_modified_time":"2026-01-30T00:48:04+00:00","og_image":[{"width":1920,"height":2560,"url":"https:\/\/i0.wp.com\/coraliegrzes.com\/wp-content\/uploads\/2025\/05\/DOME-RING-2-scaled.jpg?fit=1920%2C2560&ssl=1","type":"image\/jpeg"}],"twitter_card":"summary_large_image","twitter_misc":{"Dur\u00e9e de lecture estim\u00e9e":"1 minute"},"schema":{"@context":"https:\/\/schema.org","@graph":[{"@type":"WebPage","@id":"https:\/\/coraliegrzes.com\/fr\/shop\/bagues\/bague-dome\/","url":"https:\/\/coraliegrzes.com\/fr\/shop\/bagues\/bague-dome\/","name":"Bague DOME - Coralie Grzes","isPartOf":{"@id":"https:\/\/coraliegrzes.com\/fr\/#website"},"primaryImageOfPage":{"@id":"https:\/\/coraliegrzes.com\/fr\/shop\/bagues\/bague-dome\/#primaryimage"},"image":{"@id":"https:\/\/coraliegrzes.com\/fr\/shop\/bagues\/bague-dome\/#primaryimage"},"thumbnailUrl":"https:\/\/i0.wp.com\/coraliegrzes.com\/wp-content\/uploads\/2025\/05\/DOME-RING-2-scaled.jpg?fit=1920%2C2560&ssl=1","datePublished":"2025-05-06T10:25:43+00:00","dateModified":"2026-01-30T00:48:04+00:00","description":"La pi\u00e8ce la plus classique de cette collection, contrairement \u00e0 la bague CARR\u00c9, celle-ci forme un d\u00f4me r\u00e9gulier. Fabriqu\u00e9e \u00e0 la main sur commande en argent 925 dans mon atelier de Barcelone.","breadcrumb":{"@id":"https:\/\/coraliegrzes.com\/fr\/shop\/bagues\/bague-dome\/#breadcrumb"},"inLanguage":"fr-FR","potentialAction":[{"@type":"ReadAction","target":["https:\/\/coraliegrzes.com\/fr\/shop\/bagues\/bague-dome\/"]}]},{"@type":"ImageObject","inLanguage":"fr-FR","@id":"https:\/\/coraliegrzes.com\/fr\/shop\/bagues\/bague-dome\/#primaryimage","url":"https:\/\/i0.wp.com\/coraliegrzes.com\/wp-content\/uploads\/2025\/05\/DOME-RING-2-scaled.jpg?fit=1920%2C2560&ssl=1","contentUrl":"https:\/\/i0.wp.com\/coraliegrzes.com\/wp-content\/uploads\/2025\/05\/DOME-RING-2-scaled.jpg?fit=1920%2C2560&ssl=1","width":1920,"height":2560},{"@type":"BreadcrumbList","@id":"https:\/\/coraliegrzes.com\/fr\/shop\/bagues\/bague-dome\/#breadcrumb","itemListElement":[{"@type":"ListItem","position":1,"name":"Accueil","item":"https:\/\/coraliegrzes.com\/fr\/page-daccueil\/"},{"@type":"ListItem","position":2,"name":"Boutique","item":"https:\/\/coraliegrzes.com\/fr\/boutique\/"},{"@type":"ListItem","position":3,"name":"Bague DOME"}]},{"@type":"WebSite","@id":"https:\/\/coraliegrzes.com\/fr\/#website","url":"https:\/\/coraliegrzes.com\/fr\/","name":"Coralie Grzes","description":"Joaillerie \u00c9thique","publisher":{"@id":"https:\/\/coraliegrzes.com\/fr\/#organization"},"potentialAction":[{"@type":"SearchAction","target":{"@type":"EntryPoint","urlTemplate":"https:\/\/coraliegrzes.com\/fr\/?s={search_term_string}"},"query-input":{"@type":"PropertyValueSpecification","valueRequired":true,"valueName":"search_term_string"}}],"inLanguage":"fr-FR"},{"@type":"Organization","@id":"https:\/\/coraliegrzes.com\/fr\/#organization","name":"Coralie Grzes - Ethical Jewelry Handcrafted in Barcelona","url":"https:\/\/coraliegrzes.com\/fr\/","logo":{"@type":"ImageObject","inLanguage":"fr-FR","@id":"https:\/\/coraliegrzes.com\/fr\/#\/schema\/logo\/image\/","url":"https:\/\/i0.wp.com\/coraliegrzes.com\/wp-content\/uploads\/2021\/04\/cropped-C.G-logo-insta-01.png?fit=512%2C512&ssl=1","contentUrl":"https:\/\/i0.wp.com\/coraliegrzes.com\/wp-content\/uploads\/2021\/04\/cropped-C.G-logo-insta-01.png?fit=512%2C512&ssl=1","width":512,"height":512,"caption":"Coralie Grzes - Ethical Jewelry Handcrafted in Barcelona"},"image":{"@id":"https:\/\/coraliegrzes.com\/fr\/#\/schema\/logo\/image\/"},"sameAs":["https:\/\/www.facebook.com\/CoralieGrzesJewelry","https:\/\/www.instagram.com\/coraliegrzes\/","https:\/\/www.pinterest.es\/coraliegrzes\/"]}]}},"jetpack_sharing_enabled":true,"_links":{"self":[{"href":"https:\/\/coraliegrzes.com\/fr\/wp-json\/wp\/v2\/product\/9269","targetHints":{"allow":["GET"]}}],"collection":[{"href":"https:\/\/coraliegrzes.com\/fr\/wp-json\/wp\/v2\/product"}],"about":[{"href":"https:\/\/coraliegrzes.com\/fr\/wp-json\/wp\/v2\/types\/product"}],"replies":[{"embeddable":true,"href":"https:\/\/coraliegrzes.com\/fr\/wp-json\/wp\/v2\/comments?post=9269"}],"wp:featuredmedia":[{"embeddable":true,"href":"https:\/\/coraliegrzes.com\/fr\/wp-json\/wp\/v2\/media\/9006"}],"wp:attachment":[{"href":"https:\/\/coraliegrzes.com\/fr\/wp-json\/wp\/v2\/media?parent=9269"}],"wp:term":[{"taxonomy":"product_brand","embeddable":true,"href":"https:\/\/coraliegrzes.com\/fr\/wp-json\/wp\/v2\/product_brand?post=9269"},{"taxonomy":"product_cat","embeddable":true,"href":"https:\/\/coraliegrzes.com\/fr\/wp-json\/wp\/v2\/product_cat?post=9269"},{"taxonomy":"product_tag","embeddable":true,"href":"https:\/\/coraliegrzes.com\/fr\/wp-json\/wp\/v2\/product_tag?post=9269"}],"curies":[{"name":"wp","href":"https:\/\/api.w.org\/{rel}","templated":true}]}}